{"id":7428,"date":"2023-07-26T10:13:35","date_gmt":"2023-07-26T08:13:35","guid":{"rendered":"https:\/\/www.neo-suite.de\/profil-firmy\/ekspert-frank-trompke\/"},"modified":"2025-01-16T09:33:16","modified_gmt":"2025-01-16T08:33:16","slug":"ekspert-frank-trompke","status":"publish","type":"page","link":"https:\/\/www.neo-suite.de\/pl\/profil-firmy\/ekspert-frank-trompke\/","title":{"rendered":"Ekspert Frank Trompke"},"content":{"rendered":"<div class=\"wpb-content-wrapper\">[vc_row ppi_row_type=&#8221;gradient_endeavour&#8221; full_width=&#8221;stretch_narrow_row&#8221;][vc_column]<div class=\"ppi_headlines\"><h1 class=\"h1\">Frank Trompke<\/h1><h2 class=\"h2\">Lider zespo\u0142u NEO Mobile Suite, SAP Consulting &amp; Solutions<\/h2><\/div>[\/vc_column][\/vc_row][vc_row full_width=&#8221;narrow_row&#8221;][vc_column width=&#8221;1\/2&#8243;][vc_column_text]\r\n<div class=\"vc_row wpb_row vc_inner vc_row-fluid\">\n<div class=\"wpb_column vc_column_container vc_col-sm-8\">\n<div class=\"vc_column-inner \">\n<div class=\"wpb_wrapper\">\n<div class=\"wpb_text_column wpb_content_element \">\n<div class=\"wpb_wrapper\">\n\n<strong>Frank Trompke<\/strong>jest odpowiedzialny za rozw\u00f3j NEO Mobile Suite jako Product Owner. Lata do\u015bwiadczenia jako kierownik projektu w obs\u0142udze klienta i projektach konserwacyjnych w po\u0142\u0105czeniu z najnowszymi technologiami SAP charakteryzuj\u0105 jego profil. Jego cel: pude\u0142ko NEO Mobile Suite pe\u0142ne klock\u00f3w Lego. Kontakt: <a href=\"mailto:frank.trompke@axians.de\">frank.trompke@axians.de<\/a>  \n\n\n\n<\/div>\n<\/div>\n<\/div>\n<\/div>\n<\/div>\n<\/div>\r\n[\/vc_column_text][\/vc_column][vc_column width=&#8221;1\/2&#8243;]<div class=\"axi_image \"><figure class=\"global-shadow\"><img loading=\"lazy\" decoding=\"async\" width=\"1000\" height=\"1000\" src=\"https:\/\/www.neo-suite.de\/wp\/wp-content\/uploads\/2023\/07\/Frank-Trompke.jpg\" class=\"attachment-axi-lg size-axi-lg\" alt=\"Frank Trompke\" srcset=\"https:\/\/www.neo-suite.de\/wp\/wp-content\/uploads\/2023\/07\/Frank-Trompke.jpg 1000w, https:\/\/www.neo-suite.de\/wp\/wp-content\/uploads\/2023\/07\/Frank-Trompke-300x300.jpg 300w, https:\/\/www.neo-suite.de\/wp\/wp-content\/uploads\/2023\/07\/Frank-Trompke-150x150.jpg 150w, https:\/\/www.neo-suite.de\/wp\/wp-content\/uploads\/2023\/07\/Frank-Trompke-768x768.jpg 768w, https:\/\/www.neo-suite.de\/wp\/wp-content\/uploads\/2023\/07\/Frank-Trompke-992x992.jpg 992w, https:\/\/www.neo-suite.de\/wp\/wp-content\/uploads\/2023\/07\/Frank-Trompke-480x480.jpg 480w, https:\/\/www.neo-suite.de\/wp\/wp-content\/uploads\/2023\/07\/Frank-Trompke-896x896.jpg 896w, https:\/\/www.neo-suite.de\/wp\/wp-content\/uploads\/2023\/07\/Frank-Trompke-240x240.jpg 240w\" sizes=\"auto, (max-width: 1000px) 100vw, 1000px\" \/><\/figure><\/div>[\/vc_column][\/vc_row]<\/div>","protected":false},"excerpt":{"rendered":"[vc_row ppi_row_type=\"gradient_endeavour\" full_width=\"stretch_narrow_row\"][vc_column]Frank TrompkeLider zespo\u0142u NEO Mobile Suite, SAP Consulting &amp; Solutions[\/vc_column][\/vc_row][vc_row full_width=\"narrow_row\"][vc_column width=\"1\/2\"][vc_column_text] Frank Trompkejest odpowiedzialny za rozw\u00f3j NEO Mobile Suite jako Product Owner. Lata do\u015bwiadczenia jako kierownik projektu w obs\u0142udze klienta i projektach konserwacyjnych w po\u0142\u0105czeniu z najnowszymi technologiami SAP charakteryzuj\u0105 jego profil. Jego cel: pude\u0142ko NEO Mobile Suite pe\u0142ne klock\u00f3w Lego. Kontakt: [...]","protected":false},"author":3,"featured_media":0,"parent":7367,"menu_order":0,"comment_status":"closed","ping_status":"closed","template":"","meta":{"_acf_changed":false,"inline_featured_image":false,"footnotes":""},"class_list":["post-7428","page","type-page","status-publish","hentry"],"acf":[],"yoast_head":"<!-- This site is optimized with the Yoast SEO Premium plugin v27.2 (Yoast SEO v27.2) - https:\/\/yoast.com\/product\/yoast-seo-premium-wordpress\/ -->\n<title>Ekspert Frank Trompke - Axians | NEO<\/title>\n<meta name=\"description\" content=\"Prosz\u0119 odkry\u0107 do\u015bwiadczenie Franka Trompke i Axians | NEO w zakresie udanej transformacji. Wspiera Pa\u0144stwa w realizacji projekt\u00f3w.\" \/>\n<meta name=\"robots\" content=\"index, follow, max-snippet:-1, max-image-preview:large, max-video-preview:-1\" \/>\n<link rel=\"canonical\" href=\"https:\/\/www.neo-suite.de\/pl\/profil-firmy\/ekspert-frank-trompke\/\" \/>\n<meta property=\"og:locale\" content=\"pl_PL\" \/>\n<meta property=\"og:type\" content=\"article\" \/>\n<meta property=\"og:title\" content=\"Ekspert Frank Trompke\" \/>\n<meta property=\"og:description\" content=\"Prosz\u0119 odkry\u0107 do\u015bwiadczenie Franka Trompke i Axians | NEO w zakresie udanej transformacji. Wspiera Pa\u0144stwa w realizacji projekt\u00f3w.\" \/>\n<meta property=\"og:url\" content=\"https:\/\/www.neo-suite.de\/pl\/profil-firmy\/ekspert-frank-trompke\/\" \/>\n<meta property=\"og:site_name\" content=\"Axians | NEO\" \/>\n<meta property=\"article:modified_time\" content=\"2025-01-16T08:33:16+00:00\" \/>\n<meta name=\"twitter:card\" content=\"summary_large_image\" \/>\n<meta name=\"twitter:label1\" content=\"Est. reading time\" \/>\n\t<meta name=\"twitter:data1\" content=\"1 minute\" \/>\n<script type=\"application\/ld+json\" class=\"yoast-schema-graph\">{\"@context\":\"https:\/\/schema.org\",\"@graph\":[{\"@type\":\"WebPage\",\"@id\":\"https:\/\/www.neo-suite.de\/pl\/profil-firmy\/ekspert-frank-trompke\/\",\"url\":\"https:\/\/www.neo-suite.de\/pl\/profil-firmy\/ekspert-frank-trompke\/\",\"name\":\"Ekspert Frank Trompke - Axians | NEO\",\"isPartOf\":{\"@id\":\"https:\/\/www.neo-suite.de\/pl\/#website\"},\"datePublished\":\"2023-07-26T08:13:35+00:00\",\"dateModified\":\"2025-01-16T08:33:16+00:00\",\"description\":\"Prosz\u0119 odkry\u0107 do\u015bwiadczenie Franka Trompke i Axians | NEO w zakresie udanej transformacji. Wspiera Pa\u0144stwa w realizacji projekt\u00f3w.\",\"breadcrumb\":{\"@id\":\"https:\/\/www.neo-suite.de\/pl\/profil-firmy\/ekspert-frank-trompke\/#breadcrumb\"},\"inLanguage\":\"pl-PL\",\"potentialAction\":[{\"@type\":\"ReadAction\",\"target\":[\"https:\/\/www.neo-suite.de\/pl\/profil-firmy\/ekspert-frank-trompke\/\"]}]},{\"@type\":\"BreadcrumbList\",\"@id\":\"https:\/\/www.neo-suite.de\/pl\/profil-firmy\/ekspert-frank-trompke\/#breadcrumb\",\"itemListElement\":[{\"@type\":\"ListItem\",\"position\":1,\"name\":\"Home\",\"item\":\"https:\/\/www.neo-suite.de\/pl\/\"},{\"@type\":\"ListItem\",\"position\":2,\"name\":\"Profil firmy\",\"item\":\"https:\/\/www.neo-suite.de\/pl\/profil-firmy\/\"},{\"@type\":\"ListItem\",\"position\":3,\"name\":\"Ekspert Frank Trompke\"}]},{\"@type\":\"WebSite\",\"@id\":\"https:\/\/www.neo-suite.de\/pl\/#website\",\"url\":\"https:\/\/www.neo-suite.de\/pl\/\",\"name\":\"Axians | NEO\",\"description\":\"\",\"potentialAction\":[{\"@type\":\"SearchAction\",\"target\":{\"@type\":\"EntryPoint\",\"urlTemplate\":\"https:\/\/www.neo-suite.de\/pl\/?s={search_term_string}\"},\"query-input\":{\"@type\":\"PropertyValueSpecification\",\"valueRequired\":true,\"valueName\":\"search_term_string\"}}],\"inLanguage\":\"pl-PL\"}]}<\/script>\n<!-- \/ Yoast SEO Premium plugin. -->","yoast_head_json":{"title":"Ekspert Frank Trompke - Axians | NEO","description":"Prosz\u0119 odkry\u0107 do\u015bwiadczenie Franka Trompke i Axians | NEO w zakresie udanej transformacji. Wspiera Pa\u0144stwa w realizacji projekt\u00f3w.","robots":{"index":"index","follow":"follow","max-snippet":"max-snippet:-1","max-image-preview":"max-image-preview:large","max-video-preview":"max-video-preview:-1"},"canonical":"https:\/\/www.neo-suite.de\/pl\/profil-firmy\/ekspert-frank-trompke\/","og_locale":"pl_PL","og_type":"article","og_title":"Ekspert Frank Trompke","og_description":"Prosz\u0119 odkry\u0107 do\u015bwiadczenie Franka Trompke i Axians | NEO w zakresie udanej transformacji. Wspiera Pa\u0144stwa w realizacji projekt\u00f3w.","og_url":"https:\/\/www.neo-suite.de\/pl\/profil-firmy\/ekspert-frank-trompke\/","og_site_name":"Axians | NEO","article_modified_time":"2025-01-16T08:33:16+00:00","twitter_card":"summary_large_image","twitter_misc":{"Est. reading time":"1 minute"},"schema":{"@context":"https:\/\/schema.org","@graph":[{"@type":"WebPage","@id":"https:\/\/www.neo-suite.de\/pl\/profil-firmy\/ekspert-frank-trompke\/","url":"https:\/\/www.neo-suite.de\/pl\/profil-firmy\/ekspert-frank-trompke\/","name":"Ekspert Frank Trompke - Axians | NEO","isPartOf":{"@id":"https:\/\/www.neo-suite.de\/pl\/#website"},"datePublished":"2023-07-26T08:13:35+00:00","dateModified":"2025-01-16T08:33:16+00:00","description":"Prosz\u0119 odkry\u0107 do\u015bwiadczenie Franka Trompke i Axians | NEO w zakresie udanej transformacji. Wspiera Pa\u0144stwa w realizacji projekt\u00f3w.","breadcrumb":{"@id":"https:\/\/www.neo-suite.de\/pl\/profil-firmy\/ekspert-frank-trompke\/#breadcrumb"},"inLanguage":"pl-PL","potentialAction":[{"@type":"ReadAction","target":["https:\/\/www.neo-suite.de\/pl\/profil-firmy\/ekspert-frank-trompke\/"]}]},{"@type":"BreadcrumbList","@id":"https:\/\/www.neo-suite.de\/pl\/profil-firmy\/ekspert-frank-trompke\/#breadcrumb","itemListElement":[{"@type":"ListItem","position":1,"name":"Home","item":"https:\/\/www.neo-suite.de\/pl\/"},{"@type":"ListItem","position":2,"name":"Profil firmy","item":"https:\/\/www.neo-suite.de\/pl\/profil-firmy\/"},{"@type":"ListItem","position":3,"name":"Ekspert Frank Trompke"}]},{"@type":"WebSite","@id":"https:\/\/www.neo-suite.de\/pl\/#website","url":"https:\/\/www.neo-suite.de\/pl\/","name":"Axians | NEO","description":"","potentialAction":[{"@type":"SearchAction","target":{"@type":"EntryPoint","urlTemplate":"https:\/\/www.neo-suite.de\/pl\/?s={search_term_string}"},"query-input":{"@type":"PropertyValueSpecification","valueRequired":true,"valueName":"search_term_string"}}],"inLanguage":"pl-PL"}]}},"_links":{"self":[{"href":"https:\/\/www.neo-suite.de\/pl\/wp-json\/wp\/v2\/pages\/7428","targetHints":{"allow":["GET"]}}],"collection":[{"href":"https:\/\/www.neo-suite.de\/pl\/wp-json\/wp\/v2\/pages"}],"about":[{"href":"https:\/\/www.neo-suite.de\/pl\/wp-json\/wp\/v2\/types\/page"}],"author":[{"embeddable":true,"href":"https:\/\/www.neo-suite.de\/pl\/wp-json\/wp\/v2\/users\/3"}],"replies":[{"embeddable":true,"href":"https:\/\/www.neo-suite.de\/pl\/wp-json\/wp\/v2\/comments?post=7428"}],"version-history":[{"count":1,"href":"https:\/\/www.neo-suite.de\/pl\/wp-json\/wp\/v2\/pages\/7428\/revisions"}],"predecessor-version":[{"id":7431,"href":"https:\/\/www.neo-suite.de\/pl\/wp-json\/wp\/v2\/pages\/7428\/revisions\/7431"}],"up":[{"embeddable":true,"href":"https:\/\/www.neo-suite.de\/pl\/wp-json\/wp\/v2\/pages\/7367"}],"wp:attachment":[{"href":"https:\/\/www.neo-suite.de\/pl\/wp-json\/wp\/v2\/media?parent=7428"}],"curies":[{"name":"wp","href":"https:\/\/api.w.org\/{rel}","templated":true}]}}