{"id":7419,"date":"2023-07-26T10:16:12","date_gmt":"2023-07-26T08:16:12","guid":{"rendered":"https:\/\/www.neo-suite.de\/profil-firmy\/ekspert-stefan-westermayr\/"},"modified":"2025-01-16T09:32:40","modified_gmt":"2025-01-16T08:32:40","slug":"ekspert-stefan-westermayr","status":"publish","type":"page","link":"https:\/\/www.neo-suite.de\/pl\/profil-firmy\/ekspert-stefan-westermayr\/","title":{"rendered":"Ekspert Stefan Westermayr"},"content":{"rendered":"<div class=\"wpb-content-wrapper\">[vc_row ppi_row_type=&#8221;gradient_endeavour&#8221; full_width=&#8221;stretch_narrow_row&#8221;][vc_column]<div class=\"ppi_headlines\"><h1 class=\"h1\">Stefan Westermayr<\/h1><h2 class=\"h2\">Lider zespo\u0142u SAP Consulting &amp; Solutions<\/h2><\/div>[\/vc_column][\/vc_row][vc_row full_width=&#8221;narrow_row&#8221;][vc_column width=&#8221;1\/2&#8243;][vc_column_text]Jako konsultant SAP EAM, <strong>Stefan Westermayr<\/strong>od ponad 10 lat wspiera projekty mobilnego utrzymania ruchu we wszystkich bran\u017cach. Jest liderem zespo\u0142u SAP Consulting &amp; Solutions i specjalizuje si\u0119 w systemach zarz\u0105dzania pracownikami mobilnymi oraz nowych technologiach zwi\u0105zanych z IoT i us\u0142ugami w chmurze.\n\nSpecjalizuje si\u0119 r\u00f3wnie\u017c w doradztwie technicznym i strategicznym w zakresie obs\u0142ugi klienta i proces\u00f3w zarz\u0105dzania aktywami w kontek\u015bcie S\/4HANA i inteligentnego zarz\u0105dzania aktywami SAP. Kontakt:<a href=\"mailto:stefan.westermayr@axians.de\">stefan.westermayr@axians.de<\/a>[\/vc_column_text][\/vc_column][vc_column width=&#8221;1\/2&#8243;]<div class=\"axi_image \"><figure class=\"global-shadow\"><img loading=\"lazy\" decoding=\"async\" width=\"1000\" height=\"1000\" src=\"https:\/\/www.neo-suite.de\/wp\/wp-content\/uploads\/2023\/07\/Stefan-Westermayr.jpg\" class=\"attachment-axi-lg size-axi-lg\" alt=\"Stefan Westermayr\" srcset=\"https:\/\/www.neo-suite.de\/wp\/wp-content\/uploads\/2023\/07\/Stefan-Westermayr.jpg 1000w, https:\/\/www.neo-suite.de\/wp\/wp-content\/uploads\/2023\/07\/Stefan-Westermayr-300x300.jpg 300w, https:\/\/www.neo-suite.de\/wp\/wp-content\/uploads\/2023\/07\/Stefan-Westermayr-150x150.jpg 150w, https:\/\/www.neo-suite.de\/wp\/wp-content\/uploads\/2023\/07\/Stefan-Westermayr-768x768.jpg 768w, https:\/\/www.neo-suite.de\/wp\/wp-content\/uploads\/2023\/07\/Stefan-Westermayr-992x992.jpg 992w, https:\/\/www.neo-suite.de\/wp\/wp-content\/uploads\/2023\/07\/Stefan-Westermayr-480x480.jpg 480w, https:\/\/www.neo-suite.de\/wp\/wp-content\/uploads\/2023\/07\/Stefan-Westermayr-896x896.jpg 896w, https:\/\/www.neo-suite.de\/wp\/wp-content\/uploads\/2023\/07\/Stefan-Westermayr-240x240.jpg 240w\" sizes=\"auto, (max-width: 1000px) 100vw, 1000px\" \/><\/figure><\/div>[\/vc_column][\/vc_row]<\/div>","protected":false},"excerpt":{"rendered":"[vc_row ppi_row_type=\"gradient_endeavour\" full_width=\"stretch_narrow_row\"][vc_column]Stefan WestermayrLider zespo\u0142u SAP Consulting &amp; Solutions[\/vc_column][\/vc_row][vc_row full_width=\"narrow_row\"][vc_column width=\"1\/2\"][vc_column_text]Jako konsultant SAP EAM, Stefan Westermayrod ponad 10 lat wspiera projekty mobilnego utrzymania ruchu we wszystkich bran\u017cach. Jest liderem zespo\u0142u SAP Consulting &amp; Solutions i specjalizuje si\u0119 w systemach zarz\u0105dzania pracownikami mobilnymi oraz nowych technologiach zwi\u0105zanych z IoT i us\u0142ugami w chmurze. Specjalizuje si\u0119 r\u00f3wnie\u017c [...]","protected":false},"author":3,"featured_media":0,"parent":7367,"menu_order":0,"comment_status":"closed","ping_status":"closed","template":"","meta":{"_acf_changed":false,"inline_featured_image":false,"footnotes":""},"class_list":["post-7419","page","type-page","status-publish","hentry"],"acf":[],"yoast_head":"<!-- This site is optimized with the Yoast SEO Premium plugin v27.2 (Yoast SEO v27.2) - https:\/\/yoast.com\/product\/yoast-seo-premium-wordpress\/ -->\n<title>Stefan Westermayr - SAP Consulting &amp; Solutions<\/title>\n<meta name=\"description\" content=\"Stefan Westermayr - Pa\u0144stwa ekspert w zakresie doradztwa i rozwi\u0105za\u0144 SAP. Specjalizuje si\u0119 w mobilnych projektach serwisowych i IoT.\" \/>\n<meta name=\"robots\" content=\"index, follow, max-snippet:-1, max-image-preview:large, max-video-preview:-1\" \/>\n<link rel=\"canonical\" href=\"https:\/\/www.neo-suite.de\/pl\/profil-firmy\/ekspert-stefan-westermayr\/\" \/>\n<meta property=\"og:locale\" content=\"pl_PL\" \/>\n<meta property=\"og:type\" content=\"article\" \/>\n<meta property=\"og:title\" content=\"Ekspert Stefan Westermayr\" \/>\n<meta property=\"og:description\" content=\"Stefan Westermayr - Pa\u0144stwa ekspert w zakresie doradztwa i rozwi\u0105za\u0144 SAP. Specjalizuje si\u0119 w mobilnych projektach serwisowych i IoT.\" \/>\n<meta property=\"og:url\" content=\"https:\/\/www.neo-suite.de\/pl\/profil-firmy\/ekspert-stefan-westermayr\/\" \/>\n<meta property=\"og:site_name\" content=\"Axians | NEO\" \/>\n<meta property=\"article:modified_time\" content=\"2025-01-16T08:32:40+00:00\" \/>\n<meta name=\"twitter:card\" content=\"summary_large_image\" \/>\n<meta name=\"twitter:label1\" content=\"Est. reading time\" \/>\n\t<meta name=\"twitter:data1\" content=\"1 minute\" \/>\n<script type=\"application\/ld+json\" class=\"yoast-schema-graph\">{\"@context\":\"https:\/\/schema.org\",\"@graph\":[{\"@type\":\"WebPage\",\"@id\":\"https:\/\/www.neo-suite.de\/pl\/profil-firmy\/ekspert-stefan-westermayr\/\",\"url\":\"https:\/\/www.neo-suite.de\/pl\/profil-firmy\/ekspert-stefan-westermayr\/\",\"name\":\"Stefan Westermayr - SAP Consulting & Solutions\",\"isPartOf\":{\"@id\":\"https:\/\/www.neo-suite.de\/pl\/#website\"},\"datePublished\":\"2023-07-26T08:16:12+00:00\",\"dateModified\":\"2025-01-16T08:32:40+00:00\",\"description\":\"Stefan Westermayr - Pa\u0144stwa ekspert w zakresie doradztwa i rozwi\u0105za\u0144 SAP. Specjalizuje si\u0119 w mobilnych projektach serwisowych i IoT.\",\"breadcrumb\":{\"@id\":\"https:\/\/www.neo-suite.de\/pl\/profil-firmy\/ekspert-stefan-westermayr\/#breadcrumb\"},\"inLanguage\":\"pl-PL\",\"potentialAction\":[{\"@type\":\"ReadAction\",\"target\":[\"https:\/\/www.neo-suite.de\/pl\/profil-firmy\/ekspert-stefan-westermayr\/\"]}]},{\"@type\":\"BreadcrumbList\",\"@id\":\"https:\/\/www.neo-suite.de\/pl\/profil-firmy\/ekspert-stefan-westermayr\/#breadcrumb\",\"itemListElement\":[{\"@type\":\"ListItem\",\"position\":1,\"name\":\"Home\",\"item\":\"https:\/\/www.neo-suite.de\/pl\/\"},{\"@type\":\"ListItem\",\"position\":2,\"name\":\"Profil firmy\",\"item\":\"https:\/\/www.neo-suite.de\/pl\/profil-firmy\/\"},{\"@type\":\"ListItem\",\"position\":3,\"name\":\"Ekspert Stefan Westermayr\"}]},{\"@type\":\"WebSite\",\"@id\":\"https:\/\/www.neo-suite.de\/pl\/#website\",\"url\":\"https:\/\/www.neo-suite.de\/pl\/\",\"name\":\"Axians | NEO\",\"description\":\"\",\"potentialAction\":[{\"@type\":\"SearchAction\",\"target\":{\"@type\":\"EntryPoint\",\"urlTemplate\":\"https:\/\/www.neo-suite.de\/pl\/?s={search_term_string}\"},\"query-input\":{\"@type\":\"PropertyValueSpecification\",\"valueRequired\":true,\"valueName\":\"search_term_string\"}}],\"inLanguage\":\"pl-PL\"}]}<\/script>\n<!-- \/ Yoast SEO Premium plugin. -->","yoast_head_json":{"title":"Stefan Westermayr - SAP Consulting & Solutions","description":"Stefan Westermayr - Pa\u0144stwa ekspert w zakresie doradztwa i rozwi\u0105za\u0144 SAP. Specjalizuje si\u0119 w mobilnych projektach serwisowych i IoT.","robots":{"index":"index","follow":"follow","max-snippet":"max-snippet:-1","max-image-preview":"max-image-preview:large","max-video-preview":"max-video-preview:-1"},"canonical":"https:\/\/www.neo-suite.de\/pl\/profil-firmy\/ekspert-stefan-westermayr\/","og_locale":"pl_PL","og_type":"article","og_title":"Ekspert Stefan Westermayr","og_description":"Stefan Westermayr - Pa\u0144stwa ekspert w zakresie doradztwa i rozwi\u0105za\u0144 SAP. Specjalizuje si\u0119 w mobilnych projektach serwisowych i IoT.","og_url":"https:\/\/www.neo-suite.de\/pl\/profil-firmy\/ekspert-stefan-westermayr\/","og_site_name":"Axians | NEO","article_modified_time":"2025-01-16T08:32:40+00:00","twitter_card":"summary_large_image","twitter_misc":{"Est. reading time":"1 minute"},"schema":{"@context":"https:\/\/schema.org","@graph":[{"@type":"WebPage","@id":"https:\/\/www.neo-suite.de\/pl\/profil-firmy\/ekspert-stefan-westermayr\/","url":"https:\/\/www.neo-suite.de\/pl\/profil-firmy\/ekspert-stefan-westermayr\/","name":"Stefan Westermayr - SAP Consulting & Solutions","isPartOf":{"@id":"https:\/\/www.neo-suite.de\/pl\/#website"},"datePublished":"2023-07-26T08:16:12+00:00","dateModified":"2025-01-16T08:32:40+00:00","description":"Stefan Westermayr - Pa\u0144stwa ekspert w zakresie doradztwa i rozwi\u0105za\u0144 SAP. Specjalizuje si\u0119 w mobilnych projektach serwisowych i IoT.","breadcrumb":{"@id":"https:\/\/www.neo-suite.de\/pl\/profil-firmy\/ekspert-stefan-westermayr\/#breadcrumb"},"inLanguage":"pl-PL","potentialAction":[{"@type":"ReadAction","target":["https:\/\/www.neo-suite.de\/pl\/profil-firmy\/ekspert-stefan-westermayr\/"]}]},{"@type":"BreadcrumbList","@id":"https:\/\/www.neo-suite.de\/pl\/profil-firmy\/ekspert-stefan-westermayr\/#breadcrumb","itemListElement":[{"@type":"ListItem","position":1,"name":"Home","item":"https:\/\/www.neo-suite.de\/pl\/"},{"@type":"ListItem","position":2,"name":"Profil firmy","item":"https:\/\/www.neo-suite.de\/pl\/profil-firmy\/"},{"@type":"ListItem","position":3,"name":"Ekspert Stefan Westermayr"}]},{"@type":"WebSite","@id":"https:\/\/www.neo-suite.de\/pl\/#website","url":"https:\/\/www.neo-suite.de\/pl\/","name":"Axians | NEO","description":"","potentialAction":[{"@type":"SearchAction","target":{"@type":"EntryPoint","urlTemplate":"https:\/\/www.neo-suite.de\/pl\/?s={search_term_string}"},"query-input":{"@type":"PropertyValueSpecification","valueRequired":true,"valueName":"search_term_string"}}],"inLanguage":"pl-PL"}]}},"_links":{"self":[{"href":"https:\/\/www.neo-suite.de\/pl\/wp-json\/wp\/v2\/pages\/7419","targetHints":{"allow":["GET"]}}],"collection":[{"href":"https:\/\/www.neo-suite.de\/pl\/wp-json\/wp\/v2\/pages"}],"about":[{"href":"https:\/\/www.neo-suite.de\/pl\/wp-json\/wp\/v2\/types\/page"}],"author":[{"embeddable":true,"href":"https:\/\/www.neo-suite.de\/pl\/wp-json\/wp\/v2\/users\/3"}],"replies":[{"embeddable":true,"href":"https:\/\/www.neo-suite.de\/pl\/wp-json\/wp\/v2\/comments?post=7419"}],"version-history":[{"count":2,"href":"https:\/\/www.neo-suite.de\/pl\/wp-json\/wp\/v2\/pages\/7419\/revisions"}],"predecessor-version":[{"id":7421,"href":"https:\/\/www.neo-suite.de\/pl\/wp-json\/wp\/v2\/pages\/7419\/revisions\/7421"}],"up":[{"embeddable":true,"href":"https:\/\/www.neo-suite.de\/pl\/wp-json\/wp\/v2\/pages\/7367"}],"wp:attachment":[{"href":"https:\/\/www.neo-suite.de\/pl\/wp-json\/wp\/v2\/media?parent=7419"}],"curies":[{"name":"wp","href":"https:\/\/api.w.org\/{rel}","templated":true}]}}