{"id":7410,"date":"2022-09-16T14:38:38","date_gmt":"2022-09-16T12:38:38","guid":{"rendered":"https:\/\/www.neo-suite.de\/prosze-sie-z-nami-skontaktowac\/"},"modified":"2025-02-26T10:00:05","modified_gmt":"2025-02-26T09:00:05","slug":"prosze-sie-z-nami-skontaktowac","status":"publish","type":"page","link":"https:\/\/www.neo-suite.de\/pl\/prosze-sie-z-nami-skontaktowac\/","title":{"rendered":"Prosz\u0119 si\u0119 z nami skontaktowa\u0107"},"content":{"rendered":"<div class=\"wpb-content-wrapper\">[vc_row ppi_row_padding=&#8221;ppi_remove_padding_top&#8221; full_width=&#8221;stretch_row_content_no_spaces&#8221;][vc_column]<div class=\"axi_keyvisual-slider js-keyvisual-slider\"><div class=\"swiper swiper-container flat\"><div class=\"swiper-wrapper\"><div class=\"axi_keyvisual-slider__item swiper-slide bg-gradient-zodiac\"><img loading=\"lazy\" decoding=\"async\" width=\"1200\" height=\"801\" src=\"https:\/\/www.neo-suite.de\/wp\/wp-content\/uploads\/2023\/07\/AdobeStock_114473254.jpeg\" class=\"axi_keyvisual-slider__item__image\" alt=\"Drei Kollegen mit Tablet\" srcset=\"https:\/\/www.neo-suite.de\/wp\/wp-content\/uploads\/2023\/07\/AdobeStock_114473254.jpeg 1200w, https:\/\/www.neo-suite.de\/wp\/wp-content\/uploads\/2023\/07\/AdobeStock_114473254-300x200.jpeg 300w, https:\/\/www.neo-suite.de\/wp\/wp-content\/uploads\/2023\/07\/AdobeStock_114473254-1024x684.jpeg 1024w, https:\/\/www.neo-suite.de\/wp\/wp-content\/uploads\/2023\/07\/AdobeStock_114473254-768x513.jpeg 768w, https:\/\/www.neo-suite.de\/wp\/wp-content\/uploads\/2023\/07\/AdobeStock_114473254-992x662.jpeg 992w, https:\/\/www.neo-suite.de\/wp\/wp-content\/uploads\/2023\/07\/AdobeStock_114473254-480x320.jpeg 480w\" sizes=\"auto, (max-width: 1200px) 100vw, 1200px\" \/><div class=\"axi_keyvisual-slider__item__content\"><div class=\"ppi_row ppi_row-flex flex-align-center\"><div class=\"ppi_col-xs-12 ppi_col-lg-5 ppi_col-lg-push-1\"><div class=\"axi_keyvisual-slider__item__content__inner\"><div class=\"axi_keyvisual-slider__item__content__headlines\"><span class=\"axi_keyvisual-slider__item__content__headline h1\">Prosz\u0119 si\u0119 z nami skontaktowa\u0107<\/span><\/div><\/div><\/div><\/div><\/div><div class=\"axi_keyvisual-slider__item__overlay\"><\/div><\/div><\/div><\/div><\/div>[\/vc_column][\/vc_row][vc_row ppi_row_padding=&#8221;ppi_remove_padding_top&#8221; full_width=&#8221;stretch_narrow_row&#8221;][vc_column width=&#8221;2\/3&#8243;]<div class=\"ppi_headlines\"><h2 class=\"h2\">Czy maj\u0105 Pa\u0144stwo jakie\u015b pytania?<\/h2><h3 class=\"h3\">Prosz\u0119 skontaktowa\u0107 si\u0119 z naszym ekspertem Gertrud Kleinert, NEO Suite Sales Expert.<\/h3><\/div>[vc_column_text]Telefon: +49 731 1551783\r\n\r\nMail:<a href=\"mailto:gertrud.kleinert@axians.de\">gertrud.kleinert@axians.de<\/a>[\/vc_column_text][\/vc_column][vc_column width=&#8221;1\/3&#8243;]<div class=\"axi_image \"><figure class=\"global-shadow\"><img loading=\"lazy\" decoding=\"async\" width=\"847\" height=\"565\" src=\"https:\/\/www.neo-suite.de\/wp\/wp-content\/uploads\/2023\/07\/Gertrud-Kleinert.jpg\" class=\"attachment-axi-lg size-axi-lg\" alt=\"Gertrud Kleinert\" srcset=\"https:\/\/www.neo-suite.de\/wp\/wp-content\/uploads\/2023\/07\/Gertrud-Kleinert.jpg 847w, https:\/\/www.neo-suite.de\/wp\/wp-content\/uploads\/2023\/07\/Gertrud-Kleinert-300x200.jpg 300w, https:\/\/www.neo-suite.de\/wp\/wp-content\/uploads\/2023\/07\/Gertrud-Kleinert-768x512.jpg 768w, https:\/\/www.neo-suite.de\/wp\/wp-content\/uploads\/2023\/07\/Gertrud-Kleinert-480x320.jpg 480w\" sizes=\"auto, (max-width: 847px) 100vw, 847px\" \/><\/figure><\/div>[\/vc_column][\/vc_row][vc_row ppi_row_padding=&#8221;ppi_remove_padding_top&#8221; full_width=&#8221;narrow_row&#8221;][vc_column]<div class=\"ppi_hubspotform \"><script charset=\"utf-8\" type=\"text\/javascript\" src=\"\/\/js.hsforms.net\/forms\/v2.js\"><\/script><script>hbspt.forms.create({region: \"na1\",portalId: \"6113841\",formId: \"a95c80a5-15c7-482b-80f4-b76acbc2291f\",});<\/script><\/div>[\/vc_column][\/vc_row]<\/div>","protected":false},"excerpt":{"rendered":"[vc_row ppi_row_padding=\"ppi_remove_padding_top\" full_width=\"stretch_row_content_no_spaces\"][vc_column]Prosz\u0119 si\u0119 z nami skontaktowa\u0107[\/vc_column][\/vc_row][vc_row ppi_row_padding=\"ppi_remove_padding_top\" full_width=\"stretch_narrow_row\"][vc_column width=\"2\/3\"]Czy maj\u0105 Pa\u0144stwo jakie\u015b pytania?Prosz\u0119 skontaktowa\u0107 si\u0119 z naszym ekspertem Gertrud Kleinert, NEO Suite Sales Expert.[vc_column_text]Telefon: +49 731 1551783 Mail:gertrud.kleinert@axians.de[\/vc_column_text][\/vc_column][vc_column width=\"1\/3\"][\/vc_column][\/vc_row][vc_row ppi_row_padding=\"ppi_remove_padding_top\" full_width=\"narrow_row\"][vc_column][\/vc_column][\/vc_row]","protected":false},"author":9,"featured_media":0,"parent":0,"menu_order":0,"comment_status":"closed","ping_status":"closed","template":"","meta":{"_acf_changed":false,"inline_featured_image":false,"footnotes":""},"class_list":["post-7410","page","type-page","status-publish","hentry"],"acf":[],"yoast_head":"<!-- This site is optimized with the Yoast SEO Premium plugin v27.2 (Yoast SEO v27.2) - https:\/\/yoast.com\/product\/yoast-seo-premium-wordpress\/ -->\n<title>Je\u015bli maj\u0105 Pa\u0144stwo pytania, prosimy o kontakt z nasz\u0105 ekspertk\u0105 Gertrud Kleinert<\/title>\n<meta name=\"description\" content=\"Uzyskaj\u0105 Pa\u0144stwo profesjonalne porady i rozwi\u0105zania dla swojej firmy od naszego eksperta Gertrud Kleinert.\" \/>\n<meta name=\"robots\" content=\"index, follow, max-snippet:-1, max-image-preview:large, max-video-preview:-1\" \/>\n<link rel=\"canonical\" href=\"https:\/\/www.neo-suite.de\/pl\/prosze-sie-z-nami-skontaktowac\/\" \/>\n<meta property=\"og:locale\" content=\"pl_PL\" \/>\n<meta property=\"og:type\" content=\"article\" \/>\n<meta property=\"og:title\" content=\"Prosz\u0119 si\u0119 z nami skontaktowa\u0107\" \/>\n<meta property=\"og:description\" content=\"Uzyskaj\u0105 Pa\u0144stwo profesjonalne porady i rozwi\u0105zania dla swojej firmy od naszego eksperta Gertrud Kleinert.\" \/>\n<meta property=\"og:url\" content=\"https:\/\/www.neo-suite.de\/pl\/prosze-sie-z-nami-skontaktowac\/\" \/>\n<meta property=\"og:site_name\" content=\"Axians | NEO\" \/>\n<meta property=\"article:modified_time\" content=\"2025-02-26T09:00:05+00:00\" \/>\n<meta name=\"twitter:card\" content=\"summary_large_image\" \/>\n<meta name=\"twitter:label1\" content=\"Est. reading time\" \/>\n\t<meta name=\"twitter:data1\" content=\"1 minute\" \/>\n<script type=\"application\/ld+json\" class=\"yoast-schema-graph\">{\"@context\":\"https:\/\/schema.org\",\"@graph\":[{\"@type\":\"WebPage\",\"@id\":\"https:\/\/www.neo-suite.de\/pl\/prosze-sie-z-nami-skontaktowac\/\",\"url\":\"https:\/\/www.neo-suite.de\/pl\/prosze-sie-z-nami-skontaktowac\/\",\"name\":\"Je\u015bli maj\u0105 Pa\u0144stwo pytania, prosimy o kontakt z nasz\u0105 ekspertk\u0105 Gertrud Kleinert\",\"isPartOf\":{\"@id\":\"https:\/\/www.neo-suite.de\/pl\/#website\"},\"datePublished\":\"2022-09-16T12:38:38+00:00\",\"dateModified\":\"2025-02-26T09:00:05+00:00\",\"description\":\"Uzyskaj\u0105 Pa\u0144stwo profesjonalne porady i rozwi\u0105zania dla swojej firmy od naszego eksperta Gertrud Kleinert.\",\"breadcrumb\":{\"@id\":\"https:\/\/www.neo-suite.de\/pl\/prosze-sie-z-nami-skontaktowac\/#breadcrumb\"},\"inLanguage\":\"pl-PL\",\"potentialAction\":[{\"@type\":\"ReadAction\",\"target\":[\"https:\/\/www.neo-suite.de\/pl\/prosze-sie-z-nami-skontaktowac\/\"]}]},{\"@type\":\"BreadcrumbList\",\"@id\":\"https:\/\/www.neo-suite.de\/pl\/prosze-sie-z-nami-skontaktowac\/#breadcrumb\",\"itemListElement\":[{\"@type\":\"ListItem\",\"position\":1,\"name\":\"Home\",\"item\":\"https:\/\/www.neo-suite.de\/pl\/\"},{\"@type\":\"ListItem\",\"position\":2,\"name\":\"Prosz\u0119 si\u0119 z nami skontaktowa\u0107\"}]},{\"@type\":\"WebSite\",\"@id\":\"https:\/\/www.neo-suite.de\/pl\/#website\",\"url\":\"https:\/\/www.neo-suite.de\/pl\/\",\"name\":\"Axians | NEO\",\"description\":\"\",\"potentialAction\":[{\"@type\":\"SearchAction\",\"target\":{\"@type\":\"EntryPoint\",\"urlTemplate\":\"https:\/\/www.neo-suite.de\/pl\/?s={search_term_string}\"},\"query-input\":{\"@type\":\"PropertyValueSpecification\",\"valueRequired\":true,\"valueName\":\"search_term_string\"}}],\"inLanguage\":\"pl-PL\"}]}<\/script>\n<!-- \/ Yoast SEO Premium plugin. -->","yoast_head_json":{"title":"Je\u015bli maj\u0105 Pa\u0144stwo pytania, prosimy o kontakt z nasz\u0105 ekspertk\u0105 Gertrud Kleinert","description":"Uzyskaj\u0105 Pa\u0144stwo profesjonalne porady i rozwi\u0105zania dla swojej firmy od naszego eksperta Gertrud Kleinert.","robots":{"index":"index","follow":"follow","max-snippet":"max-snippet:-1","max-image-preview":"max-image-preview:large","max-video-preview":"max-video-preview:-1"},"canonical":"https:\/\/www.neo-suite.de\/pl\/prosze-sie-z-nami-skontaktowac\/","og_locale":"pl_PL","og_type":"article","og_title":"Prosz\u0119 si\u0119 z nami skontaktowa\u0107","og_description":"Uzyskaj\u0105 Pa\u0144stwo profesjonalne porady i rozwi\u0105zania dla swojej firmy od naszego eksperta Gertrud Kleinert.","og_url":"https:\/\/www.neo-suite.de\/pl\/prosze-sie-z-nami-skontaktowac\/","og_site_name":"Axians | NEO","article_modified_time":"2025-02-26T09:00:05+00:00","twitter_card":"summary_large_image","twitter_misc":{"Est. reading time":"1 minute"},"schema":{"@context":"https:\/\/schema.org","@graph":[{"@type":"WebPage","@id":"https:\/\/www.neo-suite.de\/pl\/prosze-sie-z-nami-skontaktowac\/","url":"https:\/\/www.neo-suite.de\/pl\/prosze-sie-z-nami-skontaktowac\/","name":"Je\u015bli maj\u0105 Pa\u0144stwo pytania, prosimy o kontakt z nasz\u0105 ekspertk\u0105 Gertrud Kleinert","isPartOf":{"@id":"https:\/\/www.neo-suite.de\/pl\/#website"},"datePublished":"2022-09-16T12:38:38+00:00","dateModified":"2025-02-26T09:00:05+00:00","description":"Uzyskaj\u0105 Pa\u0144stwo profesjonalne porady i rozwi\u0105zania dla swojej firmy od naszego eksperta Gertrud Kleinert.","breadcrumb":{"@id":"https:\/\/www.neo-suite.de\/pl\/prosze-sie-z-nami-skontaktowac\/#breadcrumb"},"inLanguage":"pl-PL","potentialAction":[{"@type":"ReadAction","target":["https:\/\/www.neo-suite.de\/pl\/prosze-sie-z-nami-skontaktowac\/"]}]},{"@type":"BreadcrumbList","@id":"https:\/\/www.neo-suite.de\/pl\/prosze-sie-z-nami-skontaktowac\/#breadcrumb","itemListElement":[{"@type":"ListItem","position":1,"name":"Home","item":"https:\/\/www.neo-suite.de\/pl\/"},{"@type":"ListItem","position":2,"name":"Prosz\u0119 si\u0119 z nami skontaktowa\u0107"}]},{"@type":"WebSite","@id":"https:\/\/www.neo-suite.de\/pl\/#website","url":"https:\/\/www.neo-suite.de\/pl\/","name":"Axians | NEO","description":"","potentialAction":[{"@type":"SearchAction","target":{"@type":"EntryPoint","urlTemplate":"https:\/\/www.neo-suite.de\/pl\/?s={search_term_string}"},"query-input":{"@type":"PropertyValueSpecification","valueRequired":true,"valueName":"search_term_string"}}],"inLanguage":"pl-PL"}]}},"_links":{"self":[{"href":"https:\/\/www.neo-suite.de\/pl\/wp-json\/wp\/v2\/pages\/7410","targetHints":{"allow":["GET"]}}],"collection":[{"href":"https:\/\/www.neo-suite.de\/pl\/wp-json\/wp\/v2\/pages"}],"about":[{"href":"https:\/\/www.neo-suite.de\/pl\/wp-json\/wp\/v2\/types\/page"}],"author":[{"embeddable":true,"href":"https:\/\/www.neo-suite.de\/pl\/wp-json\/wp\/v2\/users\/9"}],"replies":[{"embeddable":true,"href":"https:\/\/www.neo-suite.de\/pl\/wp-json\/wp\/v2\/comments?post=7410"}],"version-history":[{"count":5,"href":"https:\/\/www.neo-suite.de\/pl\/wp-json\/wp\/v2\/pages\/7410\/revisions"}],"predecessor-version":[{"id":10110,"href":"https:\/\/www.neo-suite.de\/pl\/wp-json\/wp\/v2\/pages\/7410\/revisions\/10110"}],"wp:attachment":[{"href":"https:\/\/www.neo-suite.de\/pl\/wp-json\/wp\/v2\/media?parent=7410"}],"curies":[{"name":"wp","href":"https:\/\/api.w.org\/{rel}","templated":true}]}}