{"id":7391,"date":"2023-07-14T11:14:16","date_gmt":"2023-07-14T09:14:16","guid":{"rendered":"https:\/\/www.neo-suite.de\/branze\/chemia-i-farmaceutyka\/"},"modified":"2025-10-10T16:10:33","modified_gmt":"2025-10-10T14:10:33","slug":"chemia-i-farmaceutyka","status":"publish","type":"page","link":"https:\/\/www.neo-suite.de\/pl\/branze\/chemia-i-farmaceutyka\/","title":{"rendered":"Chemia i farmaceutyka"},"content":{"rendered":"<div class=\"wpb-content-wrapper\">[vc_row ppi_row_padding=&#8221;ppi_remove_padding_top,ppi_remove_padding_bottom&#8221; full_width=&#8221;stretch_row_content_no_spaces&#8221;][vc_column]<div class=\"axi_keyvisual-slider js-keyvisual-slider\"><div class=\"swiper swiper-container\"><div class=\"swiper-wrapper\"><div class=\"axi_keyvisual-slider__item swiper-slide bg-gradient-zodiac\"><img loading=\"lazy\" decoding=\"async\" width=\"1200\" height=\"798\" src=\"https:\/\/www.neo-suite.de\/wp\/wp-content\/uploads\/2023\/07\/shutterstock_465148991.jpg\" class=\"axi_keyvisual-slider__item__image\" alt=\"Rohre in Werk\" srcset=\"https:\/\/www.neo-suite.de\/wp\/wp-content\/uploads\/2023\/07\/shutterstock_465148991.jpg 1200w, https:\/\/www.neo-suite.de\/wp\/wp-content\/uploads\/2023\/07\/shutterstock_465148991-300x200.jpg 300w, https:\/\/www.neo-suite.de\/wp\/wp-content\/uploads\/2023\/07\/shutterstock_465148991-1024x681.jpg 1024w, https:\/\/www.neo-suite.de\/wp\/wp-content\/uploads\/2023\/07\/shutterstock_465148991-768x511.jpg 768w, https:\/\/www.neo-suite.de\/wp\/wp-content\/uploads\/2023\/07\/shutterstock_465148991-992x660.jpg 992w, https:\/\/www.neo-suite.de\/wp\/wp-content\/uploads\/2023\/07\/shutterstock_465148991-480x319.jpg 480w\" sizes=\"auto, (max-width: 1200px) 100vw, 1200px\" \/><div class=\"axi_keyvisual-slider__item__content\"><div class=\"ppi_row ppi_row-flex flex-align-center\"><div class=\"ppi_col-xs-12 ppi_col-lg-5 ppi_col-lg-push-1\"><div class=\"axi_keyvisual-slider__item__content__inner\"><div class=\"axi_keyvisual-slider__item__content__headlines\"><h1 class=\"axi_keyvisual-slider__item__content__headline h1\">Oprogramowanie do zarz\u0105dzania serwisem i konserwacj\u0105 w terenie dla przemys\u0142u chemicznego i farmaceutycznego<\/h1><\/div><\/div><\/div><\/div><\/div><div class=\"axi_keyvisual-slider__item__overlay\"><\/div><\/div><\/div><\/div><\/div>[\/vc_column][\/vc_row][vc_row ppi_row_type=&#8221;gradient_zodiac&#8221; full_width=&#8221;stretch_narrow_row&#8221;][vc_column][vc_column_text]<span style=\"font-weight: 400\">Przemys\u0142 chemiczny i farmaceutyczny stoi przed szeregiem wyzwa\u0144 zwi\u0105zanych z <a href=\"https:\/\/www.neo-suite.de\/pl\/rozwiazania\/neo-suite\/oprogramowanie-do-konserwacji\/\">konserwacj\u0105 <\/a>i serwisem w terenie. Przy wyborze i wdra\u017caniu oprogramowania do zarz\u0105dzania us\u0142ugami terenowymi i konserwacj\u0105 wa\u017cne jest, aby <\/span><b>pewne wymogi i przepisy<\/b><span style=\"font-weight: 400\"> nale\u017cy wzi\u0105\u0107 pod uwag\u0119. <\/span>\r\n\r\n<span style=\"font-weight: 400\">Obejmuj\u0105 one <a href=\"https:\/\/pl.wikipedia.org\/wiki\/Dobra_praktyka_produkcyjna\">Dobre Praktyki Produkcyjne<\/a> (GMP), <a href=\"https:\/\/pl.wikipedia.org\/wiki\/Dobra_praktyka_laboratoryjna\">Dobre Praktyki Laboratoryjne<\/a> (GLP) i inne standardy bran\u017cowe. Oprogramowanie wykorzystywane w sektorze chemicznym i farmaceutycznym powinno wspiera\u0107 te wymagania i zapewnia\u0107 zgodno\u015b\u0107 proces\u00f3w z obowi\u0105zuj\u0105cymi przepisami. <\/span>[\/vc_column_text][\/vc_column][\/vc_row][vc_row full_width=&#8221;narrow_row&#8221;][vc_column][vc_column_text]<span style=\"font-weight: 400\">Produkty chemiczne i farmaceutyczne wymagaj\u0105 tworzenia i zarz\u0105dzania <\/span><b>kart charakterystyki<\/b><span style=\"font-weight: 400\">. Die Field Service Management- und Instandhaltungssoftware sollte die Erstellung, Aktualisierung und Verwaltung von SDS unterst\u00fctzen, einschlie\u00dflich der Verwaltung von chemischen Eigenschaften, Risikobewertungen und Sicherheitsinformationen. <\/span>\r\n\r\n<span style=\"font-weight: 400\">W przemy\u015ble chemicznym i farmaceutycznym jako\u015b\u0107 <\/span><b>zapewnienie jako\u015bci<\/b><span style=\"font-weight: 400\"> ma kluczowe znaczenie. Oprogramowanie do zarz\u0105dzania us\u0142ugami terenowymi i konserwacj\u0105 powinno zapewnia\u0107 funkcje planowania, przeprowadzania i dokumentowania kontroli jako\u015bci i inspekcji. Mo\u017ce to obejmowa\u0107 \u015bledzenie wynik\u00f3w kontroli, odchyle\u0144, dzia\u0142a\u0144 naprawczych i audyt\u00f3w. <\/span>\r\n\r\n<span style=\"font-weight: 400\">Oprogramowanie do zarz\u0105dzania us\u0142ugami terenowymi i konserwacj\u0105 powinno u\u0142atwia\u0107 <\/span><b>zarz\u0105dzanie urz\u0105dzeniami, systemami i liniami produkcyjnymi <\/b> <span style=\"font-weight: 400\">wsparcie. Obejmuje to dokumentowanie informacji o urz\u0105dzeniach, historii konserwacji, danych kalibracyjnych i specyfikacji technicznych. Oprogramowanie mo\u017ce r\u00f3wnie\u017c pom\u00f3c w planowaniu planowanych prac konserwacyjnych, \u015bledzeniu przestoj\u00f3w i monitorowaniu stanu systemu. <\/span>\r\n\r\n<span style=\"font-weight: 400\">Przemys\u0142 chemiczny i farmaceutyczny wymaga efektywnego <\/span><b>zarz\u0105dzania materia\u0142ami, surowcami i produktami.<\/b><span style=\"font-weight: 400\"> Oprogramowanie do zarz\u0105dzania us\u0142ugami terenowymi i konserwacj\u0105 powinno umo\u017cliwia\u0107 \u015bledzenie zapas\u00f3w, zamawianie materia\u0142\u00f3w, \u015bledzenie partii i monitorowanie daty wa\u017cno\u015bci. Mo\u017ce r\u00f3wnie\u017c wspiera\u0107 zarz\u0105dzanie materia\u0142ami eksploatacyjnymi i identyfikowalno\u015b\u0107. <\/span>[\/vc_column_text][\/vc_column][\/vc_row][vc_row ppi_row_padding=&#8221;ppi_remove_padding_top&#8221; full_width=&#8221;narrow_row&#8221;][vc_column]<div class=\"ppi_headlines\"><h2 class=\"h2 text-center\">Oprogramowanie do cyfrowego zarz\u0105dzania us\u0142ugami terenowymi i konserwacj\u0105 w przemy\u015ble chemicznym i farmaceutycznym<\/h2><\/div>[vc_column_text]<span style=\"font-weight: 400\">Apartament NEO <\/span><b>NEO Suite<\/b><span style=\"font-weight: 400\"> oferuje firmom z bran\u017cy chemicznej i farmaceutycznej kompleksow\u0105 i zintegrowan\u0105 gam\u0119 modu\u0142\u00f3w do konserwacji i technicznej obs\u0142ugi klienta, umo\u017cliwiaj\u0105c im spe\u0142nienie rygorystycznych wymaga\u0144 i przepis\u00f3w. Modu\u0142y NEO Suite obejmuj\u0105 <\/span>[\/vc_column_text][\/vc_column][\/vc_row][vc_row ppi_row_padding=&#8221;ppi_remove_padding_top&#8221;][vc_column]<div class=\"axi_services cards\"><div\n    class=\"axi_services__item cards__item global-shadow bg-gradient-flirt text-white\">\n    <div class=\"cards__item__inner\">\n        <img loading=\"lazy\" decoding=\"async\" width=\"210\" height=\"210\" src=\"https:\/\/www.neo-suite.de\/wp\/wp-content\/uploads\/2023\/06\/Axians_Icon_-Anwenderakzeptanz-300x300_white.png\" class=\"cards__item__image attachment-axi-md\" alt=\"\" title=\"Axians_Icon_-Anwenderakzeptanz-300x300_white\" srcset=\"https:\/\/www.neo-suite.de\/wp\/wp-content\/uploads\/2023\/06\/Axians_Icon_-Anwenderakzeptanz-300x300_white.png 210w, https:\/\/www.neo-suite.de\/wp\/wp-content\/uploads\/2023\/06\/Axians_Icon_-Anwenderakzeptanz-300x300_white-150x150.png 150w\" sizes=\"auto, (max-width: 210px) 100vw, 210px\" \/>        <div class=\"cards__item__title\">\n            Portal us\u0142ugowy NEO        <\/div>\n        <div class=\"cards__item__content\">\n            Portal serwisowy NEO \u0142\u0105czy zapytania klient\u00f3w, sprawdza zb\u0119dne wiadomo\u015bci, jest dost\u0119pny przez ca\u0142\u0105 dob\u0119 dla Pa\u0144stwa klient\u00f3w, zapewnia wysok\u0105 jako\u015b\u0107 zg\u0142osze\u0144 serwisowych i pomaga klientom pomaga\u0107 sobie dzi\u0119ki zintegrowanej bazie danych rozwi\u0105za\u0144.        <\/div>\n                    <a href=\"https:\/\/www.neo-suite.de\/pl\/rozwiazania\/neo-suite\/portal-uslugowy\/\"\n               class=\"button button--secondary axi_services__item__button\"  title=\"Portal serwisowy\">Portal serwisowy<\/a>\n            <\/div>\n<\/div>\n<div\n    class=\"axi_services__item cards__item global-shadow bg-gradient-endeavour text-white\">\n    <div class=\"cards__item__inner\">\n        <img loading=\"lazy\" decoding=\"async\" width=\"210\" height=\"210\" src=\"https:\/\/www.neo-suite.de\/wp\/wp-content\/uploads\/2023\/06\/Axians_Icon_INVESTITIONSSICHERHEIT-300x300_white-1.png\" class=\"cards__item__image attachment-axi-md\" alt=\"\" title=\"Axians_Icon_INVESTITIONSSICHERHEIT-300x300_white 1\" srcset=\"https:\/\/www.neo-suite.de\/wp\/wp-content\/uploads\/2023\/06\/Axians_Icon_INVESTITIONSSICHERHEIT-300x300_white-1.png 210w, https:\/\/www.neo-suite.de\/wp\/wp-content\/uploads\/2023\/06\/Axians_Icon_INVESTITIONSSICHERHEIT-300x300_white-1-150x150.png 150w\" sizes=\"auto, (max-width: 210px) 100vw, 210px\" \/>        <div class=\"cards__item__title\">\n            Harmonogram NEO        <\/div>\n        <div class=\"cards__item__content\">\n            Dzi\u0119ki NEO Schedule Pa\u0144stwa plani\u015bci konserwacji lub dyspozytorzy mog\u0105 zaplanowa\u0107 technik\u00f3w lub personel konserwacyjny zgodnie z wymaganymi kwalifikacjami i dost\u0119pno\u015bci\u0105. Podwykonawcy mog\u0105 by\u0107 r\u00f3wnie\u017c \u0142atwo zintegrowani z procesem planowania.         <\/div>\n                    <a href=\"https:\/\/www.neo-suite.de\/pl\/rozwiazania\/neo-suite\/planowanie-operacyjne\/\"\n               class=\"button button--secondary axi_services__item__button\"  title=\"Harmonogram NEO\">Harmonogram NEO<\/a>\n            <\/div>\n<\/div>\n<div\n    class=\"axi_services__item cards__item global-shadow bg-gradient-zodiac text-white\">\n    <div class=\"cards__item__inner\">\n        <img loading=\"lazy\" decoding=\"async\" width=\"210\" height=\"210\" src=\"https:\/\/www.neo-suite.de\/wp\/wp-content\/uploads\/2023\/06\/Axians_Icon_-Betriebskosten-300x300_white.png\" class=\"cards__item__image attachment-axi-md\" alt=\"\" title=\"Axians_Icon_-Betriebskosten-300x300_white\" srcset=\"https:\/\/www.neo-suite.de\/wp\/wp-content\/uploads\/2023\/06\/Axians_Icon_-Betriebskosten-300x300_white.png 210w, https:\/\/www.neo-suite.de\/wp\/wp-content\/uploads\/2023\/06\/Axians_Icon_-Betriebskosten-300x300_white-150x150.png 150w\" sizes=\"auto, (max-width: 210px) 100vw, 210px\" \/>        <div class=\"cards__item__title\">\n            NEO Mobile        <\/div>\n        <div class=\"cards__item__content\">\n            NEO Mobile zapewnia technikom utrzymania ruchu lub serwisantom wst\u0119pnie zweryfikowane dane i umo\u017cliwia im korzystanie z aplikacji mobilnej do raportowania swoich dzia\u0142a\u0144 zgodnie z ustalonymi procesami walidacji. Korzystaj\u0105c z rozwi\u0105zania mobilnego i uzyskuj\u0105c dost\u0119p do danych w czasie rzeczywistym na temat harmonogram\u00f3w instalacji i konserwacji, zapas\u00f3w cz\u0119\u015bci zamiennych i innych krytycznych danych dotycz\u0105cych instalacji i konserwacji, in\u017cynierowie i technicy utrzymania ruchu mog\u0105 szybciej podejmowa\u0107 decyzje na miejscu, aby proaktywnie lub reaktywnie reagowa\u0107 na okre\u015blone warunki w zak\u0142adzie.         <\/div>\n                    <a href=\"https:\/\/www.neo-suite.de\/pl\/rozwiazania-mobilne\/\"\n               class=\"button button--secondary axi_services__item__button\"  title=\"NEO Kom\u00f3rka\">NEO Kom\u00f3rka<\/a>\n            <\/div>\n<\/div>\n<\/div>[\/vc_column][\/vc_row][vc_row ppi_row_padding=&#8221;ppi_remove_padding_top&#8221; full_width=&#8221;narrow_row&#8221;][vc_column][vc_column_text]<span style=\"font-weight: 400\">Dodatkowe modu\u0142y do analizy danych, konserwacji predykcyjnej i aplikacji rzeczywisto\u015bci rozszerzonej mog\u0105 wnie\u015b\u0107 dalszy wk\u0142ad we wspieranie konserwacji i technicznej obs\u0142ugi klienta w przemy\u015ble chemicznym i farmaceutycznym.<\/span>[\/vc_column_text][\/vc_column][\/vc_row][vc_row ppi_row_padding=&#8221;ppi_remove_padding_top&#8221; full_width=&#8221;narrow_row&#8221;][vc_column]<div class=\"ppi_headlines\"><h2 class=\"h2 text-center\">Nasze do\u015bwiadczenie w bran\u017cy chemicznej i farmaceutycznej<\/h2><\/div>[vc_column_text]<span style=\"font-weight: 400\">NEO Suite jest u\u017cywany przez wiele \u015brednich i du\u017cych firm z bran\u017cy chemicznej i farmaceutycznej do konserwacji w\u0142asnych system\u00f3w i maszyn, a tak\u017ce w obs\u0142udze klienta. Wyb\u00f3r naszych referencji znajd\u0105 Pa\u0144stwo tutaj: <\/span>[\/vc_column_text][\/vc_column][\/vc_row][vc_row ppi_row_padding=&#8221;ppi_remove_padding_top&#8221;][vc_column]<div class=\"axi_reference_slider js-reference_slider\"><div class=\"ppi_row\"><div class=\"ppi_col-xs-12 ppi_col-lg-10 ppi_col-lg-offset-1\"><div class=\"swiper swiper-container\" data-id=\"69de38018ee7d\"><div class=\"swiper-wrapper\"><div class=\"swiper-slide\">\n    <div class=\"axi_reference_slider__item\">\n        <div class=\"ppi_row ppi_row-flex flex-align-stretch\">\n            <div class=\"ppi_col-xs-12 ppi_col-lg-4 border-right\">\n                <img loading=\"lazy\" decoding=\"async\" width=\"140\" height=\"90\" src=\"https:\/\/www.neo-suite.de\/wp\/wp-content\/uploads\/2023\/07\/Belimed.png\" class=\"axi_reference_slider__item__image attachment-axi-md\" alt=\"Logo Belimed\" title=\"Belimed\" \/>            <\/div>\n            <div class=\"ppi_col-xs-12 ppi_col-lg-6 ppi_col-lg-offset-1\">\n                <div class=\"axi_reference_slider__item__content\">\n                <p class=\"axi_reference_slider__item__text\">Procesy obs\u0142ugi klienta by\u0142y wcze\u015bniej mapowane indywidualnie dla ka\u017cdego kraju. Niemiecka filia pracuje z Microsoft Dynamics CRM, podczas gdy szwajcarska filia planuje zam\u00f3wienia za pomoc\u0105 Excela. W rezultacie proces a\u017c do wystawienia faktury m\u00f3g\u0142 trwa\u0107 tygodniami.  <\/p>                                    <a href=\"https:\/\/www.neo-suite.de\/pl\/referencje\/w-pelni-zintegrowana-mobilna-obsluga-klienta-belimed-ag\/\"\n                       class=\"button axi_reference_slider__item__button\"  title=\"W celach informacyjnych\">W celach informacyjnych<\/a>\n                            <\/div>\n            <\/div>\n        <\/div>\n    <\/div>\n<\/div>\n<\/div><\/div><div class=\"swiper-pagination axi_reference_slider-pagination axi_reference_slider-pagination-69de38018ee7d\"><\/div><\/div><\/div><\/div>[\/vc_column][\/vc_row][vc_row ppi_row_type=&#8221;ppi_background-image&#8221; full_width=&#8221;stretch_narrow_row&#8221; ppi_row_bg_image=&#8221;886&#8243;][vc_column]<div class=\"axi_textbanner\">\n    <div\n        class=\"axi_textbanner__background bg-endeavour\"><\/div>\n    <div class=\"axi_textbanner__content\">\n        <h2 class=\"axi_textbanner__content__title\">Prosz\u0119 wypr\u00f3bowa\u0107 NEO Mobile za darmo!<\/h2>                            <ul class=\"axi_textbanner__content__list\">\n                                    <li>Cyfrowy asystent dla Pa\u0144stwa technik\u00f3w<\/li>\n                                    <li>Prosta obs\u0142uga dzi\u0119ki SAP Fiori<\/li>\n                                    <li>Szybsze i bardziej wydajne procesy obs\u0142ugi klienta i konserwacji<\/li>\n                            <\/ul>\n                            <a href=\"https:\/\/www.neo-suite.de\/pl\/rozwiazania-mobilne\/neo-mobile-demo-app\/\"\n               class=\"' . SLUG . '_textbanner__content__button button button--primary\"  title=\"Test bezp\u0142atny\">Test bezp\u0142atny<\/a>\n            <\/div>\n<\/div>\n[\/vc_column][\/vc_row]<\/div>","protected":false},"excerpt":{"rendered":"[vc_row ppi_row_padding=\"ppi_remove_padding_top,ppi_remove_padding_bottom\" full_width=\"stretch_row_content_no_spaces\"][vc_column]Oprogramowanie do zarz\u0105dzania serwisem i konserwacj\u0105 w terenie dla przemys\u0142u chemicznego i farmaceutycznego[\/vc_column][\/vc_row][vc_row ppi_row_type=\"gradient_zodiac\" full_width=\"stretch_narrow_row\"][vc_column][vc_column_text]Przemys\u0142 chemiczny i farmaceutyczny stoi przed szeregiem wyzwa\u0144 zwi\u0105zanych z konserwacj\u0105 i serwisem w terenie. Przy wyborze i wdra\u017caniu oprogramowania do zarz\u0105dzania us\u0142ugami terenowymi i konserwacj\u0105 wa\u017cne jest, aby pewne wymogi i przepisy nale\u017cy wzi\u0105\u0107 pod uwag\u0119. Obejmuj\u0105 one [...]","protected":false},"author":2,"featured_media":7322,"parent":7384,"menu_order":0,"comment_status":"closed","ping_status":"closed","template":"","meta":{"_acf_changed":false,"inline_featured_image":false,"footnotes":""},"class_list":["post-7391","page","type-page","status-publish","has-post-thumbnail","hentry"],"acf":[],"yoast_head":"<!-- This site is optimized with the Yoast SEO Premium plugin v27.2 (Yoast SEO v27.2) - https:\/\/yoast.com\/product\/yoast-seo-premium-wordpress\/ -->\n<title>Zarz\u0105dzanie us\u0142ugami terenowymi dla bran\u017cy chemicznej i farmaceutycznej<\/title>\n<meta name=\"description\" content=\"Zoptymalizuj swoje us\u0142ugi terenowe i konserwacj\u0119 dzi\u0119ki naszemu specjalistycznemu oprogramowaniu dla bran\u017cy chemicznej i farmaceutycznej. Prosz\u0119 dowiedzie\u0107 si\u0119 wi\u0119cej!\" \/>\n<meta name=\"robots\" content=\"index, follow, max-snippet:-1, max-image-preview:large, max-video-preview:-1\" \/>\n<link rel=\"canonical\" href=\"https:\/\/www.neo-suite.de\/pl\/branze\/chemia-i-farmaceutyka\/\" \/>\n<meta property=\"og:locale\" content=\"pl_PL\" \/>\n<meta property=\"og:type\" content=\"article\" \/>\n<meta property=\"og:title\" content=\"Chemia i farmaceutyka\" \/>\n<meta property=\"og:description\" content=\"Zoptymalizuj swoje us\u0142ugi terenowe i konserwacj\u0119 dzi\u0119ki naszemu specjalistycznemu oprogramowaniu dla bran\u017cy chemicznej i farmaceutycznej. Prosz\u0119 dowiedzie\u0107 si\u0119 wi\u0119cej!\" \/>\n<meta property=\"og:url\" content=\"https:\/\/www.neo-suite.de\/pl\/branze\/chemia-i-farmaceutyka\/\" \/>\n<meta property=\"og:site_name\" content=\"Axians | NEO\" \/>\n<meta property=\"article:modified_time\" content=\"2025-10-10T14:10:33+00:00\" \/>\n<meta property=\"og:image\" content=\"https:\/\/www.neo-suite.de\/wp\/wp-content\/uploads\/2023\/07\/shutterstock_465148991.jpg\" \/>\n\t<meta property=\"og:image:width\" content=\"1200\" \/>\n\t<meta property=\"og:image:height\" content=\"798\" \/>\n\t<meta property=\"og:image:type\" content=\"image\/jpeg\" \/>\n<meta name=\"twitter:card\" content=\"summary_large_image\" \/>\n<meta name=\"twitter:label1\" content=\"Est. reading time\" \/>\n\t<meta name=\"twitter:data1\" content=\"2 minutes\" \/>\n<script type=\"application\/ld+json\" class=\"yoast-schema-graph\">{\"@context\":\"https:\/\/schema.org\",\"@graph\":[{\"@type\":\"WebPage\",\"@id\":\"https:\/\/www.neo-suite.de\/pl\/branze\/chemia-i-farmaceutyka\/\",\"url\":\"https:\/\/www.neo-suite.de\/pl\/branze\/chemia-i-farmaceutyka\/\",\"name\":\"Zarz\u0105dzanie us\u0142ugami terenowymi dla bran\u017cy chemicznej i farmaceutycznej\",\"isPartOf\":{\"@id\":\"https:\/\/www.neo-suite.de\/pl\/#website\"},\"primaryImageOfPage\":{\"@id\":\"https:\/\/www.neo-suite.de\/pl\/branze\/chemia-i-farmaceutyka\/#primaryimage\"},\"image\":{\"@id\":\"https:\/\/www.neo-suite.de\/pl\/branze\/chemia-i-farmaceutyka\/#primaryimage\"},\"thumbnailUrl\":\"https:\/\/www.neo-suite.de\/wp\/wp-content\/uploads\/2023\/07\/shutterstock_465148991.jpg\",\"datePublished\":\"2023-07-14T09:14:16+00:00\",\"dateModified\":\"2025-10-10T14:10:33+00:00\",\"description\":\"Zoptymalizuj swoje us\u0142ugi terenowe i konserwacj\u0119 dzi\u0119ki naszemu specjalistycznemu oprogramowaniu dla bran\u017cy chemicznej i farmaceutycznej. Prosz\u0119 dowiedzie\u0107 si\u0119 wi\u0119cej!\",\"breadcrumb\":{\"@id\":\"https:\/\/www.neo-suite.de\/pl\/branze\/chemia-i-farmaceutyka\/#breadcrumb\"},\"inLanguage\":\"pl-PL\",\"potentialAction\":[{\"@type\":\"ReadAction\",\"target\":[\"https:\/\/www.neo-suite.de\/pl\/branze\/chemia-i-farmaceutyka\/\"]}]},{\"@type\":\"ImageObject\",\"inLanguage\":\"pl-PL\",\"@id\":\"https:\/\/www.neo-suite.de\/pl\/branze\/chemia-i-farmaceutyka\/#primaryimage\",\"url\":\"https:\/\/www.neo-suite.de\/wp\/wp-content\/uploads\/2023\/07\/shutterstock_465148991.jpg\",\"contentUrl\":\"https:\/\/www.neo-suite.de\/wp\/wp-content\/uploads\/2023\/07\/shutterstock_465148991.jpg\",\"width\":1200,\"height\":798,\"caption\":\"Rury w fabryce\"},{\"@type\":\"BreadcrumbList\",\"@id\":\"https:\/\/www.neo-suite.de\/pl\/branze\/chemia-i-farmaceutyka\/#breadcrumb\",\"itemListElement\":[{\"@type\":\"ListItem\",\"position\":1,\"name\":\"Home\",\"item\":\"https:\/\/www.neo-suite.de\/pl\/\"},{\"@type\":\"ListItem\",\"position\":2,\"name\":\"Bran\u017ce\",\"item\":\"https:\/\/www.neo-suite.de\/pl\/branze\/\"},{\"@type\":\"ListItem\",\"position\":3,\"name\":\"Chemia i farmaceutyka\"}]},{\"@type\":\"WebSite\",\"@id\":\"https:\/\/www.neo-suite.de\/pl\/#website\",\"url\":\"https:\/\/www.neo-suite.de\/pl\/\",\"name\":\"Axians | NEO\",\"description\":\"\",\"potentialAction\":[{\"@type\":\"SearchAction\",\"target\":{\"@type\":\"EntryPoint\",\"urlTemplate\":\"https:\/\/www.neo-suite.de\/pl\/?s={search_term_string}\"},\"query-input\":{\"@type\":\"PropertyValueSpecification\",\"valueRequired\":true,\"valueName\":\"search_term_string\"}}],\"inLanguage\":\"pl-PL\"}]}<\/script>\n<!-- \/ Yoast SEO Premium plugin. -->","yoast_head_json":{"title":"Zarz\u0105dzanie us\u0142ugami terenowymi dla bran\u017cy chemicznej i farmaceutycznej","description":"Zoptymalizuj swoje us\u0142ugi terenowe i konserwacj\u0119 dzi\u0119ki naszemu specjalistycznemu oprogramowaniu dla bran\u017cy chemicznej i farmaceutycznej. Prosz\u0119 dowiedzie\u0107 si\u0119 wi\u0119cej!","robots":{"index":"index","follow":"follow","max-snippet":"max-snippet:-1","max-image-preview":"max-image-preview:large","max-video-preview":"max-video-preview:-1"},"canonical":"https:\/\/www.neo-suite.de\/pl\/branze\/chemia-i-farmaceutyka\/","og_locale":"pl_PL","og_type":"article","og_title":"Chemia i farmaceutyka","og_description":"Zoptymalizuj swoje us\u0142ugi terenowe i konserwacj\u0119 dzi\u0119ki naszemu specjalistycznemu oprogramowaniu dla bran\u017cy chemicznej i farmaceutycznej. Prosz\u0119 dowiedzie\u0107 si\u0119 wi\u0119cej!","og_url":"https:\/\/www.neo-suite.de\/pl\/branze\/chemia-i-farmaceutyka\/","og_site_name":"Axians | NEO","article_modified_time":"2025-10-10T14:10:33+00:00","og_image":[{"width":1200,"height":798,"url":"https:\/\/www.neo-suite.de\/wp\/wp-content\/uploads\/2023\/07\/shutterstock_465148991.jpg","type":"image\/jpeg"}],"twitter_card":"summary_large_image","twitter_misc":{"Est. reading time":"2 minutes"},"schema":{"@context":"https:\/\/schema.org","@graph":[{"@type":"WebPage","@id":"https:\/\/www.neo-suite.de\/pl\/branze\/chemia-i-farmaceutyka\/","url":"https:\/\/www.neo-suite.de\/pl\/branze\/chemia-i-farmaceutyka\/","name":"Zarz\u0105dzanie us\u0142ugami terenowymi dla bran\u017cy chemicznej i farmaceutycznej","isPartOf":{"@id":"https:\/\/www.neo-suite.de\/pl\/#website"},"primaryImageOfPage":{"@id":"https:\/\/www.neo-suite.de\/pl\/branze\/chemia-i-farmaceutyka\/#primaryimage"},"image":{"@id":"https:\/\/www.neo-suite.de\/pl\/branze\/chemia-i-farmaceutyka\/#primaryimage"},"thumbnailUrl":"https:\/\/www.neo-suite.de\/wp\/wp-content\/uploads\/2023\/07\/shutterstock_465148991.jpg","datePublished":"2023-07-14T09:14:16+00:00","dateModified":"2025-10-10T14:10:33+00:00","description":"Zoptymalizuj swoje us\u0142ugi terenowe i konserwacj\u0119 dzi\u0119ki naszemu specjalistycznemu oprogramowaniu dla bran\u017cy chemicznej i farmaceutycznej. Prosz\u0119 dowiedzie\u0107 si\u0119 wi\u0119cej!","breadcrumb":{"@id":"https:\/\/www.neo-suite.de\/pl\/branze\/chemia-i-farmaceutyka\/#breadcrumb"},"inLanguage":"pl-PL","potentialAction":[{"@type":"ReadAction","target":["https:\/\/www.neo-suite.de\/pl\/branze\/chemia-i-farmaceutyka\/"]}]},{"@type":"ImageObject","inLanguage":"pl-PL","@id":"https:\/\/www.neo-suite.de\/pl\/branze\/chemia-i-farmaceutyka\/#primaryimage","url":"https:\/\/www.neo-suite.de\/wp\/wp-content\/uploads\/2023\/07\/shutterstock_465148991.jpg","contentUrl":"https:\/\/www.neo-suite.de\/wp\/wp-content\/uploads\/2023\/07\/shutterstock_465148991.jpg","width":1200,"height":798,"caption":"Rury w fabryce"},{"@type":"BreadcrumbList","@id":"https:\/\/www.neo-suite.de\/pl\/branze\/chemia-i-farmaceutyka\/#breadcrumb","itemListElement":[{"@type":"ListItem","position":1,"name":"Home","item":"https:\/\/www.neo-suite.de\/pl\/"},{"@type":"ListItem","position":2,"name":"Bran\u017ce","item":"https:\/\/www.neo-suite.de\/pl\/branze\/"},{"@type":"ListItem","position":3,"name":"Chemia i farmaceutyka"}]},{"@type":"WebSite","@id":"https:\/\/www.neo-suite.de\/pl\/#website","url":"https:\/\/www.neo-suite.de\/pl\/","name":"Axians | NEO","description":"","potentialAction":[{"@type":"SearchAction","target":{"@type":"EntryPoint","urlTemplate":"https:\/\/www.neo-suite.de\/pl\/?s={search_term_string}"},"query-input":{"@type":"PropertyValueSpecification","valueRequired":true,"valueName":"search_term_string"}}],"inLanguage":"pl-PL"}]}},"_links":{"self":[{"href":"https:\/\/www.neo-suite.de\/pl\/wp-json\/wp\/v2\/pages\/7391","targetHints":{"allow":["GET"]}}],"collection":[{"href":"https:\/\/www.neo-suite.de\/pl\/wp-json\/wp\/v2\/pages"}],"about":[{"href":"https:\/\/www.neo-suite.de\/pl\/wp-json\/wp\/v2\/types\/page"}],"author":[{"embeddable":true,"href":"https:\/\/www.neo-suite.de\/pl\/wp-json\/wp\/v2\/users\/2"}],"replies":[{"embeddable":true,"href":"https:\/\/www.neo-suite.de\/pl\/wp-json\/wp\/v2\/comments?post=7391"}],"version-history":[{"count":8,"href":"https:\/\/www.neo-suite.de\/pl\/wp-json\/wp\/v2\/pages\/7391\/revisions"}],"predecessor-version":[{"id":10996,"href":"https:\/\/www.neo-suite.de\/pl\/wp-json\/wp\/v2\/pages\/7391\/revisions\/10996"}],"up":[{"embeddable":true,"href":"https:\/\/www.neo-suite.de\/pl\/wp-json\/wp\/v2\/pages\/7384"}],"wp:featuredmedia":[{"embeddable":true,"href":"https:\/\/www.neo-suite.de\/pl\/wp-json\/wp\/v2\/media\/7322"}],"wp:attachment":[{"href":"https:\/\/www.neo-suite.de\/pl\/wp-json\/wp\/v2\/media?parent=7391"}],"curies":[{"name":"wp","href":"https:\/\/api.w.org\/{rel}","templated":true}]}}