{"id":7367,"date":"2023-01-04T12:55:16","date_gmt":"2023-01-04T11:55:16","guid":{"rendered":"https:\/\/www.neo-suite.de\/profil-firmy\/"},"modified":"2025-02-26T09:54:33","modified_gmt":"2025-02-26T08:54:33","slug":"profil-firmy","status":"publish","type":"page","link":"https:\/\/www.neo-suite.de\/pl\/profil-firmy\/","title":{"rendered":"Profil firmy"},"content":{"rendered":"<div class=\"wpb-content-wrapper\">[vc_row ppi_row_padding=&#8221;ppi_remove_padding_top,ppi_remove_padding_bottom&#8221; full_width=&#8221;stretch_row_content_no_spaces&#8221;][vc_column]<div class=\"axi_keyvisual-slider js-keyvisual-slider\"><div class=\"swiper swiper-container\"><div class=\"swiper-wrapper\"><div class=\"axi_keyvisual-slider__item swiper-slide bg-gradient-zodiac\"><img loading=\"lazy\" decoding=\"async\" width=\"1920\" height=\"600\" src=\"https:\/\/www.neo-suite.de\/wp\/wp-content\/uploads\/2023\/07\/unternehmen.jpg\" class=\"axi_keyvisual-slider__item__image\" alt=\"Techniker mit Tablet steht vor Axians Kastenwagen\" srcset=\"https:\/\/www.neo-suite.de\/wp\/wp-content\/uploads\/2023\/07\/unternehmen.jpg 1920w, https:\/\/www.neo-suite.de\/wp\/wp-content\/uploads\/2023\/07\/unternehmen-300x94.jpg 300w, https:\/\/www.neo-suite.de\/wp\/wp-content\/uploads\/2023\/07\/unternehmen-1024x320.jpg 1024w, https:\/\/www.neo-suite.de\/wp\/wp-content\/uploads\/2023\/07\/unternehmen-768x240.jpg 768w, https:\/\/www.neo-suite.de\/wp\/wp-content\/uploads\/2023\/07\/unternehmen-1200x375.jpg 1200w, https:\/\/www.neo-suite.de\/wp\/wp-content\/uploads\/2023\/07\/unternehmen-992x310.jpg 992w, https:\/\/www.neo-suite.de\/wp\/wp-content\/uploads\/2023\/07\/unternehmen-480x150.jpg 480w\" sizes=\"auto, (max-width: 1920px) 100vw, 1920px\" \/><div class=\"axi_keyvisual-slider__item__content\"><div class=\"ppi_row ppi_row-flex flex-align-center\"><div class=\"ppi_col-xs-12 ppi_col-lg-5 ppi_col-lg-push-1\"><div class=\"axi_keyvisual-slider__item__content__inner\"><div class=\"axi_keyvisual-slider__item__content__headlines\"><span class=\"axi_keyvisual-slider__item__content__headline h1\">Axians NEO Solutions &amp; Technology GmbH  <\/span><span class=\"axi_keyvisual-slider__item__content__subheadline\">Kszta\u0142tujemy Pa\u0144stwa przysz\u0142o\u015b\u0107 w zakresie serwisu i konserwacji<\/span><\/div><\/div><\/div><\/div><\/div><div class=\"axi_keyvisual-slider__item__overlay\"><\/div><\/div><\/div><\/div><\/div>[\/vc_column][\/vc_row][vc_row full_width=&#8221;narrow_row&#8221;][vc_column][vc_column_text]Zesp\u00f3\u0142 Axians NEO Solutions &amp; Technology GmbH dzia\u0142a w bran\u017cy SAP od 2001 roku. Korzenie tych pionier\u00f3w rynku &#8220;SAP Mobile Business&#8221; tkwi\u0105 w dawnej firmie NEO Business Partners, kt\u00f3ra zosta\u0142a przej\u0119ta przez Fritz &amp; Macziol Group w 2008 roku. W 2017 roku powsta\u0142a sp\u00f3\u0142ka Axians NEO Solutions &amp; Technology GmbH, kt\u00f3ra jest cz\u0119\u015bci\u0105 mi\u0119dzynarodowej sieci Axians. Opracowujemy rozwi\u0105zania do cyfrowego <a href=\"https:\/\/www.neo-suite.de\/pl\/rozwiazania\/neo-suite\/planowanie-operacyjne\/\">planowania wdro\u017ce\u0144<\/a> i <a href=\"https:\/\/www.neo-suite.de\/pl\/rozwiazania-mobilne\/mobilna-obsluga-klienta\/\">mobilnej obs\u0142ugi<\/a> <a href=\"https:\/\/www.neo-suite.de\/pl\/rozwiazania\/neo-suite\/oprogramowanie-do-konserwacji\/\">proces\u00f3w<\/a> serwisowych i <a href=\"https:\/\/www.neo-suite.de\/pl\/rozwiazania\/neo-suite\/oprogramowanie-do-konserwacji\/\">konserwacyjnych<\/a> opartych na SAP dla firm z bran\u017cy in\u017cynierii mechanicznej i instalacji, dostaw energii, medycyny i opieki zdrowotnej, chemikali\u00f3w i farmaceutyk\u00f3w, a tak\u017ce zarz\u0105dzania obiektami. Kierujemy si\u0119 rozwojem nowych, innowacyjnych produkt\u00f3w, a tak\u017ce potrzebami i wymaganiami naszych klient\u00f3w i u\u017cytkownik\u00f3w.[\/vc_column_text][\/vc_column][\/vc_row][vc_row ppi_row_padding=&#8221;ppi_remove_padding_top&#8221; full_width=&#8221;stretch_narrow_row&#8221;][vc_column width=&#8221;1\/2&#8243;]<div class=\"axi_image \"><figure class=\"global-shadow\"><img loading=\"lazy\" decoding=\"async\" width=\"407\" height=\"239\" src=\"https:\/\/www.neo-suite.de\/wp\/wp-content\/uploads\/2023\/07\/SAP_Partner_R-1.jpg\" class=\"attachment-axi-lg size-axi-lg\" alt=\"SAP Partner Logo\" srcset=\"https:\/\/www.neo-suite.de\/wp\/wp-content\/uploads\/2023\/07\/SAP_Partner_R-1.jpg 407w, https:\/\/www.neo-suite.de\/wp\/wp-content\/uploads\/2023\/07\/SAP_Partner_R-1-300x176.jpg 300w\" sizes=\"auto, (max-width: 407px) 100vw, 407px\" \/><\/figure><\/div>[\/vc_column][vc_column width=&#8221;1\/2&#8243;][vc_column_text]Jako wieloletni partner SAP, oferujemy naszym klientom g\u0142\u0119bok\u0105 integracj\u0119 naszych rozwi\u0105za\u0144 z ich \u015brodowiskiem SAP. Dzi\u0119ki naszemu szerokiemu portfolio SAP i zwinnym metodom projektowym mo\u017cemy indywidualnie reagowa\u0107 na ka\u017cde z Pa\u0144stwa wymaga\u0144 i dostosowywa\u0107 nasze rozwi\u0105zania do Pa\u0144stwa proces\u00f3w. Nasza <a href=\"https:\/\/www.neo-suite.de\/pl\/profil-firmy\/partner\/\">sie\u0107 partnerska<\/a> rozszerza zakres naszych rozwi\u0105za\u0144 i us\u0142ug dla naszych klient\u00f3w.[\/vc_column_text][\/vc_column][\/vc_row][vc_row ppi_row_padding=&#8221;ppi_remove_padding_top&#8221;][vc_column]<div class=\"ppi_headlines\"><h2 class=\"h2 text-center\">Co nas wyr\u00f3\u017cnia<\/h2><\/div><div class=\"axi_services cards\"><div\n    class=\"axi_services__item cards__item global-shadow bg-gradient-flirt text-white\">\n    <div class=\"cards__item__inner\">\n        <img loading=\"lazy\" decoding=\"async\" width=\"210\" height=\"210\" src=\"https:\/\/www.neo-suite.de\/wp\/wp-content\/uploads\/2023\/06\/Axians_Icon_-Anwenderakzeptanz-300x300_white.png\" class=\"cards__item__image attachment-axi-md\" alt=\"\" title=\"Axians_Icon_-Anwenderakzeptanz-300x300_white\" srcset=\"https:\/\/www.neo-suite.de\/wp\/wp-content\/uploads\/2023\/06\/Axians_Icon_-Anwenderakzeptanz-300x300_white.png 210w, https:\/\/www.neo-suite.de\/wp\/wp-content\/uploads\/2023\/06\/Axians_Icon_-Anwenderakzeptanz-300x300_white-150x150.png 150w\" sizes=\"auto, (max-width: 210px) 100vw, 210px\" \/>        <div class=\"cards__item__title\">\n            Do\u015bwiadczenie        <\/div>\n        <div class=\"cards__item__content\">\n            Aktywny w bran\u017cy SAP od 2001 roku        <\/div>\n            <\/div>\n<\/div>\n<div\n    class=\"axi_services__item cards__item global-shadow bg-gradient-endeavour text-white\">\n    <div class=\"cards__item__inner\">\n        <img loading=\"lazy\" decoding=\"async\" width=\"210\" height=\"210\" src=\"https:\/\/www.neo-suite.de\/wp\/wp-content\/uploads\/2023\/06\/Axians_Icon_INVESTITIONSSICHERHEIT-300x300_white-1.png\" class=\"cards__item__image attachment-axi-md\" alt=\"\" title=\"Axians_Icon_INVESTITIONSSICHERHEIT-300x300_white 1\" srcset=\"https:\/\/www.neo-suite.de\/wp\/wp-content\/uploads\/2023\/06\/Axians_Icon_INVESTITIONSSICHERHEIT-300x300_white-1.png 210w, https:\/\/www.neo-suite.de\/wp\/wp-content\/uploads\/2023\/06\/Axians_Icon_INVESTITIONSSICHERHEIT-300x300_white-1-150x150.png 150w\" sizes=\"auto, (max-width: 210px) 100vw, 210px\" \/>        <div class=\"cards__item__title\">\n            Wiedza specjalistyczna        <\/div>\n        <div class=\"cards__item__content\">\n            Certyfikowany partner SAP\n        <\/div>\n            <\/div>\n<\/div>\n<div\n    class=\"axi_services__item cards__item global-shadow bg-gradient-zodiac text-white\">\n    <div class=\"cards__item__inner\">\n        <img loading=\"lazy\" decoding=\"async\" width=\"210\" height=\"210\" src=\"https:\/\/www.neo-suite.de\/wp\/wp-content\/uploads\/2023\/06\/Axians_Icon_-Anwenderakzeptanz-300x300_white.png\" class=\"cards__item__image attachment-axi-md\" alt=\"\" title=\"Axians_Icon_-Anwenderakzeptanz-300x300_white\" srcset=\"https:\/\/www.neo-suite.de\/wp\/wp-content\/uploads\/2023\/06\/Axians_Icon_-Anwenderakzeptanz-300x300_white.png 210w, https:\/\/www.neo-suite.de\/wp\/wp-content\/uploads\/2023\/06\/Axians_Icon_-Anwenderakzeptanz-300x300_white-150x150.png 150w\" sizes=\"auto, (max-width: 210px) 100vw, 210px\" \/>        <div class=\"cards__item__title\">\n            Blisko\u015b\u0107 klienta        <\/div>\n        <div class=\"cards__item__content\">\n            Obecno\u015b\u0107 w 33 niemieckich miastach z regionalnymi ekspertami na miejscu        <\/div>\n            <\/div>\n<\/div>\n<div\n    class=\"axi_services__item cards__item global-shadow bg-gradient-endeavour text-white\">\n    <div class=\"cards__item__inner\">\n        <img loading=\"lazy\" decoding=\"async\" width=\"210\" height=\"210\" src=\"https:\/\/www.neo-suite.de\/wp\/wp-content\/uploads\/2023\/06\/Axians_Icon_-Betriebskosten-300x300_white.png\" class=\"cards__item__image attachment-axi-md\" alt=\"\" title=\"Axians_Icon_-Betriebskosten-300x300_white\" srcset=\"https:\/\/www.neo-suite.de\/wp\/wp-content\/uploads\/2023\/06\/Axians_Icon_-Betriebskosten-300x300_white.png 210w, https:\/\/www.neo-suite.de\/wp\/wp-content\/uploads\/2023\/06\/Axians_Icon_-Betriebskosten-300x300_white-150x150.png 150w\" sizes=\"auto, (max-width: 210px) 100vw, 210px\" \/>        <div class=\"cards__item__title\">\n            Sukces        <\/div>\n        <div class=\"cards__item__content\">\n            Zaufa\u0142o nam ju\u017c ponad 200 klient\u00f3w SAP        <\/div>\n            <\/div>\n<\/div>\n<div\n    class=\"axi_services__item cards__item global-shadow bg-gradient-flirt text-white\">\n    <div class=\"cards__item__inner\">\n        <img loading=\"lazy\" decoding=\"async\" width=\"210\" height=\"210\" src=\"https:\/\/www.neo-suite.de\/wp\/wp-content\/uploads\/2023\/06\/Axians_Icon_INVESTITIONSSICHERHEIT-300x300_white-1.png\" class=\"cards__item__image attachment-axi-md\" alt=\"\" title=\"Axians_Icon_INVESTITIONSSICHERHEIT-300x300_white 1\" srcset=\"https:\/\/www.neo-suite.de\/wp\/wp-content\/uploads\/2023\/06\/Axians_Icon_INVESTITIONSSICHERHEIT-300x300_white-1.png 210w, https:\/\/www.neo-suite.de\/wp\/wp-content\/uploads\/2023\/06\/Axians_Icon_INVESTITIONSSICHERHEIT-300x300_white-1-150x150.png 150w\" sizes=\"auto, (max-width: 210px) 100vw, 210px\" \/>        <div class=\"cards__item__title\">\n            Wydajno\u015b\u0107        <\/div>\n        <div class=\"cards__item__content\">\n            Zesp\u00f3\u0142 ponad 130 pracownik\u00f3w z szerok\u0105 wiedz\u0105 specjalistyczn\u0105        <\/div>\n            <\/div>\n<\/div>\n<\/div>[\/vc_column][\/vc_row][vc_row full_width=&#8221;narrow_row&#8221;][vc_column]<div class=\"axi_contacts\"><h2>Nasi eksperci ds. obs\u0142ugi klienta i konserwacji<\/h2>\n<\/div>[\/vc_column][\/vc_row][vc_row][vc_column]<div class=\"ppi_headlines\"><h2 class=\"h2 text-center\">Jeste\u015bmy cz\u0119\u015bci\u0105 sieci Axians<\/h2><\/div>\n<div class=\"axi_image-text ppi_row ppi_row-flex\">\n    <div class=\"ppi_col-xs-12 ppi_col-lg-6 vertical-align-center ppi_col-lg-push-6\">\n                    <div class=\"axi_image-text__content\">\n                <p><strong>Axians NEO Solutions &amp; Technology GmbH<\/strong> jest cz\u0119\u015bci\u0105 mi\u0119dzynarodowej <a href=\"https:\/\/www.axians.de\/?__hstc=264186003.799aef39408005475d5862d721cb686c.1679570960115.1684329093514.1684490319556.73&amp;__hssc=264186003.2.1684490319556&amp;__hsfp=1256483805\">sieci Axians<\/a>. Zatrudniaj\u0105c 16 000 pracownik\u00f3w w 37 krajach, Axians wspiera prywatne firmy, instytucje publiczne, operator\u00f3w sieci i dostawc\u00f3w us\u0142ug w modernizacji ich infrastruktury cyfrowej i rozwi\u0105za\u0144. Niezale\u017cnie od tego, czy chodzi o aplikacje, analityk\u0119 danych, sieci korporacyjne, wsp\u00f3\u0142dzielone przestrzenie robocze, centra danych, rozwi\u0105zania chmurowe, infrastruktur\u0119 telekomunikacyjn\u0105 czy bezpiecze\u0144stwo w Internecie &#8211; Axians jest specjalist\u0105 w zakresie wszystkich obecnych technologii informacyjnych i komunikacyjnych! Poprzez doradztwo, planowanie, integracj\u0119 i szeroki zakres us\u0142ug, Axians uwalnia pe\u0142n\u0105 warto\u015b\u0107 dodan\u0105 tych technologii w postaci rozwi\u0105za\u0144 dostosowanych do potrzeb klienta. Axians jest mark\u0105 Vinci Energies.<\/p>\n                            <\/div>\n            <\/div>\n\n    <div class=\"ppi_col-xs-12 ppi_col-lg-6 axi_image ppi_col-lg-pull-6 background-left\">\n                <figure class=\"global-shadow\">\n            <img loading=\"lazy\" decoding=\"async\" width=\"1200\" height=\"354\" src=\"https:\/\/www.neo-suite.de\/wp\/wp-content\/uploads\/2023\/07\/Logo_AXIANS_transparent-1200x354.png\" class=\"attachment-axi-lg size-axi-lg\" alt=\"Axians Logo\" srcset=\"https:\/\/www.neo-suite.de\/wp\/wp-content\/uploads\/2023\/07\/Logo_AXIANS_transparent-1200x354.png 1200w, https:\/\/www.neo-suite.de\/wp\/wp-content\/uploads\/2023\/07\/Logo_AXIANS_transparent-300x89.png 300w, https:\/\/www.neo-suite.de\/wp\/wp-content\/uploads\/2023\/07\/Logo_AXIANS_transparent-1024x302.png 1024w, https:\/\/www.neo-suite.de\/wp\/wp-content\/uploads\/2023\/07\/Logo_AXIANS_transparent-768x227.png 768w, https:\/\/www.neo-suite.de\/wp\/wp-content\/uploads\/2023\/07\/Logo_AXIANS_transparent-1920x567.png 1920w, https:\/\/www.neo-suite.de\/wp\/wp-content\/uploads\/2023\/07\/Logo_AXIANS_transparent-992x293.png 992w, https:\/\/www.neo-suite.de\/wp\/wp-content\/uploads\/2023\/07\/Logo_AXIANS_transparent-480x142.png 480w\" sizes=\"auto, (max-width: 1200px) 100vw, 1200px\" \/>        <\/figure>\n                            <\/div>\n\n    <\/div>\n[\/vc_column][\/vc_row][vc_row ppi_row_type=&#8221;bg-lightgrey&#8221; full_width=&#8221;stretch_narrow_row&#8221;][vc_column]<div class=\"ppi_headlines\"><h2 class=\"h2 text-center\">Czy chcieliby Pa\u0144stwo dowiedzie\u0107 si\u0119 o nas czego\u015b wi\u0119cej?<\/h2><h3 class=\"h5 text-center\">Prosz\u0119 si\u0119 z nami skontaktowa\u0107. Czekamy na Pa\u0144stwa zapytanie.<\/h3><\/div>[\/vc_column][\/vc_row][vc_row ppi_row_type=&#8221;bg-lightgrey&#8221; ppi_row_padding=&#8221;ppi_remove_padding_top&#8221; full_width=&#8221;stretch_narrow_row&#8221;][vc_column]<div class=\"ppi_hubspotform \"><script charset=\"utf-8\" type=\"text\/javascript\" src=\"\/\/js.hsforms.net\/forms\/v2.js\"><\/script><script>hbspt.forms.create({region: \"na1\",portalId: \"6113841\",formId: \"a95c80a5-15c7-482b-80f4-b76acbc2291f\",});<\/script><\/div>[\/vc_column][\/vc_row]<\/div>","protected":false},"excerpt":{"rendered":"[vc_row ppi_row_padding=\"ppi_remove_padding_top,ppi_remove_padding_bottom\" full_width=\"stretch_row_content_no_spaces\"][vc_column]Axians NEO Solutions &amp; Technology GmbH Kszta\u0142tujemy Pa\u0144stwa przysz\u0142o\u015b\u0107 w zakresie serwisu i konserwacji[\/vc_column][\/vc_row][vc_row full_width=\"narrow_row\"][vc_column][vc_column_text]Zesp\u00f3\u0142 Axians NEO Solutions &amp; Technology GmbH dzia\u0142a w bran\u017cy SAP od 2001 roku. Korzenie tych pionier\u00f3w rynku \"SAP Mobile Business\" tkwi\u0105 w dawnej firmie NEO Business Partners, kt\u00f3ra zosta\u0142a przej\u0119ta przez Fritz &amp; Macziol Group w 2008 roku. [...]","protected":false},"author":6,"featured_media":7371,"parent":0,"menu_order":0,"comment_status":"closed","ping_status":"closed","template":"","meta":{"_acf_changed":false,"inline_featured_image":false,"footnotes":""},"class_list":["post-7367","page","type-page","status-publish","has-post-thumbnail","hentry"],"acf":[],"yoast_head":"<!-- This site is optimized with the Yoast SEO Premium plugin v27.2 (Yoast SEO v27.2) - https:\/\/yoast.com\/product\/yoast-seo-premium-wordpress\/ -->\n<title>Axians NEO Solutions &amp; Technology GmbH<\/title>\n<meta name=\"description\" content=\"Axians NEO Solutions &amp; Technology GmbH oferuje rozwi\u0105zania do zarz\u0105dzania us\u0142ugami terenowymi i konserwacj\u0105.\" \/>\n<meta name=\"robots\" content=\"index, follow, max-snippet:-1, max-image-preview:large, max-video-preview:-1\" \/>\n<link rel=\"canonical\" href=\"https:\/\/www.neo-suite.de\/pl\/profil-firmy\/\" \/>\n<meta property=\"og:locale\" content=\"pl_PL\" \/>\n<meta property=\"og:type\" content=\"article\" \/>\n<meta property=\"og:title\" content=\"Profil firmy\" \/>\n<meta property=\"og:description\" content=\"Axians NEO Solutions &amp; Technology GmbH oferuje rozwi\u0105zania do zarz\u0105dzania us\u0142ugami terenowymi i konserwacj\u0105.\" \/>\n<meta property=\"og:url\" content=\"https:\/\/www.neo-suite.de\/pl\/profil-firmy\/\" \/>\n<meta property=\"og:site_name\" content=\"Axians | NEO\" \/>\n<meta property=\"article:modified_time\" content=\"2025-02-26T08:54:33+00:00\" \/>\n<meta property=\"og:image\" content=\"https:\/\/www.neo-suite.de\/wp\/wp-content\/uploads\/2023\/07\/nms-5200-e1689590030886.jpg\" \/>\n\t<meta property=\"og:image:width\" content=\"1200\" \/>\n\t<meta property=\"og:image:height\" content=\"501\" \/>\n\t<meta property=\"og:image:type\" content=\"image\/jpeg\" \/>\n<meta name=\"twitter:card\" content=\"summary_large_image\" \/>\n<meta name=\"twitter:label1\" content=\"Est. reading time\" \/>\n\t<meta name=\"twitter:data1\" content=\"2 minutes\" \/>\n<script type=\"application\/ld+json\" class=\"yoast-schema-graph\">{\"@context\":\"https:\/\/schema.org\",\"@graph\":[{\"@type\":\"WebPage\",\"@id\":\"https:\/\/www.neo-suite.de\/pl\/profil-firmy\/\",\"url\":\"https:\/\/www.neo-suite.de\/pl\/profil-firmy\/\",\"name\":\"Axians NEO Solutions & Technology GmbH\",\"isPartOf\":{\"@id\":\"https:\/\/www.neo-suite.de\/pl\/#website\"},\"primaryImageOfPage\":{\"@id\":\"https:\/\/www.neo-suite.de\/pl\/profil-firmy\/#primaryimage\"},\"image\":{\"@id\":\"https:\/\/www.neo-suite.de\/pl\/profil-firmy\/#primaryimage\"},\"thumbnailUrl\":\"https:\/\/www.neo-suite.de\/wp\/wp-content\/uploads\/2023\/07\/nms-5200-e1689590030886.jpg\",\"datePublished\":\"2023-01-04T11:55:16+00:00\",\"dateModified\":\"2025-02-26T08:54:33+00:00\",\"description\":\"Axians NEO Solutions & Technology GmbH oferuje rozwi\u0105zania do zarz\u0105dzania us\u0142ugami terenowymi i konserwacj\u0105.\",\"breadcrumb\":{\"@id\":\"https:\/\/www.neo-suite.de\/pl\/profil-firmy\/#breadcrumb\"},\"inLanguage\":\"pl-PL\",\"potentialAction\":[{\"@type\":\"ReadAction\",\"target\":[\"https:\/\/www.neo-suite.de\/pl\/profil-firmy\/\"]}]},{\"@type\":\"ImageObject\",\"inLanguage\":\"pl-PL\",\"@id\":\"https:\/\/www.neo-suite.de\/pl\/profil-firmy\/#primaryimage\",\"url\":\"https:\/\/www.neo-suite.de\/wp\/wp-content\/uploads\/2023\/07\/nms-5200-e1689590030886.jpg\",\"contentUrl\":\"https:\/\/www.neo-suite.de\/wp\/wp-content\/uploads\/2023\/07\/nms-5200-e1689590030886.jpg\",\"width\":1200,\"height\":501,\"caption\":\"Technik z w\u00f3zkiem serwisowym Axians\"},{\"@type\":\"BreadcrumbList\",\"@id\":\"https:\/\/www.neo-suite.de\/pl\/profil-firmy\/#breadcrumb\",\"itemListElement\":[{\"@type\":\"ListItem\",\"position\":1,\"name\":\"Home\",\"item\":\"https:\/\/www.neo-suite.de\/pl\/\"},{\"@type\":\"ListItem\",\"position\":2,\"name\":\"Profil firmy\"}]},{\"@type\":\"WebSite\",\"@id\":\"https:\/\/www.neo-suite.de\/pl\/#website\",\"url\":\"https:\/\/www.neo-suite.de\/pl\/\",\"name\":\"Axians | NEO\",\"description\":\"\",\"potentialAction\":[{\"@type\":\"SearchAction\",\"target\":{\"@type\":\"EntryPoint\",\"urlTemplate\":\"https:\/\/www.neo-suite.de\/pl\/?s={search_term_string}\"},\"query-input\":{\"@type\":\"PropertyValueSpecification\",\"valueRequired\":true,\"valueName\":\"search_term_string\"}}],\"inLanguage\":\"pl-PL\"}]}<\/script>\n<!-- \/ Yoast SEO Premium plugin. -->","yoast_head_json":{"title":"Axians NEO Solutions & Technology GmbH","description":"Axians NEO Solutions & Technology GmbH oferuje rozwi\u0105zania do zarz\u0105dzania us\u0142ugami terenowymi i konserwacj\u0105.","robots":{"index":"index","follow":"follow","max-snippet":"max-snippet:-1","max-image-preview":"max-image-preview:large","max-video-preview":"max-video-preview:-1"},"canonical":"https:\/\/www.neo-suite.de\/pl\/profil-firmy\/","og_locale":"pl_PL","og_type":"article","og_title":"Profil firmy","og_description":"Axians NEO Solutions & Technology GmbH oferuje rozwi\u0105zania do zarz\u0105dzania us\u0142ugami terenowymi i konserwacj\u0105.","og_url":"https:\/\/www.neo-suite.de\/pl\/profil-firmy\/","og_site_name":"Axians | NEO","article_modified_time":"2025-02-26T08:54:33+00:00","og_image":[{"width":1200,"height":501,"url":"https:\/\/www.neo-suite.de\/wp\/wp-content\/uploads\/2023\/07\/nms-5200-e1689590030886.jpg","type":"image\/jpeg"}],"twitter_card":"summary_large_image","twitter_misc":{"Est. reading time":"2 minutes"},"schema":{"@context":"https:\/\/schema.org","@graph":[{"@type":"WebPage","@id":"https:\/\/www.neo-suite.de\/pl\/profil-firmy\/","url":"https:\/\/www.neo-suite.de\/pl\/profil-firmy\/","name":"Axians NEO Solutions & Technology GmbH","isPartOf":{"@id":"https:\/\/www.neo-suite.de\/pl\/#website"},"primaryImageOfPage":{"@id":"https:\/\/www.neo-suite.de\/pl\/profil-firmy\/#primaryimage"},"image":{"@id":"https:\/\/www.neo-suite.de\/pl\/profil-firmy\/#primaryimage"},"thumbnailUrl":"https:\/\/www.neo-suite.de\/wp\/wp-content\/uploads\/2023\/07\/nms-5200-e1689590030886.jpg","datePublished":"2023-01-04T11:55:16+00:00","dateModified":"2025-02-26T08:54:33+00:00","description":"Axians NEO Solutions & Technology GmbH oferuje rozwi\u0105zania do zarz\u0105dzania us\u0142ugami terenowymi i konserwacj\u0105.","breadcrumb":{"@id":"https:\/\/www.neo-suite.de\/pl\/profil-firmy\/#breadcrumb"},"inLanguage":"pl-PL","potentialAction":[{"@type":"ReadAction","target":["https:\/\/www.neo-suite.de\/pl\/profil-firmy\/"]}]},{"@type":"ImageObject","inLanguage":"pl-PL","@id":"https:\/\/www.neo-suite.de\/pl\/profil-firmy\/#primaryimage","url":"https:\/\/www.neo-suite.de\/wp\/wp-content\/uploads\/2023\/07\/nms-5200-e1689590030886.jpg","contentUrl":"https:\/\/www.neo-suite.de\/wp\/wp-content\/uploads\/2023\/07\/nms-5200-e1689590030886.jpg","width":1200,"height":501,"caption":"Technik z w\u00f3zkiem serwisowym Axians"},{"@type":"BreadcrumbList","@id":"https:\/\/www.neo-suite.de\/pl\/profil-firmy\/#breadcrumb","itemListElement":[{"@type":"ListItem","position":1,"name":"Home","item":"https:\/\/www.neo-suite.de\/pl\/"},{"@type":"ListItem","position":2,"name":"Profil firmy"}]},{"@type":"WebSite","@id":"https:\/\/www.neo-suite.de\/pl\/#website","url":"https:\/\/www.neo-suite.de\/pl\/","name":"Axians | NEO","description":"","potentialAction":[{"@type":"SearchAction","target":{"@type":"EntryPoint","urlTemplate":"https:\/\/www.neo-suite.de\/pl\/?s={search_term_string}"},"query-input":{"@type":"PropertyValueSpecification","valueRequired":true,"valueName":"search_term_string"}}],"inLanguage":"pl-PL"}]}},"_links":{"self":[{"href":"https:\/\/www.neo-suite.de\/pl\/wp-json\/wp\/v2\/pages\/7367","targetHints":{"allow":["GET"]}}],"collection":[{"href":"https:\/\/www.neo-suite.de\/pl\/wp-json\/wp\/v2\/pages"}],"about":[{"href":"https:\/\/www.neo-suite.de\/pl\/wp-json\/wp\/v2\/types\/page"}],"author":[{"embeddable":true,"href":"https:\/\/www.neo-suite.de\/pl\/wp-json\/wp\/v2\/users\/6"}],"replies":[{"embeddable":true,"href":"https:\/\/www.neo-suite.de\/pl\/wp-json\/wp\/v2\/comments?post=7367"}],"version-history":[{"count":6,"href":"https:\/\/www.neo-suite.de\/pl\/wp-json\/wp\/v2\/pages\/7367\/revisions"}],"predecessor-version":[{"id":10107,"href":"https:\/\/www.neo-suite.de\/pl\/wp-json\/wp\/v2\/pages\/7367\/revisions\/10107"}],"wp:featuredmedia":[{"embeddable":true,"href":"https:\/\/www.neo-suite.de\/pl\/wp-json\/wp\/v2\/media\/7371"}],"wp:attachment":[{"href":"https:\/\/www.neo-suite.de\/pl\/wp-json\/wp\/v2\/media?parent=7367"}],"curies":[{"name":"wp","href":"https:\/\/api.w.org\/{rel}","templated":true}]}}