{"id":7330,"date":"2023-07-17T13:49:54","date_gmt":"2023-07-17T11:49:54","guid":{"rendered":"https:\/\/www.neo-suite.de\/uslugi\/integracja\/"},"modified":"2025-10-10T15:51:04","modified_gmt":"2025-10-10T13:51:04","slug":"integracja","status":"publish","type":"page","link":"https:\/\/www.neo-suite.de\/pl\/uslugi\/integracja\/","title":{"rendered":"Integracja"},"content":{"rendered":"<div class=\"wpb-content-wrapper\">[vc_row ppi_row_padding=&#8221;ppi_remove_padding_top,ppi_remove_padding_bottom&#8221; full_width=&#8221;stretch_row_content_no_spaces&#8221;][vc_column]<div class=\"axi_keyvisual-slider js-keyvisual-slider\"><div class=\"swiper swiper-container flat\"><div class=\"swiper-wrapper\"><div class=\"axi_keyvisual-slider__item swiper-slide bg-gradient-zodiac\"><img loading=\"lazy\" decoding=\"async\" width=\"1200\" height=\"600\" src=\"https:\/\/www.neo-suite.de\/wp\/wp-content\/uploads\/2023\/07\/shutterstock_1558601972-e1689594300290.jpg\" class=\"axi_keyvisual-slider__item__image\" alt=\"AR mit Smartphone\" srcset=\"https:\/\/www.neo-suite.de\/wp\/wp-content\/uploads\/2023\/07\/shutterstock_1558601972-e1689594300290.jpg 1200w, https:\/\/www.neo-suite.de\/wp\/wp-content\/uploads\/2023\/07\/shutterstock_1558601972-e1689594300290-300x150.jpg 300w, https:\/\/www.neo-suite.de\/wp\/wp-content\/uploads\/2023\/07\/shutterstock_1558601972-e1689594300290-1024x512.jpg 1024w, https:\/\/www.neo-suite.de\/wp\/wp-content\/uploads\/2023\/07\/shutterstock_1558601972-e1689594300290-768x384.jpg 768w, https:\/\/www.neo-suite.de\/wp\/wp-content\/uploads\/2023\/07\/shutterstock_1558601972-e1689594300290-992x496.jpg 992w, https:\/\/www.neo-suite.de\/wp\/wp-content\/uploads\/2023\/07\/shutterstock_1558601972-e1689594300290-480x240.jpg 480w\" sizes=\"auto, (max-width: 1200px) 100vw, 1200px\" \/><div class=\"axi_keyvisual-slider__item__content\"><div class=\"ppi_row ppi_row-flex flex-align-center\"><div class=\"ppi_col-xs-12 ppi_col-lg-5 ppi_col-lg-push-1\"><div class=\"axi_keyvisual-slider__item__content__inner\"><div class=\"axi_keyvisual-slider__item__content__headlines\"><h1 class=\"axi_keyvisual-slider__item__content__headline h1\">Integracja<\/h1><span class=\"axi_keyvisual-slider__item__content__subheadline\">G\u0142\u0119boka i wszechstronna integracja NEO Suite ze standardowymi procesami biznesowymi SAP  <\/span><\/div><\/div><\/div><\/div><\/div><div class=\"axi_keyvisual-slider__item__overlay\"><\/div><\/div><\/div><\/div><\/div>[\/vc_column][\/vc_row][vc_row full_width=&#8221;narrow_row&#8221;][vc_column]<div class=\"ppi_headlines\"><h2 class=\"h2 text-center\">Standardowy SAP - ale dostosowany - dzi\u0119ki naszej integracji!<\/h2><\/div>[vc_column_text]<span style=\"font-weight: 400\">Obecnie na rynku istnieje ca\u0142a gama dostawc\u00f3w i rozwi\u0105za\u0144 w zakresie cyfryzacji proces\u00f3w utrzymania ruchu i obs\u0142ugi klienta. Klienci oczekuj\u0105 mo\u017cliwo\u015bci mapowania niezb\u0119dnych funkcji za pomoc\u0105 standardowego oprogramowania, a tym samym zaoszcz\u0119dzenia sobie czasoch\u0142onnych projekt\u00f3w wdro\u017ceniowych. <\/span>\r\n\r\n<span style=\"font-weight: 400\">Standardowe oprogramowanie w chmurze w szczeg\u00f3lno\u015bci stara si\u0119 ustandaryzowa\u0107 zakres funkcji dla jak najwi\u0119kszej liczby klient\u00f3w, ale prowadzi to do ogranicze\u0144 w zakresie integracji. Brak integracji &#8220;pod klucz&#8221; i brak otwartych interfejs\u00f3w mo\u017ce prowadzi\u0107 do zwi\u0119kszonych nak\u0142ad\u00f3w na rozw\u00f3j i dodatkowych koszt\u00f3w. <\/span>[\/vc_column_text][\/vc_column][\/vc_row][vc_row ppi_row_type=&#8221;gradient_endeavour&#8221; full_width=&#8221;stretch_narrow_row&#8221;][vc_column]<div class=\"ppi_headlines\"><h2 class=\"h2 text-center\">Axians NEO Suite - standardowe oprogramowanie z gotowymi integracjami i otwartymi interfejsami<\/h2><\/div>[vc_column_text]<span style=\"font-weight: 400\">Axians NEO Suite \u0142\u0105czy w sobie zalety standardowego oprogramowania z gotowymi, elastycznymi integracjami SAP i otwartymi interfejsami do integracji system\u00f3w innych firm. Integracje s\u0105 dost\u0119pne w r\u00f3\u017cnych scenariuszach wdro\u017cenia (lokalnie w centralnym systemie ERP lub S\/4HANA, lokalnie w systemie satelitarnym, w chmurze publicznej lub prywatnej). <\/span>[\/vc_column_text][\/vc_column][\/vc_row][vc_row full_width=&#8221;narrow_row&#8221;][vc_column]<div class=\"ppi_headlines\"><h2 class=\"h2 text-center\">Integracje pod klucz<\/h2><\/div>[vc_column_text]<span style=\"font-weight: 400\">Oferujemy <\/span><b>integracje pod klucz<\/b> <b>integracje dla wymaga\u0144 w standardowych procesach SAP<\/b><span style=\"font-weight: 400\"> Zarz\u0105dzanie projektami, konserwacja i serwis (SAP PM, SAP CS, SAP PS, S\/4 Asset Management, S\/4 Service) zar\u00f3wno dla ERP, jak i S\/4HANA (w tym CS w zakresie zgodno\u015bci, nowa us\u0142uga S\/4 Lean Service i S\/4 Advanced Execution Service). Integracja jest zawsze <\/span><b>dwukierunkowy<\/b><span style=\"font-weight: 400\">Oznacza to, \u017ce dane s\u0105 zar\u00f3wno przesy\u0142ane ze standardowych proces\u00f3w, jak i zapisywane z powrotem do nich. Korzystamy ze standardowych interfejs\u00f3w proces\u00f3w SAP. <\/span>\r\n\r\n<span style=\"font-weight: 400\">Interfejs Fiori NEO Schedule mo\u017ce by\u0107 u\u017cywany do wy\u015bwietlania danych na \u017cywo z system\u00f3w \u017ar\u00f3d\u0142owych, a tak\u017ce do bezpo\u015bredniego przechodzenia do aplikacji i transakcji standardowych proces\u00f3w. Wprowadzone tam zmiany s\u0105 natychmiast dost\u0119pne w NEO Suite. <\/span>\r\n\r\n<span style=\"font-weight: 400\">Integracje mog\u0105 by\u0107 u\u017cywane r\u00f3wnolegle, a tak\u017ce r\u00f3wnolegle z kilkoma systemami \u017ar\u00f3d\u0142owymi. Na przyk\u0142ad, mo\u017cna zaplanowa\u0107 zlecenia serwisowe i CS z tego samego systemu w instancji NEO Schedule w systemie ERP i jednocze\u015bnie zaplanowa\u0107 zlecenia serwisowe lean z innego systemu S\/4HANA. <\/span>\r\n\r\n<b>Dane pracownik\u00f3w<\/b><span style=\"font-weight: 400\"> mo\u017cna zintegrowa\u0107 z SAP HR. Hierarchiczn\u0105 struktur\u0119 organizacyjn\u0105 mo\u017cna zintegrowa\u0107 zar\u00f3wno z SAP HR OrgManagement, jak i S\/4 Service Teams. <\/span>\r\n\r\n<span style=\"font-weight: 400\">Poszczeg\u00f3lne integracje s\u0105 mo\u017cliwe przy niewielkim dostosowaniu <\/span><b>gotowe do u\u017cycia<\/b><span style=\"font-weight: 400\"> u\u017cyteczne. Ponadto mo\u017cliwe s\u0105 elastyczne dostosowania i rozszerzenia w celu spe\u0142nienia specyficznych dla klienta cech standardowych proces\u00f3w SAP. Dostosowania s\u0105 dokonywane przy u\u017cyciu <\/span><b>Ramy ulepsze\u0144 NEO<\/b><span style=\"font-weight: 400\">. Dadurch bleiben selbst umfangreiche Erweiterungen der Integration jederzeit Releasewechsel-f\u00e4hig, und Sie profitieren von Produktupdates und -upgrades auch im Bereich der Integrationen. <\/span>\r\n\r\n<span style=\"font-weight: 400\">Nieustannie dostosowujemy integracje &#8220;pod klucz&#8221; do dalszego rozwoju SAP. <\/span><b>dalszego rozwoju SAP <\/b> <span style=\"font-weight: 400\">na. Nie ma jednak obowi\u0105zku przechodzenia na nowe wersje S\/4HANA w celu skorzystania z nowszej wersji NEO Suite. <\/span>[\/vc_column_text][\/vc_column][\/vc_row][vc_row ppi_row_type=&#8221;ppi_background-image&#8221; full_width=&#8221;stretch_narrow_row&#8221; ppi_row_bg_image=&#8221;2811&#8243;][vc_column]<div class=\"axi_textbanner\">\n    <div\n        class=\"axi_textbanner__background bg-endeavour\"><\/div>\n    <div class=\"axi_textbanner__content\">\n        <h2 class=\"axi_textbanner__content__title\">Chcieliby Pa\u0144stwo porozmawia\u0107 z jednym z naszych ekspert\u00f3w? Prosz\u0119 skorzysta\u0107 z naszego systemu umawiania spotka\u0144:<\/h2>                                    <a href=\"https:\/\/www.neo-suite.de\/pl\/prosba-o-spotkanie\/\"\n               class=\"' . SLUG . '_textbanner__content__button button button--primary\"  title=\"Prosz\u0119 um\u00f3wi\u0107 si\u0119 na spotkanie teraz\">Prosz\u0119 um\u00f3wi\u0107 si\u0119 na spotkanie teraz<\/a>\n            <\/div>\n<\/div>\n[\/vc_column][\/vc_row][vc_row full_width=&#8221;stretch_narrow_row&#8221;][vc_column]<div class=\"ppi_headlines\"><h2 class=\"h2 text-center\">Niestandardowe integracje<\/h2><\/div>[vc_column_text]<b>Integracje z systemami innych firm<\/b><span style=\"font-weight: 400\"> mo\u017cna dostosowa\u0107 za pomoc\u0105 otwartych interfejs\u00f3w Axians NEO Suite. Systemy firm trzecich mog\u0105 by\u0107 systemami SAP lub innymi, nawet w scenariuszach wdro\u017ceniowych innych ni\u017c wdro\u017cenie komponent\u00f3w NEO Suite (np. NEO Schedule on-premise i system firmy trzeciej w chmurze innej ni\u017c SAP). <\/span><span style=\"font-weight: 400\">Nawet przy takich integracjach, zawsze s\u0105 Pa\u0144stwo <\/span><b>w stanie wprowadza\u0107 zmiany<\/b><span style=\"font-weight: 400\"> i korzysta\u0107 z aktualizacji i ulepsze\u0144 produkt\u00f3w. Projektujemy te integracje jednokierunkowo lub dwukierunkowo zgodnie z Pa\u0144stwa \u017cyczeniami. Mo\u017cemy r\u00f3wnie\u017c wdro\u017cy\u0107 dla Pa\u0144stwa bezpo\u015bredni\u0105 integracj\u0119 wy\u015bwietlania danych na \u017cywo z systemu strony trzeciej. Dzi\u0119ki temu otrzymaj\u0105 Pa\u0144stwo pe\u0142en zakres funkcji integracji &#8220;pod klucz&#8221;. <\/span>[\/vc_column_text][\/vc_column][\/vc_row][vc_row ppi_row_type=&#8221;ppi_background-image&#8221; full_width=&#8221;stretch_narrow_row&#8221; ppi_row_bg_image=&#8221;967&#8243;][vc_column]<div class=\"axi_textbanner\">\n    <div\n        class=\"axi_textbanner__background bg-endeavour\"><\/div>\n    <div class=\"axi_textbanner__content\">\n        <h2 class=\"axi_textbanner__content__title\">Prosz\u0119 dowiedzie\u0107 si\u0119 wi\u0119cej.<\/h2>        <p class=\"axi_textbanner__content__description\">Czy chcieliby Pa\u0144stwo dowiedzie\u0107 si\u0119 wi\u0119cej na temat mo\u017cliwo\u015bci dostosowania naszych rozwi\u0105za\u0144?<\/p>                            <a href=\"https:\/\/www.neo-suite.de\/pl\/uslugi\/mozliwosc-dostosowania\/\"\n               class=\"' . SLUG . '_textbanner__content__button button button--primary\"  title=\"Mo\u017cliwo\u015b\u0107 dostosowania\">Mo\u017cliwo\u015b\u0107 dostosowania<\/a>\n            <\/div>\n<\/div>\n[\/vc_column][\/vc_row][vc_row][vc_column]<div class=\"ppi_separator\"><\/div>[\/vc_column][\/vc_row]<\/div>","protected":false},"excerpt":{"rendered":"[vc_row ppi_row_padding=\"ppi_remove_padding_top,ppi_remove_padding_bottom\" full_width=\"stretch_row_content_no_spaces\"][vc_column]IntegracjaG\u0142\u0119boka i wszechstronna integracja NEO Suite ze standardowymi procesami biznesowymi SAP [\/vc_column][\/vc_row][vc_row full_width=\"narrow_row\"][vc_column]Standardowy SAP - ale dostosowany - dzi\u0119ki naszej integracji![vc_column_text]Obecnie na rynku istnieje ca\u0142a gama dostawc\u00f3w i rozwi\u0105za\u0144 w zakresie cyfryzacji proces\u00f3w utrzymania ruchu i obs\u0142ugi klienta. Klienci oczekuj\u0105 mo\u017cliwo\u015bci mapowania niezb\u0119dnych funkcji za pomoc\u0105 standardowego oprogramowania, a tym samym zaoszcz\u0119dzenia sobie [...]","protected":false},"author":3,"featured_media":7331,"parent":7318,"menu_order":0,"comment_status":"closed","ping_status":"closed","template":"","meta":{"_acf_changed":false,"inline_featured_image":false,"footnotes":""},"class_list":["post-7330","page","type-page","status-publish","has-post-thumbnail","hentry"],"acf":[],"yoast_head":"<!-- This site is optimized with the Yoast SEO Premium plugin v27.2 (Yoast SEO v27.2) - https:\/\/yoast.com\/product\/yoast-seo-premium-wordpress\/ -->\n<title>Integracja NEO Suite ze standardowymi procesami biznesowymi SAP<\/title>\n<meta name=\"description\" content=\"Integracja NEO Suite z Pa\u0144stwa procesami biznesowymi SAP w celu cyfrowego zarz\u0105dzania us\u0142ugami terenowymi i cyfrowej konserwacji\" \/>\n<meta name=\"robots\" content=\"index, follow, max-snippet:-1, max-image-preview:large, max-video-preview:-1\" \/>\n<link rel=\"canonical\" href=\"https:\/\/www.neo-suite.de\/pl\/uslugi\/integracja\/\" \/>\n<meta property=\"og:locale\" content=\"pl_PL\" \/>\n<meta property=\"og:type\" content=\"article\" \/>\n<meta property=\"og:title\" content=\"Integracja\" \/>\n<meta property=\"og:description\" content=\"Integracja NEO Suite z Pa\u0144stwa procesami biznesowymi SAP w celu cyfrowego zarz\u0105dzania us\u0142ugami terenowymi i cyfrowej konserwacji\" \/>\n<meta property=\"og:url\" content=\"https:\/\/www.neo-suite.de\/pl\/uslugi\/integracja\/\" \/>\n<meta property=\"og:site_name\" content=\"Axians | NEO\" \/>\n<meta property=\"article:modified_time\" content=\"2025-10-10T13:51:04+00:00\" \/>\n<meta property=\"og:image\" content=\"https:\/\/www.neo-suite.de\/wp\/wp-content\/uploads\/2023\/07\/shutterstock_1558601972-e1689594300290.jpg\" \/>\n\t<meta property=\"og:image:width\" content=\"1200\" \/>\n\t<meta property=\"og:image:height\" content=\"600\" \/>\n\t<meta property=\"og:image:type\" content=\"image\/jpeg\" \/>\n<meta name=\"twitter:card\" content=\"summary_large_image\" \/>\n<meta name=\"twitter:label1\" content=\"Est. reading time\" \/>\n\t<meta name=\"twitter:data1\" content=\"3 minutes\" \/>\n<script type=\"application\/ld+json\" class=\"yoast-schema-graph\">{\"@context\":\"https:\/\/schema.org\",\"@graph\":[{\"@type\":\"WebPage\",\"@id\":\"https:\/\/www.neo-suite.de\/pl\/uslugi\/integracja\/\",\"url\":\"https:\/\/www.neo-suite.de\/pl\/uslugi\/integracja\/\",\"name\":\"Integracja NEO Suite ze standardowymi procesami biznesowymi SAP\",\"isPartOf\":{\"@id\":\"https:\/\/www.neo-suite.de\/pl\/#website\"},\"primaryImageOfPage\":{\"@id\":\"https:\/\/www.neo-suite.de\/pl\/uslugi\/integracja\/#primaryimage\"},\"image\":{\"@id\":\"https:\/\/www.neo-suite.de\/pl\/uslugi\/integracja\/#primaryimage\"},\"thumbnailUrl\":\"https:\/\/www.neo-suite.de\/wp\/wp-content\/uploads\/2023\/07\/shutterstock_1558601972-e1689594300290.jpg\",\"datePublished\":\"2023-07-17T11:49:54+00:00\",\"dateModified\":\"2025-10-10T13:51:04+00:00\",\"description\":\"Integracja NEO Suite z Pa\u0144stwa procesami biznesowymi SAP w celu cyfrowego zarz\u0105dzania us\u0142ugami terenowymi i cyfrowej konserwacji\",\"breadcrumb\":{\"@id\":\"https:\/\/www.neo-suite.de\/pl\/uslugi\/integracja\/#breadcrumb\"},\"inLanguage\":\"pl-PL\",\"potentialAction\":[{\"@type\":\"ReadAction\",\"target\":[\"https:\/\/www.neo-suite.de\/pl\/uslugi\/integracja\/\"]}]},{\"@type\":\"ImageObject\",\"inLanguage\":\"pl-PL\",\"@id\":\"https:\/\/www.neo-suite.de\/pl\/uslugi\/integracja\/#primaryimage\",\"url\":\"https:\/\/www.neo-suite.de\/wp\/wp-content\/uploads\/2023\/07\/shutterstock_1558601972-e1689594300290.jpg\",\"contentUrl\":\"https:\/\/www.neo-suite.de\/wp\/wp-content\/uploads\/2023\/07\/shutterstock_1558601972-e1689594300290.jpg\",\"width\":1200,\"height\":600,\"caption\":\"AR za pomoc\u0105 smartfona\"},{\"@type\":\"BreadcrumbList\",\"@id\":\"https:\/\/www.neo-suite.de\/pl\/uslugi\/integracja\/#breadcrumb\",\"itemListElement\":[{\"@type\":\"ListItem\",\"position\":1,\"name\":\"Home\",\"item\":\"https:\/\/www.neo-suite.de\/pl\/\"},{\"@type\":\"ListItem\",\"position\":2,\"name\":\"Us\u0142ugi\",\"item\":\"https:\/\/www.neo-suite.de\/pl\/uslugi\/\"},{\"@type\":\"ListItem\",\"position\":3,\"name\":\"Integracja\"}]},{\"@type\":\"WebSite\",\"@id\":\"https:\/\/www.neo-suite.de\/pl\/#website\",\"url\":\"https:\/\/www.neo-suite.de\/pl\/\",\"name\":\"Axians | NEO\",\"description\":\"\",\"potentialAction\":[{\"@type\":\"SearchAction\",\"target\":{\"@type\":\"EntryPoint\",\"urlTemplate\":\"https:\/\/www.neo-suite.de\/pl\/?s={search_term_string}\"},\"query-input\":{\"@type\":\"PropertyValueSpecification\",\"valueRequired\":true,\"valueName\":\"search_term_string\"}}],\"inLanguage\":\"pl-PL\"}]}<\/script>\n<!-- \/ Yoast SEO Premium plugin. -->","yoast_head_json":{"title":"Integracja NEO Suite ze standardowymi procesami biznesowymi SAP","description":"Integracja NEO Suite z Pa\u0144stwa procesami biznesowymi SAP w celu cyfrowego zarz\u0105dzania us\u0142ugami terenowymi i cyfrowej konserwacji","robots":{"index":"index","follow":"follow","max-snippet":"max-snippet:-1","max-image-preview":"max-image-preview:large","max-video-preview":"max-video-preview:-1"},"canonical":"https:\/\/www.neo-suite.de\/pl\/uslugi\/integracja\/","og_locale":"pl_PL","og_type":"article","og_title":"Integracja","og_description":"Integracja NEO Suite z Pa\u0144stwa procesami biznesowymi SAP w celu cyfrowego zarz\u0105dzania us\u0142ugami terenowymi i cyfrowej konserwacji","og_url":"https:\/\/www.neo-suite.de\/pl\/uslugi\/integracja\/","og_site_name":"Axians | NEO","article_modified_time":"2025-10-10T13:51:04+00:00","og_image":[{"width":1200,"height":600,"url":"https:\/\/www.neo-suite.de\/wp\/wp-content\/uploads\/2023\/07\/shutterstock_1558601972-e1689594300290.jpg","type":"image\/jpeg"}],"twitter_card":"summary_large_image","twitter_misc":{"Est. reading time":"3 minutes"},"schema":{"@context":"https:\/\/schema.org","@graph":[{"@type":"WebPage","@id":"https:\/\/www.neo-suite.de\/pl\/uslugi\/integracja\/","url":"https:\/\/www.neo-suite.de\/pl\/uslugi\/integracja\/","name":"Integracja NEO Suite ze standardowymi procesami biznesowymi SAP","isPartOf":{"@id":"https:\/\/www.neo-suite.de\/pl\/#website"},"primaryImageOfPage":{"@id":"https:\/\/www.neo-suite.de\/pl\/uslugi\/integracja\/#primaryimage"},"image":{"@id":"https:\/\/www.neo-suite.de\/pl\/uslugi\/integracja\/#primaryimage"},"thumbnailUrl":"https:\/\/www.neo-suite.de\/wp\/wp-content\/uploads\/2023\/07\/shutterstock_1558601972-e1689594300290.jpg","datePublished":"2023-07-17T11:49:54+00:00","dateModified":"2025-10-10T13:51:04+00:00","description":"Integracja NEO Suite z Pa\u0144stwa procesami biznesowymi SAP w celu cyfrowego zarz\u0105dzania us\u0142ugami terenowymi i cyfrowej konserwacji","breadcrumb":{"@id":"https:\/\/www.neo-suite.de\/pl\/uslugi\/integracja\/#breadcrumb"},"inLanguage":"pl-PL","potentialAction":[{"@type":"ReadAction","target":["https:\/\/www.neo-suite.de\/pl\/uslugi\/integracja\/"]}]},{"@type":"ImageObject","inLanguage":"pl-PL","@id":"https:\/\/www.neo-suite.de\/pl\/uslugi\/integracja\/#primaryimage","url":"https:\/\/www.neo-suite.de\/wp\/wp-content\/uploads\/2023\/07\/shutterstock_1558601972-e1689594300290.jpg","contentUrl":"https:\/\/www.neo-suite.de\/wp\/wp-content\/uploads\/2023\/07\/shutterstock_1558601972-e1689594300290.jpg","width":1200,"height":600,"caption":"AR za pomoc\u0105 smartfona"},{"@type":"BreadcrumbList","@id":"https:\/\/www.neo-suite.de\/pl\/uslugi\/integracja\/#breadcrumb","itemListElement":[{"@type":"ListItem","position":1,"name":"Home","item":"https:\/\/www.neo-suite.de\/pl\/"},{"@type":"ListItem","position":2,"name":"Us\u0142ugi","item":"https:\/\/www.neo-suite.de\/pl\/uslugi\/"},{"@type":"ListItem","position":3,"name":"Integracja"}]},{"@type":"WebSite","@id":"https:\/\/www.neo-suite.de\/pl\/#website","url":"https:\/\/www.neo-suite.de\/pl\/","name":"Axians | NEO","description":"","potentialAction":[{"@type":"SearchAction","target":{"@type":"EntryPoint","urlTemplate":"https:\/\/www.neo-suite.de\/pl\/?s={search_term_string}"},"query-input":{"@type":"PropertyValueSpecification","valueRequired":true,"valueName":"search_term_string"}}],"inLanguage":"pl-PL"}]}},"_links":{"self":[{"href":"https:\/\/www.neo-suite.de\/pl\/wp-json\/wp\/v2\/pages\/7330","targetHints":{"allow":["GET"]}}],"collection":[{"href":"https:\/\/www.neo-suite.de\/pl\/wp-json\/wp\/v2\/pages"}],"about":[{"href":"https:\/\/www.neo-suite.de\/pl\/wp-json\/wp\/v2\/types\/page"}],"author":[{"embeddable":true,"href":"https:\/\/www.neo-suite.de\/pl\/wp-json\/wp\/v2\/users\/3"}],"replies":[{"embeddable":true,"href":"https:\/\/www.neo-suite.de\/pl\/wp-json\/wp\/v2\/comments?post=7330"}],"version-history":[{"count":4,"href":"https:\/\/www.neo-suite.de\/pl\/wp-json\/wp\/v2\/pages\/7330\/revisions"}],"predecessor-version":[{"id":10966,"href":"https:\/\/www.neo-suite.de\/pl\/wp-json\/wp\/v2\/pages\/7330\/revisions\/10966"}],"up":[{"embeddable":true,"href":"https:\/\/www.neo-suite.de\/pl\/wp-json\/wp\/v2\/pages\/7318"}],"wp:featuredmedia":[{"embeddable":true,"href":"https:\/\/www.neo-suite.de\/pl\/wp-json\/wp\/v2\/media\/7331"}],"wp:attachment":[{"href":"https:\/\/www.neo-suite.de\/pl\/wp-json\/wp\/v2\/media?parent=7330"}],"curies":[{"name":"wp","href":"https:\/\/api.w.org\/{rel}","templated":true}]}}