{"id":7319,"date":"2023-07-14T10:51:06","date_gmt":"2023-07-14T08:51:06","guid":{"rendered":"https:\/\/www.neo-suite.de\/uslugi\/metodologia\/"},"modified":"2025-10-10T15:56:20","modified_gmt":"2025-10-10T13:56:20","slug":"metodologia","status":"publish","type":"page","link":"https:\/\/www.neo-suite.de\/pl\/uslugi\/metodologia\/","title":{"rendered":"Metodologia"},"content":{"rendered":"<div class=\"wpb-content-wrapper\">[vc_row ppi_row_padding=&#8221;ppi_remove_padding_top,ppi_remove_padding_bottom&#8221; full_width=&#8221;stretch_row_content_no_spaces&#8221;][vc_column]<div class=\"axi_keyvisual-slider js-keyvisual-slider\"><div class=\"swiper swiper-container flat\"><div class=\"swiper-wrapper\"><div class=\"axi_keyvisual-slider__item swiper-slide bg-gradient-zodiac\"><img loading=\"lazy\" decoding=\"async\" width=\"1200\" height=\"798\" src=\"https:\/\/www.neo-suite.de\/wp\/wp-content\/uploads\/2023\/07\/shutterstock_465148991.jpg\" class=\"axi_keyvisual-slider__item__image\" alt=\"Rohre in Werk\" srcset=\"https:\/\/www.neo-suite.de\/wp\/wp-content\/uploads\/2023\/07\/shutterstock_465148991.jpg 1200w, https:\/\/www.neo-suite.de\/wp\/wp-content\/uploads\/2023\/07\/shutterstock_465148991-300x200.jpg 300w, https:\/\/www.neo-suite.de\/wp\/wp-content\/uploads\/2023\/07\/shutterstock_465148991-1024x681.jpg 1024w, https:\/\/www.neo-suite.de\/wp\/wp-content\/uploads\/2023\/07\/shutterstock_465148991-768x511.jpg 768w, https:\/\/www.neo-suite.de\/wp\/wp-content\/uploads\/2023\/07\/shutterstock_465148991-992x660.jpg 992w, https:\/\/www.neo-suite.de\/wp\/wp-content\/uploads\/2023\/07\/shutterstock_465148991-480x319.jpg 480w\" sizes=\"auto, (max-width: 1200px) 100vw, 1200px\" \/><div class=\"axi_keyvisual-slider__item__content\"><div class=\"ppi_row ppi_row-flex flex-align-center\"><div class=\"ppi_col-xs-12 ppi_col-lg-5 ppi_col-lg-push-1\"><div class=\"axi_keyvisual-slider__item__content__inner\"><div class=\"axi_keyvisual-slider__item__content__headlines\"><h1 class=\"axi_keyvisual-slider__item__content__headline h1\">Metodologia<\/h1><span class=\"axi_keyvisual-slider__item__content__subheadline\">Ustrukturyzowany i zwinny projekt prowadz\u0105cy do Pa\u0144stwa rozwi\u0105zania cyfrowego<\/span><\/div><\/div><\/div><\/div><\/div><div class=\"axi_keyvisual-slider__item__overlay\"><\/div><\/div><\/div><\/div><\/div>[\/vc_column][\/vc_row][vc_row full_width=&#8221;narrow_row&#8221;][vc_column]<div class=\"ppi_headlines\"><h2 class=\"h2 text-center\">Wszystko z jednego \u017ar\u00f3d\u0142a - od wymaga\u0144 do gotowego rozwi\u0105zania!<\/h2><\/div>[vc_column_text]<span style=\"font-weight: 400\">Nasza metodologia: W <strong>Axians NEO Solutions &amp;<\/strong> Technology zarz\u0105dzamy i wspieramy Pa\u0144stwa projekt od pocz\u0105tkowych wymaga\u0144 do gotowego rozwi\u0105zania cyfrowego &#8211; i nie tylko. Ju\u017c na etapie planowania rozwi\u0105zania cyfrowego korzystamy z wiedzy wszystkich naszych konsultant\u00f3w, aby opracowa\u0107 dla Pa\u0144stwa idealn\u0105 koncepcj\u0119. <\/span>[\/vc_column_text][\/vc_column][\/vc_row][vc_row ppi_row_padding=&#8221;ppi_remove_padding_top&#8221; full_width=&#8221;narrow_row&#8221;][vc_column]<div class=\"axi_image axi_image__full \"><figure class=\"global-shadow\"><img loading=\"lazy\" decoding=\"async\" width=\"1200\" height=\"675\" src=\"https:\/\/www.neo-suite.de\/wp\/wp-content\/uploads\/2023\/08\/Axians-NEO-Grafik-SCRUM-1200x675.png\" class=\"attachment-axi-lg size-axi-lg\" alt=\"Grafik zur SRUM Methodik mit Axians\" srcset=\"https:\/\/www.neo-suite.de\/wp\/wp-content\/uploads\/2023\/08\/Axians-NEO-Grafik-SCRUM-1200x675.png 1200w, https:\/\/www.neo-suite.de\/wp\/wp-content\/uploads\/2023\/08\/Axians-NEO-Grafik-SCRUM-300x169.png 300w, https:\/\/www.neo-suite.de\/wp\/wp-content\/uploads\/2023\/08\/Axians-NEO-Grafik-SCRUM-1024x576.png 1024w, https:\/\/www.neo-suite.de\/wp\/wp-content\/uploads\/2023\/08\/Axians-NEO-Grafik-SCRUM-768x432.png 768w, https:\/\/www.neo-suite.de\/wp\/wp-content\/uploads\/2023\/08\/Axians-NEO-Grafik-SCRUM-1920x1080.png 1920w, https:\/\/www.neo-suite.de\/wp\/wp-content\/uploads\/2023\/08\/Axians-NEO-Grafik-SCRUM-992x558.png 992w, https:\/\/www.neo-suite.de\/wp\/wp-content\/uploads\/2023\/08\/Axians-NEO-Grafik-SCRUM-480x270.png 480w\" sizes=\"auto, (max-width: 1200px) 100vw, 1200px\" \/><\/figure><\/div>[\/vc_column][\/vc_row][vc_row ppi_row_type=&#8221;ppi_background-image&#8221; full_width=&#8221;stretch_narrow_row&#8221; ppi_row_bg_image=&#8221;2811&#8243;][vc_column]<div class=\"axi_textbanner\">\n    <div\n        class=\"axi_textbanner__background bg-endeavour\"><\/div>\n    <div class=\"axi_textbanner__content\">\n        <h2 class=\"axi_textbanner__content__title\">Chcieliby Pa\u0144stwo porozmawia\u0107 z jednym z naszych ekspert\u00f3w? Prosz\u0119 skorzysta\u0107 z naszego systemu umawiania spotka\u0144:<\/h2>                                    <a href=\"https:\/\/www.neo-suite.de\/pl\/prosba-o-spotkanie\/\"\n               class=\"' . SLUG . '_textbanner__content__button button button--primary\"  title=\"Prosz\u0119 um\u00f3wi\u0107 si\u0119 na spotkanie teraz\">Prosz\u0119 um\u00f3wi\u0107 si\u0119 na spotkanie teraz<\/a>\n            <\/div>\n<\/div>\n[\/vc_column][\/vc_row][vc_row full_width=&#8221;stretch_narrow_row&#8221;][vc_column]<div class=\"ppi_headlines\"><h2 class=\"h2 text-center\">Nasza metodologia - Pa\u0144stwa przewaga!<\/h2><\/div>[vc_tta_accordion][vc_tta_section title=&#8221;Kierownicy projekt\u00f3w&#8221; tab_id=&#8221;1689168395509-56a6d7f5-cfc4cdd9-86c5&#8243;][vc_column_text]<span style=\"font-weight: 400\">Nasi <\/span><b>kierownicy projekt\u00f3w<\/b><span style=\"font-weight: 400\"> przejmujemy od momentu z\u0142o\u017cenia zam\u00f3wienia i jako certyfikowani Scrum Masterzy tworzymy zesp\u00f3\u0142 projektowy wraz z naszymi architektami oprogramowania i programistami, a tak\u017ce Pa\u0144stwa zespo\u0142em, w\u0142a\u015bcicielami produktu. U\u017cywamy Jira \u00ae jako platformy projektowej, a zatem do dokumentowania poszczeg\u00f3lnych etap\u00f3w rozwoju, a tym samym oferujemy wszystkim uczestnikom projektu dost\u0119p i wgl\u0105d w aktualny stan projektu. <\/span>[\/vc_column_text][\/vc_tta_section][vc_tta_section title=&#8221;Metodologia Scrum&#8221; tab_id=&#8221;1689168395513-4479b62f-86b2cdd9-86c5&#8243;][vc_column_text]<span style=\"font-weight: 400\">Poprzez <\/span><b>Metodologia Scrum<\/b><span style=\"font-weight: 400\"> nadaje struktur\u0119 ca\u0142ej fazie projektu. Poszczeg\u00f3lne etapy rozwoju wymagane do dostarczenia Pa\u0144stwa rozwi\u0105zania cyfrowego s\u0105 rejestrowane w ticketach Jira. Zapewnia to z jednej strony dokumentacj\u0119 projektu, a z drugiej przyczynia si\u0119 do dobrego zrozumienia wymaga\u0144. Korzystaj\u0105c z metodologii Scrum, tickety te s\u0105 nast\u0119pnie dzielone na pakiety, tzw. <\/span><b>Sprinty<\/b><span style=\"font-weight: 400\">podzielone na sprinty i opracowane. W ramach ka\u017cdego sprintu skupiamy si\u0119 na odpowiednim etapie rozwoju. Aby to zrobi\u0107, najpierw wsp\u00f3lnie skupiamy si\u0119 na <\/span><b>udoskonalenie<\/b><span style=\"font-weight: 400\">tj. szczeg\u00f3\u0142owy opis odpowiednich prac rozwojowych. <\/span>[\/vc_column_text][\/vc_tta_section][vc_tta_section title=&#8221;Prace rozwojowe&#8221; tab_id=&#8221;1689168594821-998a2a51-baf9cdd9-86c5&#8243;][vc_column_text]<span style=\"font-weight: 400\">Nast\u0119pnym krokiem s\u0105 <\/span><b>prace rozwojowe<\/b><span style=\"font-weight: 400\"> jako takie. Dzi\u0119ki Pa\u0144stwa wk\u0142adowi, testom produktu i akceptacji odpowiednich bilet\u00f3w, sprint jest zako\u0144czony, a jako\u015b\u0107 Pa\u0144stwa wymaga\u0144 jest odpowiednio zapewniona. Dzi\u0119ki wsp\u00f3lnemu monitorowaniu sprint\u00f3w pracujemy nad ci\u0105g\u0142\u0105 optymalizacj\u0105 wsp\u00f3\u0142pracy, wsp\u00f3lnym zrozumieniem i wsp\u00f3lnym osi\u0105ganiem cel\u00f3w. <\/span>[\/vc_column_text][\/vc_tta_section][vc_tta_section title=&#8221;Komitet Steruj\u0105cy&#8221; tab_id=&#8221;1689168624560-2ce99ee3-caf1cdd9-86c5&#8243;][vc_column_text]<span style=\"font-weight: 400\">Regularny dialog w ramach zespo\u0142u projektowego, ale tak\u017ce z komitetem steruj\u0105cym <\/span><b>komitet steruj\u0105cy<\/b><span style=\"font-weight: 400\">Celem tego procesu jest zapewnienie, \u017ce ostateczne rozwi\u0105zanie spe\u0142nia Pa\u0144stwa wymagania i potrzeby. Jeste\u015bmy tutaj, aby wspiera\u0107 Pa\u0144stwa profesjonalnym i technicznym doradztwem. W ko\u0144cu naszym celem jest uczynienie codziennej pracy Pa\u0144stwa i Pa\u0144stwa pracownik\u00f3w prostsz\u0105 i \u0142atwiejsz\u0105 dzi\u0119ki naszym rozwi\u0105zaniom cyfrowym. <\/span>[\/vc_column_text][\/vc_tta_section][\/vc_tta_accordion][\/vc_column][\/vc_row][vc_row ppi_row_type=&#8221;ppi_background-image&#8221; full_width=&#8221;stretch_narrow_row&#8221; ppi_row_bg_image=&#8221;945&#8243;][vc_column]<div class=\"axi_textbanner\">\n    <div\n        class=\"axi_textbanner__background bg-endeavour\"><\/div>\n    <div class=\"axi_textbanner__content\">\n        <h2 class=\"axi_textbanner__content__title\">Prosz\u0119 dowiedzie\u0107 si\u0119 wi\u0119cej.<\/h2>        <p class=\"axi_textbanner__content__description\">Czy chcieliby Pa\u0144stwo dowiedzie\u0107 si\u0119 wi\u0119cej o naszych us\u0142ugach w zakresie obs\u0142ugi i wsparcia?<\/p>                            <a href=\"https:\/\/www.neo-suite.de\/pl\/uslugi\/obsluga-i-wsparcie\/\"\n               class=\"' . SLUG . '_textbanner__content__button button button--primary\"  title=\"Obs\u0142uga i wsparcie\">Obs\u0142uga i wsparcie<\/a>\n            <\/div>\n<\/div>\n[\/vc_column][\/vc_row][vc_row][vc_column]<div class=\"ppi_separator\"><\/div>[\/vc_column][\/vc_row]<\/div>","protected":false},"excerpt":{"rendered":"[vc_row ppi_row_padding=\"ppi_remove_padding_top,ppi_remove_padding_bottom\" full_width=\"stretch_row_content_no_spaces\"][vc_column]MetodologiaUstrukturyzowany i zwinny projekt prowadz\u0105cy do Pa\u0144stwa rozwi\u0105zania cyfrowego[\/vc_column][\/vc_row][vc_row full_width=\"narrow_row\"][vc_column]Wszystko z jednego \u017ar\u00f3d\u0142a - od wymaga\u0144 do gotowego rozwi\u0105zania![vc_column_text]Nasza metodologia: W Axians NEO Solutions &amp; Technology zarz\u0105dzamy i wspieramy Pa\u0144stwa projekt od pocz\u0105tkowych wymaga\u0144 do gotowego rozwi\u0105zania cyfrowego - i nie tylko. Ju\u017c na etapie planowania rozwi\u0105zania cyfrowego korzystamy z wiedzy wszystkich naszych [...]","protected":false},"author":3,"featured_media":7322,"parent":7318,"menu_order":0,"comment_status":"closed","ping_status":"closed","template":"","meta":{"_acf_changed":false,"inline_featured_image":false,"footnotes":""},"class_list":["post-7319","page","type-page","status-publish","has-post-thumbnail","hentry"],"acf":[],"yoast_head":"<!-- This site is optimized with the Yoast SEO Premium plugin v27.2 (Yoast SEO v27.2) - https:\/\/yoast.com\/product\/yoast-seo-premium-wordpress\/ -->\n<title>Metodologia projekt\u00f3w NEO Suite<\/title>\n<meta name=\"description\" content=\"Prosz\u0119 odkry\u0107 nasz\u0105 innowacyjn\u0105 metodologi\u0119 niestandardowych rozwi\u0105za\u0144 cyfrowych. Axians NEO - Pa\u0144stwa partner w zakresie technologii i post\u0119pu.\" \/>\n<meta name=\"robots\" content=\"index, follow, max-snippet:-1, max-image-preview:large, max-video-preview:-1\" \/>\n<link rel=\"canonical\" href=\"https:\/\/www.neo-suite.de\/pl\/uslugi\/metodologia\/\" \/>\n<meta property=\"og:locale\" content=\"pl_PL\" \/>\n<meta property=\"og:type\" content=\"article\" \/>\n<meta property=\"og:title\" content=\"Metodologia\" \/>\n<meta property=\"og:description\" content=\"Prosz\u0119 odkry\u0107 nasz\u0105 innowacyjn\u0105 metodologi\u0119 niestandardowych rozwi\u0105za\u0144 cyfrowych. Axians NEO - Pa\u0144stwa partner w zakresie technologii i post\u0119pu.\" \/>\n<meta property=\"og:url\" content=\"https:\/\/www.neo-suite.de\/pl\/uslugi\/metodologia\/\" \/>\n<meta property=\"og:site_name\" content=\"Axians | NEO\" \/>\n<meta property=\"article:modified_time\" content=\"2025-10-10T13:56:20+00:00\" \/>\n<meta property=\"og:image\" content=\"https:\/\/www.neo-suite.de\/wp\/wp-content\/uploads\/2023\/07\/shutterstock_465148991.jpg\" \/>\n\t<meta property=\"og:image:width\" content=\"1200\" \/>\n\t<meta property=\"og:image:height\" content=\"798\" \/>\n\t<meta property=\"og:image:type\" content=\"image\/jpeg\" \/>\n<meta name=\"twitter:card\" content=\"summary_large_image\" \/>\n<meta name=\"twitter:label1\" content=\"Est. reading time\" \/>\n\t<meta name=\"twitter:data1\" content=\"2 minutes\" \/>\n<script type=\"application\/ld+json\" class=\"yoast-schema-graph\">{\"@context\":\"https:\/\/schema.org\",\"@graph\":[{\"@type\":\"WebPage\",\"@id\":\"https:\/\/www.neo-suite.de\/pl\/uslugi\/metodologia\/\",\"url\":\"https:\/\/www.neo-suite.de\/pl\/uslugi\/metodologia\/\",\"name\":\"Metodologia projekt\u00f3w NEO Suite\",\"isPartOf\":{\"@id\":\"https:\/\/www.neo-suite.de\/pl\/#website\"},\"primaryImageOfPage\":{\"@id\":\"https:\/\/www.neo-suite.de\/pl\/uslugi\/metodologia\/#primaryimage\"},\"image\":{\"@id\":\"https:\/\/www.neo-suite.de\/pl\/uslugi\/metodologia\/#primaryimage\"},\"thumbnailUrl\":\"https:\/\/www.neo-suite.de\/wp\/wp-content\/uploads\/2023\/07\/shutterstock_465148991.jpg\",\"datePublished\":\"2023-07-14T08:51:06+00:00\",\"dateModified\":\"2025-10-10T13:56:20+00:00\",\"description\":\"Prosz\u0119 odkry\u0107 nasz\u0105 innowacyjn\u0105 metodologi\u0119 niestandardowych rozwi\u0105za\u0144 cyfrowych. Axians NEO - Pa\u0144stwa partner w zakresie technologii i post\u0119pu.\",\"breadcrumb\":{\"@id\":\"https:\/\/www.neo-suite.de\/pl\/uslugi\/metodologia\/#breadcrumb\"},\"inLanguage\":\"pl-PL\",\"potentialAction\":[{\"@type\":\"ReadAction\",\"target\":[\"https:\/\/www.neo-suite.de\/pl\/uslugi\/metodologia\/\"]}]},{\"@type\":\"ImageObject\",\"inLanguage\":\"pl-PL\",\"@id\":\"https:\/\/www.neo-suite.de\/pl\/uslugi\/metodologia\/#primaryimage\",\"url\":\"https:\/\/www.neo-suite.de\/wp\/wp-content\/uploads\/2023\/07\/shutterstock_465148991.jpg\",\"contentUrl\":\"https:\/\/www.neo-suite.de\/wp\/wp-content\/uploads\/2023\/07\/shutterstock_465148991.jpg\",\"width\":1200,\"height\":798,\"caption\":\"Rury w fabryce\"},{\"@type\":\"BreadcrumbList\",\"@id\":\"https:\/\/www.neo-suite.de\/pl\/uslugi\/metodologia\/#breadcrumb\",\"itemListElement\":[{\"@type\":\"ListItem\",\"position\":1,\"name\":\"Home\",\"item\":\"https:\/\/www.neo-suite.de\/pl\/\"},{\"@type\":\"ListItem\",\"position\":2,\"name\":\"Us\u0142ugi\",\"item\":\"https:\/\/www.neo-suite.de\/pl\/uslugi\/\"},{\"@type\":\"ListItem\",\"position\":3,\"name\":\"Metodologia\"}]},{\"@type\":\"WebSite\",\"@id\":\"https:\/\/www.neo-suite.de\/pl\/#website\",\"url\":\"https:\/\/www.neo-suite.de\/pl\/\",\"name\":\"Axians | NEO\",\"description\":\"\",\"potentialAction\":[{\"@type\":\"SearchAction\",\"target\":{\"@type\":\"EntryPoint\",\"urlTemplate\":\"https:\/\/www.neo-suite.de\/pl\/?s={search_term_string}\"},\"query-input\":{\"@type\":\"PropertyValueSpecification\",\"valueRequired\":true,\"valueName\":\"search_term_string\"}}],\"inLanguage\":\"pl-PL\"}]}<\/script>\n<!-- \/ Yoast SEO Premium plugin. -->","yoast_head_json":{"title":"Metodologia projekt\u00f3w NEO Suite","description":"Prosz\u0119 odkry\u0107 nasz\u0105 innowacyjn\u0105 metodologi\u0119 niestandardowych rozwi\u0105za\u0144 cyfrowych. Axians NEO - Pa\u0144stwa partner w zakresie technologii i post\u0119pu.","robots":{"index":"index","follow":"follow","max-snippet":"max-snippet:-1","max-image-preview":"max-image-preview:large","max-video-preview":"max-video-preview:-1"},"canonical":"https:\/\/www.neo-suite.de\/pl\/uslugi\/metodologia\/","og_locale":"pl_PL","og_type":"article","og_title":"Metodologia","og_description":"Prosz\u0119 odkry\u0107 nasz\u0105 innowacyjn\u0105 metodologi\u0119 niestandardowych rozwi\u0105za\u0144 cyfrowych. Axians NEO - Pa\u0144stwa partner w zakresie technologii i post\u0119pu.","og_url":"https:\/\/www.neo-suite.de\/pl\/uslugi\/metodologia\/","og_site_name":"Axians | NEO","article_modified_time":"2025-10-10T13:56:20+00:00","og_image":[{"width":1200,"height":798,"url":"https:\/\/www.neo-suite.de\/wp\/wp-content\/uploads\/2023\/07\/shutterstock_465148991.jpg","type":"image\/jpeg"}],"twitter_card":"summary_large_image","twitter_misc":{"Est. reading time":"2 minutes"},"schema":{"@context":"https:\/\/schema.org","@graph":[{"@type":"WebPage","@id":"https:\/\/www.neo-suite.de\/pl\/uslugi\/metodologia\/","url":"https:\/\/www.neo-suite.de\/pl\/uslugi\/metodologia\/","name":"Metodologia projekt\u00f3w NEO Suite","isPartOf":{"@id":"https:\/\/www.neo-suite.de\/pl\/#website"},"primaryImageOfPage":{"@id":"https:\/\/www.neo-suite.de\/pl\/uslugi\/metodologia\/#primaryimage"},"image":{"@id":"https:\/\/www.neo-suite.de\/pl\/uslugi\/metodologia\/#primaryimage"},"thumbnailUrl":"https:\/\/www.neo-suite.de\/wp\/wp-content\/uploads\/2023\/07\/shutterstock_465148991.jpg","datePublished":"2023-07-14T08:51:06+00:00","dateModified":"2025-10-10T13:56:20+00:00","description":"Prosz\u0119 odkry\u0107 nasz\u0105 innowacyjn\u0105 metodologi\u0119 niestandardowych rozwi\u0105za\u0144 cyfrowych. Axians NEO - Pa\u0144stwa partner w zakresie technologii i post\u0119pu.","breadcrumb":{"@id":"https:\/\/www.neo-suite.de\/pl\/uslugi\/metodologia\/#breadcrumb"},"inLanguage":"pl-PL","potentialAction":[{"@type":"ReadAction","target":["https:\/\/www.neo-suite.de\/pl\/uslugi\/metodologia\/"]}]},{"@type":"ImageObject","inLanguage":"pl-PL","@id":"https:\/\/www.neo-suite.de\/pl\/uslugi\/metodologia\/#primaryimage","url":"https:\/\/www.neo-suite.de\/wp\/wp-content\/uploads\/2023\/07\/shutterstock_465148991.jpg","contentUrl":"https:\/\/www.neo-suite.de\/wp\/wp-content\/uploads\/2023\/07\/shutterstock_465148991.jpg","width":1200,"height":798,"caption":"Rury w fabryce"},{"@type":"BreadcrumbList","@id":"https:\/\/www.neo-suite.de\/pl\/uslugi\/metodologia\/#breadcrumb","itemListElement":[{"@type":"ListItem","position":1,"name":"Home","item":"https:\/\/www.neo-suite.de\/pl\/"},{"@type":"ListItem","position":2,"name":"Us\u0142ugi","item":"https:\/\/www.neo-suite.de\/pl\/uslugi\/"},{"@type":"ListItem","position":3,"name":"Metodologia"}]},{"@type":"WebSite","@id":"https:\/\/www.neo-suite.de\/pl\/#website","url":"https:\/\/www.neo-suite.de\/pl\/","name":"Axians | NEO","description":"","potentialAction":[{"@type":"SearchAction","target":{"@type":"EntryPoint","urlTemplate":"https:\/\/www.neo-suite.de\/pl\/?s={search_term_string}"},"query-input":{"@type":"PropertyValueSpecification","valueRequired":true,"valueName":"search_term_string"}}],"inLanguage":"pl-PL"}]}},"_links":{"self":[{"href":"https:\/\/www.neo-suite.de\/pl\/wp-json\/wp\/v2\/pages\/7319","targetHints":{"allow":["GET"]}}],"collection":[{"href":"https:\/\/www.neo-suite.de\/pl\/wp-json\/wp\/v2\/pages"}],"about":[{"href":"https:\/\/www.neo-suite.de\/pl\/wp-json\/wp\/v2\/types\/page"}],"author":[{"embeddable":true,"href":"https:\/\/www.neo-suite.de\/pl\/wp-json\/wp\/v2\/users\/3"}],"replies":[{"embeddable":true,"href":"https:\/\/www.neo-suite.de\/pl\/wp-json\/wp\/v2\/comments?post=7319"}],"version-history":[{"count":9,"href":"https:\/\/www.neo-suite.de\/pl\/wp-json\/wp\/v2\/pages\/7319\/revisions"}],"predecessor-version":[{"id":10976,"href":"https:\/\/www.neo-suite.de\/pl\/wp-json\/wp\/v2\/pages\/7319\/revisions\/10976"}],"up":[{"embeddable":true,"href":"https:\/\/www.neo-suite.de\/pl\/wp-json\/wp\/v2\/pages\/7318"}],"wp:featuredmedia":[{"embeddable":true,"href":"https:\/\/www.neo-suite.de\/pl\/wp-json\/wp\/v2\/media\/7322"}],"wp:attachment":[{"href":"https:\/\/www.neo-suite.de\/pl\/wp-json\/wp\/v2\/media?parent=7319"}],"curies":[{"name":"wp","href":"https:\/\/api.w.org\/{rel}","templated":true}]}}