{"id":6960,"date":"2023-07-26T10:14:56","date_gmt":"2023-07-26T08:14:56","guid":{"rendered":"https:\/\/www.neo-suite.de\/expert-alexander-vasiltchenko\/"},"modified":"2025-01-15T11:57:26","modified_gmt":"2025-01-15T10:57:26","slug":"expert-alexander-vasiltchenko","status":"publish","type":"page","link":"https:\/\/www.neo-suite.de\/fr\/profil-de-lentreprise\/expert-alexander-vasiltchenko\/","title":{"rendered":"Expert Alexander Vasiltchenko"},"content":{"rendered":"<div class=\"wpb-content-wrapper\">[vc_row ppi_row_type=&#8221;gradient_endeavour&#8221; full_width=&#8221;stretch_narrow_row&#8221;][vc_column]<div class=\"ppi_headlines\"><h1 class=\"h1\">Alexandre Vassiltchenko<\/h1><h2 class=\"h2\">Directeur de la division Service Solutions<\/h2><\/div>[\/vc_column][\/vc_row][vc_row full_width=&#8221;narrow_row&#8221;][vc_column width=&#8221;1\/2&#8243;][vc_column_text]<strong>Alexander Vassiltchenko<\/strong>est responsable du portefeuille de solutions de service client et de gestion des actifs chez Axians NEO Solutions &amp; Technology GmbH. Il s&#8217;occupe depuis plus de 15 ans de l&#8217;optimisation des processus de service client et de maintenance bas\u00e9s sur SAP gr\u00e2ce \u00e0 l&#8217;utilisation de solutions de planification des interventions et d&#8217;applications mobiles. Depuis quelques ann\u00e9es, il conseille \u00e9galement sur l&#8217;environnement de la distribution de pi\u00e8ces de rechange via Internet ainsi que sur l&#8217;industrie 4.0 et les solutions dans le domaine du service pr\u00e9dictif. Contact : <a href=\"mailto:alexander.wassiltschenko@axians.de\">alexander.wassiltschenko@axians.de<\/a>[\/vc_column_text][\/vc_column][vc_column width=&#8221;1\/2&#8243;]<div class=\"axi_image \"><figure class=\"global-shadow\"><img loading=\"lazy\" decoding=\"async\" width=\"1000\" height=\"1000\" src=\"https:\/\/www.neo-suite.de\/wp\/wp-content\/uploads\/2023\/07\/Alexander-Wassiltschenko.jpg\" class=\"attachment-axi-lg size-axi-lg\" alt=\"Alexander Wassiltschenko\" srcset=\"https:\/\/www.neo-suite.de\/wp\/wp-content\/uploads\/2023\/07\/Alexander-Wassiltschenko.jpg 1000w, https:\/\/www.neo-suite.de\/wp\/wp-content\/uploads\/2023\/07\/Alexander-Wassiltschenko-300x300.jpg 300w, https:\/\/www.neo-suite.de\/wp\/wp-content\/uploads\/2023\/07\/Alexander-Wassiltschenko-150x150.jpg 150w, https:\/\/www.neo-suite.de\/wp\/wp-content\/uploads\/2023\/07\/Alexander-Wassiltschenko-768x768.jpg 768w, https:\/\/www.neo-suite.de\/wp\/wp-content\/uploads\/2023\/07\/Alexander-Wassiltschenko-992x992.jpg 992w, https:\/\/www.neo-suite.de\/wp\/wp-content\/uploads\/2023\/07\/Alexander-Wassiltschenko-480x480.jpg 480w, https:\/\/www.neo-suite.de\/wp\/wp-content\/uploads\/2023\/07\/Alexander-Wassiltschenko-896x896.jpg 896w, https:\/\/www.neo-suite.de\/wp\/wp-content\/uploads\/2023\/07\/Alexander-Wassiltschenko-240x240.jpg 240w\" sizes=\"auto, (max-width: 1000px) 100vw, 1000px\" \/><\/figure><\/div>[\/vc_column][\/vc_row]<\/div>","protected":false},"excerpt":{"rendered":"[vc_row ppi_row_type=\"gradient_endeavour\" full_width=\"stretch_narrow_row\"][vc_column]Alexandre VassiltchenkoDirecteur de la division Service Solutions[\/vc_column][\/vc_row][vc_row full_width=\"narrow_row\"][vc_column width=\"1\/2\"][vc_column_text]Alexander Vassiltchenkoest responsable du portefeuille de solutions de service client et de gestion des actifs chez Axians NEO Solutions &amp; Technology GmbH. Il s'occupe depuis plus de 15 ans de l'optimisation des processus de service client et de maintenance bas\u00e9s sur SAP gr\u00e2ce \u00e0 l'utilisation [...]","protected":false},"author":3,"featured_media":0,"parent":6972,"menu_order":0,"comment_status":"closed","ping_status":"closed","template":"","meta":{"_acf_changed":false,"inline_featured_image":false,"footnotes":""},"class_list":["post-6960","page","type-page","status-publish","hentry"],"acf":[],"yoast_head":"<!-- This site is optimized with the Yoast SEO Premium plugin v27.2 (Yoast SEO v27.2) - https:\/\/yoast.com\/product\/yoast-seo-premium-wordpress\/ -->\n<title>Alexander Vasiltchenko : Service client et gestion des actifs<\/title>\n<meta name=\"description\" content=\"Alexander Vasiltchenko - Expert en service client et gestion des actifs. B\u00e9n\u00e9ficiez de solutions sur mesure pour votre succ\u00e8s.\" \/>\n<meta name=\"robots\" content=\"index, follow, max-snippet:-1, max-image-preview:large, max-video-preview:-1\" \/>\n<link rel=\"canonical\" href=\"https:\/\/www.neo-suite.de\/fr\/profil-de-lentreprise\/expert-alexander-vasiltchenko\/\" \/>\n<meta property=\"og:locale\" content=\"fr_FR\" \/>\n<meta property=\"og:type\" content=\"article\" \/>\n<meta property=\"og:title\" content=\"Expert Alexander Vasiltchenko\" \/>\n<meta property=\"og:description\" content=\"Alexander Vasiltchenko - Expert en service client et gestion des actifs. B\u00e9n\u00e9ficiez de solutions sur mesure pour votre succ\u00e8s.\" \/>\n<meta property=\"og:url\" content=\"https:\/\/www.neo-suite.de\/fr\/profil-de-lentreprise\/expert-alexander-vasiltchenko\/\" \/>\n<meta property=\"og:site_name\" content=\"Axians | NEO\" \/>\n<meta property=\"article:modified_time\" content=\"2025-01-15T10:57:26+00:00\" \/>\n<meta name=\"twitter:card\" content=\"summary_large_image\" \/>\n<meta name=\"twitter:label1\" content=\"Est. reading time\" \/>\n\t<meta name=\"twitter:data1\" content=\"1 minute\" \/>\n<script type=\"application\/ld+json\" class=\"yoast-schema-graph\">{\"@context\":\"https:\/\/schema.org\",\"@graph\":[{\"@type\":\"WebPage\",\"@id\":\"https:\/\/www.neo-suite.de\/fr\/profil-de-lentreprise\/expert-alexander-vasiltchenko\/\",\"url\":\"https:\/\/www.neo-suite.de\/fr\/profil-de-lentreprise\/expert-alexander-vasiltchenko\/\",\"name\":\"Alexander Vasiltchenko : Service client et gestion des actifs\",\"isPartOf\":{\"@id\":\"https:\/\/www.neo-suite.de\/fr\/#website\"},\"datePublished\":\"2023-07-26T08:14:56+00:00\",\"dateModified\":\"2025-01-15T10:57:26+00:00\",\"description\":\"Alexander Vasiltchenko - Expert en service client et gestion des actifs. B\u00e9n\u00e9ficiez de solutions sur mesure pour votre succ\u00e8s.\",\"breadcrumb\":{\"@id\":\"https:\/\/www.neo-suite.de\/fr\/profil-de-lentreprise\/expert-alexander-vasiltchenko\/#breadcrumb\"},\"inLanguage\":\"fr-FR\",\"potentialAction\":[{\"@type\":\"ReadAction\",\"target\":[\"https:\/\/www.neo-suite.de\/fr\/profil-de-lentreprise\/expert-alexander-vasiltchenko\/\"]}]},{\"@type\":\"BreadcrumbList\",\"@id\":\"https:\/\/www.neo-suite.de\/fr\/profil-de-lentreprise\/expert-alexander-vasiltchenko\/#breadcrumb\",\"itemListElement\":[{\"@type\":\"ListItem\",\"position\":1,\"name\":\"Home\",\"item\":\"https:\/\/www.neo-suite.de\/fr\/\"},{\"@type\":\"ListItem\",\"position\":2,\"name\":\"Profil de l&#8217;entreprise\",\"item\":\"https:\/\/www.neo-suite.de\/fr\/profil-de-lentreprise\/\"},{\"@type\":\"ListItem\",\"position\":3,\"name\":\"Expert Alexander Vasiltchenko\"}]},{\"@type\":\"WebSite\",\"@id\":\"https:\/\/www.neo-suite.de\/fr\/#website\",\"url\":\"https:\/\/www.neo-suite.de\/fr\/\",\"name\":\"Axians | NEO\",\"description\":\"\",\"potentialAction\":[{\"@type\":\"SearchAction\",\"target\":{\"@type\":\"EntryPoint\",\"urlTemplate\":\"https:\/\/www.neo-suite.de\/fr\/?s={search_term_string}\"},\"query-input\":{\"@type\":\"PropertyValueSpecification\",\"valueRequired\":true,\"valueName\":\"search_term_string\"}}],\"inLanguage\":\"fr-FR\"}]}<\/script>\n<!-- \/ Yoast SEO Premium plugin. -->","yoast_head_json":{"title":"Alexander Vasiltchenko : Service client et gestion des actifs","description":"Alexander Vasiltchenko - Expert en service client et gestion des actifs. B\u00e9n\u00e9ficiez de solutions sur mesure pour votre succ\u00e8s.","robots":{"index":"index","follow":"follow","max-snippet":"max-snippet:-1","max-image-preview":"max-image-preview:large","max-video-preview":"max-video-preview:-1"},"canonical":"https:\/\/www.neo-suite.de\/fr\/profil-de-lentreprise\/expert-alexander-vasiltchenko\/","og_locale":"fr_FR","og_type":"article","og_title":"Expert Alexander Vasiltchenko","og_description":"Alexander Vasiltchenko - Expert en service client et gestion des actifs. B\u00e9n\u00e9ficiez de solutions sur mesure pour votre succ\u00e8s.","og_url":"https:\/\/www.neo-suite.de\/fr\/profil-de-lentreprise\/expert-alexander-vasiltchenko\/","og_site_name":"Axians | NEO","article_modified_time":"2025-01-15T10:57:26+00:00","twitter_card":"summary_large_image","twitter_misc":{"Est. reading time":"1 minute"},"schema":{"@context":"https:\/\/schema.org","@graph":[{"@type":"WebPage","@id":"https:\/\/www.neo-suite.de\/fr\/profil-de-lentreprise\/expert-alexander-vasiltchenko\/","url":"https:\/\/www.neo-suite.de\/fr\/profil-de-lentreprise\/expert-alexander-vasiltchenko\/","name":"Alexander Vasiltchenko : Service client et gestion des actifs","isPartOf":{"@id":"https:\/\/www.neo-suite.de\/fr\/#website"},"datePublished":"2023-07-26T08:14:56+00:00","dateModified":"2025-01-15T10:57:26+00:00","description":"Alexander Vasiltchenko - Expert en service client et gestion des actifs. B\u00e9n\u00e9ficiez de solutions sur mesure pour votre succ\u00e8s.","breadcrumb":{"@id":"https:\/\/www.neo-suite.de\/fr\/profil-de-lentreprise\/expert-alexander-vasiltchenko\/#breadcrumb"},"inLanguage":"fr-FR","potentialAction":[{"@type":"ReadAction","target":["https:\/\/www.neo-suite.de\/fr\/profil-de-lentreprise\/expert-alexander-vasiltchenko\/"]}]},{"@type":"BreadcrumbList","@id":"https:\/\/www.neo-suite.de\/fr\/profil-de-lentreprise\/expert-alexander-vasiltchenko\/#breadcrumb","itemListElement":[{"@type":"ListItem","position":1,"name":"Home","item":"https:\/\/www.neo-suite.de\/fr\/"},{"@type":"ListItem","position":2,"name":"Profil de l&#8217;entreprise","item":"https:\/\/www.neo-suite.de\/fr\/profil-de-lentreprise\/"},{"@type":"ListItem","position":3,"name":"Expert Alexander Vasiltchenko"}]},{"@type":"WebSite","@id":"https:\/\/www.neo-suite.de\/fr\/#website","url":"https:\/\/www.neo-suite.de\/fr\/","name":"Axians | NEO","description":"","potentialAction":[{"@type":"SearchAction","target":{"@type":"EntryPoint","urlTemplate":"https:\/\/www.neo-suite.de\/fr\/?s={search_term_string}"},"query-input":{"@type":"PropertyValueSpecification","valueRequired":true,"valueName":"search_term_string"}}],"inLanguage":"fr-FR"}]}},"_links":{"self":[{"href":"https:\/\/www.neo-suite.de\/fr\/wp-json\/wp\/v2\/pages\/6960","targetHints":{"allow":["GET"]}}],"collection":[{"href":"https:\/\/www.neo-suite.de\/fr\/wp-json\/wp\/v2\/pages"}],"about":[{"href":"https:\/\/www.neo-suite.de\/fr\/wp-json\/wp\/v2\/types\/page"}],"author":[{"embeddable":true,"href":"https:\/\/www.neo-suite.de\/fr\/wp-json\/wp\/v2\/users\/3"}],"replies":[{"embeddable":true,"href":"https:\/\/www.neo-suite.de\/fr\/wp-json\/wp\/v2\/comments?post=6960"}],"version-history":[{"count":1,"href":"https:\/\/www.neo-suite.de\/fr\/wp-json\/wp\/v2\/pages\/6960\/revisions"}],"predecessor-version":[{"id":6963,"href":"https:\/\/www.neo-suite.de\/fr\/wp-json\/wp\/v2\/pages\/6960\/revisions\/6963"}],"up":[{"embeddable":true,"href":"https:\/\/www.neo-suite.de\/fr\/wp-json\/wp\/v2\/pages\/6972"}],"wp:attachment":[{"href":"https:\/\/www.neo-suite.de\/fr\/wp-json\/wp\/v2\/media?parent=6960"}],"curies":[{"name":"wp","href":"https:\/\/api.w.org\/{rel}","templated":true}]}}