{"id":6956,"date":"2023-07-26T10:13:35","date_gmt":"2023-07-26T08:13:35","guid":{"rendered":"https:\/\/www.neo-suite.de\/expert-frank-trompke\/"},"modified":"2025-01-15T11:57:25","modified_gmt":"2025-01-15T10:57:25","slug":"expert-frank-trompke","status":"publish","type":"page","link":"https:\/\/www.neo-suite.de\/fr\/profil-de-lentreprise\/expert-frank-trompke\/","title":{"rendered":"Expert Frank Trompke"},"content":{"rendered":"<div class=\"wpb-content-wrapper\">[vc_row ppi_row_type=&#8221;gradient_endeavour&#8221; full_width=&#8221;stretch_narrow_row&#8221;][vc_column]<div class=\"ppi_headlines\"><h1 class=\"h1\">Frank Trompke<\/h1><h2 class=\"h2\">Chef d&amp;apos;\u00e9quipe NEO Mobile Suite, SAP Consulting &amp; Solutions<\/h2><\/div>[\/vc_column][\/vc_row][vc_row full_width=&#8221;narrow_row&#8221;][vc_column width=&#8221;1\/2&#8243;][vc_column_text]\r\n<div class=\"vc_row wpb_row vc_inner vc_row-fluid\">\n<div class=\"wpb_column vc_column_container vc_col-sm-8\">\n<div class=\"vc_column-inner \">\n<div class=\"wpb_wrapper\">\n<div class=\"wpb_text_column wpb_content_element \">\n<div class=\"wpb_wrapper\">\n\n<strong>Frank Trompke<\/strong>est responsable du d\u00e9veloppement de la suite NEO Mobile en tant que Product Owner. Son profil se caract\u00e9rise par des ann\u00e9es d&#8217;exp\u00e9rience en tant que chef de projet dans le service client et les projets de maintenance, combin\u00e9es aux derni\u00e8res technologies SAP. Son objectif : une bo\u00eete de Lego NEO Mobile Suite. Contact : <a href=\"mailto:frank.trompke@axians.de\">frank.trompke@axians.de<\/a>  \n\n\n\n<\/div>\n<\/div>\n<\/div>\n<\/div>\n<\/div>\n<\/div>\r\n[\/vc_column_text][\/vc_column][vc_column width=&#8221;1\/2&#8243;]<div class=\"axi_image \"><figure class=\"global-shadow\"><img loading=\"lazy\" decoding=\"async\" width=\"1000\" height=\"1000\" src=\"https:\/\/www.neo-suite.de\/wp\/wp-content\/uploads\/2023\/07\/Frank-Trompke.jpg\" class=\"attachment-axi-lg size-axi-lg\" alt=\"Frank Trompke\" srcset=\"https:\/\/www.neo-suite.de\/wp\/wp-content\/uploads\/2023\/07\/Frank-Trompke.jpg 1000w, https:\/\/www.neo-suite.de\/wp\/wp-content\/uploads\/2023\/07\/Frank-Trompke-300x300.jpg 300w, https:\/\/www.neo-suite.de\/wp\/wp-content\/uploads\/2023\/07\/Frank-Trompke-150x150.jpg 150w, https:\/\/www.neo-suite.de\/wp\/wp-content\/uploads\/2023\/07\/Frank-Trompke-768x768.jpg 768w, https:\/\/www.neo-suite.de\/wp\/wp-content\/uploads\/2023\/07\/Frank-Trompke-992x992.jpg 992w, https:\/\/www.neo-suite.de\/wp\/wp-content\/uploads\/2023\/07\/Frank-Trompke-480x480.jpg 480w, https:\/\/www.neo-suite.de\/wp\/wp-content\/uploads\/2023\/07\/Frank-Trompke-896x896.jpg 896w, https:\/\/www.neo-suite.de\/wp\/wp-content\/uploads\/2023\/07\/Frank-Trompke-240x240.jpg 240w\" sizes=\"auto, (max-width: 1000px) 100vw, 1000px\" \/><\/figure><\/div>[\/vc_column][\/vc_row]<\/div>","protected":false},"excerpt":{"rendered":"[vc_row ppi_row_type=\"gradient_endeavour\" full_width=\"stretch_narrow_row\"][vc_column]Frank TrompkeChef d&amp;apos;\u00e9quipe NEO Mobile Suite, SAP Consulting &amp; Solutions[\/vc_column][\/vc_row][vc_row full_width=\"narrow_row\"][vc_column width=\"1\/2\"][vc_column_text] Frank Trompkeest responsable du d\u00e9veloppement de la suite NEO Mobile en tant que Product Owner. Son profil se caract\u00e9rise par des ann\u00e9es d'exp\u00e9rience en tant que chef de projet dans le service client et les projets de maintenance, combin\u00e9es aux derni\u00e8res [...]","protected":false},"author":3,"featured_media":0,"parent":6972,"menu_order":0,"comment_status":"closed","ping_status":"closed","template":"","meta":{"_acf_changed":false,"inline_featured_image":false,"footnotes":""},"class_list":["post-6956","page","type-page","status-publish","hentry"],"acf":[],"yoast_head":"<!-- This site is optimized with the Yoast SEO Premium plugin v27.2 (Yoast SEO v27.2) - https:\/\/yoast.com\/product\/yoast-seo-premium-wordpress\/ -->\n<title>Expert Frank Trompke - Axians | NEO<\/title>\n<meta name=\"description\" content=\"D\u00e9couvrez l&#039;expertise de Frank Trompke et d&#039;Axians | NEO pour une transformation r\u00e9ussie. Il vous accompagne dans vos projets.\" \/>\n<meta name=\"robots\" content=\"index, follow, max-snippet:-1, max-image-preview:large, max-video-preview:-1\" \/>\n<link rel=\"canonical\" href=\"https:\/\/www.neo-suite.de\/fr\/profil-de-lentreprise\/expert-frank-trompke\/\" \/>\n<meta property=\"og:locale\" content=\"fr_FR\" \/>\n<meta property=\"og:type\" content=\"article\" \/>\n<meta property=\"og:title\" content=\"Expert Frank Trompke\" \/>\n<meta property=\"og:description\" content=\"D\u00e9couvrez l&#039;expertise de Frank Trompke et d&#039;Axians | NEO pour une transformation r\u00e9ussie. Il vous accompagne dans vos projets.\" \/>\n<meta property=\"og:url\" content=\"https:\/\/www.neo-suite.de\/fr\/profil-de-lentreprise\/expert-frank-trompke\/\" \/>\n<meta property=\"og:site_name\" content=\"Axians | NEO\" \/>\n<meta property=\"article:modified_time\" content=\"2025-01-15T10:57:25+00:00\" \/>\n<meta name=\"twitter:card\" content=\"summary_large_image\" \/>\n<meta name=\"twitter:label1\" content=\"Est. reading time\" \/>\n\t<meta name=\"twitter:data1\" content=\"1 minute\" \/>\n<script type=\"application\/ld+json\" class=\"yoast-schema-graph\">{\"@context\":\"https:\/\/schema.org\",\"@graph\":[{\"@type\":\"WebPage\",\"@id\":\"https:\/\/www.neo-suite.de\/fr\/profil-de-lentreprise\/expert-frank-trompke\/\",\"url\":\"https:\/\/www.neo-suite.de\/fr\/profil-de-lentreprise\/expert-frank-trompke\/\",\"name\":\"Expert Frank Trompke - Axians | NEO\",\"isPartOf\":{\"@id\":\"https:\/\/www.neo-suite.de\/fr\/#website\"},\"datePublished\":\"2023-07-26T08:13:35+00:00\",\"dateModified\":\"2025-01-15T10:57:25+00:00\",\"description\":\"D\u00e9couvrez l'expertise de Frank Trompke et d'Axians | NEO pour une transformation r\u00e9ussie. Il vous accompagne dans vos projets.\",\"breadcrumb\":{\"@id\":\"https:\/\/www.neo-suite.de\/fr\/profil-de-lentreprise\/expert-frank-trompke\/#breadcrumb\"},\"inLanguage\":\"fr-FR\",\"potentialAction\":[{\"@type\":\"ReadAction\",\"target\":[\"https:\/\/www.neo-suite.de\/fr\/profil-de-lentreprise\/expert-frank-trompke\/\"]}]},{\"@type\":\"BreadcrumbList\",\"@id\":\"https:\/\/www.neo-suite.de\/fr\/profil-de-lentreprise\/expert-frank-trompke\/#breadcrumb\",\"itemListElement\":[{\"@type\":\"ListItem\",\"position\":1,\"name\":\"Home\",\"item\":\"https:\/\/www.neo-suite.de\/fr\/\"},{\"@type\":\"ListItem\",\"position\":2,\"name\":\"Profil de l&#8217;entreprise\",\"item\":\"https:\/\/www.neo-suite.de\/fr\/profil-de-lentreprise\/\"},{\"@type\":\"ListItem\",\"position\":3,\"name\":\"Expert Frank Trompke\"}]},{\"@type\":\"WebSite\",\"@id\":\"https:\/\/www.neo-suite.de\/fr\/#website\",\"url\":\"https:\/\/www.neo-suite.de\/fr\/\",\"name\":\"Axians | NEO\",\"description\":\"\",\"potentialAction\":[{\"@type\":\"SearchAction\",\"target\":{\"@type\":\"EntryPoint\",\"urlTemplate\":\"https:\/\/www.neo-suite.de\/fr\/?s={search_term_string}\"},\"query-input\":{\"@type\":\"PropertyValueSpecification\",\"valueRequired\":true,\"valueName\":\"search_term_string\"}}],\"inLanguage\":\"fr-FR\"}]}<\/script>\n<!-- \/ Yoast SEO Premium plugin. -->","yoast_head_json":{"title":"Expert Frank Trompke - Axians | NEO","description":"D\u00e9couvrez l'expertise de Frank Trompke et d'Axians | NEO pour une transformation r\u00e9ussie. Il vous accompagne dans vos projets.","robots":{"index":"index","follow":"follow","max-snippet":"max-snippet:-1","max-image-preview":"max-image-preview:large","max-video-preview":"max-video-preview:-1"},"canonical":"https:\/\/www.neo-suite.de\/fr\/profil-de-lentreprise\/expert-frank-trompke\/","og_locale":"fr_FR","og_type":"article","og_title":"Expert Frank Trompke","og_description":"D\u00e9couvrez l'expertise de Frank Trompke et d'Axians | NEO pour une transformation r\u00e9ussie. Il vous accompagne dans vos projets.","og_url":"https:\/\/www.neo-suite.de\/fr\/profil-de-lentreprise\/expert-frank-trompke\/","og_site_name":"Axians | NEO","article_modified_time":"2025-01-15T10:57:25+00:00","twitter_card":"summary_large_image","twitter_misc":{"Est. reading time":"1 minute"},"schema":{"@context":"https:\/\/schema.org","@graph":[{"@type":"WebPage","@id":"https:\/\/www.neo-suite.de\/fr\/profil-de-lentreprise\/expert-frank-trompke\/","url":"https:\/\/www.neo-suite.de\/fr\/profil-de-lentreprise\/expert-frank-trompke\/","name":"Expert Frank Trompke - Axians | NEO","isPartOf":{"@id":"https:\/\/www.neo-suite.de\/fr\/#website"},"datePublished":"2023-07-26T08:13:35+00:00","dateModified":"2025-01-15T10:57:25+00:00","description":"D\u00e9couvrez l'expertise de Frank Trompke et d'Axians | NEO pour une transformation r\u00e9ussie. Il vous accompagne dans vos projets.","breadcrumb":{"@id":"https:\/\/www.neo-suite.de\/fr\/profil-de-lentreprise\/expert-frank-trompke\/#breadcrumb"},"inLanguage":"fr-FR","potentialAction":[{"@type":"ReadAction","target":["https:\/\/www.neo-suite.de\/fr\/profil-de-lentreprise\/expert-frank-trompke\/"]}]},{"@type":"BreadcrumbList","@id":"https:\/\/www.neo-suite.de\/fr\/profil-de-lentreprise\/expert-frank-trompke\/#breadcrumb","itemListElement":[{"@type":"ListItem","position":1,"name":"Home","item":"https:\/\/www.neo-suite.de\/fr\/"},{"@type":"ListItem","position":2,"name":"Profil de l&#8217;entreprise","item":"https:\/\/www.neo-suite.de\/fr\/profil-de-lentreprise\/"},{"@type":"ListItem","position":3,"name":"Expert Frank Trompke"}]},{"@type":"WebSite","@id":"https:\/\/www.neo-suite.de\/fr\/#website","url":"https:\/\/www.neo-suite.de\/fr\/","name":"Axians | NEO","description":"","potentialAction":[{"@type":"SearchAction","target":{"@type":"EntryPoint","urlTemplate":"https:\/\/www.neo-suite.de\/fr\/?s={search_term_string}"},"query-input":{"@type":"PropertyValueSpecification","valueRequired":true,"valueName":"search_term_string"}}],"inLanguage":"fr-FR"}]}},"_links":{"self":[{"href":"https:\/\/www.neo-suite.de\/fr\/wp-json\/wp\/v2\/pages\/6956","targetHints":{"allow":["GET"]}}],"collection":[{"href":"https:\/\/www.neo-suite.de\/fr\/wp-json\/wp\/v2\/pages"}],"about":[{"href":"https:\/\/www.neo-suite.de\/fr\/wp-json\/wp\/v2\/types\/page"}],"author":[{"embeddable":true,"href":"https:\/\/www.neo-suite.de\/fr\/wp-json\/wp\/v2\/users\/3"}],"replies":[{"embeddable":true,"href":"https:\/\/www.neo-suite.de\/fr\/wp-json\/wp\/v2\/comments?post=6956"}],"version-history":[{"count":1,"href":"https:\/\/www.neo-suite.de\/fr\/wp-json\/wp\/v2\/pages\/6956\/revisions"}],"predecessor-version":[{"id":6959,"href":"https:\/\/www.neo-suite.de\/fr\/wp-json\/wp\/v2\/pages\/6956\/revisions\/6959"}],"up":[{"embeddable":true,"href":"https:\/\/www.neo-suite.de\/fr\/wp-json\/wp\/v2\/pages\/6972"}],"wp:attachment":[{"href":"https:\/\/www.neo-suite.de\/fr\/wp-json\/wp\/v2\/media?parent=6956"}],"curies":[{"name":"wp","href":"https:\/\/api.w.org\/{rel}","templated":true}]}}