{"id":6950,"date":"2023-07-26T10:27:17","date_gmt":"2023-07-26T08:27:17","guid":{"rendered":"https:\/\/www.neo-suite.de\/expert-maria-heinemann\/"},"modified":"2025-01-15T11:57:26","modified_gmt":"2025-01-15T10:57:26","slug":"expert-maria-heinemann","status":"publish","type":"page","link":"https:\/\/www.neo-suite.de\/fr\/profil-de-lentreprise\/expert-maria-heinemann\/","title":{"rendered":"Expert Maria Heinemann"},"content":{"rendered":"<div class=\"wpb-content-wrapper\">[vc_row ppi_row_type=&#8221;gradient_endeavour&#8221; full_width=&#8221;stretch_narrow_row&#8221;][vc_column]<div class=\"ppi_headlines\"><h1 class=\"h1\">Maria Heinemann<\/h1><h2 class=\"h2\">Chef d&amp;apos;\u00e9quipe de gestion de projet<\/h2><\/div>[\/vc_column][\/vc_row][vc_row full_width=&#8221;narrow_row&#8221;][vc_column width=&#8221;2\/3&#8243;][vc_column_text]<strong>Maria Heinemann<\/strong> a rejoint Axians en 2022, elle dirige l&#8217;\u00e9quipe de gestion de projet ainsi que les projets clients sur les solutions de la suite NEO. Gr\u00e2ce \u00e0 ses ann\u00e9es d&#8217;exp\u00e9rience dans le domaine du service client, des ventes et de la gestion de projet, elle constitue l&#8217;\u00e9quilibre parfait entre communication et organisation. Dans son r\u00f4le de concepteur de processus pour la gestion de la qualit\u00e9, elle cr\u00e9e des structures pour les processus agiles. Maria Heinemann a obtenu la certification de chef de projet et de Scrum Master. Elle a acquis son expertise professionnelle dans diff\u00e9rents secteurs de l&#8217;industrie et travaille ainsi depuis plus de dix ans avec diff\u00e9rents modules SAP. Contact : <a href=\"mailto:maria.heinemann@axians.de\">maria.heinemann@axians.de<\/a>[\/vc_column_text][\/vc_column][vc_column width=&#8221;1\/3&#8243;]<div class=\"axi_image \"><figure class=\"global-shadow\"><img loading=\"lazy\" decoding=\"async\" width=\"400\" height=\"400\" src=\"https:\/\/www.neo-suite.de\/wp\/wp-content\/uploads\/2023\/07\/Maria-Heinemann.png\" class=\"attachment-axi-lg size-axi-lg\" alt=\"Maria Heinemann\" srcset=\"https:\/\/www.neo-suite.de\/wp\/wp-content\/uploads\/2023\/07\/Maria-Heinemann.png 400w, https:\/\/www.neo-suite.de\/wp\/wp-content\/uploads\/2023\/07\/Maria-Heinemann-300x300.png 300w, https:\/\/www.neo-suite.de\/wp\/wp-content\/uploads\/2023\/07\/Maria-Heinemann-150x150.png 150w, https:\/\/www.neo-suite.de\/wp\/wp-content\/uploads\/2023\/07\/Maria-Heinemann-240x240.png 240w\" sizes=\"auto, (max-width: 400px) 100vw, 400px\" \/><\/figure><\/div>[\/vc_column][\/vc_row]<\/div>","protected":false},"excerpt":{"rendered":"[vc_row ppi_row_type=\"gradient_endeavour\" full_width=\"stretch_narrow_row\"][vc_column]Maria HeinemannChef d&amp;apos;\u00e9quipe de gestion de projet[\/vc_column][\/vc_row][vc_row full_width=\"narrow_row\"][vc_column width=\"2\/3\"][vc_column_text]Maria Heinemann a rejoint Axians en 2022, elle dirige l'\u00e9quipe de gestion de projet ainsi que les projets clients sur les solutions de la suite NEO. Gr\u00e2ce \u00e0 ses ann\u00e9es d'exp\u00e9rience dans le domaine du service client, des ventes et de la gestion de projet, [...]","protected":false},"author":3,"featured_media":0,"parent":6972,"menu_order":0,"comment_status":"closed","ping_status":"closed","template":"","meta":{"_acf_changed":false,"inline_featured_image":false,"footnotes":""},"class_list":["post-6950","page","type-page","status-publish","hentry"],"acf":[],"yoast_head":"<!-- This site is optimized with the Yoast SEO Premium plugin v27.2 (Yoast SEO v27.2) - https:\/\/yoast.com\/product\/yoast-seo-premium-wordpress\/ -->\n<title>Maria Heinemann - Chef d&#039;\u00e9quipe de gestion de projet chez Axians<\/title>\n<meta name=\"description\" content=\"Maria Heinemann, experte en gestion de projet chez Axians. D\u00e9couvrez ses qualit\u00e9s de leader et ses projets r\u00e9ussis.\" \/>\n<meta name=\"robots\" content=\"index, follow, max-snippet:-1, max-image-preview:large, max-video-preview:-1\" \/>\n<link rel=\"canonical\" href=\"https:\/\/www.neo-suite.de\/fr\/profil-de-lentreprise\/expert-maria-heinemann\/\" \/>\n<meta property=\"og:locale\" content=\"fr_FR\" \/>\n<meta property=\"og:type\" content=\"article\" \/>\n<meta property=\"og:title\" content=\"Expert Maria Heinemann\" \/>\n<meta property=\"og:description\" content=\"Maria Heinemann, experte en gestion de projet chez Axians. D\u00e9couvrez ses qualit\u00e9s de leader et ses projets r\u00e9ussis.\" \/>\n<meta property=\"og:url\" content=\"https:\/\/www.neo-suite.de\/fr\/profil-de-lentreprise\/expert-maria-heinemann\/\" \/>\n<meta property=\"og:site_name\" content=\"Axians | NEO\" \/>\n<meta property=\"article:modified_time\" content=\"2025-01-15T10:57:26+00:00\" \/>\n<meta name=\"twitter:card\" content=\"summary_large_image\" \/>\n<meta name=\"twitter:label1\" content=\"Est. reading time\" \/>\n\t<meta name=\"twitter:data1\" content=\"1 minute\" \/>\n<script type=\"application\/ld+json\" class=\"yoast-schema-graph\">{\"@context\":\"https:\/\/schema.org\",\"@graph\":[{\"@type\":\"WebPage\",\"@id\":\"https:\/\/www.neo-suite.de\/fr\/profil-de-lentreprise\/expert-maria-heinemann\/\",\"url\":\"https:\/\/www.neo-suite.de\/fr\/profil-de-lentreprise\/expert-maria-heinemann\/\",\"name\":\"Maria Heinemann - Chef d'\u00e9quipe de gestion de projet chez Axians\",\"isPartOf\":{\"@id\":\"https:\/\/www.neo-suite.de\/fr\/#website\"},\"datePublished\":\"2023-07-26T08:27:17+00:00\",\"dateModified\":\"2025-01-15T10:57:26+00:00\",\"description\":\"Maria Heinemann, experte en gestion de projet chez Axians. D\u00e9couvrez ses qualit\u00e9s de leader et ses projets r\u00e9ussis.\",\"breadcrumb\":{\"@id\":\"https:\/\/www.neo-suite.de\/fr\/profil-de-lentreprise\/expert-maria-heinemann\/#breadcrumb\"},\"inLanguage\":\"fr-FR\",\"potentialAction\":[{\"@type\":\"ReadAction\",\"target\":[\"https:\/\/www.neo-suite.de\/fr\/profil-de-lentreprise\/expert-maria-heinemann\/\"]}]},{\"@type\":\"BreadcrumbList\",\"@id\":\"https:\/\/www.neo-suite.de\/fr\/profil-de-lentreprise\/expert-maria-heinemann\/#breadcrumb\",\"itemListElement\":[{\"@type\":\"ListItem\",\"position\":1,\"name\":\"Home\",\"item\":\"https:\/\/www.neo-suite.de\/fr\/\"},{\"@type\":\"ListItem\",\"position\":2,\"name\":\"Profil de l&#8217;entreprise\",\"item\":\"https:\/\/www.neo-suite.de\/fr\/profil-de-lentreprise\/\"},{\"@type\":\"ListItem\",\"position\":3,\"name\":\"Expert Maria Heinemann\"}]},{\"@type\":\"WebSite\",\"@id\":\"https:\/\/www.neo-suite.de\/fr\/#website\",\"url\":\"https:\/\/www.neo-suite.de\/fr\/\",\"name\":\"Axians | NEO\",\"description\":\"\",\"potentialAction\":[{\"@type\":\"SearchAction\",\"target\":{\"@type\":\"EntryPoint\",\"urlTemplate\":\"https:\/\/www.neo-suite.de\/fr\/?s={search_term_string}\"},\"query-input\":{\"@type\":\"PropertyValueSpecification\",\"valueRequired\":true,\"valueName\":\"search_term_string\"}}],\"inLanguage\":\"fr-FR\"}]}<\/script>\n<!-- \/ Yoast SEO Premium plugin. -->","yoast_head_json":{"title":"Maria Heinemann - Chef d'\u00e9quipe de gestion de projet chez Axians","description":"Maria Heinemann, experte en gestion de projet chez Axians. D\u00e9couvrez ses qualit\u00e9s de leader et ses projets r\u00e9ussis.","robots":{"index":"index","follow":"follow","max-snippet":"max-snippet:-1","max-image-preview":"max-image-preview:large","max-video-preview":"max-video-preview:-1"},"canonical":"https:\/\/www.neo-suite.de\/fr\/profil-de-lentreprise\/expert-maria-heinemann\/","og_locale":"fr_FR","og_type":"article","og_title":"Expert Maria Heinemann","og_description":"Maria Heinemann, experte en gestion de projet chez Axians. D\u00e9couvrez ses qualit\u00e9s de leader et ses projets r\u00e9ussis.","og_url":"https:\/\/www.neo-suite.de\/fr\/profil-de-lentreprise\/expert-maria-heinemann\/","og_site_name":"Axians | NEO","article_modified_time":"2025-01-15T10:57:26+00:00","twitter_card":"summary_large_image","twitter_misc":{"Est. reading time":"1 minute"},"schema":{"@context":"https:\/\/schema.org","@graph":[{"@type":"WebPage","@id":"https:\/\/www.neo-suite.de\/fr\/profil-de-lentreprise\/expert-maria-heinemann\/","url":"https:\/\/www.neo-suite.de\/fr\/profil-de-lentreprise\/expert-maria-heinemann\/","name":"Maria Heinemann - Chef d'\u00e9quipe de gestion de projet chez Axians","isPartOf":{"@id":"https:\/\/www.neo-suite.de\/fr\/#website"},"datePublished":"2023-07-26T08:27:17+00:00","dateModified":"2025-01-15T10:57:26+00:00","description":"Maria Heinemann, experte en gestion de projet chez Axians. D\u00e9couvrez ses qualit\u00e9s de leader et ses projets r\u00e9ussis.","breadcrumb":{"@id":"https:\/\/www.neo-suite.de\/fr\/profil-de-lentreprise\/expert-maria-heinemann\/#breadcrumb"},"inLanguage":"fr-FR","potentialAction":[{"@type":"ReadAction","target":["https:\/\/www.neo-suite.de\/fr\/profil-de-lentreprise\/expert-maria-heinemann\/"]}]},{"@type":"BreadcrumbList","@id":"https:\/\/www.neo-suite.de\/fr\/profil-de-lentreprise\/expert-maria-heinemann\/#breadcrumb","itemListElement":[{"@type":"ListItem","position":1,"name":"Home","item":"https:\/\/www.neo-suite.de\/fr\/"},{"@type":"ListItem","position":2,"name":"Profil de l&#8217;entreprise","item":"https:\/\/www.neo-suite.de\/fr\/profil-de-lentreprise\/"},{"@type":"ListItem","position":3,"name":"Expert Maria Heinemann"}]},{"@type":"WebSite","@id":"https:\/\/www.neo-suite.de\/fr\/#website","url":"https:\/\/www.neo-suite.de\/fr\/","name":"Axians | NEO","description":"","potentialAction":[{"@type":"SearchAction","target":{"@type":"EntryPoint","urlTemplate":"https:\/\/www.neo-suite.de\/fr\/?s={search_term_string}"},"query-input":{"@type":"PropertyValueSpecification","valueRequired":true,"valueName":"search_term_string"}}],"inLanguage":"fr-FR"}]}},"_links":{"self":[{"href":"https:\/\/www.neo-suite.de\/fr\/wp-json\/wp\/v2\/pages\/6950","targetHints":{"allow":["GET"]}}],"collection":[{"href":"https:\/\/www.neo-suite.de\/fr\/wp-json\/wp\/v2\/pages"}],"about":[{"href":"https:\/\/www.neo-suite.de\/fr\/wp-json\/wp\/v2\/types\/page"}],"author":[{"embeddable":true,"href":"https:\/\/www.neo-suite.de\/fr\/wp-json\/wp\/v2\/users\/3"}],"replies":[{"embeddable":true,"href":"https:\/\/www.neo-suite.de\/fr\/wp-json\/wp\/v2\/comments?post=6950"}],"version-history":[{"count":2,"href":"https:\/\/www.neo-suite.de\/fr\/wp-json\/wp\/v2\/pages\/6950\/revisions"}],"predecessor-version":[{"id":6954,"href":"https:\/\/www.neo-suite.de\/fr\/wp-json\/wp\/v2\/pages\/6950\/revisions\/6954"}],"up":[{"embeddable":true,"href":"https:\/\/www.neo-suite.de\/fr\/wp-json\/wp\/v2\/pages\/6972"}],"wp:attachment":[{"href":"https:\/\/www.neo-suite.de\/fr\/wp-json\/wp\/v2\/media?parent=6950"}],"curies":[{"name":"wp","href":"https:\/\/api.w.org\/{rel}","templated":true}]}}