{"id":6939,"date":"2023-07-14T12:57:57","date_gmt":"2023-07-14T10:57:57","guid":{"rendered":"https:\/\/www.neo-suite.de\/services\/operations-et-support\/"},"modified":"2025-10-10T15:59:18","modified_gmt":"2025-10-10T13:59:18","slug":"operations-et-support","status":"publish","type":"page","link":"https:\/\/www.neo-suite.de\/fr\/services\/operations-et-support\/","title":{"rendered":"Op\u00e9rations et support"},"content":{"rendered":"<div class=\"wpb-content-wrapper\">[vc_row ppi_row_padding=&#8221;ppi_remove_padding_top,ppi_remove_padding_bottom&#8221; full_width=&#8221;stretch_row_content_no_spaces&#8221;][vc_column]<div class=\"axi_keyvisual-slider js-keyvisual-slider\"><div class=\"swiper swiper-container flat\"><div class=\"swiper-wrapper\"><div class=\"axi_keyvisual-slider__item swiper-slide bg-gradient-zodiac\"><img loading=\"lazy\" decoding=\"async\" width=\"1200\" height=\"501\" src=\"https:\/\/www.neo-suite.de\/wp\/wp-content\/uploads\/2023\/07\/shutterstock_714655705-e1689590094542.jpg\" class=\"axi_keyvisual-slider__item__image\" alt=\"UI Designer an Bildschirmen\" srcset=\"https:\/\/www.neo-suite.de\/wp\/wp-content\/uploads\/2023\/07\/shutterstock_714655705-e1689590094542.jpg 1200w, https:\/\/www.neo-suite.de\/wp\/wp-content\/uploads\/2023\/07\/shutterstock_714655705-e1689590094542-300x125.jpg 300w, https:\/\/www.neo-suite.de\/wp\/wp-content\/uploads\/2023\/07\/shutterstock_714655705-e1689590094542-1024x428.jpg 1024w, https:\/\/www.neo-suite.de\/wp\/wp-content\/uploads\/2023\/07\/shutterstock_714655705-e1689590094542-768x321.jpg 768w, https:\/\/www.neo-suite.de\/wp\/wp-content\/uploads\/2023\/07\/shutterstock_714655705-e1689590094542-992x414.jpg 992w, https:\/\/www.neo-suite.de\/wp\/wp-content\/uploads\/2023\/07\/shutterstock_714655705-e1689590094542-480x200.jpg 480w\" sizes=\"auto, (max-width: 1200px) 100vw, 1200px\" \/><div class=\"axi_keyvisual-slider__item__content\"><div class=\"ppi_row ppi_row-flex flex-align-center\"><div class=\"ppi_col-xs-12 ppi_col-lg-5 ppi_col-lg-push-1\"><div class=\"axi_keyvisual-slider__item__content__inner\"><div class=\"axi_keyvisual-slider__item__content__headlines\"><h1 class=\"axi_keyvisual-slider__item__content__headline h1\">Op\u00e9rations et support<\/h1><span class=\"axi_keyvisual-slider__item__content__subheadline\">Nous mettons l'accent sur les avantages pour le client.<\/span><\/div><\/div><\/div><\/div><\/div><div class=\"axi_keyvisual-slider__item__overlay\"><\/div><\/div><\/div><\/div><\/div>[\/vc_column][\/vc_row][vc_row full_width=&#8221;narrow_row&#8221;][vc_column]<div class=\"ppi_headlines\"><h2 class=\"h2 text-center\">Nous vous soutenons gr\u00e2ce \u00e0 notre implantation d\u00e9centralis\u00e9e, r\u00e9gionale, locale, dans votre langue avec des interlocuteurs comp\u00e9tents !<\/h2><\/div>[vc_column_text]<span style=\"font-weight: 400\">Pour notre <\/span><b>360\u00b0 NEO Suite famille de produits<\/b><span style=\"font-weight: 400\"> nous vous proposons, au sein de notre \u00e9quipe d&#8217;exploitation et de support, des solutions <\/span><b>Gestion des applications<\/b> <b>Services<\/b><span style=\"font-weight: 400\"> qui r\u00e9pondent exactement \u00e0 vos besoins. Outre le bon fonctionnement de la solution, nous vous assurons une optimisation constante. Une collaboration \u00e9troite est importante pour nous. Nous identifions vos besoins et vous faisons part de nos suggestions et recommandations. <\/span><i><span style=\"font-weight: 400\">.<\/span><\/i>\r\n\r\n<span style=\"font-weight: 400\">Dans le cadre de la maintenance des applications, nous recrutons un <\/span><b>ServiceDesk<\/b><span style=\"font-weight: 400\"> dans lequel les erreurs et les demandes sont centralis\u00e9es. Les messages sont \u00e9galement enregistr\u00e9s via la hotline de support ou une adresse e-mail de support d\u00e9di\u00e9e. En fonction des priorit\u00e9s signal\u00e9es, le <\/span><b>\u00c9quipe de support d&#8217;application<\/b><span style=\"font-weight: 400\"> assure les temps de r\u00e9ponse qualifi\u00e9s. La gestion des escalades comp\u00e9tente surveille les processus de support et garantit le respect des temps de r\u00e9ponse qualifi\u00e9s. Le service d\u00e9di\u00e9 <\/span><b>Service Manager<\/b><span style=\"font-weight: 400\"> est votre premier contact pour tout ce qui concerne votre solution logicielle. <\/span> <span style=\"font-weight: 400\">Nous proposons <\/span><b>Accords de niveau de service<\/b>\r\n\r\n<span style=\"font-weight: 400\"> \u00e0 diff\u00e9rents niveaux. Les diff\u00e9rents niveaux de service nous permettent de r\u00e9pondre aux besoins individuels des clients en termes de disponibilit\u00e9 et d&#8217;intensit\u00e9 de l&#8217;assistance et de disposer des capacit\u00e9s n\u00e9cessaires \u00e0 cet effet. Les accords de niveau de service d\u00e9finissent et garantissent des profils de disponibilit\u00e9 et des temps de r\u00e9ponse convenus avec le client, y compris en dehors des heures de bureau, en cas de panne ou de modifications techniques (changements). <\/span>[\/vc_column_text][\/vc_column][\/vc_row][vc_row ppi_row_type=&#8221;gradient_zodiac&#8221; full_width=&#8221;stretch_narrow_row&#8221;][vc_column]<div class=\"ppi_headlines\"><h2 class=\"h2\">Nos services en d\u00e9tail :<\/h2><\/div>[vc_tta_accordion][vc_tta_section title=&#8221;D\u00e9pannage&#8221; tab_id=&#8221;1689168395509-56a6d7f5-cfc49e1d-4daf&#8221;][vc_column_text]<span style=\"font-weight: 400\">Le support applicatif est responsable de l&#8217;identification, de l&#8217;analyse et de la correction des erreurs dans le logiciel d&#8217;application. Cela implique d&#8217;\u00e9tudier les probl\u00e8mes signal\u00e9s, d&#8217;effectuer des tests et de trouver des solutions pour que l&#8217;application fonctionne \u00e0 nouveau. <\/span><span style=\"font-weight: 400\">\r\n<\/span>[\/vc_column_text][\/vc_tta_section][vc_tta_section title=&#8221;Assistance aux utilisateurs&#8221; tab_id=&#8221;1689168395513-4479b62f-86b29e1d-4daf&#8221;][vc_column_text]<span style=\"font-weight: 400\">Le support d&#8217;application fournit une assistance aux utilisateurs de l&#8217;application. Il s&#8217;agit notamment de r\u00e9pondre aux questions, d&#8217;expliquer les fonctionnalit\u00e9s de l&#8217;application, d&#8217;aider \u00e0 r\u00e9soudre les probl\u00e8mes et de fournir des documents d&#8217;orientation ou des formations. <\/span>[\/vc_column_text][\/vc_tta_section][vc_tta_section title=&#8221;Maintenance et mises \u00e0 jour&#8221; tab_id=&#8221;1689168594821-998a2a51-baf99e1d-4daf&#8221;][vc_column_text]<span style=\"font-weight: 400\">Le support applicatif est charg\u00e9 de maintenir le logiciel d&#8217;application \u00e0 jour. Cela inclut le suivi des mises \u00e0 jour et des correctifs, l&#8217;installation de nouvelles versions du logiciel et la garantie de la compatibilit\u00e9 avec d&#8217;autres syst\u00e8mes ou composants logiciels. <\/span><span style=\"font-weight: 400\">\r\n<\/span>[\/vc_column_text][\/vc_tta_section][vc_tta_section title=&#8221;Optimisation des performances&#8221; tab_id=&#8221;1689168624560-2ce99ee3-caf19e1d-4daf&#8221;][vc_column_text]<span style=\"font-weight: 400\">Le support applicatif travaille \u00e0 l&#8217;am\u00e9lioration des performances de l&#8217;application. Cela implique de surveiller les performances de l&#8217;application, d&#8217;identifier les goulots d&#8217;\u00e9tranglement ou les probl\u00e8mes de performance et de mettre en \u0153uvre des mesures pour optimiser la vitesse et l&#8217;efficacit\u00e9 de l&#8217;application. <\/span>[\/vc_column_text][\/vc_tta_section][vc_tta_section title=&#8221;Gestion des incidents&#8221; tab_id=&#8221;1689331903751-1937851a-2aae&#8221;][vc_column_text]<span style=\"font-weight: 400\">Le support applicatif est responsable de la gestion des incidents. Cela comprend la r\u00e9ception, la cat\u00e9gorisation, la hi\u00e9rarchisation et l&#8217;escalade des incidents. Le support est charg\u00e9 de suivre, de documenter et de r\u00e9soudre les incidents afin de s&#8217;assurer qu&#8217;ils sont trait\u00e9s dans le cadre des accords de niveau de service (SLA) convenus. <\/span>[\/vc_column_text][\/vc_tta_section][vc_tta_section title=&#8221;Rapports&#8221; tab_id=&#8221;1689331935758-f200b92a-c96c&#8221;][vc_column_text]<span style=\"font-weight: 400\">Le support applicatif produit des rapports r\u00e9guliers sur les activit\u00e9s de support r\u00e9alis\u00e9es, les r\u00e9sultats obtenus, les probl\u00e8mes non r\u00e9solus et les am\u00e9liorations apport\u00e9es. Ces rapports servent \u00e0 communiquer avec la direction et les autres parties prenantes concern\u00e9es. <\/span><span style=\"font-weight: 400\">\r\n<\/span>[\/vc_column_text][\/vc_tta_section][vc_tta_section title=&#8221;Am\u00e9lioration continue&#8221; tab_id=&#8221;1689331954726-adc55b85-4ecd&#8221;][vc_column_text]<span style=\"font-weight: 400\"> Le service de support applicatif s&#8217;efforce en permanence d&#8217;am\u00e9liorer les processus, les outils et les m\u00e9thodes de support. Cela implique de recueillir les commentaires des utilisateurs, d&#8217;identifier les goulots d&#8217;\u00e9tranglement ou les processus inefficaces et de mettre en \u0153uvre des mesures pour optimiser les performances du support. <\/span>[\/vc_column_text][\/vc_tta_section][\/vc_tta_accordion][\/vc_column][\/vc_row][vc_row ppi_row_padding=&#8221;ppi_remove_padding_bottom&#8221; full_width=&#8221;narrow_row&#8221;][vc_column]<div class=\"ppi_headlines\"><h2 class=\"h2 text-center\">Infrastructure et op\u00e9rations<\/h2><\/div>[vc_column_text]<span style=\"font-weight: 400\">Nous vous aidons \u00e0 concevoir et \u00e0 mettre en place l&#8217;infrastructure n\u00e9cessaire avant m\u00eame le d\u00e9but du projet, que ce soit sur site ou dans le cloud. En outre, nous nous chargeons volontiers de t\u00e2ches d\u00e9passant les limites des interfaces, de l&#8217;automatisation aux certificats, et fournissons les bases du d\u00e9veloppement. <\/span>[\/vc_column_text][\/vc_column][\/vc_row][vc_row][vc_column]<div class=\"ppi_separator\"><\/div>[\/vc_column][\/vc_row][vc_row ppi_row_type=&#8221;gradient_endeavour&#8221; full_width=&#8221;stretch_narrow_row&#8221;][vc_column]<div class=\"ppi_headlines\"><h2 class=\"h2 text-center\">D\u00e9veloppement - De SAP au client et inversement<\/h2><\/div>\n<div class=\"axi_image-text ppi_row ppi_row-flex\">\n    <div class=\"ppi_col-xs-12 ppi_col-lg-6 vertical-align-center\">\n                    <div class=\"axi_image-text__content\">\n                <p><span style=\"font-weight: 400\">Nos comp\u00e9tences en mati\u00e8re de d\u00e9veloppement sont attest\u00e9es par une longue liste de <a href=\"https:\/\/www.neo-suite.de\/fr\/references\/\">projets r\u00e9ussis<\/a> et par la r\u00e9alisation d&#8217;innombrables changements. Nous utilisons quotidiennement des backends SAP, des bases de donn\u00e9es, des clients de diff\u00e9rentes technologies et des processus de d\u00e9veloppement avec notamment GIT et autres.<\/span><\/p>\n                            <\/div>\n            <\/div>\n\n    <div class=\"ppi_col-xs-12 ppi_col-lg-6 axi_image\">\n                <figure class=\"global-shadow\">\n            <img loading=\"lazy\" decoding=\"async\" width=\"1200\" height=\"675\" src=\"https:\/\/www.neo-suite.de\/wp\/wp-content\/uploads\/2023\/07\/NEO-Schedule_Disponentin2.jpg\" class=\"attachment-axi-lg size-axi-lg\" alt=\"L\u00e4chelnde Disponentin\" srcset=\"https:\/\/www.neo-suite.de\/wp\/wp-content\/uploads\/2023\/07\/NEO-Schedule_Disponentin2.jpg 1200w, https:\/\/www.neo-suite.de\/wp\/wp-content\/uploads\/2023\/07\/NEO-Schedule_Disponentin2-300x169.jpg 300w, https:\/\/www.neo-suite.de\/wp\/wp-content\/uploads\/2023\/07\/NEO-Schedule_Disponentin2-1024x576.jpg 1024w, https:\/\/www.neo-suite.de\/wp\/wp-content\/uploads\/2023\/07\/NEO-Schedule_Disponentin2-768x432.jpg 768w, https:\/\/www.neo-suite.de\/wp\/wp-content\/uploads\/2023\/07\/NEO-Schedule_Disponentin2-992x558.jpg 992w, https:\/\/www.neo-suite.de\/wp\/wp-content\/uploads\/2023\/07\/NEO-Schedule_Disponentin2-480x270.jpg 480w\" sizes=\"auto, (max-width: 1200px) 100vw, 1200px\" \/>        <\/figure>\n                            <\/div>\n\n    <\/div>\n[\/vc_column][\/vc_row][vc_row][vc_column]<div class=\"ppi_separator\"><\/div>[\/vc_column][\/vc_row][vc_row ppi_row_type=&#8221;ppi_background-image&#8221; full_width=&#8221;stretch_narrow_row&#8221; ppi_row_bg_image=&#8221;957&#8243;][vc_column]<div class=\"axi_textbanner\">\n    <div\n        class=\"axi_textbanner__background bg-endeavour\"><\/div>\n    <div class=\"axi_textbanner__content\">\n        <h2 class=\"axi_textbanner__content__title\">En savoir plus sur la d\u00e9couverte.<\/h2>        <p class=\"axi_textbanner__content__description\">Vous voulez en savoir plus sur l&#039;int\u00e9gration de nos solutions dans vos syst\u00e8mes back-end ?<\/p>                            <a href=\"https:\/\/www.neo-suite.de\/fr\/services\/integration\/\"\n               class=\"' . SLUG . '_textbanner__content__button button button--primary\"  title=\"Int\u00e9gration\">Int\u00e9gration<\/a>\n            <\/div>\n<\/div>\n[\/vc_column][\/vc_row][vc_row][vc_column]<div class=\"ppi_separator\"><\/div>[\/vc_column][\/vc_row]<\/div>","protected":false},"excerpt":{"rendered":"[vc_row ppi_row_padding=\"ppi_remove_padding_top,ppi_remove_padding_bottom\" full_width=\"stretch_row_content_no_spaces\"][vc_column]Op\u00e9rations et supportNous mettons l'accent sur les avantages pour le client.[\/vc_column][\/vc_row][vc_row full_width=\"narrow_row\"][vc_column]Nous vous soutenons gr\u00e2ce \u00e0 notre implantation d\u00e9centralis\u00e9e, r\u00e9gionale, locale, dans votre langue avec des interlocuteurs comp\u00e9tents ![vc_column_text]Pour notre 360\u00b0 NEO Suite famille de produits nous vous proposons, au sein de notre \u00e9quipe d'exploitation et de support, des solutions Gestion des applications [...]","protected":false},"author":3,"featured_media":6940,"parent":6918,"menu_order":0,"comment_status":"closed","ping_status":"closed","template":"","meta":{"_acf_changed":false,"inline_featured_image":false,"footnotes":""},"class_list":["post-6939","page","type-page","status-publish","has-post-thumbnail","hentry"],"acf":[],"yoast_head":"<!-- This site is optimized with the Yoast SEO Premium plugin v27.2 (Yoast SEO v27.2) - https:\/\/yoast.com\/product\/yoast-seo-premium-wordpress\/ -->\n<title>Op\u00e9rations et support pour NEO Suite<\/title>\n<meta name=\"description\" content=\"Notre exploitation &amp; support pour la famille de produits NEO Suite - r\u00e9gional, local, dans votre langue avec des interlocuteurs comp\u00e9tents !\" \/>\n<meta name=\"robots\" content=\"index, follow, max-snippet:-1, max-image-preview:large, max-video-preview:-1\" \/>\n<link rel=\"canonical\" href=\"https:\/\/www.neo-suite.de\/fr\/services\/operations-et-support\/\" \/>\n<meta property=\"og:locale\" content=\"fr_FR\" \/>\n<meta property=\"og:type\" content=\"article\" \/>\n<meta property=\"og:title\" content=\"Op\u00e9rations et support\" \/>\n<meta property=\"og:description\" content=\"Notre exploitation &amp; support pour la famille de produits NEO Suite - r\u00e9gional, local, dans votre langue avec des interlocuteurs comp\u00e9tents !\" \/>\n<meta property=\"og:url\" content=\"https:\/\/www.neo-suite.de\/fr\/services\/operations-et-support\/\" \/>\n<meta property=\"og:site_name\" content=\"Axians | NEO\" \/>\n<meta property=\"article:modified_time\" content=\"2025-10-10T13:59:18+00:00\" \/>\n<meta property=\"og:image\" content=\"https:\/\/www.neo-suite.de\/wp\/wp-content\/uploads\/2023\/07\/shutterstock_714655705-e1689590094542.jpg\" \/>\n\t<meta property=\"og:image:width\" content=\"1200\" \/>\n\t<meta property=\"og:image:height\" content=\"501\" \/>\n\t<meta property=\"og:image:type\" content=\"image\/jpeg\" \/>\n<meta name=\"twitter:card\" content=\"summary_large_image\" \/>\n<meta name=\"twitter:label1\" content=\"Est. reading time\" \/>\n\t<meta name=\"twitter:data1\" content=\"4 minutes\" \/>\n<script type=\"application\/ld+json\" class=\"yoast-schema-graph\">{\"@context\":\"https:\/\/schema.org\",\"@graph\":[{\"@type\":\"WebPage\",\"@id\":\"https:\/\/www.neo-suite.de\/fr\/services\/operations-et-support\/\",\"url\":\"https:\/\/www.neo-suite.de\/fr\/services\/operations-et-support\/\",\"name\":\"Op\u00e9rations et support pour NEO Suite\",\"isPartOf\":{\"@id\":\"https:\/\/www.neo-suite.de\/fr\/#website\"},\"primaryImageOfPage\":{\"@id\":\"https:\/\/www.neo-suite.de\/fr\/services\/operations-et-support\/#primaryimage\"},\"image\":{\"@id\":\"https:\/\/www.neo-suite.de\/fr\/services\/operations-et-support\/#primaryimage\"},\"thumbnailUrl\":\"https:\/\/www.neo-suite.de\/wp\/wp-content\/uploads\/2023\/07\/shutterstock_714655705-e1689590094542.jpg\",\"datePublished\":\"2023-07-14T10:57:57+00:00\",\"dateModified\":\"2025-10-10T13:59:18+00:00\",\"description\":\"Notre exploitation & support pour la famille de produits NEO Suite - r\u00e9gional, local, dans votre langue avec des interlocuteurs comp\u00e9tents !\",\"breadcrumb\":{\"@id\":\"https:\/\/www.neo-suite.de\/fr\/services\/operations-et-support\/#breadcrumb\"},\"inLanguage\":\"fr-FR\",\"potentialAction\":[{\"@type\":\"ReadAction\",\"target\":[\"https:\/\/www.neo-suite.de\/fr\/services\/operations-et-support\/\"]}]},{\"@type\":\"ImageObject\",\"inLanguage\":\"fr-FR\",\"@id\":\"https:\/\/www.neo-suite.de\/fr\/services\/operations-et-support\/#primaryimage\",\"url\":\"https:\/\/www.neo-suite.de\/wp\/wp-content\/uploads\/2023\/07\/shutterstock_714655705-e1689590094542.jpg\",\"contentUrl\":\"https:\/\/www.neo-suite.de\/wp\/wp-content\/uploads\/2023\/07\/shutterstock_714655705-e1689590094542.jpg\",\"width\":1200,\"height\":501,\"caption\":\"UI Designer sur les \u00e9crans\"},{\"@type\":\"BreadcrumbList\",\"@id\":\"https:\/\/www.neo-suite.de\/fr\/services\/operations-et-support\/#breadcrumb\",\"itemListElement\":[{\"@type\":\"ListItem\",\"position\":1,\"name\":\"Home\",\"item\":\"https:\/\/www.neo-suite.de\/fr\/\"},{\"@type\":\"ListItem\",\"position\":2,\"name\":\"Services\",\"item\":\"https:\/\/www.neo-suite.de\/fr\/services\/\"},{\"@type\":\"ListItem\",\"position\":3,\"name\":\"Op\u00e9rations et support\"}]},{\"@type\":\"WebSite\",\"@id\":\"https:\/\/www.neo-suite.de\/fr\/#website\",\"url\":\"https:\/\/www.neo-suite.de\/fr\/\",\"name\":\"Axians | NEO\",\"description\":\"\",\"potentialAction\":[{\"@type\":\"SearchAction\",\"target\":{\"@type\":\"EntryPoint\",\"urlTemplate\":\"https:\/\/www.neo-suite.de\/fr\/?s={search_term_string}\"},\"query-input\":{\"@type\":\"PropertyValueSpecification\",\"valueRequired\":true,\"valueName\":\"search_term_string\"}}],\"inLanguage\":\"fr-FR\"}]}<\/script>\n<!-- \/ Yoast SEO Premium plugin. -->","yoast_head_json":{"title":"Op\u00e9rations et support pour NEO Suite","description":"Notre exploitation & support pour la famille de produits NEO Suite - r\u00e9gional, local, dans votre langue avec des interlocuteurs comp\u00e9tents !","robots":{"index":"index","follow":"follow","max-snippet":"max-snippet:-1","max-image-preview":"max-image-preview:large","max-video-preview":"max-video-preview:-1"},"canonical":"https:\/\/www.neo-suite.de\/fr\/services\/operations-et-support\/","og_locale":"fr_FR","og_type":"article","og_title":"Op\u00e9rations et support","og_description":"Notre exploitation & support pour la famille de produits NEO Suite - r\u00e9gional, local, dans votre langue avec des interlocuteurs comp\u00e9tents !","og_url":"https:\/\/www.neo-suite.de\/fr\/services\/operations-et-support\/","og_site_name":"Axians | NEO","article_modified_time":"2025-10-10T13:59:18+00:00","og_image":[{"width":1200,"height":501,"url":"https:\/\/www.neo-suite.de\/wp\/wp-content\/uploads\/2023\/07\/shutterstock_714655705-e1689590094542.jpg","type":"image\/jpeg"}],"twitter_card":"summary_large_image","twitter_misc":{"Est. reading time":"4 minutes"},"schema":{"@context":"https:\/\/schema.org","@graph":[{"@type":"WebPage","@id":"https:\/\/www.neo-suite.de\/fr\/services\/operations-et-support\/","url":"https:\/\/www.neo-suite.de\/fr\/services\/operations-et-support\/","name":"Op\u00e9rations et support pour NEO Suite","isPartOf":{"@id":"https:\/\/www.neo-suite.de\/fr\/#website"},"primaryImageOfPage":{"@id":"https:\/\/www.neo-suite.de\/fr\/services\/operations-et-support\/#primaryimage"},"image":{"@id":"https:\/\/www.neo-suite.de\/fr\/services\/operations-et-support\/#primaryimage"},"thumbnailUrl":"https:\/\/www.neo-suite.de\/wp\/wp-content\/uploads\/2023\/07\/shutterstock_714655705-e1689590094542.jpg","datePublished":"2023-07-14T10:57:57+00:00","dateModified":"2025-10-10T13:59:18+00:00","description":"Notre exploitation & support pour la famille de produits NEO Suite - r\u00e9gional, local, dans votre langue avec des interlocuteurs comp\u00e9tents !","breadcrumb":{"@id":"https:\/\/www.neo-suite.de\/fr\/services\/operations-et-support\/#breadcrumb"},"inLanguage":"fr-FR","potentialAction":[{"@type":"ReadAction","target":["https:\/\/www.neo-suite.de\/fr\/services\/operations-et-support\/"]}]},{"@type":"ImageObject","inLanguage":"fr-FR","@id":"https:\/\/www.neo-suite.de\/fr\/services\/operations-et-support\/#primaryimage","url":"https:\/\/www.neo-suite.de\/wp\/wp-content\/uploads\/2023\/07\/shutterstock_714655705-e1689590094542.jpg","contentUrl":"https:\/\/www.neo-suite.de\/wp\/wp-content\/uploads\/2023\/07\/shutterstock_714655705-e1689590094542.jpg","width":1200,"height":501,"caption":"UI Designer sur les \u00e9crans"},{"@type":"BreadcrumbList","@id":"https:\/\/www.neo-suite.de\/fr\/services\/operations-et-support\/#breadcrumb","itemListElement":[{"@type":"ListItem","position":1,"name":"Home","item":"https:\/\/www.neo-suite.de\/fr\/"},{"@type":"ListItem","position":2,"name":"Services","item":"https:\/\/www.neo-suite.de\/fr\/services\/"},{"@type":"ListItem","position":3,"name":"Op\u00e9rations et support"}]},{"@type":"WebSite","@id":"https:\/\/www.neo-suite.de\/fr\/#website","url":"https:\/\/www.neo-suite.de\/fr\/","name":"Axians | NEO","description":"","potentialAction":[{"@type":"SearchAction","target":{"@type":"EntryPoint","urlTemplate":"https:\/\/www.neo-suite.de\/fr\/?s={search_term_string}"},"query-input":{"@type":"PropertyValueSpecification","valueRequired":true,"valueName":"search_term_string"}}],"inLanguage":"fr-FR"}]}},"_links":{"self":[{"href":"https:\/\/www.neo-suite.de\/fr\/wp-json\/wp\/v2\/pages\/6939","targetHints":{"allow":["GET"]}}],"collection":[{"href":"https:\/\/www.neo-suite.de\/fr\/wp-json\/wp\/v2\/pages"}],"about":[{"href":"https:\/\/www.neo-suite.de\/fr\/wp-json\/wp\/v2\/types\/page"}],"author":[{"embeddable":true,"href":"https:\/\/www.neo-suite.de\/fr\/wp-json\/wp\/v2\/users\/3"}],"replies":[{"embeddable":true,"href":"https:\/\/www.neo-suite.de\/fr\/wp-json\/wp\/v2\/comments?post=6939"}],"version-history":[{"count":7,"href":"https:\/\/www.neo-suite.de\/fr\/wp-json\/wp\/v2\/pages\/6939\/revisions"}],"predecessor-version":[{"id":10979,"href":"https:\/\/www.neo-suite.de\/fr\/wp-json\/wp\/v2\/pages\/6939\/revisions\/10979"}],"up":[{"embeddable":true,"href":"https:\/\/www.neo-suite.de\/fr\/wp-json\/wp\/v2\/pages\/6918"}],"wp:featuredmedia":[{"embeddable":true,"href":"https:\/\/www.neo-suite.de\/fr\/wp-json\/wp\/v2\/media\/6940"}],"wp:attachment":[{"href":"https:\/\/www.neo-suite.de\/fr\/wp-json\/wp\/v2\/media?parent=6939"}],"curies":[{"name":"wp","href":"https:\/\/api.w.org\/{rel}","templated":true}]}}