{"id":6932,"date":"2023-07-14T10:51:06","date_gmt":"2023-07-14T08:51:06","guid":{"rendered":"https:\/\/www.neo-suite.de\/services\/methodologie\/"},"modified":"2025-10-10T15:55:11","modified_gmt":"2025-10-10T13:55:11","slug":"methodologie","status":"publish","type":"page","link":"https:\/\/www.neo-suite.de\/fr\/services\/methodologie\/","title":{"rendered":"M\u00e9thodologie"},"content":{"rendered":"<div class=\"wpb-content-wrapper\">[vc_row ppi_row_padding=&#8221;ppi_remove_padding_top,ppi_remove_padding_bottom&#8221; full_width=&#8221;stretch_row_content_no_spaces&#8221;][vc_column]<div class=\"axi_keyvisual-slider js-keyvisual-slider\"><div class=\"swiper swiper-container flat\"><div class=\"swiper-wrapper\"><div class=\"axi_keyvisual-slider__item swiper-slide bg-gradient-zodiac\"><img loading=\"lazy\" decoding=\"async\" width=\"1200\" height=\"798\" src=\"https:\/\/www.neo-suite.de\/wp\/wp-content\/uploads\/2023\/07\/shutterstock_465148991.jpg\" class=\"axi_keyvisual-slider__item__image\" alt=\"Rohre in Werk\" srcset=\"https:\/\/www.neo-suite.de\/wp\/wp-content\/uploads\/2023\/07\/shutterstock_465148991.jpg 1200w, https:\/\/www.neo-suite.de\/wp\/wp-content\/uploads\/2023\/07\/shutterstock_465148991-300x200.jpg 300w, https:\/\/www.neo-suite.de\/wp\/wp-content\/uploads\/2023\/07\/shutterstock_465148991-1024x681.jpg 1024w, https:\/\/www.neo-suite.de\/wp\/wp-content\/uploads\/2023\/07\/shutterstock_465148991-768x511.jpg 768w, https:\/\/www.neo-suite.de\/wp\/wp-content\/uploads\/2023\/07\/shutterstock_465148991-992x660.jpg 992w, https:\/\/www.neo-suite.de\/wp\/wp-content\/uploads\/2023\/07\/shutterstock_465148991-480x319.jpg 480w\" sizes=\"auto, (max-width: 1200px) 100vw, 1200px\" \/><div class=\"axi_keyvisual-slider__item__content\"><div class=\"ppi_row ppi_row-flex flex-align-center\"><div class=\"ppi_col-xs-12 ppi_col-lg-5 ppi_col-lg-push-1\"><div class=\"axi_keyvisual-slider__item__content__inner\"><div class=\"axi_keyvisual-slider__item__content__headlines\"><h1 class=\"axi_keyvisual-slider__item__content__headline h1\">M\u00e9thodologie<\/h1><span class=\"axi_keyvisual-slider__item__content__subheadline\">Structur\u00e9 et agile tout au long du projet vers votre solution num\u00e9rique<\/span><\/div><\/div><\/div><\/div><\/div><div class=\"axi_keyvisual-slider__item__overlay\"><\/div><\/div><\/div><\/div><\/div>[\/vc_column][\/vc_row][vc_row full_width=&#8221;narrow_row&#8221;][vc_column]<div class=\"ppi_headlines\"><h2 class=\"h2 text-center\">Un seul fournisseur pour tout, de la demande \u00e0 la solution finale !<\/h2><\/div>[vc_column_text]<span style=\"font-weight: 400\">Notre m\u00e9thodologie : chez <strong>Axians NEO Solutions &amp; Technology<\/strong>, nous g\u00e9rons et accompagnons votre projet depuis le besoin jusqu&#8217;\u00e0 votre solution num\u00e9rique finale &#8211; et au-del\u00e0. D\u00e8s le d\u00e9but de la planification de votre solution num\u00e9rique, nous faisons appel \u00e0 l&#8217;expertise de tous nos diff\u00e9rents consultants, selon les besoins, afin de d\u00e9velopper le concept id\u00e9al pour vous. <\/span>[\/vc_column_text][\/vc_column][\/vc_row][vc_row ppi_row_padding=&#8221;ppi_remove_padding_top&#8221; full_width=&#8221;narrow_row&#8221;][vc_column]<div class=\"axi_image axi_image__full \"><figure class=\"global-shadow\"><img loading=\"lazy\" decoding=\"async\" width=\"1200\" height=\"675\" src=\"https:\/\/www.neo-suite.de\/wp\/wp-content\/uploads\/2023\/08\/Axians-NEO-Grafik-SCRUM-1200x675.png\" class=\"attachment-axi-lg size-axi-lg\" alt=\"Grafik zur SRUM Methodik mit Axians\" srcset=\"https:\/\/www.neo-suite.de\/wp\/wp-content\/uploads\/2023\/08\/Axians-NEO-Grafik-SCRUM-1200x675.png 1200w, https:\/\/www.neo-suite.de\/wp\/wp-content\/uploads\/2023\/08\/Axians-NEO-Grafik-SCRUM-300x169.png 300w, https:\/\/www.neo-suite.de\/wp\/wp-content\/uploads\/2023\/08\/Axians-NEO-Grafik-SCRUM-1024x576.png 1024w, https:\/\/www.neo-suite.de\/wp\/wp-content\/uploads\/2023\/08\/Axians-NEO-Grafik-SCRUM-768x432.png 768w, https:\/\/www.neo-suite.de\/wp\/wp-content\/uploads\/2023\/08\/Axians-NEO-Grafik-SCRUM-1920x1080.png 1920w, https:\/\/www.neo-suite.de\/wp\/wp-content\/uploads\/2023\/08\/Axians-NEO-Grafik-SCRUM-992x558.png 992w, https:\/\/www.neo-suite.de\/wp\/wp-content\/uploads\/2023\/08\/Axians-NEO-Grafik-SCRUM-480x270.png 480w\" sizes=\"auto, (max-width: 1200px) 100vw, 1200px\" \/><\/figure><\/div>[\/vc_column][\/vc_row][vc_row ppi_row_type=&#8221;ppi_background-image&#8221; full_width=&#8221;stretch_narrow_row&#8221; ppi_row_bg_image=&#8221;2811&#8243;][vc_column]<div class=\"axi_textbanner\">\n    <div\n        class=\"axi_textbanner__background bg-endeavour\"><\/div>\n    <div class=\"axi_textbanner__content\">\n        <h2 class=\"axi_textbanner__content__title\">Vous souhaitez vous entretenir avec l'un de nos experts ? Dans ce cas, utilisez notre formulaire de prise de rendez-vous :<\/h2>                                    <a href=\"https:\/\/www.neo-suite.de\/fr\/demande-de-rendez-vous\/\"\n               class=\"' . SLUG . '_textbanner__content__button button button--primary\"  title=\"Demander un rendez-vous maintenant\">Demander un rendez-vous maintenant<\/a>\n            <\/div>\n<\/div>\n[\/vc_column][\/vc_row][vc_row full_width=&#8221;stretch_narrow_row&#8221;][vc_column]<div class=\"ppi_headlines\"><h2 class=\"h2 text-center\">Notre m\u00e9thodologie - votre avantage !<\/h2><\/div>[vc_tta_accordion][vc_tta_section title=&#8221;Gestionnaires de projet&#8221; tab_id=&#8221;1689168395509-56a6d7f5-cfc4cdd9-86c5&#8243;][vc_column_text]<span style=\"font-weight: 400\">Notre <\/span><b>Responsables de projet<\/b><span style=\"font-weight: 400\"> prennent le relais d\u00e8s la commande et forment l&#8217;\u00e9quipe de projet en tant que Scrum Master certifi\u00e9s, avec nos architectes logiciels et nos d\u00e9veloppeurs, ainsi qu&#8217;avec votre \u00e9quipe, les propri\u00e9taires du produit. Nous utilisons Jira\u00ae comme plateforme de projet et donc pour la documentation des diff\u00e9rentes \u00e9tapes de d\u00e9veloppement, ce qui permet \u00e0 tous les participants au projet d&#8217;acc\u00e9der \u00e0 l&#8217;\u00e9tat actuel du projet et de le visualiser. <\/span>[\/vc_column_text][\/vc_tta_section][vc_tta_section title=&#8221;M\u00e9thodologie Scrum&#8221; tab_id=&#8221;1689168395513-4479b62f-86b2cdd9-86c5&#8243;][vc_column_text]<span style=\"font-weight: 400\">Gr\u00e2ce \u00e0 la <\/span><b>M\u00e9thodologie Scrum<\/b><span style=\"font-weight: 400\"> permet de structurer l&#8217;ensemble de la phase de projet. Ainsi, les diff\u00e9rentes \u00e9tapes de d\u00e9veloppement n\u00e9cessaires \u00e0 la mise \u00e0 disposition de votre solution num\u00e9rique sont consign\u00e9es dans des tickets Jira. Cela garantit d&#8217;une part la documentation du projet et contribue d&#8217;autre part \u00e0 une bonne compr\u00e9hension des exigences. En utilisant la m\u00e9thodologie Scrum, ces tickets sont ensuite regroup\u00e9s en paquets, appel\u00e9s &#8220;projets&#8221;. <\/span><b>Sprints<\/b><span style=\"font-weight: 400\">et trait\u00e9es par \u00e9tapes. Au cours de chaque sprint, nous nous concentrons sur l&#8217;\u00e9tape de d\u00e9veloppement correspondante. Pour cela, nous nous consacrons d&#8217;abord ensemble au <\/span><b>Refinement<\/b><span style=\"font-weight: 400\">Le d\u00e9veloppement d&#8217;un produit est un processus qui consiste \u00e0 d\u00e9crire en d\u00e9tail le travail de d\u00e9veloppement effectu\u00e9. <\/span>[\/vc_column_text][\/vc_tta_section][vc_tta_section title=&#8221;Travail de d\u00e9veloppement&#8221; tab_id=&#8221;1689168594821-998a2a51-baf9cdd9-86c5&#8243;][vc_column_text]<span style=\"font-weight: 400\">L&#8217;\u00e9tape suivante consiste \u00e0 <\/span><b>Travail de d\u00e9veloppement<\/b><span style=\"font-weight: 400\"> en tant que tel. Votre contribution, les tests du produit et votre acceptation des tickets respectifs cl\u00f4turent le sprint et garantissent la qualit\u00e9 de vos exigences. Gr\u00e2ce au suivi commun des sprints, nous travaillons \u00e0 l&#8217;optimisation constante de la collaboration, de la compr\u00e9hension commune et de la r\u00e9alisation commune des objectifs. <\/span>[\/vc_column_text][\/vc_tta_section][vc_tta_section title=&#8221;Comit\u00e9 de pilotage&#8221; tab_id=&#8221;1689168624560-2ce99ee3-caf1cdd9-86c5&#8243;][vc_column_text]<span style=\"font-weight: 400\">Les \u00e9changes r\u00e9guliers au sein de l&#8217;\u00e9quipe de projet, mais aussi avec le <\/span><b>Comit\u00e9 de pilotage<\/b><span style=\"font-weight: 400\">L&#8217;objectif de la collaboration avec le client est de s&#8217;assurer que la solution finale r\u00e9pond \u00e0 vos exigences et \u00e0 vos besoins. Nous sommes \u00e0 vos c\u00f4t\u00e9s pour vous fournir des conseils professionnels et techniques. Notre objectif est en effet de rendre votre travail quotidien et celui de vos collaborateurs plus simple et plus facile gr\u00e2ce \u00e0 nos solutions num\u00e9riques. <\/span>[\/vc_column_text][\/vc_tta_section][\/vc_tta_accordion][\/vc_column][\/vc_row][vc_row ppi_row_type=&#8221;ppi_background-image&#8221; full_width=&#8221;stretch_narrow_row&#8221; ppi_row_bg_image=&#8221;945&#8243;][vc_column]<div class=\"axi_textbanner\">\n    <div\n        class=\"axi_textbanner__background bg-endeavour\"><\/div>\n    <div class=\"axi_textbanner__content\">\n        <h2 class=\"axi_textbanner__content__title\">En savoir plus sur la d\u00e9couverte.<\/h2>        <p class=\"axi_textbanner__content__description\">Vous souhaitez en savoir plus sur nos services d&#039;exploitation et d&#039;assistance ?<\/p>                            <a href=\"https:\/\/www.neo-suite.de\/fr\/services\/operations-et-support\/\"\n               class=\"' . SLUG . '_textbanner__content__button button button--primary\"  title=\"Op\u00e9rations et support\">Op\u00e9rations et support<\/a>\n            <\/div>\n<\/div>\n[\/vc_column][\/vc_row][vc_row][vc_column]<div class=\"ppi_separator\"><\/div>[\/vc_column][\/vc_row]<\/div>","protected":false},"excerpt":{"rendered":"[vc_row ppi_row_padding=\"ppi_remove_padding_top,ppi_remove_padding_bottom\" full_width=\"stretch_row_content_no_spaces\"][vc_column]M\u00e9thodologieStructur\u00e9 et agile tout au long du projet vers votre solution num\u00e9rique[\/vc_column][\/vc_row][vc_row full_width=\"narrow_row\"][vc_column]Un seul fournisseur pour tout, de la demande \u00e0 la solution finale ![vc_column_text]Notre m\u00e9thodologie : chez Axians NEO Solutions &amp; Technology, nous g\u00e9rons et accompagnons votre projet depuis le besoin jusqu'\u00e0 votre solution num\u00e9rique finale - et au-del\u00e0. D\u00e8s le d\u00e9but [...]","protected":false},"author":3,"featured_media":6935,"parent":6918,"menu_order":0,"comment_status":"closed","ping_status":"closed","template":"","meta":{"_acf_changed":false,"inline_featured_image":false,"footnotes":""},"class_list":["post-6932","page","type-page","status-publish","has-post-thumbnail","hentry"],"acf":[],"yoast_head":"<!-- This site is optimized with the Yoast SEO Premium plugin v27.2 (Yoast SEO v27.2) - https:\/\/yoast.com\/product\/yoast-seo-premium-wordpress\/ -->\n<title>M\u00e9thodologie des projets NEO Suite<\/title>\n<meta name=\"description\" content=\"D\u00e9couvrez notre m\u00e9thodologie innovante pour des solutions num\u00e9riques sur mesure. Axians NEO - Votre partenaire pour la technologie et le progr\u00e8s.\" \/>\n<meta name=\"robots\" content=\"index, follow, max-snippet:-1, max-image-preview:large, max-video-preview:-1\" \/>\n<link rel=\"canonical\" href=\"https:\/\/www.neo-suite.de\/fr\/services\/methodologie\/\" \/>\n<meta property=\"og:locale\" content=\"fr_FR\" \/>\n<meta property=\"og:type\" content=\"article\" \/>\n<meta property=\"og:title\" content=\"M\u00e9thodologie\" \/>\n<meta property=\"og:description\" content=\"D\u00e9couvrez notre m\u00e9thodologie innovante pour des solutions num\u00e9riques sur mesure. Axians NEO - Votre partenaire pour la technologie et le progr\u00e8s.\" \/>\n<meta property=\"og:url\" content=\"https:\/\/www.neo-suite.de\/fr\/services\/methodologie\/\" \/>\n<meta property=\"og:site_name\" content=\"Axians | NEO\" \/>\n<meta property=\"article:modified_time\" content=\"2025-10-10T13:55:11+00:00\" \/>\n<meta property=\"og:image\" content=\"https:\/\/www.neo-suite.de\/wp\/wp-content\/uploads\/2023\/07\/shutterstock_465148991.jpg\" \/>\n\t<meta property=\"og:image:width\" content=\"1200\" \/>\n\t<meta property=\"og:image:height\" content=\"798\" \/>\n\t<meta property=\"og:image:type\" content=\"image\/jpeg\" \/>\n<meta name=\"twitter:card\" content=\"summary_large_image\" \/>\n<meta name=\"twitter:label1\" content=\"Est. reading time\" \/>\n\t<meta name=\"twitter:data1\" content=\"3 minutes\" \/>\n<script type=\"application\/ld+json\" class=\"yoast-schema-graph\">{\"@context\":\"https:\/\/schema.org\",\"@graph\":[{\"@type\":\"WebPage\",\"@id\":\"https:\/\/www.neo-suite.de\/fr\/services\/methodologie\/\",\"url\":\"https:\/\/www.neo-suite.de\/fr\/services\/methodologie\/\",\"name\":\"M\u00e9thodologie des projets NEO Suite\",\"isPartOf\":{\"@id\":\"https:\/\/www.neo-suite.de\/fr\/#website\"},\"primaryImageOfPage\":{\"@id\":\"https:\/\/www.neo-suite.de\/fr\/services\/methodologie\/#primaryimage\"},\"image\":{\"@id\":\"https:\/\/www.neo-suite.de\/fr\/services\/methodologie\/#primaryimage\"},\"thumbnailUrl\":\"https:\/\/www.neo-suite.de\/wp\/wp-content\/uploads\/2023\/07\/shutterstock_465148991.jpg\",\"datePublished\":\"2023-07-14T08:51:06+00:00\",\"dateModified\":\"2025-10-10T13:55:11+00:00\",\"description\":\"D\u00e9couvrez notre m\u00e9thodologie innovante pour des solutions num\u00e9riques sur mesure. Axians NEO - Votre partenaire pour la technologie et le progr\u00e8s.\",\"breadcrumb\":{\"@id\":\"https:\/\/www.neo-suite.de\/fr\/services\/methodologie\/#breadcrumb\"},\"inLanguage\":\"fr-FR\",\"potentialAction\":[{\"@type\":\"ReadAction\",\"target\":[\"https:\/\/www.neo-suite.de\/fr\/services\/methodologie\/\"]}]},{\"@type\":\"ImageObject\",\"inLanguage\":\"fr-FR\",\"@id\":\"https:\/\/www.neo-suite.de\/fr\/services\/methodologie\/#primaryimage\",\"url\":\"https:\/\/www.neo-suite.de\/wp\/wp-content\/uploads\/2023\/07\/shutterstock_465148991.jpg\",\"contentUrl\":\"https:\/\/www.neo-suite.de\/wp\/wp-content\/uploads\/2023\/07\/shutterstock_465148991.jpg\",\"width\":1200,\"height\":798,\"caption\":\"Tubes en usine\"},{\"@type\":\"BreadcrumbList\",\"@id\":\"https:\/\/www.neo-suite.de\/fr\/services\/methodologie\/#breadcrumb\",\"itemListElement\":[{\"@type\":\"ListItem\",\"position\":1,\"name\":\"Home\",\"item\":\"https:\/\/www.neo-suite.de\/fr\/\"},{\"@type\":\"ListItem\",\"position\":2,\"name\":\"Services\",\"item\":\"https:\/\/www.neo-suite.de\/fr\/services\/\"},{\"@type\":\"ListItem\",\"position\":3,\"name\":\"M\u00e9thodologie\"}]},{\"@type\":\"WebSite\",\"@id\":\"https:\/\/www.neo-suite.de\/fr\/#website\",\"url\":\"https:\/\/www.neo-suite.de\/fr\/\",\"name\":\"Axians | NEO\",\"description\":\"\",\"potentialAction\":[{\"@type\":\"SearchAction\",\"target\":{\"@type\":\"EntryPoint\",\"urlTemplate\":\"https:\/\/www.neo-suite.de\/fr\/?s={search_term_string}\"},\"query-input\":{\"@type\":\"PropertyValueSpecification\",\"valueRequired\":true,\"valueName\":\"search_term_string\"}}],\"inLanguage\":\"fr-FR\"}]}<\/script>\n<!-- \/ Yoast SEO Premium plugin. -->","yoast_head_json":{"title":"M\u00e9thodologie des projets NEO Suite","description":"D\u00e9couvrez notre m\u00e9thodologie innovante pour des solutions num\u00e9riques sur mesure. Axians NEO - Votre partenaire pour la technologie et le progr\u00e8s.","robots":{"index":"index","follow":"follow","max-snippet":"max-snippet:-1","max-image-preview":"max-image-preview:large","max-video-preview":"max-video-preview:-1"},"canonical":"https:\/\/www.neo-suite.de\/fr\/services\/methodologie\/","og_locale":"fr_FR","og_type":"article","og_title":"M\u00e9thodologie","og_description":"D\u00e9couvrez notre m\u00e9thodologie innovante pour des solutions num\u00e9riques sur mesure. Axians NEO - Votre partenaire pour la technologie et le progr\u00e8s.","og_url":"https:\/\/www.neo-suite.de\/fr\/services\/methodologie\/","og_site_name":"Axians | NEO","article_modified_time":"2025-10-10T13:55:11+00:00","og_image":[{"width":1200,"height":798,"url":"https:\/\/www.neo-suite.de\/wp\/wp-content\/uploads\/2023\/07\/shutterstock_465148991.jpg","type":"image\/jpeg"}],"twitter_card":"summary_large_image","twitter_misc":{"Est. reading time":"3 minutes"},"schema":{"@context":"https:\/\/schema.org","@graph":[{"@type":"WebPage","@id":"https:\/\/www.neo-suite.de\/fr\/services\/methodologie\/","url":"https:\/\/www.neo-suite.de\/fr\/services\/methodologie\/","name":"M\u00e9thodologie des projets NEO Suite","isPartOf":{"@id":"https:\/\/www.neo-suite.de\/fr\/#website"},"primaryImageOfPage":{"@id":"https:\/\/www.neo-suite.de\/fr\/services\/methodologie\/#primaryimage"},"image":{"@id":"https:\/\/www.neo-suite.de\/fr\/services\/methodologie\/#primaryimage"},"thumbnailUrl":"https:\/\/www.neo-suite.de\/wp\/wp-content\/uploads\/2023\/07\/shutterstock_465148991.jpg","datePublished":"2023-07-14T08:51:06+00:00","dateModified":"2025-10-10T13:55:11+00:00","description":"D\u00e9couvrez notre m\u00e9thodologie innovante pour des solutions num\u00e9riques sur mesure. Axians NEO - Votre partenaire pour la technologie et le progr\u00e8s.","breadcrumb":{"@id":"https:\/\/www.neo-suite.de\/fr\/services\/methodologie\/#breadcrumb"},"inLanguage":"fr-FR","potentialAction":[{"@type":"ReadAction","target":["https:\/\/www.neo-suite.de\/fr\/services\/methodologie\/"]}]},{"@type":"ImageObject","inLanguage":"fr-FR","@id":"https:\/\/www.neo-suite.de\/fr\/services\/methodologie\/#primaryimage","url":"https:\/\/www.neo-suite.de\/wp\/wp-content\/uploads\/2023\/07\/shutterstock_465148991.jpg","contentUrl":"https:\/\/www.neo-suite.de\/wp\/wp-content\/uploads\/2023\/07\/shutterstock_465148991.jpg","width":1200,"height":798,"caption":"Tubes en usine"},{"@type":"BreadcrumbList","@id":"https:\/\/www.neo-suite.de\/fr\/services\/methodologie\/#breadcrumb","itemListElement":[{"@type":"ListItem","position":1,"name":"Home","item":"https:\/\/www.neo-suite.de\/fr\/"},{"@type":"ListItem","position":2,"name":"Services","item":"https:\/\/www.neo-suite.de\/fr\/services\/"},{"@type":"ListItem","position":3,"name":"M\u00e9thodologie"}]},{"@type":"WebSite","@id":"https:\/\/www.neo-suite.de\/fr\/#website","url":"https:\/\/www.neo-suite.de\/fr\/","name":"Axians | NEO","description":"","potentialAction":[{"@type":"SearchAction","target":{"@type":"EntryPoint","urlTemplate":"https:\/\/www.neo-suite.de\/fr\/?s={search_term_string}"},"query-input":{"@type":"PropertyValueSpecification","valueRequired":true,"valueName":"search_term_string"}}],"inLanguage":"fr-FR"}]}},"_links":{"self":[{"href":"https:\/\/www.neo-suite.de\/fr\/wp-json\/wp\/v2\/pages\/6932","targetHints":{"allow":["GET"]}}],"collection":[{"href":"https:\/\/www.neo-suite.de\/fr\/wp-json\/wp\/v2\/pages"}],"about":[{"href":"https:\/\/www.neo-suite.de\/fr\/wp-json\/wp\/v2\/types\/page"}],"author":[{"embeddable":true,"href":"https:\/\/www.neo-suite.de\/fr\/wp-json\/wp\/v2\/users\/3"}],"replies":[{"embeddable":true,"href":"https:\/\/www.neo-suite.de\/fr\/wp-json\/wp\/v2\/comments?post=6932"}],"version-history":[{"count":3,"href":"https:\/\/www.neo-suite.de\/fr\/wp-json\/wp\/v2\/pages\/6932\/revisions"}],"predecessor-version":[{"id":10974,"href":"https:\/\/www.neo-suite.de\/fr\/wp-json\/wp\/v2\/pages\/6932\/revisions\/10974"}],"up":[{"embeddable":true,"href":"https:\/\/www.neo-suite.de\/fr\/wp-json\/wp\/v2\/pages\/6918"}],"wp:featuredmedia":[{"embeddable":true,"href":"https:\/\/www.neo-suite.de\/fr\/wp-json\/wp\/v2\/media\/6935"}],"wp:attachment":[{"href":"https:\/\/www.neo-suite.de\/fr\/wp-json\/wp\/v2\/media?parent=6932"}],"curies":[{"name":"wp","href":"https:\/\/api.w.org\/{rel}","templated":true}]}}