{"id":6926,"date":"2023-07-11T10:58:51","date_gmt":"2023-07-11T08:58:51","guid":{"rendered":"https:\/\/www.neo-suite.de\/services\/adaptabilite\/"},"modified":"2025-10-10T15:52:54","modified_gmt":"2025-10-10T13:52:54","slug":"adaptabilite","status":"publish","type":"page","link":"https:\/\/www.neo-suite.de\/fr\/services\/adaptabilite\/","title":{"rendered":"Adaptabilit\u00e9"},"content":{"rendered":"<div class=\"wpb-content-wrapper\">[vc_row ppi_row_padding=&#8221;ppi_remove_padding_top,ppi_remove_padding_bottom&#8221; full_width=&#8221;stretch_row_content_no_spaces&#8221;][vc_column]<div class=\"axi_keyvisual-slider js-keyvisual-slider\"><div class=\"swiper swiper-container flat\"><div class=\"swiper-wrapper\"><div class=\"axi_keyvisual-slider__item swiper-slide bg-gradient-zodiac\"><img loading=\"lazy\" decoding=\"async\" width=\"1920\" height=\"600\" src=\"https:\/\/www.neo-suite.de\/wp\/wp-content\/uploads\/2023\/07\/anpassbarkeit.jpg\" class=\"axi_keyvisual-slider__item__image\" alt=\"Zwei Disponenten zeigen auf vier Bildschirme\" srcset=\"https:\/\/www.neo-suite.de\/wp\/wp-content\/uploads\/2023\/07\/anpassbarkeit.jpg 1920w, https:\/\/www.neo-suite.de\/wp\/wp-content\/uploads\/2023\/07\/anpassbarkeit-300x94.jpg 300w, https:\/\/www.neo-suite.de\/wp\/wp-content\/uploads\/2023\/07\/anpassbarkeit-1024x320.jpg 1024w, https:\/\/www.neo-suite.de\/wp\/wp-content\/uploads\/2023\/07\/anpassbarkeit-768x240.jpg 768w, https:\/\/www.neo-suite.de\/wp\/wp-content\/uploads\/2023\/07\/anpassbarkeit-1200x375.jpg 1200w, https:\/\/www.neo-suite.de\/wp\/wp-content\/uploads\/2023\/07\/anpassbarkeit-992x310.jpg 992w, https:\/\/www.neo-suite.de\/wp\/wp-content\/uploads\/2023\/07\/anpassbarkeit-480x150.jpg 480w\" sizes=\"auto, (max-width: 1920px) 100vw, 1920px\" \/><div class=\"axi_keyvisual-slider__item__content\"><div class=\"ppi_row ppi_row-flex flex-align-center\"><div class=\"ppi_col-xs-12 ppi_col-lg-5 ppi_col-lg-push-1\"><div class=\"axi_keyvisual-slider__item__content__inner\"><div class=\"axi_keyvisual-slider__item__content__headlines\"><h1 class=\"axi_keyvisual-slider__item__content__headline h1\">Extension, adaptabilit\u00e9 et personnalisation<\/h1><span class=\"axi_keyvisual-slider__item__content__subheadline\">Comment utiliser la suite NEO \u00e0 100% pour vos besoins et processus<\/span><\/div><\/div><\/div><\/div><\/div><div class=\"axi_keyvisual-slider__item__overlay\"><\/div><\/div><\/div><\/div><\/div>[\/vc_column][\/vc_row][vc_row full_width=&#8221;narrow_row&#8221;][vc_column]<div class=\"ppi_headlines\"><div class=\"topline text-center\">L&#039;adaptabilit\u00e9 est la cl\u00e9 du succ\u00e8s !<\/div><h2 class=\"h2 text-center\">Logiciel standard versus d\u00e9veloppement personnalis\u00e9<\/h2><\/div>[vc_column_text]<span style=\"font-weight: 400\">Il existe aujourd&#8217;hui un grand nombre de fournisseurs et de solutions sur le march\u00e9 pour la num\u00e9risation des processus de maintenance et de service client. Les clients peuvent s&#8217;attendre \u00e0 ce que les fonctions n\u00e9cessaires soient repr\u00e9sent\u00e9es par un logiciel standard et s&#8217;\u00e9pargnent ainsi des projets d&#8217;impl\u00e9mentation co\u00fbteux, mais g\u00e9n\u00e9ralement au d\u00e9triment de l&#8217;adaptabilit\u00e9. <\/span>\r\n\r\n<span style=\"font-weight: 400\">Les fournisseurs de solutions de cloud computing, qui sont g\u00e9n\u00e9ralement plus standardis\u00e9es et moins personnalisables que les solutions sur site, sont confront\u00e9s au d\u00e9fi de reproduire de mani\u00e8re uniforme l&#8217;ensemble des fonctionnalit\u00e9s pour le plus grand nombre de clients possible. Outre les avantages mentionn\u00e9s ci-dessus pour la mise en \u0153uvre d&#8217;exigences plus complexes, ce type de standardisation tr\u00e8s pouss\u00e9e pr\u00e9sente les avantages suivants <\/span><b>Inconv\u00e9nients pour les clients :<\/b>\r\n<ul>\r\n \t<li style=\"font-weight: 400\"><b>Manque d&#8217;adaptabilit\u00e9<\/b><span style=\"font-weight: 400\">: Les logiciels standard sont g\u00e9n\u00e9ralement con\u00e7us pour une large base d&#8217;utilisateurs et ne r\u00e9pondent pas toujours aux besoins sp\u00e9cifiques d&#8217;une entreprise. Il peut \u00eatre difficile de proc\u00e9der \u00e0 des personnalisations pour r\u00e9pondre \u00e0 des processus m\u00e9tier ou des besoins sp\u00e9cifiques. <\/span><\/li>\r\n \t<li style=\"font-weight: 400\"><b>Fonctions superflues<\/b><span style=\"font-weight: 400\">: Les logiciels standard contiennent souvent des fonctions qui ne sont pas pertinentes pour certaines entreprises ou secteurs. Les interfaces utilisateur peuvent ainsi \u00eatre surcharg\u00e9es et confuses, ce qui peut conduire \u00e0 une utilisation inefficace du logiciel. <\/span><\/li>\r\n \t<li style=\"font-weight: 400\"><b>\u00c9volutivit\u00e9 limit\u00e9e<\/b><span style=\"font-weight: 400\">: Les logiciels standard sont souvent con\u00e7us pour \u00eatre utilis\u00e9s dans des entreprises de petite ou moyenne taille. Lorsqu&#8217;une entreprise se d\u00e9veloppe ou \u00e9volue, il se peut que le logiciel standard ne suffise plus \u00e0 r\u00e9pondre \u00e0 ses besoins accrus. Dans ce cas, il peut \u00eatre n\u00e9cessaire d&#8217;envisager des adaptations co\u00fbteuses et longues ou de passer \u00e0 une autre solution logicielle. <\/span><\/li>\r\n<\/ul>\r\n<b>Limites \u00e0 l&#8217;int\u00e9gration<\/b><span style=\"font-weight: 400\">: Les logiciels standard doivent souvent \u00eatre int\u00e9gr\u00e9s dans une infrastructure informatique existante. Des probl\u00e8mes de compatibilit\u00e9 peuvent alors survenir, en particulier si le logiciel standard ne dispose pas d&#8217;interfaces ouvertes ou ne fonctionne pas bien avec d&#8217;autres syst\u00e8mes. Cela peut entra\u00eener une augmentation des efforts de d\u00e9veloppement et des co\u00fbts suppl\u00e9mentaires. <\/span>[\/vc_column_text][\/vc_column][\/vc_row][vc_row ppi_row_type=&#8221;gradient_endeavour&#8221; full_width=&#8221;stretch_narrow_row&#8221;][vc_column]<div class=\"ppi_headlines\"><h2 class=\"h2 text-center\">Axians NEO Suite - Un logiciel standard avec un concept innovant d&#039;extension et de personnalisation<\/h2><\/div>[vc_column_text]<span style=\"font-weight: 400\">Avec la suite NEO, nous offrons \u00e0 nos clients les avantages d&#8217;un <\/span><b>logiciel standard avec une riche gamme de fonctionnalit\u00e9s<\/b><span style=\"font-weight: 400\"> et une <\/span><b>une int\u00e9gration SAP cl\u00e9 en main<\/b><span style=\"font-weight: 400\"> ainsi qu&#8217;un concept d&#8217;extension \u00e9tendu afin d&#8217;obtenir un soutien optimal des utilisateurs et des processus pour chaque client individuel.<\/span> <span style=\"font-weight: 400\">Adaptabilit\u00e9 : le <\/span><b>NEO Enhancement Framework<\/b>\r\n\r\n<span style=\"font-weight: 400\"> permet aux d\u00e9veloppeurs de personnaliser et d&#8217;\u00e9tendre de mani\u00e8re flexible les fonctionnalit\u00e9s des solutions NEO Suite sans avoir \u00e0 apporter de modifications importantes au syst\u00e8me principal. Il favorise le d\u00e9veloppement modulaire, facilite l&#8217;int\u00e9gration d&#8217;extensions et permet une maintenance et une mise \u00e0 jour \u00e0 long terme du logiciel. Ainsi, m\u00eame les solutions largement \u00e9tendues restent compatibles avec les changements de version \u00e0 tout moment et vous b\u00e9n\u00e9ficiez des mises \u00e0 jour et des mises \u00e0 niveau du produit. <\/span>[\/vc_column_text][\/vc_column][\/vc_row][vc_row][vc_column]<div class=\"ppi_headlines\"><h2 class=\"h2 text-center\">Le cadre d&#039;am\u00e9lioration NEO offre les possibilit\u00e9s de personnalisation et d&#039;am\u00e9lioration suivantes :<\/h2><\/div>\n<div class=\"axi_image-text ppi_row ppi_row-flex\">\n    <div class=\"ppi_col-xs-12 ppi_col-lg-6 vertical-align-center\">\n                    <div class=\"axi_image-text__content\">\n                <h3>Interfaces utilisateur<\/h3>\n<p>L&#8217;affichage et le masquage de champs, de zones d&#8217;\u00e9cran ou de fonctions sont possibles par configuration et peuvent \u00e9galement \u00eatre bas\u00e9s sur les r\u00f4les des utilisateurs. Des \u00e9l\u00e9ments d&#8217;interface suppl\u00e9mentaires, allant de champs individuels \u00e0 des bo\u00eetes de dialogue enti\u00e8rement nouvelles, peuvent \u00eatre int\u00e9gr\u00e9s de mani\u00e8re transparente dans les interfaces standard existantes. La personnalisation permet aux utilisateurs de d\u00e9finir et d&#8217;enregistrer facilement les champs affich\u00e9s, le filtrage des donn\u00e9es et le tri. Vous \u00eates ainsi certain que vos utilisateurs voient les informations dont ils ont besoin et qu&#8217;ils peuvent effectuer leur travail avec le moins d&#8217;effort possible.<\/p>\n                            <\/div>\n            <\/div>\n\n    <div class=\"ppi_col-xs-12 ppi_col-lg-6 axi_image\">\n                <figure class=\"global-shadow\">\n            <img loading=\"lazy\" decoding=\"async\" width=\"1200\" height=\"501\" src=\"https:\/\/www.neo-suite.de\/wp\/wp-content\/uploads\/2023\/07\/shutterstock_714655705-e1689590094542.jpg\" class=\"attachment-axi-lg size-axi-lg\" alt=\"UI Designer an Bildschirmen\" srcset=\"https:\/\/www.neo-suite.de\/wp\/wp-content\/uploads\/2023\/07\/shutterstock_714655705-e1689590094542.jpg 1200w, https:\/\/www.neo-suite.de\/wp\/wp-content\/uploads\/2023\/07\/shutterstock_714655705-e1689590094542-300x125.jpg 300w, https:\/\/www.neo-suite.de\/wp\/wp-content\/uploads\/2023\/07\/shutterstock_714655705-e1689590094542-1024x428.jpg 1024w, https:\/\/www.neo-suite.de\/wp\/wp-content\/uploads\/2023\/07\/shutterstock_714655705-e1689590094542-768x321.jpg 768w, https:\/\/www.neo-suite.de\/wp\/wp-content\/uploads\/2023\/07\/shutterstock_714655705-e1689590094542-992x414.jpg 992w, https:\/\/www.neo-suite.de\/wp\/wp-content\/uploads\/2023\/07\/shutterstock_714655705-e1689590094542-480x200.jpg 480w\" sizes=\"auto, (max-width: 1200px) 100vw, 1200px\" \/>        <\/figure>\n                            <\/div>\n\n    <\/div>\n\n<div class=\"axi_image-text ppi_row ppi_row-flex\">\n    <div class=\"ppi_col-xs-12 ppi_col-lg-6 vertical-align-center ppi_col-lg-push-6\">\n                    <div class=\"axi_image-text__content\">\n                <h3>Logique de l&#8217;application<\/h3>\n<p>La correction a posteriori des donn\u00e9es saisies est un facteur de d\u00e9penses, en particulier lors de l&#8217;introduction de solutions mobiles. L&#8217;adaptation et l&#8217;extension des contr\u00f4les et des automatismes permettent de les \u00e9viter autant que possible. Le NEO Enhancement Framework offre de nombreuses possibilit\u00e9s, allant de simples contr\u00f4les de champs (par exemple sur les formats ou les saisies obligatoires) \u00e0 l&#8217;automatisation compl\u00e8te des \u00e9tapes de travail, en passant par les d\u00e9pendances (par exemple, la mission ne peut \u00eatre termin\u00e9e que si les heures de travail et de d\u00e9placement ont \u00e9t\u00e9 saisies). Par exemple, <a href=\"https:\/\/www.neo-suite.de\/fr\/planification-du-deploiement\/\">NEO Schedule<\/a> peut planifier automatiquement une intervention de suivi pour le m\u00eame technicien s&#8217;il renvoie le statut &#8220;Intervention de suivi requise&#8221;.<\/p>\n                            <\/div>\n            <\/div>\n\n    <div class=\"ppi_col-xs-12 ppi_col-lg-6 axi_image ppi_col-lg-pull-6 background-left\">\n                <figure class=\"global-shadow\">\n            <img loading=\"lazy\" decoding=\"async\" width=\"1200\" height=\"800\" src=\"https:\/\/www.neo-suite.de\/wp\/wp-content\/uploads\/2023\/07\/iStock-861189972.jpg\" class=\"attachment-axi-lg size-axi-lg\" alt=\"Windr\u00e4der mit Icons\" srcset=\"https:\/\/www.neo-suite.de\/wp\/wp-content\/uploads\/2023\/07\/iStock-861189972.jpg 1200w, https:\/\/www.neo-suite.de\/wp\/wp-content\/uploads\/2023\/07\/iStock-861189972-300x200.jpg 300w, https:\/\/www.neo-suite.de\/wp\/wp-content\/uploads\/2023\/07\/iStock-861189972-1024x683.jpg 1024w, https:\/\/www.neo-suite.de\/wp\/wp-content\/uploads\/2023\/07\/iStock-861189972-768x512.jpg 768w, https:\/\/www.neo-suite.de\/wp\/wp-content\/uploads\/2023\/07\/iStock-861189972-992x661.jpg 992w, https:\/\/www.neo-suite.de\/wp\/wp-content\/uploads\/2023\/07\/iStock-861189972-480x320.jpg 480w\" sizes=\"auto, (max-width: 1200px) 100vw, 1200px\" \/>        <\/figure>\n                            <\/div>\n\n    <\/div>\n\n<div class=\"axi_image-text ppi_row ppi_row-flex\">\n    <div class=\"ppi_col-xs-12 ppi_col-lg-6 vertical-align-center\">\n                    <div class=\"axi_image-text__content\">\n                <h3>Interfaces, int\u00e9gration et API<\/h3>\n<p>Un syst\u00e8me SAP est diff\u00e9rent pour chaque client : quel champ est utilis\u00e9 pour contr\u00f4ler les priorit\u00e9s, quels champs de dates sont pertinents pour la planification et comment est contr\u00f4l\u00e9e la possibilit\u00e9 de facturer les commandes. Pour que les clients n&#8217;aient pas \u00e0 adapter leur syst\u00e8me SAP, NEO Enhancement Framework fournit un Customizing complet pour contr\u00f4ler l&#8217;\u00e9change de donn\u00e9es. Des champs de donn\u00e9es suppl\u00e9mentaires peuvent \u00eatre facilement ajout\u00e9s \u00e0 l&#8217;interface et chaque fonction de mise \u00e0 jour peut \u00eatre remplac\u00e9e en fonction des besoins du client. L&#8217;int\u00e9gration d&#8217;autres syst\u00e8mes tels que les syst\u00e8mes d&#8217;information g\u00e9ographique, les syst\u00e8mes RH NON-SAP ou les solutions de billetterie peut \u00e9galement \u00eatre r\u00e9alis\u00e9e rapidement et en toute s\u00e9curit\u00e9 gr\u00e2ce aux interfaces de services Web modernes de la suite NEO.<\/p>\n                            <\/div>\n            <\/div>\n\n    <div class=\"ppi_col-xs-12 ppi_col-lg-6 axi_image\">\n                <figure class=\"global-shadow\">\n            <img loading=\"lazy\" decoding=\"async\" width=\"1200\" height=\"800\" src=\"https:\/\/www.neo-suite.de\/wp\/wp-content\/uploads\/2023\/07\/shutterstock_618142382.jpg\" class=\"attachment-axi-lg size-axi-lg\" alt=\"Techniker in Monitoring-Raum\" srcset=\"https:\/\/www.neo-suite.de\/wp\/wp-content\/uploads\/2023\/07\/shutterstock_618142382.jpg 1200w, https:\/\/www.neo-suite.de\/wp\/wp-content\/uploads\/2023\/07\/shutterstock_618142382-300x200.jpg 300w, https:\/\/www.neo-suite.de\/wp\/wp-content\/uploads\/2023\/07\/shutterstock_618142382-1024x683.jpg 1024w, https:\/\/www.neo-suite.de\/wp\/wp-content\/uploads\/2023\/07\/shutterstock_618142382-768x512.jpg 768w, https:\/\/www.neo-suite.de\/wp\/wp-content\/uploads\/2023\/07\/shutterstock_618142382-992x661.jpg 992w, https:\/\/www.neo-suite.de\/wp\/wp-content\/uploads\/2023\/07\/shutterstock_618142382-480x320.jpg 480w\" sizes=\"auto, (max-width: 1200px) 100vw, 1200px\" \/>        <\/figure>\n                            <\/div>\n\n    <\/div>\n[\/vc_column][\/vc_row][vc_row ppi_row_type=&#8221;ppi_background-image&#8221; full_width=&#8221;stretch_narrow_row&#8221; ppi_row_bg_image=&#8221;850&#8243;][vc_column]<div class=\"axi_textbanner\">\n    <div\n        class=\"axi_textbanner__background bg-endeavour\"><\/div>\n    <div class=\"axi_textbanner__content\">\n        <h2 class=\"axi_textbanner__content__title\">En savoir plus.<\/h2>        <p class=\"axi_textbanner__content__description\">Vous voulez en savoir plus sur notre m\u00e9thodologie dans les projets ?<\/p>                            <a href=\"https:\/\/www.neo-suite.de\/fr\/services\/methodologie\/\"\n               class=\"' . SLUG . '_textbanner__content__button button button--primary\"  title=\"M\u00e9thodologie\">M\u00e9thodologie<\/a>\n            <\/div>\n<\/div>\n[\/vc_column][\/vc_row][vc_row][vc_column]<div class=\"ppi_separator\"><\/div>[\/vc_column][\/vc_row]<\/div>","protected":false},"excerpt":{"rendered":"[vc_row ppi_row_padding=\"ppi_remove_padding_top,ppi_remove_padding_bottom\" full_width=\"stretch_row_content_no_spaces\"][vc_column]Extension, adaptabilit\u00e9 et personnalisationComment utiliser la suite NEO \u00e0 100% pour vos besoins et processus[\/vc_column][\/vc_row][vc_row full_width=\"narrow_row\"][vc_column]L&#039;adaptabilit\u00e9 est la cl\u00e9 du succ\u00e8s !Logiciel standard versus d\u00e9veloppement personnalis\u00e9[vc_column_text]Il existe aujourd'hui un grand nombre de fournisseurs et de solutions sur le march\u00e9 pour la num\u00e9risation des processus de maintenance et de service client. Les clients peuvent [...]","protected":false},"author":3,"featured_media":6928,"parent":6918,"menu_order":0,"comment_status":"closed","ping_status":"closed","template":"","meta":{"_acf_changed":false,"inline_featured_image":false,"footnotes":""},"class_list":["post-6926","page","type-page","status-publish","has-post-thumbnail","hentry"],"acf":[],"yoast_head":"<!-- This site is optimized with the Yoast SEO Premium plugin v27.2 (Yoast SEO v27.2) - https:\/\/yoast.com\/product\/yoast-seo-premium-wordpress\/ -->\n<title>Adaptabilit\u00e9, extension &amp; personnalisation avec NEO Suite<\/title>\n<meta name=\"description\" content=\"Adaptabilit\u00e9 avec la suite NEO : d\u00e9couvrez comment nous adaptons nos solutions \u00e0 vos besoins et \u00e0 vos processus.\" \/>\n<meta name=\"robots\" content=\"index, follow, max-snippet:-1, max-image-preview:large, max-video-preview:-1\" \/>\n<link rel=\"canonical\" href=\"https:\/\/www.neo-suite.de\/fr\/services\/adaptabilite\/\" \/>\n<meta property=\"og:locale\" content=\"fr_FR\" \/>\n<meta property=\"og:type\" content=\"article\" \/>\n<meta property=\"og:title\" content=\"Adaptabilit\u00e9\" \/>\n<meta property=\"og:description\" content=\"Adaptabilit\u00e9 avec la suite NEO : d\u00e9couvrez comment nous adaptons nos solutions \u00e0 vos besoins et \u00e0 vos processus.\" \/>\n<meta property=\"og:url\" content=\"https:\/\/www.neo-suite.de\/fr\/services\/adaptabilite\/\" \/>\n<meta property=\"og:site_name\" content=\"Axians | NEO\" \/>\n<meta property=\"article:modified_time\" content=\"2025-10-10T13:52:54+00:00\" \/>\n<meta property=\"og:image\" content=\"https:\/\/www.neo-suite.de\/wp\/wp-content\/uploads\/2023\/07\/shutterstock_2222963001.jpg\" \/>\n\t<meta property=\"og:image:width\" content=\"1200\" \/>\n\t<meta property=\"og:image:height\" content=\"450\" \/>\n\t<meta property=\"og:image:type\" content=\"image\/jpeg\" \/>\n<meta name=\"twitter:card\" content=\"summary_large_image\" \/>\n<meta name=\"twitter:label1\" content=\"Est. reading time\" \/>\n\t<meta name=\"twitter:data1\" content=\"5 minutes\" \/>\n<script type=\"application\/ld+json\" class=\"yoast-schema-graph\">{\"@context\":\"https:\/\/schema.org\",\"@graph\":[{\"@type\":\"WebPage\",\"@id\":\"https:\/\/www.neo-suite.de\/fr\/services\/adaptabilite\/\",\"url\":\"https:\/\/www.neo-suite.de\/fr\/services\/adaptabilite\/\",\"name\":\"Adaptabilit\u00e9, extension & personnalisation avec NEO Suite\",\"isPartOf\":{\"@id\":\"https:\/\/www.neo-suite.de\/fr\/#website\"},\"primaryImageOfPage\":{\"@id\":\"https:\/\/www.neo-suite.de\/fr\/services\/adaptabilite\/#primaryimage\"},\"image\":{\"@id\":\"https:\/\/www.neo-suite.de\/fr\/services\/adaptabilite\/#primaryimage\"},\"thumbnailUrl\":\"https:\/\/www.neo-suite.de\/wp\/wp-content\/uploads\/2023\/07\/shutterstock_2222963001.jpg\",\"datePublished\":\"2023-07-11T08:58:51+00:00\",\"dateModified\":\"2025-10-10T13:52:54+00:00\",\"description\":\"Adaptabilit\u00e9 avec la suite NEO : d\u00e9couvrez comment nous adaptons nos solutions \u00e0 vos besoins et \u00e0 vos processus.\",\"breadcrumb\":{\"@id\":\"https:\/\/www.neo-suite.de\/fr\/services\/adaptabilite\/#breadcrumb\"},\"inLanguage\":\"fr-FR\",\"potentialAction\":[{\"@type\":\"ReadAction\",\"target\":[\"https:\/\/www.neo-suite.de\/fr\/services\/adaptabilite\/\"]}]},{\"@type\":\"ImageObject\",\"inLanguage\":\"fr-FR\",\"@id\":\"https:\/\/www.neo-suite.de\/fr\/services\/adaptabilite\/#primaryimage\",\"url\":\"https:\/\/www.neo-suite.de\/wp\/wp-content\/uploads\/2023\/07\/shutterstock_2222963001.jpg\",\"contentUrl\":\"https:\/\/www.neo-suite.de\/wp\/wp-content\/uploads\/2023\/07\/shutterstock_2222963001.jpg\",\"width\":1200,\"height\":450,\"caption\":\"Techniciens sur les moniteurs\"},{\"@type\":\"BreadcrumbList\",\"@id\":\"https:\/\/www.neo-suite.de\/fr\/services\/adaptabilite\/#breadcrumb\",\"itemListElement\":[{\"@type\":\"ListItem\",\"position\":1,\"name\":\"Home\",\"item\":\"https:\/\/www.neo-suite.de\/fr\/\"},{\"@type\":\"ListItem\",\"position\":2,\"name\":\"Services\",\"item\":\"https:\/\/www.neo-suite.de\/fr\/services\/\"},{\"@type\":\"ListItem\",\"position\":3,\"name\":\"Adaptabilit\u00e9\"}]},{\"@type\":\"WebSite\",\"@id\":\"https:\/\/www.neo-suite.de\/fr\/#website\",\"url\":\"https:\/\/www.neo-suite.de\/fr\/\",\"name\":\"Axians | NEO\",\"description\":\"\",\"potentialAction\":[{\"@type\":\"SearchAction\",\"target\":{\"@type\":\"EntryPoint\",\"urlTemplate\":\"https:\/\/www.neo-suite.de\/fr\/?s={search_term_string}\"},\"query-input\":{\"@type\":\"PropertyValueSpecification\",\"valueRequired\":true,\"valueName\":\"search_term_string\"}}],\"inLanguage\":\"fr-FR\"}]}<\/script>\n<!-- \/ Yoast SEO Premium plugin. -->","yoast_head_json":{"title":"Adaptabilit\u00e9, extension & personnalisation avec NEO Suite","description":"Adaptabilit\u00e9 avec la suite NEO : d\u00e9couvrez comment nous adaptons nos solutions \u00e0 vos besoins et \u00e0 vos processus.","robots":{"index":"index","follow":"follow","max-snippet":"max-snippet:-1","max-image-preview":"max-image-preview:large","max-video-preview":"max-video-preview:-1"},"canonical":"https:\/\/www.neo-suite.de\/fr\/services\/adaptabilite\/","og_locale":"fr_FR","og_type":"article","og_title":"Adaptabilit\u00e9","og_description":"Adaptabilit\u00e9 avec la suite NEO : d\u00e9couvrez comment nous adaptons nos solutions \u00e0 vos besoins et \u00e0 vos processus.","og_url":"https:\/\/www.neo-suite.de\/fr\/services\/adaptabilite\/","og_site_name":"Axians | NEO","article_modified_time":"2025-10-10T13:52:54+00:00","og_image":[{"width":1200,"height":450,"url":"https:\/\/www.neo-suite.de\/wp\/wp-content\/uploads\/2023\/07\/shutterstock_2222963001.jpg","type":"image\/jpeg"}],"twitter_card":"summary_large_image","twitter_misc":{"Est. reading time":"5 minutes"},"schema":{"@context":"https:\/\/schema.org","@graph":[{"@type":"WebPage","@id":"https:\/\/www.neo-suite.de\/fr\/services\/adaptabilite\/","url":"https:\/\/www.neo-suite.de\/fr\/services\/adaptabilite\/","name":"Adaptabilit\u00e9, extension & personnalisation avec NEO Suite","isPartOf":{"@id":"https:\/\/www.neo-suite.de\/fr\/#website"},"primaryImageOfPage":{"@id":"https:\/\/www.neo-suite.de\/fr\/services\/adaptabilite\/#primaryimage"},"image":{"@id":"https:\/\/www.neo-suite.de\/fr\/services\/adaptabilite\/#primaryimage"},"thumbnailUrl":"https:\/\/www.neo-suite.de\/wp\/wp-content\/uploads\/2023\/07\/shutterstock_2222963001.jpg","datePublished":"2023-07-11T08:58:51+00:00","dateModified":"2025-10-10T13:52:54+00:00","description":"Adaptabilit\u00e9 avec la suite NEO : d\u00e9couvrez comment nous adaptons nos solutions \u00e0 vos besoins et \u00e0 vos processus.","breadcrumb":{"@id":"https:\/\/www.neo-suite.de\/fr\/services\/adaptabilite\/#breadcrumb"},"inLanguage":"fr-FR","potentialAction":[{"@type":"ReadAction","target":["https:\/\/www.neo-suite.de\/fr\/services\/adaptabilite\/"]}]},{"@type":"ImageObject","inLanguage":"fr-FR","@id":"https:\/\/www.neo-suite.de\/fr\/services\/adaptabilite\/#primaryimage","url":"https:\/\/www.neo-suite.de\/wp\/wp-content\/uploads\/2023\/07\/shutterstock_2222963001.jpg","contentUrl":"https:\/\/www.neo-suite.de\/wp\/wp-content\/uploads\/2023\/07\/shutterstock_2222963001.jpg","width":1200,"height":450,"caption":"Techniciens sur les moniteurs"},{"@type":"BreadcrumbList","@id":"https:\/\/www.neo-suite.de\/fr\/services\/adaptabilite\/#breadcrumb","itemListElement":[{"@type":"ListItem","position":1,"name":"Home","item":"https:\/\/www.neo-suite.de\/fr\/"},{"@type":"ListItem","position":2,"name":"Services","item":"https:\/\/www.neo-suite.de\/fr\/services\/"},{"@type":"ListItem","position":3,"name":"Adaptabilit\u00e9"}]},{"@type":"WebSite","@id":"https:\/\/www.neo-suite.de\/fr\/#website","url":"https:\/\/www.neo-suite.de\/fr\/","name":"Axians | NEO","description":"","potentialAction":[{"@type":"SearchAction","target":{"@type":"EntryPoint","urlTemplate":"https:\/\/www.neo-suite.de\/fr\/?s={search_term_string}"},"query-input":{"@type":"PropertyValueSpecification","valueRequired":true,"valueName":"search_term_string"}}],"inLanguage":"fr-FR"}]}},"_links":{"self":[{"href":"https:\/\/www.neo-suite.de\/fr\/wp-json\/wp\/v2\/pages\/6926","targetHints":{"allow":["GET"]}}],"collection":[{"href":"https:\/\/www.neo-suite.de\/fr\/wp-json\/wp\/v2\/pages"}],"about":[{"href":"https:\/\/www.neo-suite.de\/fr\/wp-json\/wp\/v2\/types\/page"}],"author":[{"embeddable":true,"href":"https:\/\/www.neo-suite.de\/fr\/wp-json\/wp\/v2\/users\/3"}],"replies":[{"embeddable":true,"href":"https:\/\/www.neo-suite.de\/fr\/wp-json\/wp\/v2\/comments?post=6926"}],"version-history":[{"count":4,"href":"https:\/\/www.neo-suite.de\/fr\/wp-json\/wp\/v2\/pages\/6926\/revisions"}],"predecessor-version":[{"id":10969,"href":"https:\/\/www.neo-suite.de\/fr\/wp-json\/wp\/v2\/pages\/6926\/revisions\/10969"}],"up":[{"embeddable":true,"href":"https:\/\/www.neo-suite.de\/fr\/wp-json\/wp\/v2\/pages\/6918"}],"wp:featuredmedia":[{"embeddable":true,"href":"https:\/\/www.neo-suite.de\/fr\/wp-json\/wp\/v2\/media\/6928"}],"wp:attachment":[{"href":"https:\/\/www.neo-suite.de\/fr\/wp-json\/wp\/v2\/media?parent=6926"}],"curies":[{"name":"wp","href":"https:\/\/api.w.org\/{rel}","templated":true}]}}