{"id":6919,"date":"2023-01-05T14:40:42","date_gmt":"2023-01-05T13:40:42","guid":{"rendered":"https:\/\/www.neo-suite.de\/mentions-legales\/"},"modified":"2025-02-14T12:26:21","modified_gmt":"2025-02-14T11:26:21","slug":"mentions-legales","status":"publish","type":"page","link":"https:\/\/www.neo-suite.de\/fr\/mentions-legales\/","title":{"rendered":"Mentions l\u00e9gales"},"content":{"rendered":"<div class=\"wpb-content-wrapper\">[vc_row ppi_row_padding=&#8221;ppi_remove_padding_top,ppi_remove_padding_bottom&#8221; full_width=&#8221;stretch_row_content_no_spaces&#8221;][vc_column]<div class=\"axi_keyvisual-slider js-keyvisual-slider\"><div class=\"swiper swiper-container flat\"><div class=\"swiper-wrapper\"><div class=\"axi_keyvisual-slider__item swiper-slide bg-gradient-zodiac\"><div class=\"axi_keyvisual-slider__item__content\"><div class=\"ppi_row ppi_row-flex flex-align-center\"><div class=\"ppi_col-xs-12 ppi_col-lg-5 ppi_col-lg-push-1\"><div class=\"axi_keyvisual-slider__item__content__inner\"><div class=\"axi_keyvisual-slider__item__content__headlines\"><span class=\"axi_keyvisual-slider__item__content__headline h1\">Mentions l\u00e9gales et informations juridiques<br\/><\/span><\/div><\/div><\/div><\/div><\/div><\/div><\/div><\/div><\/div>[\/vc_column][\/vc_row][vc_row full_width=&#8221;narrow_row&#8221;][vc_column][vc_column_text]<strong>Axians NEO Solutions &amp; Technology GmbH<\/strong>, une filiale de <strong>VINCI Energies CEE ICT GmbH<\/strong>\r\n\r\n<strong>5, rue Plathner<\/strong>\r\n<strong>D-30175 Hanovre<\/strong>\r\n\r\nE-mail : info-neo[at]axians.de\r\n\r\nDirection : Jens Beier, Stefan Labenski\r\n\r\nTribunal d&#8217;enregistrement: Tribunal d&#8217;instance de Hanovre\r\n\r\nN\u00b0 de registre: HRB 214600\r\n\r\nN\u00b0 d&#8217;identification TVA: DE309863813\r\n<h2>Clause de non-responsabilit\u00e9<\/h2>\r\nEn raison des caract\u00e9ristiques techniques d&#8217;Internet, la soci\u00e9t\u00e9 Axians NEO Solutions &amp; Technology GmbH ne peut garantir l&#8217;exhaustivit\u00e9 et l&#8217;exactitude des informations mises en ligne.\r\n<h2>Remarque sur la probl\u00e9matique des r\u00e9f\u00e9rences crois\u00e9es\/liens externes<\/h2>\r\nLa soci\u00e9t\u00e9 Axians NEO Solutions &amp; Technology GmbH est responsable, en tant que fournisseur de contenus, des propres contenus qu&#8217;elle met \u00e0 disposition pour utilisation, conform\u00e9ment \u00e0 la l\u00e9gislation g\u00e9n\u00e9rale. Il convient de distinguer ces contenus propres des renvois\/liens vers les contenus mis \u00e0 disposition par d&#8217;autres fournisseurs.\r\n\r\nPar le biais d&#8217;une r\u00e9f\u00e9rence crois\u00e9e, la soci\u00e9t\u00e9 Axians NEO Solutions &amp; Technology GmbH met \u00e0 disposition des contenus \u00e9trangers pour utilisation. Elle n&#8217;est responsable de ces contenus externes que si elle en a une connaissance positive, c&#8217;est-\u00e0-dire \u00e9galement d&#8217;un contenu ill\u00e9gal ou r\u00e9pr\u00e9hensible, et s&#8217;il lui est techniquement possible et raisonnable d&#8217;en emp\u00eacher l&#8217;utilisation.\r\n\r\nLes r\u00e9f\u00e9rences crois\u00e9es sont cependant toujours des r\u00e9f\u00e9rences dynamiques. La soci\u00e9t\u00e9 Axians NEO Solutions &amp; Technology GmbH a certes v\u00e9rifi\u00e9 lors de la premi\u00e8re liaison le contenu \u00e9tranger pour savoir s&#8217;il pouvait entra\u00eener une responsabilit\u00e9 de droit civil ou p\u00e9nal. Elle n&#8217;est cependant pas tenue par la loi de v\u00e9rifier en permanence si les contenus auxquels elle renvoie dans son offre ont \u00e9t\u00e9 modifi\u00e9s. Ce n&#8217;est que si la soci\u00e9t\u00e9 Axians NEO Solutions &amp; Technology GmbH constate ou est inform\u00e9e par d&#8217;autres qu&#8217;une offre concr\u00e8te, vers laquelle elle a mis un lien \u00e0 disposition, entra\u00eene une responsabilit\u00e9 civile et\/ou p\u00e9nale, qu&#8217;elle supprimera imm\u00e9diatement le lien vers cette offre, dans la mesure o\u00f9 cela est techniquement possible et raisonnable.\r\n\r\n<strong>Remarque importante<\/strong>\r\n\r\nLe contact par e-mail est destin\u00e9 aux demandes ou commentaires d&#8217;ordre g\u00e9n\u00e9ral. Pour toute demande ou commentaire concernant nos produits et services, l&#8217;assistance, les \u00e9v\u00e9nements, les candidatures et notre entreprise, veuillez utiliser notre <a href=\"https:\/\/www.neo-suite.de\/fr\/contact\/\">formulaire de contact<\/a>.[\/vc_column_text][\/vc_column][\/vc_row]<\/div>","protected":false},"excerpt":{"rendered":"[vc_row ppi_row_padding=\"ppi_remove_padding_top,ppi_remove_padding_bottom\" full_width=\"stretch_row_content_no_spaces\"][vc_column]Mentions l\u00e9gales et informations juridiques[\/vc_column][\/vc_row][vc_row full_width=\"narrow_row\"][vc_column][vc_column_text]Axians NEO Solutions &amp; Technology GmbH, une filiale de VINCI Energies CEE ICT GmbH 5, rue Plathner D-30175 Hanovre E-mail : info-neo[at]axians.de Direction : Jens Beier, Stefan Labenski Tribunal d'enregistrement: Tribunal d'instance de Hanovre N\u00b0 de registre: HRB 214600 N\u00b0 d'identification TVA: DE309863813 Clause de non-responsabilit\u00e9 En raison [...]","protected":false},"author":9,"featured_media":0,"parent":0,"menu_order":0,"comment_status":"closed","ping_status":"closed","template":"","meta":{"_acf_changed":false,"inline_featured_image":false,"footnotes":""},"class_list":["post-6919","page","type-page","status-publish","hentry"],"acf":[],"yoast_head":"<!-- This site is optimized with the Yoast SEO Premium plugin v27.2 (Yoast SEO v27.2) - https:\/\/yoast.com\/product\/yoast-seo-premium-wordpress\/ -->\n<title>Mentions l\u00e9gales et informations juridiques<\/title>\n<meta name=\"description\" content=\"Retrouvez toutes les informations importantes sur les mentions l\u00e9gales et les informations juridiques de VINCI Energies Deutschland ICT GmbH.\" \/>\n<meta name=\"robots\" content=\"index, follow, max-snippet:-1, max-image-preview:large, max-video-preview:-1\" \/>\n<link rel=\"canonical\" href=\"https:\/\/www.neo-suite.de\/fr\/mentions-legales\/\" \/>\n<meta property=\"og:locale\" content=\"fr_FR\" \/>\n<meta property=\"og:type\" content=\"article\" \/>\n<meta property=\"og:title\" content=\"Mentions l\u00e9gales\" \/>\n<meta property=\"og:description\" content=\"Retrouvez toutes les informations importantes sur les mentions l\u00e9gales et les informations juridiques de VINCI Energies Deutschland ICT GmbH.\" \/>\n<meta property=\"og:url\" content=\"https:\/\/www.neo-suite.de\/fr\/mentions-legales\/\" \/>\n<meta property=\"og:site_name\" content=\"Axians | NEO\" \/>\n<meta property=\"article:modified_time\" content=\"2025-02-14T11:26:21+00:00\" \/>\n<meta name=\"twitter:card\" content=\"summary_large_image\" \/>\n<meta name=\"twitter:label1\" content=\"Est. reading time\" \/>\n\t<meta name=\"twitter:data1\" content=\"2 minutes\" \/>\n<script type=\"application\/ld+json\" class=\"yoast-schema-graph\">{\"@context\":\"https:\/\/schema.org\",\"@graph\":[{\"@type\":\"WebPage\",\"@id\":\"https:\/\/www.neo-suite.de\/fr\/mentions-legales\/\",\"url\":\"https:\/\/www.neo-suite.de\/fr\/mentions-legales\/\",\"name\":\"Mentions l\u00e9gales et informations juridiques\",\"isPartOf\":{\"@id\":\"https:\/\/www.neo-suite.de\/fr\/#website\"},\"datePublished\":\"2023-01-05T13:40:42+00:00\",\"dateModified\":\"2025-02-14T11:26:21+00:00\",\"description\":\"Retrouvez toutes les informations importantes sur les mentions l\u00e9gales et les informations juridiques de VINCI Energies Deutschland ICT GmbH.\",\"breadcrumb\":{\"@id\":\"https:\/\/www.neo-suite.de\/fr\/mentions-legales\/#breadcrumb\"},\"inLanguage\":\"fr-FR\",\"potentialAction\":[{\"@type\":\"ReadAction\",\"target\":[\"https:\/\/www.neo-suite.de\/fr\/mentions-legales\/\"]}]},{\"@type\":\"BreadcrumbList\",\"@id\":\"https:\/\/www.neo-suite.de\/fr\/mentions-legales\/#breadcrumb\",\"itemListElement\":[{\"@type\":\"ListItem\",\"position\":1,\"name\":\"Home\",\"item\":\"https:\/\/www.neo-suite.de\/fr\/\"},{\"@type\":\"ListItem\",\"position\":2,\"name\":\"Mentions l\u00e9gales\"}]},{\"@type\":\"WebSite\",\"@id\":\"https:\/\/www.neo-suite.de\/fr\/#website\",\"url\":\"https:\/\/www.neo-suite.de\/fr\/\",\"name\":\"Axians | NEO\",\"description\":\"\",\"potentialAction\":[{\"@type\":\"SearchAction\",\"target\":{\"@type\":\"EntryPoint\",\"urlTemplate\":\"https:\/\/www.neo-suite.de\/fr\/?s={search_term_string}\"},\"query-input\":{\"@type\":\"PropertyValueSpecification\",\"valueRequired\":true,\"valueName\":\"search_term_string\"}}],\"inLanguage\":\"fr-FR\"}]}<\/script>\n<!-- \/ Yoast SEO Premium plugin. -->","yoast_head_json":{"title":"Mentions l\u00e9gales et informations juridiques","description":"Retrouvez toutes les informations importantes sur les mentions l\u00e9gales et les informations juridiques de VINCI Energies Deutschland ICT GmbH.","robots":{"index":"index","follow":"follow","max-snippet":"max-snippet:-1","max-image-preview":"max-image-preview:large","max-video-preview":"max-video-preview:-1"},"canonical":"https:\/\/www.neo-suite.de\/fr\/mentions-legales\/","og_locale":"fr_FR","og_type":"article","og_title":"Mentions l\u00e9gales","og_description":"Retrouvez toutes les informations importantes sur les mentions l\u00e9gales et les informations juridiques de VINCI Energies Deutschland ICT GmbH.","og_url":"https:\/\/www.neo-suite.de\/fr\/mentions-legales\/","og_site_name":"Axians | NEO","article_modified_time":"2025-02-14T11:26:21+00:00","twitter_card":"summary_large_image","twitter_misc":{"Est. reading time":"2 minutes"},"schema":{"@context":"https:\/\/schema.org","@graph":[{"@type":"WebPage","@id":"https:\/\/www.neo-suite.de\/fr\/mentions-legales\/","url":"https:\/\/www.neo-suite.de\/fr\/mentions-legales\/","name":"Mentions l\u00e9gales et informations juridiques","isPartOf":{"@id":"https:\/\/www.neo-suite.de\/fr\/#website"},"datePublished":"2023-01-05T13:40:42+00:00","dateModified":"2025-02-14T11:26:21+00:00","description":"Retrouvez toutes les informations importantes sur les mentions l\u00e9gales et les informations juridiques de VINCI Energies Deutschland ICT GmbH.","breadcrumb":{"@id":"https:\/\/www.neo-suite.de\/fr\/mentions-legales\/#breadcrumb"},"inLanguage":"fr-FR","potentialAction":[{"@type":"ReadAction","target":["https:\/\/www.neo-suite.de\/fr\/mentions-legales\/"]}]},{"@type":"BreadcrumbList","@id":"https:\/\/www.neo-suite.de\/fr\/mentions-legales\/#breadcrumb","itemListElement":[{"@type":"ListItem","position":1,"name":"Home","item":"https:\/\/www.neo-suite.de\/fr\/"},{"@type":"ListItem","position":2,"name":"Mentions l\u00e9gales"}]},{"@type":"WebSite","@id":"https:\/\/www.neo-suite.de\/fr\/#website","url":"https:\/\/www.neo-suite.de\/fr\/","name":"Axians | NEO","description":"","potentialAction":[{"@type":"SearchAction","target":{"@type":"EntryPoint","urlTemplate":"https:\/\/www.neo-suite.de\/fr\/?s={search_term_string}"},"query-input":{"@type":"PropertyValueSpecification","valueRequired":true,"valueName":"search_term_string"}}],"inLanguage":"fr-FR"}]}},"_links":{"self":[{"href":"https:\/\/www.neo-suite.de\/fr\/wp-json\/wp\/v2\/pages\/6919","targetHints":{"allow":["GET"]}}],"collection":[{"href":"https:\/\/www.neo-suite.de\/fr\/wp-json\/wp\/v2\/pages"}],"about":[{"href":"https:\/\/www.neo-suite.de\/fr\/wp-json\/wp\/v2\/types\/page"}],"author":[{"embeddable":true,"href":"https:\/\/www.neo-suite.de\/fr\/wp-json\/wp\/v2\/users\/9"}],"replies":[{"embeddable":true,"href":"https:\/\/www.neo-suite.de\/fr\/wp-json\/wp\/v2\/comments?post=6919"}],"version-history":[{"count":5,"href":"https:\/\/www.neo-suite.de\/fr\/wp-json\/wp\/v2\/pages\/6919\/revisions"}],"predecessor-version":[{"id":9983,"href":"https:\/\/www.neo-suite.de\/fr\/wp-json\/wp\/v2\/pages\/6919\/revisions\/9983"}],"wp:attachment":[{"href":"https:\/\/www.neo-suite.de\/fr\/wp-json\/wp\/v2\/media?parent=6919"}],"curies":[{"name":"wp","href":"https:\/\/api.w.org\/{rel}","templated":true}]}}