{"id":6778,"date":"2023-07-26T10:23:40","date_gmt":"2023-07-26T08:23:40","guid":{"rendered":"https:\/\/www.neo-suite.de\/profil-spolecnosti\/odbornik-dr-wolfgang-roeckelein\/"},"modified":"2025-01-15T11:36:57","modified_gmt":"2025-01-15T10:36:57","slug":"odbornik-dr-wolfgang-roeckelein","status":"publish","type":"page","link":"https:\/\/www.neo-suite.de\/cs\/profil-spolecnosti\/odbornik-dr-wolfgang-roeckelein\/","title":{"rendered":"Odborn\u00edk Dr. Wolfgang R\u00f6ckelein"},"content":{"rendered":"<div class=\"wpb-content-wrapper\">[vc_row ppi_row_type=&#8221;gradient_endeavour&#8221; full_width=&#8221;stretch_narrow_row&#8221;][vc_column]<div class=\"ppi_headlines\"><h1 class=\"h1\">Dr. Wolfgang R\u00f6ckelein<\/h1><h2 class=\"h2\">Senior architekt SAP, v\u00fdvoj produkt\u016f<\/h2><\/div>[\/vc_column][\/vc_row][vc_row full_width=&#8221;narrow_row&#8221;][vc_column width=&#8221;1\/2&#8243;][vc_column_text]<strong>Dr. Wolfgang R\u00f6ckelein<\/strong> je seniorn\u00ed softwarov\u00fd architekt ve spole\u010dnosti Axians NEO Solutions &amp; Technology GmbH, kde se pod\u00edl\u00ed na v\u00fdvoji komponent NEO Suite a pracuje na procesech z\u00e1kaznick\u00e9ho servisu a spr\u00e1vy majetku v z\u00e1kaznick\u00fdch projektech. Profesion\u00e1ln\u00edmu v\u00fdvoji softwaru v n\u00e1rodn\u00edm i mezin\u00e1rodn\u00edm m\u011b\u0159\u00edtku se v\u011bnuje od roku 1983, z toho v\u00edce ne\u017e 20 let jako full-stack v\u00fdvoj\u00e1\u0159\/architekt syst\u00e9m\u016f pro spr\u00e1vu mobiln\u00edch pracovn\u00edch sil a 15 let v prost\u0159ed\u00ed SAP. Dr. Wolfgang R\u00f6ckelein je tak\u00e9 hybatelem inovac\u00ed v t\u00e9matech, jako je v\u00fdvoj a provoz v cloudu, zejm\u00e9na SAP Cloud Platform od roku 2014, s hlasov\u011b ovl\u00e1dan\u00fdmi u\u017eivatelsk\u00fdmi rozhran\u00edmi, nap\u0159. asistentem Google Assistant od roku 2017, nebo v\u00fdvoj v\u00edcejazy\u010dn\u00e9ho softwaru s pomoc\u00ed automatick\u00e9ho p\u0159ekladu. Z\u00edskan\u00e9 poznatky vyu\u017e\u00edv\u00e1 k dal\u0161\u00edmu c\u00edlen\u00e9mu rozvoji sady NEO Suite, \u010d\u00edm\u017e zaji\u0161\u0165uje, \u017ee \u0159e\u0161en\u00ed je odoln\u00e9 v\u016f\u010di budoucnosti. Dr. Wolfgang R\u00f6ckelein je zapojen do \u010dinnosti DSAG mimo jin\u00e9 jako mluv\u010d\u00ed pracovn\u00ed skupiny pro pl\u00e1nov\u00e1n\u00ed zam\u011bstnanc\u016f. Kontakt: <a href=\"mailto:wolfgang.roeckelein@axians.de\">wolfgang.roeckelein@axians.de<\/a>[\/vc_column_text][\/vc_column][vc_column width=&#8221;1\/2&#8243;]<div class=\"axi_image \"><figure class=\"global-shadow\"><img loading=\"lazy\" decoding=\"async\" width=\"1000\" height=\"1000\" src=\"https:\/\/www.neo-suite.de\/wp\/wp-content\/uploads\/2023\/07\/Wolfgang-Roeckelein.jpg\" class=\"attachment-axi-lg size-axi-lg\" alt=\"Dr. Wolfgang R\u00f6ckelein\" srcset=\"https:\/\/www.neo-suite.de\/wp\/wp-content\/uploads\/2023\/07\/Wolfgang-Roeckelein.jpg 1000w, https:\/\/www.neo-suite.de\/wp\/wp-content\/uploads\/2023\/07\/Wolfgang-Roeckelein-300x300.jpg 300w, https:\/\/www.neo-suite.de\/wp\/wp-content\/uploads\/2023\/07\/Wolfgang-Roeckelein-150x150.jpg 150w, https:\/\/www.neo-suite.de\/wp\/wp-content\/uploads\/2023\/07\/Wolfgang-Roeckelein-768x768.jpg 768w, https:\/\/www.neo-suite.de\/wp\/wp-content\/uploads\/2023\/07\/Wolfgang-Roeckelein-992x992.jpg 992w, https:\/\/www.neo-suite.de\/wp\/wp-content\/uploads\/2023\/07\/Wolfgang-Roeckelein-480x480.jpg 480w, https:\/\/www.neo-suite.de\/wp\/wp-content\/uploads\/2023\/07\/Wolfgang-Roeckelein-896x896.jpg 896w, https:\/\/www.neo-suite.de\/wp\/wp-content\/uploads\/2023\/07\/Wolfgang-Roeckelein-240x240.jpg 240w\" sizes=\"auto, (max-width: 1000px) 100vw, 1000px\" \/><\/figure><\/div>[\/vc_column][\/vc_row]<\/div>","protected":false},"excerpt":{"rendered":"[vc_row ppi_row_type=\"gradient_endeavour\" full_width=\"stretch_narrow_row\"][vc_column]Dr. Wolfgang R\u00f6ckeleinSenior architekt SAP, v\u00fdvoj produkt\u016f[\/vc_column][\/vc_row][vc_row full_width=\"narrow_row\"][vc_column width=\"1\/2\"][vc_column_text]Dr. Wolfgang R\u00f6ckelein je seniorn\u00ed softwarov\u00fd architekt ve spole\u010dnosti Axians NEO Solutions &amp; Technology GmbH, kde se pod\u00edl\u00ed na v\u00fdvoji komponent NEO Suite a pracuje na procesech z\u00e1kaznick\u00e9ho servisu a spr\u00e1vy majetku v z\u00e1kaznick\u00fdch projektech. Profesion\u00e1ln\u00edmu v\u00fdvoji softwaru v n\u00e1rodn\u00edm i mezin\u00e1rodn\u00edm m\u011b\u0159\u00edtku se v\u011bnuje [...]","protected":false},"author":3,"featured_media":0,"parent":6745,"menu_order":0,"comment_status":"closed","ping_status":"closed","template":"","meta":{"_acf_changed":false,"inline_featured_image":false,"footnotes":""},"class_list":["post-6778","page","type-page","status-publish","hentry"],"acf":[],"yoast_head":"<!-- This site is optimized with the Yoast SEO Premium plugin v27.2 (Yoast SEO v27.2) - https:\/\/yoast.com\/product\/yoast-seo-premium-wordpress\/ -->\n<title>Dr. Wolfgang R\u00f6ckelein - SAP Senior Architect<\/title>\n<meta name=\"description\" content=\"Dr. Wolfgang R\u00f6ckelein - v\u00e1\u0161 odborn\u00edk na architekturu a inovace SAP. Vyu\u017eijte dlouholet\u00e9 zku\u0161enosti.\" \/>\n<meta name=\"robots\" content=\"index, follow, max-snippet:-1, max-image-preview:large, max-video-preview:-1\" \/>\n<link rel=\"canonical\" href=\"https:\/\/www.neo-suite.de\/cs\/profil-spolecnosti\/odbornik-dr-wolfgang-roeckelein\/\" \/>\n<meta property=\"og:locale\" content=\"cs_CZ\" \/>\n<meta property=\"og:type\" content=\"article\" \/>\n<meta property=\"og:title\" content=\"Odborn\u00edk Dr. Wolfgang R\u00f6ckelein\" \/>\n<meta property=\"og:description\" content=\"Dr. Wolfgang R\u00f6ckelein - v\u00e1\u0161 odborn\u00edk na architekturu a inovace SAP. Vyu\u017eijte dlouholet\u00e9 zku\u0161enosti.\" \/>\n<meta property=\"og:url\" content=\"https:\/\/www.neo-suite.de\/cs\/profil-spolecnosti\/odbornik-dr-wolfgang-roeckelein\/\" \/>\n<meta property=\"og:site_name\" content=\"Axians | NEO\" \/>\n<meta property=\"article:modified_time\" content=\"2025-01-15T10:36:57+00:00\" \/>\n<meta name=\"twitter:card\" content=\"summary_large_image\" \/>\n<meta name=\"twitter:label1\" content=\"Est. reading time\" \/>\n\t<meta name=\"twitter:data1\" content=\"1 minute\" \/>\n<script type=\"application\/ld+json\" class=\"yoast-schema-graph\">{\"@context\":\"https:\/\/schema.org\",\"@graph\":[{\"@type\":\"WebPage\",\"@id\":\"https:\/\/www.neo-suite.de\/cs\/profil-spolecnosti\/odbornik-dr-wolfgang-roeckelein\/\",\"url\":\"https:\/\/www.neo-suite.de\/cs\/profil-spolecnosti\/odbornik-dr-wolfgang-roeckelein\/\",\"name\":\"Dr. Wolfgang R\u00f6ckelein - SAP Senior Architect\",\"isPartOf\":{\"@id\":\"https:\/\/www.neo-suite.de\/cs\/#website\"},\"datePublished\":\"2023-07-26T08:23:40+00:00\",\"dateModified\":\"2025-01-15T10:36:57+00:00\",\"description\":\"Dr. Wolfgang R\u00f6ckelein - v\u00e1\u0161 odborn\u00edk na architekturu a inovace SAP. Vyu\u017eijte dlouholet\u00e9 zku\u0161enosti.\",\"breadcrumb\":{\"@id\":\"https:\/\/www.neo-suite.de\/cs\/profil-spolecnosti\/odbornik-dr-wolfgang-roeckelein\/#breadcrumb\"},\"inLanguage\":\"cs-CZ\",\"potentialAction\":[{\"@type\":\"ReadAction\",\"target\":[\"https:\/\/www.neo-suite.de\/cs\/profil-spolecnosti\/odbornik-dr-wolfgang-roeckelein\/\"]}]},{\"@type\":\"BreadcrumbList\",\"@id\":\"https:\/\/www.neo-suite.de\/cs\/profil-spolecnosti\/odbornik-dr-wolfgang-roeckelein\/#breadcrumb\",\"itemListElement\":[{\"@type\":\"ListItem\",\"position\":1,\"name\":\"Home\",\"item\":\"https:\/\/www.neo-suite.de\/cs\/\"},{\"@type\":\"ListItem\",\"position\":2,\"name\":\"Profil spole\u010dnosti\",\"item\":\"https:\/\/www.neo-suite.de\/cs\/profil-spolecnosti\/\"},{\"@type\":\"ListItem\",\"position\":3,\"name\":\"Odborn\u00edk Dr. Wolfgang R\u00f6ckelein\"}]},{\"@type\":\"WebSite\",\"@id\":\"https:\/\/www.neo-suite.de\/cs\/#website\",\"url\":\"https:\/\/www.neo-suite.de\/cs\/\",\"name\":\"Axians | NEO\",\"description\":\"\",\"potentialAction\":[{\"@type\":\"SearchAction\",\"target\":{\"@type\":\"EntryPoint\",\"urlTemplate\":\"https:\/\/www.neo-suite.de\/cs\/?s={search_term_string}\"},\"query-input\":{\"@type\":\"PropertyValueSpecification\",\"valueRequired\":true,\"valueName\":\"search_term_string\"}}],\"inLanguage\":\"cs-CZ\"}]}<\/script>\n<!-- \/ Yoast SEO Premium plugin. -->","yoast_head_json":{"title":"Dr. Wolfgang R\u00f6ckelein - SAP Senior Architect","description":"Dr. Wolfgang R\u00f6ckelein - v\u00e1\u0161 odborn\u00edk na architekturu a inovace SAP. Vyu\u017eijte dlouholet\u00e9 zku\u0161enosti.","robots":{"index":"index","follow":"follow","max-snippet":"max-snippet:-1","max-image-preview":"max-image-preview:large","max-video-preview":"max-video-preview:-1"},"canonical":"https:\/\/www.neo-suite.de\/cs\/profil-spolecnosti\/odbornik-dr-wolfgang-roeckelein\/","og_locale":"cs_CZ","og_type":"article","og_title":"Odborn\u00edk Dr. Wolfgang R\u00f6ckelein","og_description":"Dr. Wolfgang R\u00f6ckelein - v\u00e1\u0161 odborn\u00edk na architekturu a inovace SAP. Vyu\u017eijte dlouholet\u00e9 zku\u0161enosti.","og_url":"https:\/\/www.neo-suite.de\/cs\/profil-spolecnosti\/odbornik-dr-wolfgang-roeckelein\/","og_site_name":"Axians | NEO","article_modified_time":"2025-01-15T10:36:57+00:00","twitter_card":"summary_large_image","twitter_misc":{"Est. reading time":"1 minute"},"schema":{"@context":"https:\/\/schema.org","@graph":[{"@type":"WebPage","@id":"https:\/\/www.neo-suite.de\/cs\/profil-spolecnosti\/odbornik-dr-wolfgang-roeckelein\/","url":"https:\/\/www.neo-suite.de\/cs\/profil-spolecnosti\/odbornik-dr-wolfgang-roeckelein\/","name":"Dr. Wolfgang R\u00f6ckelein - SAP Senior Architect","isPartOf":{"@id":"https:\/\/www.neo-suite.de\/cs\/#website"},"datePublished":"2023-07-26T08:23:40+00:00","dateModified":"2025-01-15T10:36:57+00:00","description":"Dr. Wolfgang R\u00f6ckelein - v\u00e1\u0161 odborn\u00edk na architekturu a inovace SAP. Vyu\u017eijte dlouholet\u00e9 zku\u0161enosti.","breadcrumb":{"@id":"https:\/\/www.neo-suite.de\/cs\/profil-spolecnosti\/odbornik-dr-wolfgang-roeckelein\/#breadcrumb"},"inLanguage":"cs-CZ","potentialAction":[{"@type":"ReadAction","target":["https:\/\/www.neo-suite.de\/cs\/profil-spolecnosti\/odbornik-dr-wolfgang-roeckelein\/"]}]},{"@type":"BreadcrumbList","@id":"https:\/\/www.neo-suite.de\/cs\/profil-spolecnosti\/odbornik-dr-wolfgang-roeckelein\/#breadcrumb","itemListElement":[{"@type":"ListItem","position":1,"name":"Home","item":"https:\/\/www.neo-suite.de\/cs\/"},{"@type":"ListItem","position":2,"name":"Profil spole\u010dnosti","item":"https:\/\/www.neo-suite.de\/cs\/profil-spolecnosti\/"},{"@type":"ListItem","position":3,"name":"Odborn\u00edk Dr. Wolfgang R\u00f6ckelein"}]},{"@type":"WebSite","@id":"https:\/\/www.neo-suite.de\/cs\/#website","url":"https:\/\/www.neo-suite.de\/cs\/","name":"Axians | NEO","description":"","potentialAction":[{"@type":"SearchAction","target":{"@type":"EntryPoint","urlTemplate":"https:\/\/www.neo-suite.de\/cs\/?s={search_term_string}"},"query-input":{"@type":"PropertyValueSpecification","valueRequired":true,"valueName":"search_term_string"}}],"inLanguage":"cs-CZ"}]}},"_links":{"self":[{"href":"https:\/\/www.neo-suite.de\/cs\/wp-json\/wp\/v2\/pages\/6778","targetHints":{"allow":["GET"]}}],"collection":[{"href":"https:\/\/www.neo-suite.de\/cs\/wp-json\/wp\/v2\/pages"}],"about":[{"href":"https:\/\/www.neo-suite.de\/cs\/wp-json\/wp\/v2\/types\/page"}],"author":[{"embeddable":true,"href":"https:\/\/www.neo-suite.de\/cs\/wp-json\/wp\/v2\/users\/3"}],"replies":[{"embeddable":true,"href":"https:\/\/www.neo-suite.de\/cs\/wp-json\/wp\/v2\/comments?post=6778"}],"version-history":[{"count":1,"href":"https:\/\/www.neo-suite.de\/cs\/wp-json\/wp\/v2\/pages\/6778\/revisions"}],"predecessor-version":[{"id":6781,"href":"https:\/\/www.neo-suite.de\/cs\/wp-json\/wp\/v2\/pages\/6778\/revisions\/6781"}],"up":[{"embeddable":true,"href":"https:\/\/www.neo-suite.de\/cs\/wp-json\/wp\/v2\/pages\/6745"}],"wp:attachment":[{"href":"https:\/\/www.neo-suite.de\/cs\/wp-json\/wp\/v2\/media?parent=6778"}],"curies":[{"name":"wp","href":"https:\/\/api.w.org\/{rel}","templated":true}]}}