{"id":6774,"date":"2023-07-26T10:16:12","date_gmt":"2023-07-26T08:16:12","guid":{"rendered":"https:\/\/www.neo-suite.de\/profil-spolecnosti\/odbornik-stefan-westermayr\/"},"modified":"2025-01-15T11:36:57","modified_gmt":"2025-01-15T10:36:57","slug":"odbornik-stefan-westermayr","status":"publish","type":"page","link":"https:\/\/www.neo-suite.de\/cs\/profil-spolecnosti\/odbornik-stefan-westermayr\/","title":{"rendered":"Odborn\u00edk Stefan Westermayr"},"content":{"rendered":"<div class=\"wpb-content-wrapper\">[vc_row ppi_row_type=&#8221;gradient_endeavour&#8221; full_width=&#8221;stretch_narrow_row&#8221;][vc_column]<div class=\"ppi_headlines\"><h1 class=\"h1\">Stefan Westermayr<\/h1><h2 class=\"h2\">Vedouc\u00ed t\u00fdmu SAP Consulting &amp; Solutions<\/h2><\/div>[\/vc_column][\/vc_row][vc_row full_width=&#8221;narrow_row&#8221;][vc_column width=&#8221;1\/2&#8243;][vc_column_text]<strong>Stefan Westermayr<\/strong>jako konzultant SAP EAM podporuje projekty mobiln\u00ed \u00fadr\u017eby ve v\u0161ech pr\u016fmyslov\u00fdch odv\u011btv\u00edch ji\u017e v\u00edce ne\u017e 10 let. Je vedouc\u00edm t\u00fdmu SAP Consulting &amp; Solutions a specializuje se na mobiln\u00ed syst\u00e9my \u0159\u00edzen\u00ed pracovn\u00ed s\u00edly a nov\u00e9 technologie t\u00fdkaj\u00edc\u00ed se internetu v\u011bc\u00ed a cloudov\u00fdch slu\u017eeb.\n\nSpecializuje se tak\u00e9 na technick\u00e9 a strategick\u00e9 poradenstv\u00ed v oblasti z\u00e1kaznick\u00fdch slu\u017eeb a proces\u016f spr\u00e1vy majetku v kontextu S\/4HANA a inteligentn\u00ed spr\u00e1vy majetku SAP. Kontakt:<a href=\"mailto:stefan.westermayr@axians.de\">stefan.westermayr@axians.de<\/a>[\/vc_column_text][\/vc_column][vc_column width=&#8221;1\/2&#8243;]<div class=\"axi_image \"><figure class=\"global-shadow\"><img loading=\"lazy\" decoding=\"async\" width=\"1000\" height=\"1000\" src=\"https:\/\/www.neo-suite.de\/wp\/wp-content\/uploads\/2023\/07\/Stefan-Westermayr.jpg\" class=\"attachment-axi-lg size-axi-lg\" alt=\"Stefan Westermayr\" srcset=\"https:\/\/www.neo-suite.de\/wp\/wp-content\/uploads\/2023\/07\/Stefan-Westermayr.jpg 1000w, https:\/\/www.neo-suite.de\/wp\/wp-content\/uploads\/2023\/07\/Stefan-Westermayr-300x300.jpg 300w, https:\/\/www.neo-suite.de\/wp\/wp-content\/uploads\/2023\/07\/Stefan-Westermayr-150x150.jpg 150w, https:\/\/www.neo-suite.de\/wp\/wp-content\/uploads\/2023\/07\/Stefan-Westermayr-768x768.jpg 768w, https:\/\/www.neo-suite.de\/wp\/wp-content\/uploads\/2023\/07\/Stefan-Westermayr-992x992.jpg 992w, https:\/\/www.neo-suite.de\/wp\/wp-content\/uploads\/2023\/07\/Stefan-Westermayr-480x480.jpg 480w, https:\/\/www.neo-suite.de\/wp\/wp-content\/uploads\/2023\/07\/Stefan-Westermayr-896x896.jpg 896w, https:\/\/www.neo-suite.de\/wp\/wp-content\/uploads\/2023\/07\/Stefan-Westermayr-240x240.jpg 240w\" sizes=\"auto, (max-width: 1000px) 100vw, 1000px\" \/><\/figure><\/div>[\/vc_column][\/vc_row]<\/div>","protected":false},"excerpt":{"rendered":"[vc_row ppi_row_type=\"gradient_endeavour\" full_width=\"stretch_narrow_row\"][vc_column]Stefan WestermayrVedouc\u00ed t\u00fdmu SAP Consulting &amp; Solutions[\/vc_column][\/vc_row][vc_row full_width=\"narrow_row\"][vc_column width=\"1\/2\"][vc_column_text]Stefan Westermayrjako konzultant SAP EAM podporuje projekty mobiln\u00ed \u00fadr\u017eby ve v\u0161ech pr\u016fmyslov\u00fdch odv\u011btv\u00edch ji\u017e v\u00edce ne\u017e 10 let. Je vedouc\u00edm t\u00fdmu SAP Consulting &amp; Solutions a specializuje se na mobiln\u00ed syst\u00e9my \u0159\u00edzen\u00ed pracovn\u00ed s\u00edly a nov\u00e9 technologie t\u00fdkaj\u00edc\u00ed se internetu v\u011bc\u00ed a cloudov\u00fdch slu\u017eeb. Specializuje [...]","protected":false},"author":3,"featured_media":0,"parent":6745,"menu_order":0,"comment_status":"closed","ping_status":"closed","template":"","meta":{"_acf_changed":false,"inline_featured_image":false,"footnotes":""},"class_list":["post-6774","page","type-page","status-publish","hentry"],"acf":[],"yoast_head":"<!-- This site is optimized with the Yoast SEO Premium plugin v27.2 (Yoast SEO v27.2) - https:\/\/yoast.com\/product\/yoast-seo-premium-wordpress\/ -->\n<title>Stefan Westermayr - SAP Consulting &amp; Solutions<\/title>\n<meta name=\"description\" content=\"Stefan Westermayr - V\u00e1\u0161 odborn\u00edk na poradenstv\u00ed a \u0159e\u0161en\u00ed SAP. Specializuje se na projekty mobiln\u00ed \u00fadr\u017eby a IoT.\" \/>\n<meta name=\"robots\" content=\"index, follow, max-snippet:-1, max-image-preview:large, max-video-preview:-1\" \/>\n<link rel=\"canonical\" href=\"https:\/\/www.neo-suite.de\/cs\/profil-spolecnosti\/odbornik-stefan-westermayr\/\" \/>\n<meta property=\"og:locale\" content=\"cs_CZ\" \/>\n<meta property=\"og:type\" content=\"article\" \/>\n<meta property=\"og:title\" content=\"Odborn\u00edk Stefan Westermayr\" \/>\n<meta property=\"og:description\" content=\"Stefan Westermayr - V\u00e1\u0161 odborn\u00edk na poradenstv\u00ed a \u0159e\u0161en\u00ed SAP. Specializuje se na projekty mobiln\u00ed \u00fadr\u017eby a IoT.\" \/>\n<meta property=\"og:url\" content=\"https:\/\/www.neo-suite.de\/cs\/profil-spolecnosti\/odbornik-stefan-westermayr\/\" \/>\n<meta property=\"og:site_name\" content=\"Axians | NEO\" \/>\n<meta property=\"article:modified_time\" content=\"2025-01-15T10:36:57+00:00\" \/>\n<meta name=\"twitter:card\" content=\"summary_large_image\" \/>\n<meta name=\"twitter:label1\" content=\"Est. reading time\" \/>\n\t<meta name=\"twitter:data1\" content=\"1 minute\" \/>\n<script type=\"application\/ld+json\" class=\"yoast-schema-graph\">{\"@context\":\"https:\/\/schema.org\",\"@graph\":[{\"@type\":\"WebPage\",\"@id\":\"https:\/\/www.neo-suite.de\/cs\/profil-spolecnosti\/odbornik-stefan-westermayr\/\",\"url\":\"https:\/\/www.neo-suite.de\/cs\/profil-spolecnosti\/odbornik-stefan-westermayr\/\",\"name\":\"Stefan Westermayr - SAP Consulting & Solutions\",\"isPartOf\":{\"@id\":\"https:\/\/www.neo-suite.de\/cs\/#website\"},\"datePublished\":\"2023-07-26T08:16:12+00:00\",\"dateModified\":\"2025-01-15T10:36:57+00:00\",\"description\":\"Stefan Westermayr - V\u00e1\u0161 odborn\u00edk na poradenstv\u00ed a \u0159e\u0161en\u00ed SAP. Specializuje se na projekty mobiln\u00ed \u00fadr\u017eby a IoT.\",\"breadcrumb\":{\"@id\":\"https:\/\/www.neo-suite.de\/cs\/profil-spolecnosti\/odbornik-stefan-westermayr\/#breadcrumb\"},\"inLanguage\":\"cs-CZ\",\"potentialAction\":[{\"@type\":\"ReadAction\",\"target\":[\"https:\/\/www.neo-suite.de\/cs\/profil-spolecnosti\/odbornik-stefan-westermayr\/\"]}]},{\"@type\":\"BreadcrumbList\",\"@id\":\"https:\/\/www.neo-suite.de\/cs\/profil-spolecnosti\/odbornik-stefan-westermayr\/#breadcrumb\",\"itemListElement\":[{\"@type\":\"ListItem\",\"position\":1,\"name\":\"Home\",\"item\":\"https:\/\/www.neo-suite.de\/cs\/\"},{\"@type\":\"ListItem\",\"position\":2,\"name\":\"Profil spole\u010dnosti\",\"item\":\"https:\/\/www.neo-suite.de\/cs\/profil-spolecnosti\/\"},{\"@type\":\"ListItem\",\"position\":3,\"name\":\"Odborn\u00edk Stefan Westermayr\"}]},{\"@type\":\"WebSite\",\"@id\":\"https:\/\/www.neo-suite.de\/cs\/#website\",\"url\":\"https:\/\/www.neo-suite.de\/cs\/\",\"name\":\"Axians | NEO\",\"description\":\"\",\"potentialAction\":[{\"@type\":\"SearchAction\",\"target\":{\"@type\":\"EntryPoint\",\"urlTemplate\":\"https:\/\/www.neo-suite.de\/cs\/?s={search_term_string}\"},\"query-input\":{\"@type\":\"PropertyValueSpecification\",\"valueRequired\":true,\"valueName\":\"search_term_string\"}}],\"inLanguage\":\"cs-CZ\"}]}<\/script>\n<!-- \/ Yoast SEO Premium plugin. -->","yoast_head_json":{"title":"Stefan Westermayr - SAP Consulting & Solutions","description":"Stefan Westermayr - V\u00e1\u0161 odborn\u00edk na poradenstv\u00ed a \u0159e\u0161en\u00ed SAP. Specializuje se na projekty mobiln\u00ed \u00fadr\u017eby a IoT.","robots":{"index":"index","follow":"follow","max-snippet":"max-snippet:-1","max-image-preview":"max-image-preview:large","max-video-preview":"max-video-preview:-1"},"canonical":"https:\/\/www.neo-suite.de\/cs\/profil-spolecnosti\/odbornik-stefan-westermayr\/","og_locale":"cs_CZ","og_type":"article","og_title":"Odborn\u00edk Stefan Westermayr","og_description":"Stefan Westermayr - V\u00e1\u0161 odborn\u00edk na poradenstv\u00ed a \u0159e\u0161en\u00ed SAP. Specializuje se na projekty mobiln\u00ed \u00fadr\u017eby a IoT.","og_url":"https:\/\/www.neo-suite.de\/cs\/profil-spolecnosti\/odbornik-stefan-westermayr\/","og_site_name":"Axians | NEO","article_modified_time":"2025-01-15T10:36:57+00:00","twitter_card":"summary_large_image","twitter_misc":{"Est. reading time":"1 minute"},"schema":{"@context":"https:\/\/schema.org","@graph":[{"@type":"WebPage","@id":"https:\/\/www.neo-suite.de\/cs\/profil-spolecnosti\/odbornik-stefan-westermayr\/","url":"https:\/\/www.neo-suite.de\/cs\/profil-spolecnosti\/odbornik-stefan-westermayr\/","name":"Stefan Westermayr - SAP Consulting & Solutions","isPartOf":{"@id":"https:\/\/www.neo-suite.de\/cs\/#website"},"datePublished":"2023-07-26T08:16:12+00:00","dateModified":"2025-01-15T10:36:57+00:00","description":"Stefan Westermayr - V\u00e1\u0161 odborn\u00edk na poradenstv\u00ed a \u0159e\u0161en\u00ed SAP. Specializuje se na projekty mobiln\u00ed \u00fadr\u017eby a IoT.","breadcrumb":{"@id":"https:\/\/www.neo-suite.de\/cs\/profil-spolecnosti\/odbornik-stefan-westermayr\/#breadcrumb"},"inLanguage":"cs-CZ","potentialAction":[{"@type":"ReadAction","target":["https:\/\/www.neo-suite.de\/cs\/profil-spolecnosti\/odbornik-stefan-westermayr\/"]}]},{"@type":"BreadcrumbList","@id":"https:\/\/www.neo-suite.de\/cs\/profil-spolecnosti\/odbornik-stefan-westermayr\/#breadcrumb","itemListElement":[{"@type":"ListItem","position":1,"name":"Home","item":"https:\/\/www.neo-suite.de\/cs\/"},{"@type":"ListItem","position":2,"name":"Profil spole\u010dnosti","item":"https:\/\/www.neo-suite.de\/cs\/profil-spolecnosti\/"},{"@type":"ListItem","position":3,"name":"Odborn\u00edk Stefan Westermayr"}]},{"@type":"WebSite","@id":"https:\/\/www.neo-suite.de\/cs\/#website","url":"https:\/\/www.neo-suite.de\/cs\/","name":"Axians | NEO","description":"","potentialAction":[{"@type":"SearchAction","target":{"@type":"EntryPoint","urlTemplate":"https:\/\/www.neo-suite.de\/cs\/?s={search_term_string}"},"query-input":{"@type":"PropertyValueSpecification","valueRequired":true,"valueName":"search_term_string"}}],"inLanguage":"cs-CZ"}]}},"_links":{"self":[{"href":"https:\/\/www.neo-suite.de\/cs\/wp-json\/wp\/v2\/pages\/6774","targetHints":{"allow":["GET"]}}],"collection":[{"href":"https:\/\/www.neo-suite.de\/cs\/wp-json\/wp\/v2\/pages"}],"about":[{"href":"https:\/\/www.neo-suite.de\/cs\/wp-json\/wp\/v2\/types\/page"}],"author":[{"embeddable":true,"href":"https:\/\/www.neo-suite.de\/cs\/wp-json\/wp\/v2\/users\/3"}],"replies":[{"embeddable":true,"href":"https:\/\/www.neo-suite.de\/cs\/wp-json\/wp\/v2\/comments?post=6774"}],"version-history":[{"count":1,"href":"https:\/\/www.neo-suite.de\/cs\/wp-json\/wp\/v2\/pages\/6774\/revisions"}],"predecessor-version":[{"id":6777,"href":"https:\/\/www.neo-suite.de\/cs\/wp-json\/wp\/v2\/pages\/6774\/revisions\/6777"}],"up":[{"embeddable":true,"href":"https:\/\/www.neo-suite.de\/cs\/wp-json\/wp\/v2\/pages\/6745"}],"wp:attachment":[{"href":"https:\/\/www.neo-suite.de\/cs\/wp-json\/wp\/v2\/media?parent=6774"}],"curies":[{"name":"wp","href":"https:\/\/api.w.org\/{rel}","templated":true}]}}