{"id":6770,"date":"2023-07-26T10:14:56","date_gmt":"2023-07-26T08:14:56","guid":{"rendered":"https:\/\/www.neo-suite.de\/profil-spolecnosti\/expert-alexander-vasilchenko\/"},"modified":"2025-01-15T11:36:56","modified_gmt":"2025-01-15T10:36:56","slug":"expert-alexander-vasilchenko","status":"publish","type":"page","link":"https:\/\/www.neo-suite.de\/cs\/profil-spolecnosti\/expert-alexander-vasilchenko\/","title":{"rendered":"Expert Alexander Vasilchenko"},"content":{"rendered":"<div class=\"wpb-content-wrapper\">[vc_row ppi_row_type=&#8221;gradient_endeavour&#8221; full_width=&#8221;stretch_narrow_row&#8221;][vc_column]<div class=\"ppi_headlines\"><h1 class=\"h1\">Alexander Vasil\u010denko<\/h1><h2 class=\"h2\">Mana\u017eer obchodn\u00ed jednotky pro \u0159e\u0161en\u00ed slu\u017eeb<\/h2><\/div>[\/vc_column][\/vc_row][vc_row full_width=&#8221;narrow_row&#8221;][vc_column width=&#8221;1\/2&#8243;][vc_column_text]<strong>Alexander Wassiltschenko<\/strong>je ve spole\u010dnosti Axians NEO Solutions &amp; Technology GmbH zodpov\u011bdn\u00fd za portfolio \u0159e\u0161en\u00ed pro z\u00e1kaznick\u00fd servis a spr\u00e1vu majetku. Ji\u017e v\u00edce ne\u017e 15 let se zab\u00fdv\u00e1 optimalizac\u00ed proces\u016f z\u00e1kaznick\u00e9ho servisu\/\u00fadr\u017eby zalo\u017een\u00fdch na syst\u00e9mu SAP prost\u0159ednictv\u00edm \u0159e\u0161en\u00ed pro pl\u00e1nov\u00e1n\u00ed nasazen\u00ed a mobiln\u00edch aplikac\u00ed. N\u011bkolik let tak\u00e9 poskytuje poradenstv\u00ed v oblasti distribuce n\u00e1hradn\u00edch d\u00edl\u016f p\u0159es internet, Pr\u016fmyslu 4.0 a prediktivn\u00edch servisn\u00edch \u0159e\u0161en\u00ed. Kontakt: <a href=\"mailto:alexander.wassiltschenko@axians.de\">alexander.wassiltschenko@axians.de<\/a>[\/vc_column_text][\/vc_column][vc_column width=&#8221;1\/2&#8243;]<div class=\"axi_image \"><figure class=\"global-shadow\"><img loading=\"lazy\" decoding=\"async\" width=\"1000\" height=\"1000\" src=\"https:\/\/www.neo-suite.de\/wp\/wp-content\/uploads\/2023\/07\/Alexander-Wassiltschenko.jpg\" class=\"attachment-axi-lg size-axi-lg\" alt=\"Alexander Wassiltschenko\" srcset=\"https:\/\/www.neo-suite.de\/wp\/wp-content\/uploads\/2023\/07\/Alexander-Wassiltschenko.jpg 1000w, https:\/\/www.neo-suite.de\/wp\/wp-content\/uploads\/2023\/07\/Alexander-Wassiltschenko-300x300.jpg 300w, https:\/\/www.neo-suite.de\/wp\/wp-content\/uploads\/2023\/07\/Alexander-Wassiltschenko-150x150.jpg 150w, https:\/\/www.neo-suite.de\/wp\/wp-content\/uploads\/2023\/07\/Alexander-Wassiltschenko-768x768.jpg 768w, https:\/\/www.neo-suite.de\/wp\/wp-content\/uploads\/2023\/07\/Alexander-Wassiltschenko-992x992.jpg 992w, https:\/\/www.neo-suite.de\/wp\/wp-content\/uploads\/2023\/07\/Alexander-Wassiltschenko-480x480.jpg 480w, https:\/\/www.neo-suite.de\/wp\/wp-content\/uploads\/2023\/07\/Alexander-Wassiltschenko-896x896.jpg 896w, https:\/\/www.neo-suite.de\/wp\/wp-content\/uploads\/2023\/07\/Alexander-Wassiltschenko-240x240.jpg 240w\" sizes=\"auto, (max-width: 1000px) 100vw, 1000px\" \/><\/figure><\/div>[\/vc_column][\/vc_row]<\/div>","protected":false},"excerpt":{"rendered":"[vc_row ppi_row_type=\"gradient_endeavour\" full_width=\"stretch_narrow_row\"][vc_column]Alexander Vasil\u010denkoMana\u017eer obchodn\u00ed jednotky pro \u0159e\u0161en\u00ed slu\u017eeb[\/vc_column][\/vc_row][vc_row full_width=\"narrow_row\"][vc_column width=\"1\/2\"][vc_column_text]Alexander Wassiltschenkoje ve spole\u010dnosti Axians NEO Solutions &amp; Technology GmbH zodpov\u011bdn\u00fd za portfolio \u0159e\u0161en\u00ed pro z\u00e1kaznick\u00fd servis a spr\u00e1vu majetku. Ji\u017e v\u00edce ne\u017e 15 let se zab\u00fdv\u00e1 optimalizac\u00ed proces\u016f z\u00e1kaznick\u00e9ho servisu\/\u00fadr\u017eby zalo\u017een\u00fdch na syst\u00e9mu SAP prost\u0159ednictv\u00edm \u0159e\u0161en\u00ed pro pl\u00e1nov\u00e1n\u00ed nasazen\u00ed a mobiln\u00edch aplikac\u00ed. N\u011bkolik let [...]","protected":false},"author":3,"featured_media":0,"parent":6745,"menu_order":0,"comment_status":"closed","ping_status":"closed","template":"","meta":{"_acf_changed":false,"inline_featured_image":false,"footnotes":""},"class_list":["post-6770","page","type-page","status-publish","hentry"],"acf":[],"yoast_head":"<!-- This site is optimized with the Yoast SEO Premium plugin v27.2 (Yoast SEO v27.2) - https:\/\/yoast.com\/product\/yoast-seo-premium-wordpress\/ -->\n<title>Alexander Wassilchenko: Z\u00e1kaznick\u00fd servis a spr\u00e1va majetku<\/title>\n<meta name=\"description\" content=\"Alexander Wassiltschenko - odborn\u00edk na slu\u017eby z\u00e1kazn\u00edk\u016fm a spr\u00e1vu majetku. Vyu\u017eijte \u0159e\u0161en\u00ed na m\u00edru pro v\u00e1\u0161 \u00fasp\u011bch.\" \/>\n<meta name=\"robots\" content=\"index, follow, max-snippet:-1, max-image-preview:large, max-video-preview:-1\" \/>\n<link rel=\"canonical\" href=\"https:\/\/www.neo-suite.de\/cs\/profil-spolecnosti\/expert-alexander-vasilchenko\/\" \/>\n<meta property=\"og:locale\" content=\"cs_CZ\" \/>\n<meta property=\"og:type\" content=\"article\" \/>\n<meta property=\"og:title\" content=\"Expert Alexander Vasilchenko\" \/>\n<meta property=\"og:description\" content=\"Alexander Wassiltschenko - odborn\u00edk na slu\u017eby z\u00e1kazn\u00edk\u016fm a spr\u00e1vu majetku. Vyu\u017eijte \u0159e\u0161en\u00ed na m\u00edru pro v\u00e1\u0161 \u00fasp\u011bch.\" \/>\n<meta property=\"og:url\" content=\"https:\/\/www.neo-suite.de\/cs\/profil-spolecnosti\/expert-alexander-vasilchenko\/\" \/>\n<meta property=\"og:site_name\" content=\"Axians | NEO\" \/>\n<meta property=\"article:modified_time\" content=\"2025-01-15T10:36:56+00:00\" \/>\n<meta name=\"twitter:card\" content=\"summary_large_image\" \/>\n<meta name=\"twitter:label1\" content=\"Est. reading time\" \/>\n\t<meta name=\"twitter:data1\" content=\"1 minute\" \/>\n<script type=\"application\/ld+json\" class=\"yoast-schema-graph\">{\"@context\":\"https:\/\/schema.org\",\"@graph\":[{\"@type\":\"WebPage\",\"@id\":\"https:\/\/www.neo-suite.de\/cs\/profil-spolecnosti\/expert-alexander-vasilchenko\/\",\"url\":\"https:\/\/www.neo-suite.de\/cs\/profil-spolecnosti\/expert-alexander-vasilchenko\/\",\"name\":\"Alexander Wassilchenko: Z\u00e1kaznick\u00fd servis a spr\u00e1va majetku\",\"isPartOf\":{\"@id\":\"https:\/\/www.neo-suite.de\/cs\/#website\"},\"datePublished\":\"2023-07-26T08:14:56+00:00\",\"dateModified\":\"2025-01-15T10:36:56+00:00\",\"description\":\"Alexander Wassiltschenko - odborn\u00edk na slu\u017eby z\u00e1kazn\u00edk\u016fm a spr\u00e1vu majetku. Vyu\u017eijte \u0159e\u0161en\u00ed na m\u00edru pro v\u00e1\u0161 \u00fasp\u011bch.\",\"breadcrumb\":{\"@id\":\"https:\/\/www.neo-suite.de\/cs\/profil-spolecnosti\/expert-alexander-vasilchenko\/#breadcrumb\"},\"inLanguage\":\"cs-CZ\",\"potentialAction\":[{\"@type\":\"ReadAction\",\"target\":[\"https:\/\/www.neo-suite.de\/cs\/profil-spolecnosti\/expert-alexander-vasilchenko\/\"]}]},{\"@type\":\"BreadcrumbList\",\"@id\":\"https:\/\/www.neo-suite.de\/cs\/profil-spolecnosti\/expert-alexander-vasilchenko\/#breadcrumb\",\"itemListElement\":[{\"@type\":\"ListItem\",\"position\":1,\"name\":\"Home\",\"item\":\"https:\/\/www.neo-suite.de\/cs\/\"},{\"@type\":\"ListItem\",\"position\":2,\"name\":\"Profil spole\u010dnosti\",\"item\":\"https:\/\/www.neo-suite.de\/cs\/profil-spolecnosti\/\"},{\"@type\":\"ListItem\",\"position\":3,\"name\":\"Expert Alexander Vasilchenko\"}]},{\"@type\":\"WebSite\",\"@id\":\"https:\/\/www.neo-suite.de\/cs\/#website\",\"url\":\"https:\/\/www.neo-suite.de\/cs\/\",\"name\":\"Axians | NEO\",\"description\":\"\",\"potentialAction\":[{\"@type\":\"SearchAction\",\"target\":{\"@type\":\"EntryPoint\",\"urlTemplate\":\"https:\/\/www.neo-suite.de\/cs\/?s={search_term_string}\"},\"query-input\":{\"@type\":\"PropertyValueSpecification\",\"valueRequired\":true,\"valueName\":\"search_term_string\"}}],\"inLanguage\":\"cs-CZ\"}]}<\/script>\n<!-- \/ Yoast SEO Premium plugin. -->","yoast_head_json":{"title":"Alexander Wassilchenko: Z\u00e1kaznick\u00fd servis a spr\u00e1va majetku","description":"Alexander Wassiltschenko - odborn\u00edk na slu\u017eby z\u00e1kazn\u00edk\u016fm a spr\u00e1vu majetku. Vyu\u017eijte \u0159e\u0161en\u00ed na m\u00edru pro v\u00e1\u0161 \u00fasp\u011bch.","robots":{"index":"index","follow":"follow","max-snippet":"max-snippet:-1","max-image-preview":"max-image-preview:large","max-video-preview":"max-video-preview:-1"},"canonical":"https:\/\/www.neo-suite.de\/cs\/profil-spolecnosti\/expert-alexander-vasilchenko\/","og_locale":"cs_CZ","og_type":"article","og_title":"Expert Alexander Vasilchenko","og_description":"Alexander Wassiltschenko - odborn\u00edk na slu\u017eby z\u00e1kazn\u00edk\u016fm a spr\u00e1vu majetku. Vyu\u017eijte \u0159e\u0161en\u00ed na m\u00edru pro v\u00e1\u0161 \u00fasp\u011bch.","og_url":"https:\/\/www.neo-suite.de\/cs\/profil-spolecnosti\/expert-alexander-vasilchenko\/","og_site_name":"Axians | NEO","article_modified_time":"2025-01-15T10:36:56+00:00","twitter_card":"summary_large_image","twitter_misc":{"Est. reading time":"1 minute"},"schema":{"@context":"https:\/\/schema.org","@graph":[{"@type":"WebPage","@id":"https:\/\/www.neo-suite.de\/cs\/profil-spolecnosti\/expert-alexander-vasilchenko\/","url":"https:\/\/www.neo-suite.de\/cs\/profil-spolecnosti\/expert-alexander-vasilchenko\/","name":"Alexander Wassilchenko: Z\u00e1kaznick\u00fd servis a spr\u00e1va majetku","isPartOf":{"@id":"https:\/\/www.neo-suite.de\/cs\/#website"},"datePublished":"2023-07-26T08:14:56+00:00","dateModified":"2025-01-15T10:36:56+00:00","description":"Alexander Wassiltschenko - odborn\u00edk na slu\u017eby z\u00e1kazn\u00edk\u016fm a spr\u00e1vu majetku. Vyu\u017eijte \u0159e\u0161en\u00ed na m\u00edru pro v\u00e1\u0161 \u00fasp\u011bch.","breadcrumb":{"@id":"https:\/\/www.neo-suite.de\/cs\/profil-spolecnosti\/expert-alexander-vasilchenko\/#breadcrumb"},"inLanguage":"cs-CZ","potentialAction":[{"@type":"ReadAction","target":["https:\/\/www.neo-suite.de\/cs\/profil-spolecnosti\/expert-alexander-vasilchenko\/"]}]},{"@type":"BreadcrumbList","@id":"https:\/\/www.neo-suite.de\/cs\/profil-spolecnosti\/expert-alexander-vasilchenko\/#breadcrumb","itemListElement":[{"@type":"ListItem","position":1,"name":"Home","item":"https:\/\/www.neo-suite.de\/cs\/"},{"@type":"ListItem","position":2,"name":"Profil spole\u010dnosti","item":"https:\/\/www.neo-suite.de\/cs\/profil-spolecnosti\/"},{"@type":"ListItem","position":3,"name":"Expert Alexander Vasilchenko"}]},{"@type":"WebSite","@id":"https:\/\/www.neo-suite.de\/cs\/#website","url":"https:\/\/www.neo-suite.de\/cs\/","name":"Axians | NEO","description":"","potentialAction":[{"@type":"SearchAction","target":{"@type":"EntryPoint","urlTemplate":"https:\/\/www.neo-suite.de\/cs\/?s={search_term_string}"},"query-input":{"@type":"PropertyValueSpecification","valueRequired":true,"valueName":"search_term_string"}}],"inLanguage":"cs-CZ"}]}},"_links":{"self":[{"href":"https:\/\/www.neo-suite.de\/cs\/wp-json\/wp\/v2\/pages\/6770","targetHints":{"allow":["GET"]}}],"collection":[{"href":"https:\/\/www.neo-suite.de\/cs\/wp-json\/wp\/v2\/pages"}],"about":[{"href":"https:\/\/www.neo-suite.de\/cs\/wp-json\/wp\/v2\/types\/page"}],"author":[{"embeddable":true,"href":"https:\/\/www.neo-suite.de\/cs\/wp-json\/wp\/v2\/users\/3"}],"replies":[{"embeddable":true,"href":"https:\/\/www.neo-suite.de\/cs\/wp-json\/wp\/v2\/comments?post=6770"}],"version-history":[{"count":1,"href":"https:\/\/www.neo-suite.de\/cs\/wp-json\/wp\/v2\/pages\/6770\/revisions"}],"predecessor-version":[{"id":6773,"href":"https:\/\/www.neo-suite.de\/cs\/wp-json\/wp\/v2\/pages\/6770\/revisions\/6773"}],"up":[{"embeddable":true,"href":"https:\/\/www.neo-suite.de\/cs\/wp-json\/wp\/v2\/pages\/6745"}],"wp:attachment":[{"href":"https:\/\/www.neo-suite.de\/cs\/wp-json\/wp\/v2\/media?parent=6770"}],"curies":[{"name":"wp","href":"https:\/\/api.w.org\/{rel}","templated":true}]}}