{"id":6508,"date":"2023-07-11T10:58:51","date_gmt":"2023-07-11T08:58:51","guid":{"rendered":"https:\/\/www.neo-suite.de\/prizpusobitelnost\/"},"modified":"2025-10-10T15:53:21","modified_gmt":"2025-10-10T13:53:21","slug":"prizpusobitelnost","status":"publish","type":"page","link":"https:\/\/www.neo-suite.de\/cs\/sluzby\/prizpusobitelnost\/","title":{"rendered":"P\u0159izp\u016fsobitelnost"},"content":{"rendered":"<div class=\"wpb-content-wrapper\">[vc_row ppi_row_padding=&#8221;ppi_remove_padding_top,ppi_remove_padding_bottom&#8221; full_width=&#8221;stretch_row_content_no_spaces&#8221;][vc_column]<div class=\"axi_keyvisual-slider js-keyvisual-slider\"><div class=\"swiper swiper-container flat\"><div class=\"swiper-wrapper\"><div class=\"axi_keyvisual-slider__item swiper-slide bg-gradient-zodiac\"><img loading=\"lazy\" decoding=\"async\" width=\"1920\" height=\"600\" src=\"https:\/\/www.neo-suite.de\/wp\/wp-content\/uploads\/2023\/07\/anpassbarkeit.jpg\" class=\"axi_keyvisual-slider__item__image\" alt=\"Zwei Disponenten zeigen auf vier Bildschirme\" srcset=\"https:\/\/www.neo-suite.de\/wp\/wp-content\/uploads\/2023\/07\/anpassbarkeit.jpg 1920w, https:\/\/www.neo-suite.de\/wp\/wp-content\/uploads\/2023\/07\/anpassbarkeit-300x94.jpg 300w, https:\/\/www.neo-suite.de\/wp\/wp-content\/uploads\/2023\/07\/anpassbarkeit-1024x320.jpg 1024w, https:\/\/www.neo-suite.de\/wp\/wp-content\/uploads\/2023\/07\/anpassbarkeit-768x240.jpg 768w, https:\/\/www.neo-suite.de\/wp\/wp-content\/uploads\/2023\/07\/anpassbarkeit-1200x375.jpg 1200w, https:\/\/www.neo-suite.de\/wp\/wp-content\/uploads\/2023\/07\/anpassbarkeit-992x310.jpg 992w, https:\/\/www.neo-suite.de\/wp\/wp-content\/uploads\/2023\/07\/anpassbarkeit-480x150.jpg 480w\" sizes=\"auto, (max-width: 1920px) 100vw, 1920px\" \/><div class=\"axi_keyvisual-slider__item__content\"><div class=\"ppi_row ppi_row-flex flex-align-center\"><div class=\"ppi_col-xs-12 ppi_col-lg-5 ppi_col-lg-push-1\"><div class=\"axi_keyvisual-slider__item__content__inner\"><div class=\"axi_keyvisual-slider__item__content__headlines\"><h1 class=\"axi_keyvisual-slider__item__content__headline h1\">Roz\u0161\u00ed\u0159en\u00ed, p\u0159izp\u016fsobivost a personalizace<\/h1><span class=\"axi_keyvisual-slider__item__content__subheadline\">Jak pou\u017e\u00edvat sadu NEO Suite 100% pro va\u0161e po\u017eadavky a procesy<\/span><\/div><\/div><\/div><\/div><\/div><div class=\"axi_keyvisual-slider__item__overlay\"><\/div><\/div><\/div><\/div><\/div>[\/vc_column][\/vc_row][vc_row full_width=&#8221;narrow_row&#8221;][vc_column]<div class=\"ppi_headlines\"><div class=\"topline text-center\">P\u0159izp\u016fsobivost je kl\u00ed\u010dem k \u00fasp\u011bchu!<\/div><h2 class=\"h2 text-center\">Standardn\u00ed software versus v\u00fdvoj na m\u00edru<\/h2><\/div>[vc_column_text]<span style=\"font-weight: 400\">Na trhu je dnes cel\u00e1 \u0159ada poskytovatel\u016f a \u0159e\u0161en\u00ed pro digitalizaci proces\u016f \u00fadr\u017eby a z\u00e1kaznick\u00fdch slu\u017eeb. Z\u00e1kazn\u00edci mohou o\u010dek\u00e1vat, \u017ee budou moci pot\u0159ebn\u00e9 funkce mapovat pomoc\u00ed standardn\u00edho softwaru a u\u0161et\u0159\u00ed si tak \u010dasov\u011b n\u00e1ro\u010dn\u00e9 implementa\u010dn\u00ed projekty &#8211; obvykle v\u0161ak s kompromisy z hlediska p\u0159izp\u016fsobitelnosti. <\/span>\r\n\r\n<span style=\"font-weight: 400\">Zejm\u00e9na poskytovatel\u00e9 cloudov\u00fdch \u0159e\u0161en\u00ed, kter\u00e1 jsou obecn\u011b standardizovan\u011bj\u0161\u00ed a nab\u00edzej\u00ed m\u00e9n\u011b mo\u017enost\u00ed p\u0159izp\u016fsoben\u00ed ne\u017e \u0159e\u0161en\u00ed on-premise, v\u0161ak \u010del\u00ed v\u00fdzv\u011b, jak jednotn\u011b zmapovat funk\u010dn\u00ed rozsah co nejv\u011bt\u0161\u00edho po\u010dtu z\u00e1kazn\u00edk\u016f. Tento velmi dalekos\u00e1hl\u00fd typ standardizace m\u00e1 p\u0159i implementaci slo\u017eit\u011bj\u0161\u00edch po\u017eadavk\u016f krom\u011b v\u00fd\u0161e uveden\u00fdch v\u00fdhod i n\u00e1sleduj\u00edc\u00ed v\u00fdhody <\/span><b>Nev\u00fdhody pro z\u00e1kazn\u00edky:<\/b>\r\n<ul>\r\n \t<li style=\"font-weight: 400\"><b>Nedostate\u010dn\u00e1 p\u0159izp\u016fsobitelnost<\/b><span style=\"font-weight: 400\">Standardn\u00ed software je obvykle vyv\u00edjen pro \u0161irokou u\u017eivatelskou z\u00e1kladnu a ne v\u017edy spl\u0148uje specifick\u00e9 po\u017eadavky spole\u010dnosti. M\u016f\u017ee b\u00fdt obt\u00ed\u017en\u00e9 prov\u00e9st p\u0159izp\u016fsoben\u00ed specifick\u00fdm podnikov\u00fdm proces\u016fm nebo po\u017eadavk\u016fm. <\/span><\/li>\r\n \t<li style=\"font-weight: 400\"><b>Zbyte\u010dn\u00e9 funkce<\/b><span style=\"font-weight: 400\">Standardn\u00ed software \u010dasto obsahuje funkce, kter\u00e9 nejsou pro ur\u010dit\u00e9 spole\u010dnosti nebo odv\u011btv\u00ed relevantn\u00ed. V d\u016fsledku toho se u\u017eivatelsk\u00e1 rozhran\u00ed mohou st\u00e1t nep\u0159ehledn\u00fdmi a matouc\u00edmi, co\u017e m\u016f\u017ee v\u00e9st k neefektivn\u00edmu pou\u017e\u00edv\u00e1n\u00ed softwaru. <\/span><\/li>\r\n \t<li style=\"font-weight: 400\"><b>Omezen\u00e1 \u0161k\u00e1lovatelnost<\/b><span style=\"font-weight: 400\">Standardn\u00ed software je \u010dasto ur\u010den pro pou\u017eit\u00ed v mal\u00fdch a\u017e st\u0159edn\u011b velk\u00fdch firm\u00e1ch. Kdy\u017e se spole\u010dnost rozroste nebo zm\u011bn\u00ed, standardn\u00ed software ji\u017e nemus\u00ed sta\u010dit zv\u00fd\u0161en\u00fdm po\u017eadavk\u016fm. V takov\u00fdch p\u0159\u00edpadech m\u016f\u017ee b\u00fdt nutn\u00e9 zv\u00e1\u017eit n\u00e1kladn\u00e9 a \u010dasov\u011b n\u00e1ro\u010dn\u00e9 p\u0159izp\u016fsoben\u00ed nebo p\u0159echod na jin\u00e9 softwarov\u00e9 \u0159e\u0161en\u00ed. <\/span><\/li>\r\n<\/ul>\r\n<b>Omezen\u00ed integrace<\/b><span style=\"font-weight: 400\">Standardn\u00ed software mus\u00ed b\u00fdt \u010dasto integrov\u00e1n do st\u00e1vaj\u00edc\u00ed infrastruktury IT. To m\u016f\u017ee v\u00e9st k probl\u00e9m\u016fm s kompatibilitou, zejm\u00e9na pokud standardn\u00ed software nem\u00e1 otev\u0159en\u00e1 rozhran\u00ed nebo nefunguje dob\u0159e s jin\u00fdmi syst\u00e9my. To m\u016f\u017ee v\u00e9st ke zv\u00fd\u0161en\u00e9mu \u00fasil\u00ed p\u0159i v\u00fdvoji a dodate\u010dn\u00fdm n\u00e1klad\u016fm. <\/span>[\/vc_column_text][\/vc_column][\/vc_row][vc_row ppi_row_type=&#8221;gradient_endeavour&#8221; full_width=&#8221;stretch_narrow_row&#8221;][vc_column]<div class=\"ppi_headlines\"><h2 class=\"h2 text-center\">Axians NEO Suite - Standardn\u00ed software s inovativn\u00edm konceptem roz\u0161\u00ed\u0159en\u00ed a p\u0159izp\u016fsoben\u00ed<\/h2><\/div>[vc_column_text]<span style=\"font-weight: 400\">D\u00edky sad\u011b NEO Suite nab\u00edz\u00edme na\u0161im z\u00e1kazn\u00edk\u016fm v\u00fdhody standardn\u00edho \u0159e\u0161en\u00ed. <\/span><b>standardn\u00ed software s \u0161irokou \u0161k\u00e1lou funkc\u00ed<\/b><span style=\"font-weight: 400\"> a <\/span><b>integraci se syst\u00e9mem SAP na kl\u00ed\u010d<\/b><span style=\"font-weight: 400\"> a tak\u00e9 komplexn\u00ed koncept roz\u0161\u00ed\u0159en\u00ed, kter\u00fd umo\u017e\u0148uje dos\u00e1hnout optim\u00e1ln\u00ed u\u017eivatelsk\u00e9 a procesn\u00ed podpory pro ka\u017ed\u00e9ho jednotliv\u00e9ho z\u00e1kazn\u00edka.<\/span> <span style=\"font-weight: 400\">P\u0159izp\u016fsobitelnost: V <\/span><b>NEO Enhancement Framework<\/b>\r\n\r\n<span style=\"font-weight: 400\"> umo\u017e\u0148uje v\u00fdvoj\u00e1\u0159\u016fm flexibiln\u011b p\u0159izp\u016fsobovat a roz\u0161i\u0159ovat funkce \u0159e\u0161en\u00ed NEO Suite bez nutnosti rozs\u00e1hl\u00fdch zm\u011bn v j\u00e1dru syst\u00e9mu. Podporuje modul\u00e1rn\u00ed v\u00fdvoj, usnad\u0148uje integraci roz\u0161\u00ed\u0159en\u00ed a umo\u017e\u0148uje dlouhodobou \u00fadr\u017ebu a aktualizaci softwaru. To znamen\u00e1, \u017ee i rozs\u00e1hle roz\u0161\u00ed\u0159en\u00e1 \u0159e\u0161en\u00ed z\u016fst\u00e1vaj\u00ed schopna kdykoli aktualizovat vyd\u00e1n\u00ed a vy m\u016f\u017eete vyu\u017e\u00edvat v\u00fdhod aktualizac\u00ed a upgrad\u016f produktu. <\/span>[\/vc_column_text][\/vc_column][\/vc_row][vc_row][vc_column]<div class=\"ppi_headlines\"><h2 class=\"h2 text-center\">NEO Enhancement Framework nab\u00edz\u00ed n\u00e1sleduj\u00edc\u00ed mo\u017enosti p\u0159izp\u016fsoben\u00ed a roz\u0161\u00ed\u0159en\u00ed:<\/h2><\/div>\n<div class=\"axi_image-text ppi_row ppi_row-flex\">\n    <div class=\"ppi_col-xs-12 ppi_col-lg-6 vertical-align-center\">\n                    <div class=\"axi_image-text__content\">\n                <h3>U\u017eivatelsk\u00e1 rozhran\u00ed<\/h3>\n<p>Pole, oblasti obrazovky nebo funkce lze zobrazit nebo skr\u00fdt pomoc\u00ed konfigurace a mohou b\u00fdt tak\u00e9 zalo\u017eeny na u\u017eivatelsk\u00fdch rol\u00edch. Dal\u0161\u00ed prvky rozhran\u00ed, od jednotliv\u00fdch pol\u00ed a\u017e po zcela nov\u00e9 dialogy, lze bez probl\u00e9m\u016f integrovat do st\u00e1vaj\u00edc\u00edch standardn\u00edch rozhran\u00ed. Personalizace umo\u017e\u0148uje u\u017eivatel\u016fm, aby si sami snadno ur\u010dili a ulo\u017eili zobrazovan\u00e1 pole, filtrov\u00e1n\u00ed a t\u0159\u00edd\u011bn\u00ed dat. D\u00edky tomu se u\u017eivatel\u016fm zobrazuj\u00ed informace, kter\u00e9 pot\u0159ebuj\u00ed, a mohou svou pr\u00e1ci dokon\u010dit s co nejmen\u0161\u00edm \u00fasil\u00edm.<\/p>\n                            <\/div>\n            <\/div>\n\n    <div class=\"ppi_col-xs-12 ppi_col-lg-6 axi_image\">\n                <figure class=\"global-shadow\">\n            <img loading=\"lazy\" decoding=\"async\" width=\"1200\" height=\"501\" src=\"https:\/\/www.neo-suite.de\/wp\/wp-content\/uploads\/2023\/07\/shutterstock_714655705-e1689590094542.jpg\" class=\"attachment-axi-lg size-axi-lg\" alt=\"UI Designer an Bildschirmen\" srcset=\"https:\/\/www.neo-suite.de\/wp\/wp-content\/uploads\/2023\/07\/shutterstock_714655705-e1689590094542.jpg 1200w, https:\/\/www.neo-suite.de\/wp\/wp-content\/uploads\/2023\/07\/shutterstock_714655705-e1689590094542-300x125.jpg 300w, https:\/\/www.neo-suite.de\/wp\/wp-content\/uploads\/2023\/07\/shutterstock_714655705-e1689590094542-1024x428.jpg 1024w, https:\/\/www.neo-suite.de\/wp\/wp-content\/uploads\/2023\/07\/shutterstock_714655705-e1689590094542-768x321.jpg 768w, https:\/\/www.neo-suite.de\/wp\/wp-content\/uploads\/2023\/07\/shutterstock_714655705-e1689590094542-992x414.jpg 992w, https:\/\/www.neo-suite.de\/wp\/wp-content\/uploads\/2023\/07\/shutterstock_714655705-e1689590094542-480x200.jpg 480w\" sizes=\"auto, (max-width: 1200px) 100vw, 1200px\" \/>        <\/figure>\n                            <\/div>\n\n    <\/div>\n\n<div class=\"axi_image-text ppi_row ppi_row-flex\">\n    <div class=\"ppi_col-xs-12 ppi_col-lg-6 vertical-align-center ppi_col-lg-push-6\">\n                    <div class=\"axi_image-text__content\">\n                <h3>Logika aplikace<\/h3>\n<p>N\u00e1sledn\u00e1 oprava zaznamenan\u00fdch \u00fadaj\u016f je n\u00e1kladovou polo\u017ekou, zejm\u00e9na p\u0159i zav\u00e1d\u011bn\u00ed mobiln\u00edch \u0159e\u0161en\u00ed. Tomu lze do zna\u010dn\u00e9 m\u00edry p\u0159edej\u00edt \u00fapravou a roz\u0161\u00ed\u0159en\u00edm kontrol a automatism\u016f. NEO Enhancement Framework zde nab\u00edz\u00ed \u0161irokou \u0161k\u00e1lu mo\u017enost\u00ed, od jednoduch\u00fdch kontrol pol\u00ed (nap\u0159. form\u00e1t\u016f nebo povinn\u00fdch polo\u017eek) a z\u00e1vislost\u00ed (nap\u0159. zak\u00e1zku lze dokon\u010dit pouze tehdy, pokud byly zaznamen\u00e1ny pracovn\u00ed a cestovn\u00ed doby) a\u017e po \u00faplnou automatizaci pracovn\u00edch krok\u016f. Nap\u0159\u00edklad <a href=\"https:\/\/www.neo-suite.de\/cs\/reseni\/neo-suite\/operativni-planovani\/\">NEO Schedule<\/a> m\u016f\u017ee automaticky napl\u00e1novat n\u00e1sledn\u00fd \u00fakol pro stejn\u00e9ho technika, pokud nahl\u00e1s\u00ed zp\u011bt stav &#8220;N\u00e1sledn\u00fd \u00fakol vy\u017eadov\u00e1n&#8221;.<\/p>\n                            <\/div>\n            <\/div>\n\n    <div class=\"ppi_col-xs-12 ppi_col-lg-6 axi_image ppi_col-lg-pull-6 background-left\">\n                <figure class=\"global-shadow\">\n            <img loading=\"lazy\" decoding=\"async\" width=\"1200\" height=\"800\" src=\"https:\/\/www.neo-suite.de\/wp\/wp-content\/uploads\/2023\/07\/iStock-861189972.jpg\" class=\"attachment-axi-lg size-axi-lg\" alt=\"Windr\u00e4der mit Icons\" srcset=\"https:\/\/www.neo-suite.de\/wp\/wp-content\/uploads\/2023\/07\/iStock-861189972.jpg 1200w, https:\/\/www.neo-suite.de\/wp\/wp-content\/uploads\/2023\/07\/iStock-861189972-300x200.jpg 300w, https:\/\/www.neo-suite.de\/wp\/wp-content\/uploads\/2023\/07\/iStock-861189972-1024x683.jpg 1024w, https:\/\/www.neo-suite.de\/wp\/wp-content\/uploads\/2023\/07\/iStock-861189972-768x512.jpg 768w, https:\/\/www.neo-suite.de\/wp\/wp-content\/uploads\/2023\/07\/iStock-861189972-992x661.jpg 992w, https:\/\/www.neo-suite.de\/wp\/wp-content\/uploads\/2023\/07\/iStock-861189972-480x320.jpg 480w\" sizes=\"auto, (max-width: 1200px) 100vw, 1200px\" \/>        <\/figure>\n                            <\/div>\n\n    <\/div>\n\n<div class=\"axi_image-text ppi_row ppi_row-flex\">\n    <div class=\"ppi_col-xs-12 ppi_col-lg-6 vertical-align-center\">\n                    <div class=\"axi_image-text__content\">\n                <h3>Rozhran\u00ed, integrace a rozhran\u00ed API<\/h3>\n<p>Syst\u00e9m SAP je pro ka\u017ed\u00e9ho z\u00e1kazn\u00edka jin\u00fd: kter\u00e9 pole se pou\u017e\u00edv\u00e1 pro \u0159\u00edzen\u00ed priorit, kter\u00e1 datov\u00e1 pole jsou d\u016fle\u017eit\u00e1 pro pl\u00e1nov\u00e1n\u00ed a jak se \u0159\u00edd\u00ed z\u00fa\u010dtovatelnost objedn\u00e1vek. NEO Enhancement Framework poskytuje komplexn\u00ed p\u0159izp\u016fsoben\u00ed pro \u0159\u00edzen\u00ed v\u00fdm\u011bny dat, tak\u017ee z\u00e1kazn\u00edci nemus\u00ed p\u0159izp\u016fsobovat sv\u016fj syst\u00e9m SAP. Do rozhran\u00ed lze snadno p\u0159idat dal\u0161\u00ed datov\u00e1 pole a ka\u017edou funkci rezervace lze p\u0159epsat tak, aby vyhovovala individu\u00e1ln\u00edm po\u017eadavk\u016fm z\u00e1kazn\u00edka. Prost\u0159ednictv\u00edm modern\u00edch rozhran\u00ed webov\u00fdch slu\u017eeb sady NEO Suite lze rychle a bezpe\u010dn\u011b integrovat i dal\u0161\u00ed syst\u00e9my, jako jsou geografick\u00e9 informa\u010dn\u00ed syst\u00e9my, person\u00e1ln\u00ed syst\u00e9my NON-SAP nebo \u0159e\u0161en\u00ed pro prodej j\u00edzdenek.<\/p>\n                            <\/div>\n            <\/div>\n\n    <div class=\"ppi_col-xs-12 ppi_col-lg-6 axi_image\">\n                <figure class=\"global-shadow\">\n            <img loading=\"lazy\" decoding=\"async\" width=\"1200\" height=\"800\" src=\"https:\/\/www.neo-suite.de\/wp\/wp-content\/uploads\/2023\/07\/shutterstock_618142382.jpg\" class=\"attachment-axi-lg size-axi-lg\" alt=\"Techniker in Monitoring-Raum\" srcset=\"https:\/\/www.neo-suite.de\/wp\/wp-content\/uploads\/2023\/07\/shutterstock_618142382.jpg 1200w, https:\/\/www.neo-suite.de\/wp\/wp-content\/uploads\/2023\/07\/shutterstock_618142382-300x200.jpg 300w, https:\/\/www.neo-suite.de\/wp\/wp-content\/uploads\/2023\/07\/shutterstock_618142382-1024x683.jpg 1024w, https:\/\/www.neo-suite.de\/wp\/wp-content\/uploads\/2023\/07\/shutterstock_618142382-768x512.jpg 768w, https:\/\/www.neo-suite.de\/wp\/wp-content\/uploads\/2023\/07\/shutterstock_618142382-992x661.jpg 992w, https:\/\/www.neo-suite.de\/wp\/wp-content\/uploads\/2023\/07\/shutterstock_618142382-480x320.jpg 480w\" sizes=\"auto, (max-width: 1200px) 100vw, 1200px\" \/>        <\/figure>\n                            <\/div>\n\n    <\/div>\n[\/vc_column][\/vc_row][vc_row ppi_row_type=&#8221;ppi_background-image&#8221; full_width=&#8221;stretch_narrow_row&#8221; ppi_row_bg_image=&#8221;850&#8243;][vc_column]<div class=\"axi_textbanner\">\n    <div\n        class=\"axi_textbanner__background bg-endeavour\"><\/div>\n    <div class=\"axi_textbanner__content\">\n        <h2 class=\"axi_textbanner__content__title\">Zjist\u011bte v\u00edce.<\/h2>        <p class=\"axi_textbanner__content__description\">Chcete se dozv\u011bd\u011bt v\u00edce o na\u0161\u00ed projektov\u00e9 metodice?<\/p>                            <a href=\"https:\/\/www.neo-suite.de\/cs\/sluzby\/metodika\/\"\n               class=\"' . SLUG . '_textbanner__content__button button button--primary\"  title=\"Metodika\">Metodika<\/a>\n            <\/div>\n<\/div>\n[\/vc_column][\/vc_row][vc_row][vc_column]<div class=\"ppi_separator\"><\/div>[\/vc_column][\/vc_row]<\/div>","protected":false},"excerpt":{"rendered":"[vc_row ppi_row_padding=\"ppi_remove_padding_top,ppi_remove_padding_bottom\" full_width=\"stretch_row_content_no_spaces\"][vc_column]Roz\u0161\u00ed\u0159en\u00ed, p\u0159izp\u016fsobivost a personalizaceJak pou\u017e\u00edvat sadu NEO Suite 100% pro va\u0161e po\u017eadavky a procesy[\/vc_column][\/vc_row][vc_row full_width=\"narrow_row\"][vc_column]P\u0159izp\u016fsobivost je kl\u00ed\u010dem k \u00fasp\u011bchu!Standardn\u00ed software versus v\u00fdvoj na m\u00edru[vc_column_text]Na trhu je dnes cel\u00e1 \u0159ada poskytovatel\u016f a \u0159e\u0161en\u00ed pro digitalizaci proces\u016f \u00fadr\u017eby a z\u00e1kaznick\u00fdch slu\u017eeb. Z\u00e1kazn\u00edci mohou o\u010dek\u00e1vat, \u017ee budou moci pot\u0159ebn\u00e9 funkce mapovat pomoc\u00ed standardn\u00edho softwaru a u\u0161et\u0159\u00ed [...]","protected":false},"author":3,"featured_media":6510,"parent":6729,"menu_order":0,"comment_status":"closed","ping_status":"closed","template":"","meta":{"_acf_changed":false,"inline_featured_image":false,"footnotes":""},"class_list":["post-6508","page","type-page","status-publish","has-post-thumbnail","hentry"],"acf":[],"yoast_head":"<!-- This site is optimized with the Yoast SEO Premium plugin v27.2 (Yoast SEO v27.2) - https:\/\/yoast.com\/product\/yoast-seo-premium-wordpress\/ -->\n<title>P\u0159izp\u016fsobivost, roz\u0161\u00ed\u0159en\u00ed a personalizace s NEO Suite<\/title>\n<meta name=\"description\" content=\"P\u0159izp\u016fsobitelnost s NEO Suite: Zjist\u011bte v\u00edce o tom, jak na\u0161e \u0159e\u0161en\u00ed p\u0159izp\u016fsobujeme va\u0161im po\u017eadavk\u016fm a proces\u016fm.\" \/>\n<meta name=\"robots\" content=\"index, follow, max-snippet:-1, max-image-preview:large, max-video-preview:-1\" \/>\n<link rel=\"canonical\" href=\"https:\/\/www.neo-suite.de\/cs\/sluzby\/prizpusobitelnost\/\" \/>\n<meta property=\"og:locale\" content=\"cs_CZ\" \/>\n<meta property=\"og:type\" content=\"article\" \/>\n<meta property=\"og:title\" content=\"P\u0159izp\u016fsobitelnost\" \/>\n<meta property=\"og:description\" content=\"P\u0159izp\u016fsobitelnost s NEO Suite: Zjist\u011bte v\u00edce o tom, jak na\u0161e \u0159e\u0161en\u00ed p\u0159izp\u016fsobujeme va\u0161im po\u017eadavk\u016fm a proces\u016fm.\" \/>\n<meta property=\"og:url\" content=\"https:\/\/www.neo-suite.de\/cs\/sluzby\/prizpusobitelnost\/\" \/>\n<meta property=\"og:site_name\" content=\"Axians | NEO\" \/>\n<meta property=\"article:modified_time\" content=\"2025-10-10T13:53:21+00:00\" \/>\n<meta property=\"og:image\" content=\"https:\/\/www.neo-suite.de\/wp\/wp-content\/uploads\/2023\/07\/shutterstock_2222963001.jpg\" \/>\n\t<meta property=\"og:image:width\" content=\"1200\" \/>\n\t<meta property=\"og:image:height\" content=\"450\" \/>\n\t<meta property=\"og:image:type\" content=\"image\/jpeg\" \/>\n<meta name=\"twitter:card\" content=\"summary_large_image\" \/>\n<meta name=\"twitter:label1\" content=\"Est. reading time\" \/>\n\t<meta name=\"twitter:data1\" content=\"4 minutes\" \/>\n<script type=\"application\/ld+json\" class=\"yoast-schema-graph\">{\"@context\":\"https:\/\/schema.org\",\"@graph\":[{\"@type\":\"WebPage\",\"@id\":\"https:\/\/www.neo-suite.de\/cs\/sluzby\/prizpusobitelnost\/\",\"url\":\"https:\/\/www.neo-suite.de\/cs\/sluzby\/prizpusobitelnost\/\",\"name\":\"P\u0159izp\u016fsobivost, roz\u0161\u00ed\u0159en\u00ed a personalizace s NEO Suite\",\"isPartOf\":{\"@id\":\"https:\/\/www.neo-suite.de\/cs\/#website\"},\"primaryImageOfPage\":{\"@id\":\"https:\/\/www.neo-suite.de\/cs\/sluzby\/prizpusobitelnost\/#primaryimage\"},\"image\":{\"@id\":\"https:\/\/www.neo-suite.de\/cs\/sluzby\/prizpusobitelnost\/#primaryimage\"},\"thumbnailUrl\":\"https:\/\/www.neo-suite.de\/wp\/wp-content\/uploads\/2023\/07\/shutterstock_2222963001.jpg\",\"datePublished\":\"2023-07-11T08:58:51+00:00\",\"dateModified\":\"2025-10-10T13:53:21+00:00\",\"description\":\"P\u0159izp\u016fsobitelnost s NEO Suite: Zjist\u011bte v\u00edce o tom, jak na\u0161e \u0159e\u0161en\u00ed p\u0159izp\u016fsobujeme va\u0161im po\u017eadavk\u016fm a proces\u016fm.\",\"breadcrumb\":{\"@id\":\"https:\/\/www.neo-suite.de\/cs\/sluzby\/prizpusobitelnost\/#breadcrumb\"},\"inLanguage\":\"cs-CZ\",\"potentialAction\":[{\"@type\":\"ReadAction\",\"target\":[\"https:\/\/www.neo-suite.de\/cs\/sluzby\/prizpusobitelnost\/\"]}]},{\"@type\":\"ImageObject\",\"inLanguage\":\"cs-CZ\",\"@id\":\"https:\/\/www.neo-suite.de\/cs\/sluzby\/prizpusobitelnost\/#primaryimage\",\"url\":\"https:\/\/www.neo-suite.de\/wp\/wp-content\/uploads\/2023\/07\/shutterstock_2222963001.jpg\",\"contentUrl\":\"https:\/\/www.neo-suite.de\/wp\/wp-content\/uploads\/2023\/07\/shutterstock_2222963001.jpg\",\"width\":1200,\"height\":450,\"caption\":\"Technici u monitor\u016f\"},{\"@type\":\"BreadcrumbList\",\"@id\":\"https:\/\/www.neo-suite.de\/cs\/sluzby\/prizpusobitelnost\/#breadcrumb\",\"itemListElement\":[{\"@type\":\"ListItem\",\"position\":1,\"name\":\"Home\",\"item\":\"https:\/\/www.neo-suite.de\/cs\/\"},{\"@type\":\"ListItem\",\"position\":2,\"name\":\"Slu\u017eby\",\"item\":\"https:\/\/www.neo-suite.de\/cs\/sluzby\/\"},{\"@type\":\"ListItem\",\"position\":3,\"name\":\"P\u0159izp\u016fsobitelnost\"}]},{\"@type\":\"WebSite\",\"@id\":\"https:\/\/www.neo-suite.de\/cs\/#website\",\"url\":\"https:\/\/www.neo-suite.de\/cs\/\",\"name\":\"Axians | NEO\",\"description\":\"\",\"potentialAction\":[{\"@type\":\"SearchAction\",\"target\":{\"@type\":\"EntryPoint\",\"urlTemplate\":\"https:\/\/www.neo-suite.de\/cs\/?s={search_term_string}\"},\"query-input\":{\"@type\":\"PropertyValueSpecification\",\"valueRequired\":true,\"valueName\":\"search_term_string\"}}],\"inLanguage\":\"cs-CZ\"}]}<\/script>\n<!-- \/ Yoast SEO Premium plugin. -->","yoast_head_json":{"title":"P\u0159izp\u016fsobivost, roz\u0161\u00ed\u0159en\u00ed a personalizace s NEO Suite","description":"P\u0159izp\u016fsobitelnost s NEO Suite: Zjist\u011bte v\u00edce o tom, jak na\u0161e \u0159e\u0161en\u00ed p\u0159izp\u016fsobujeme va\u0161im po\u017eadavk\u016fm a proces\u016fm.","robots":{"index":"index","follow":"follow","max-snippet":"max-snippet:-1","max-image-preview":"max-image-preview:large","max-video-preview":"max-video-preview:-1"},"canonical":"https:\/\/www.neo-suite.de\/cs\/sluzby\/prizpusobitelnost\/","og_locale":"cs_CZ","og_type":"article","og_title":"P\u0159izp\u016fsobitelnost","og_description":"P\u0159izp\u016fsobitelnost s NEO Suite: Zjist\u011bte v\u00edce o tom, jak na\u0161e \u0159e\u0161en\u00ed p\u0159izp\u016fsobujeme va\u0161im po\u017eadavk\u016fm a proces\u016fm.","og_url":"https:\/\/www.neo-suite.de\/cs\/sluzby\/prizpusobitelnost\/","og_site_name":"Axians | NEO","article_modified_time":"2025-10-10T13:53:21+00:00","og_image":[{"width":1200,"height":450,"url":"https:\/\/www.neo-suite.de\/wp\/wp-content\/uploads\/2023\/07\/shutterstock_2222963001.jpg","type":"image\/jpeg"}],"twitter_card":"summary_large_image","twitter_misc":{"Est. reading time":"4 minutes"},"schema":{"@context":"https:\/\/schema.org","@graph":[{"@type":"WebPage","@id":"https:\/\/www.neo-suite.de\/cs\/sluzby\/prizpusobitelnost\/","url":"https:\/\/www.neo-suite.de\/cs\/sluzby\/prizpusobitelnost\/","name":"P\u0159izp\u016fsobivost, roz\u0161\u00ed\u0159en\u00ed a personalizace s NEO Suite","isPartOf":{"@id":"https:\/\/www.neo-suite.de\/cs\/#website"},"primaryImageOfPage":{"@id":"https:\/\/www.neo-suite.de\/cs\/sluzby\/prizpusobitelnost\/#primaryimage"},"image":{"@id":"https:\/\/www.neo-suite.de\/cs\/sluzby\/prizpusobitelnost\/#primaryimage"},"thumbnailUrl":"https:\/\/www.neo-suite.de\/wp\/wp-content\/uploads\/2023\/07\/shutterstock_2222963001.jpg","datePublished":"2023-07-11T08:58:51+00:00","dateModified":"2025-10-10T13:53:21+00:00","description":"P\u0159izp\u016fsobitelnost s NEO Suite: Zjist\u011bte v\u00edce o tom, jak na\u0161e \u0159e\u0161en\u00ed p\u0159izp\u016fsobujeme va\u0161im po\u017eadavk\u016fm a proces\u016fm.","breadcrumb":{"@id":"https:\/\/www.neo-suite.de\/cs\/sluzby\/prizpusobitelnost\/#breadcrumb"},"inLanguage":"cs-CZ","potentialAction":[{"@type":"ReadAction","target":["https:\/\/www.neo-suite.de\/cs\/sluzby\/prizpusobitelnost\/"]}]},{"@type":"ImageObject","inLanguage":"cs-CZ","@id":"https:\/\/www.neo-suite.de\/cs\/sluzby\/prizpusobitelnost\/#primaryimage","url":"https:\/\/www.neo-suite.de\/wp\/wp-content\/uploads\/2023\/07\/shutterstock_2222963001.jpg","contentUrl":"https:\/\/www.neo-suite.de\/wp\/wp-content\/uploads\/2023\/07\/shutterstock_2222963001.jpg","width":1200,"height":450,"caption":"Technici u monitor\u016f"},{"@type":"BreadcrumbList","@id":"https:\/\/www.neo-suite.de\/cs\/sluzby\/prizpusobitelnost\/#breadcrumb","itemListElement":[{"@type":"ListItem","position":1,"name":"Home","item":"https:\/\/www.neo-suite.de\/cs\/"},{"@type":"ListItem","position":2,"name":"Slu\u017eby","item":"https:\/\/www.neo-suite.de\/cs\/sluzby\/"},{"@type":"ListItem","position":3,"name":"P\u0159izp\u016fsobitelnost"}]},{"@type":"WebSite","@id":"https:\/\/www.neo-suite.de\/cs\/#website","url":"https:\/\/www.neo-suite.de\/cs\/","name":"Axians | NEO","description":"","potentialAction":[{"@type":"SearchAction","target":{"@type":"EntryPoint","urlTemplate":"https:\/\/www.neo-suite.de\/cs\/?s={search_term_string}"},"query-input":{"@type":"PropertyValueSpecification","valueRequired":true,"valueName":"search_term_string"}}],"inLanguage":"cs-CZ"}]}},"_links":{"self":[{"href":"https:\/\/www.neo-suite.de\/cs\/wp-json\/wp\/v2\/pages\/6508","targetHints":{"allow":["GET"]}}],"collection":[{"href":"https:\/\/www.neo-suite.de\/cs\/wp-json\/wp\/v2\/pages"}],"about":[{"href":"https:\/\/www.neo-suite.de\/cs\/wp-json\/wp\/v2\/types\/page"}],"author":[{"embeddable":true,"href":"https:\/\/www.neo-suite.de\/cs\/wp-json\/wp\/v2\/users\/3"}],"replies":[{"embeddable":true,"href":"https:\/\/www.neo-suite.de\/cs\/wp-json\/wp\/v2\/comments?post=6508"}],"version-history":[{"count":5,"href":"https:\/\/www.neo-suite.de\/cs\/wp-json\/wp\/v2\/pages\/6508\/revisions"}],"predecessor-version":[{"id":10970,"href":"https:\/\/www.neo-suite.de\/cs\/wp-json\/wp\/v2\/pages\/6508\/revisions\/10970"}],"up":[{"embeddable":true,"href":"https:\/\/www.neo-suite.de\/cs\/wp-json\/wp\/v2\/pages\/6729"}],"wp:featuredmedia":[{"embeddable":true,"href":"https:\/\/www.neo-suite.de\/cs\/wp-json\/wp\/v2\/media\/6510"}],"wp:attachment":[{"href":"https:\/\/www.neo-suite.de\/cs\/wp-json\/wp\/v2\/media?parent=6508"}],"curies":[{"name":"wp","href":"https:\/\/api.w.org\/{rel}","templated":true}]}}