{"id":6454,"date":"2023-07-14T14:06:40","date_gmt":"2023-07-14T12:06:40","guid":{"rendered":"https:\/\/www.neo-suite.de\/lekarstvi-a-zdravi\/"},"modified":"2025-10-10T16:12:27","modified_gmt":"2025-10-10T14:12:27","slug":"lekarstvi-a-zdravi","status":"publish","type":"page","link":"https:\/\/www.neo-suite.de\/cs\/odvetvi\/lekarstvi-a-zdravi\/","title":{"rendered":"L\u00e9ka\u0159stv\u00ed a zdrav\u00ed"},"content":{"rendered":"<div class=\"wpb-content-wrapper\">[vc_row ppi_row_padding=&#8221;ppi_remove_padding_bottom&#8221; full_width=&#8221;stretch_row_content_no_spaces&#8221;][vc_column]<div class=\"axi_keyvisual-slider js-keyvisual-slider\"><div class=\"swiper swiper-container flat\"><div class=\"swiper-wrapper\"><div class=\"axi_keyvisual-slider__item swiper-slide bg-gradient-zodiac\"><img loading=\"lazy\" decoding=\"async\" width=\"1200\" height=\"720\" src=\"https:\/\/www.neo-suite.de\/wp\/wp-content\/uploads\/2023\/07\/shutterstock_524351890.jpg\" class=\"axi_keyvisual-slider__item__image\" alt=\"Laboration mit Mikroskop\" srcset=\"https:\/\/www.neo-suite.de\/wp\/wp-content\/uploads\/2023\/07\/shutterstock_524351890.jpg 1200w, https:\/\/www.neo-suite.de\/wp\/wp-content\/uploads\/2023\/07\/shutterstock_524351890-300x180.jpg 300w, https:\/\/www.neo-suite.de\/wp\/wp-content\/uploads\/2023\/07\/shutterstock_524351890-1024x614.jpg 1024w, https:\/\/www.neo-suite.de\/wp\/wp-content\/uploads\/2023\/07\/shutterstock_524351890-768x461.jpg 768w, https:\/\/www.neo-suite.de\/wp\/wp-content\/uploads\/2023\/07\/shutterstock_524351890-992x595.jpg 992w, https:\/\/www.neo-suite.de\/wp\/wp-content\/uploads\/2023\/07\/shutterstock_524351890-480x288.jpg 480w\" sizes=\"auto, (max-width: 1200px) 100vw, 1200px\" \/><div class=\"axi_keyvisual-slider__item__content\"><div class=\"ppi_row ppi_row-flex flex-align-center\"><div class=\"ppi_col-xs-12 ppi_col-lg-5 ppi_col-lg-push-1\"><div class=\"axi_keyvisual-slider__item__content__inner\"><div class=\"axi_keyvisual-slider__item__content__headlines\"><h1 class=\"axi_keyvisual-slider__item__content__headline h1\">L\u00e9ka\u0159sk\u00fd a zdravotnick\u00fd pr\u016fmysl<\/h1><span class=\"axi_keyvisual-slider__item__content__subheadline\">Software pro spr\u00e1vu a \u00fadr\u017ebu v ter\u00e9nu pro zdravotnick\u00fd pr\u016fmysl a zdravotnictv\u00ed<br\/><\/span><\/div><\/div><\/div><\/div><\/div><div class=\"axi_keyvisual-slider__item__overlay\"><\/div><\/div><\/div><\/div><\/div>[\/vc_column][\/vc_row][vc_row ppi_row_padding=&#8221;ppi_remove_padding_bottom&#8221; full_width=&#8221;stretch_narrow_row&#8221;][vc_column][vc_column_text]<span style=\"font-weight: 400\">L\u00e9ka\u0159sk\u00fd a zdravotnick\u00fd pr\u016fmysl podl\u00e9h\u00e1 cel\u00e9 \u0159ad\u011b pravidel a p\u0159edpis\u016f, kter\u00e9 se mohou v jednotliv\u00fdch zem\u00edch a regionech li\u0161it. P\u0159i pou\u017e\u00edv\u00e1n\u00ed softwaru pro spr\u00e1vu a \u00fadr\u017ebu ter\u00e9nn\u00edch slu\u017eeb ve zdravotnictv\u00ed je v\u017edy t\u0159eba br\u00e1t v \u00favahu po\u017eadavky na dodr\u017eov\u00e1n\u00ed p\u0159edpis\u016f, hygienick\u00e9 p\u0159edpisy a obez\u0159etn\u00e9 zach\u00e1zen\u00ed s citliv\u00fdmi \u00fadaji z\u00e1kazn\u00edk\u016f. <\/span>[\/vc_column_text][\/vc_column][\/vc_row][vc_row ppi_row_padding=&#8221;ppi_remove_padding_top&#8221; full_width=&#8221;stretch_narrow_row&#8221;][vc_column][vc_column_text]<span style=\"font-weight: 400\">Ve zdravotnictv\u00ed m\u00e1 spr\u00e1va zdravotnick\u00fdch prost\u0159edk\u016f, n\u00e1hradn\u00edch d\u00edl\u016f a spot\u0159ebn\u00edho materi\u00e1lu velk\u00fd v\u00fdznam. Software by m\u011bl umo\u017e\u0148ovat sledov\u00e1n\u00ed p\u0159\u00edstroj\u016f v\u010detn\u011b informac\u00ed, jako je um\u00edst\u011bn\u00ed, historie \u00fadr\u017eby a kalibra\u010dn\u00ed \u00fadaje. M\u011bl by tak\u00e9 usnadnit spr\u00e1vu n\u00e1hradn\u00edch d\u00edl\u016f a materi\u00e1l\u016f, v\u010detn\u011b sledov\u00e1n\u00ed z\u00e1sob, spr\u00e1vy objedn\u00e1vek a sledov\u00e1n\u00ed data spot\u0159eby. <\/span>\r\n\r\n<span style=\"font-weight: 400\">P\u0159i pl\u00e1nov\u00e1n\u00ed nasazen\u00ed hraj\u00ed d\u016fle\u017eitou roli osv\u011bd\u010den\u00ed zdravotnick\u00fdch technik\u016f. \u010casto mus\u00ed p\u0159edlo\u017eit doklad o ur\u010dit\u00e9 kvalifikaci pro konkr\u00e9tn\u00ed p\u0159\u00edstroje, kter\u00fd je platn\u00fd po stanovenou dobu. <\/span>\r\n\r\n<span style=\"font-weight: 400\">V l\u00e9ka\u0159sk\u00e9m a zdravotnick\u00e9m sektoru je z\u00e1sadn\u00ed schopnost softwaru pracovat v re\u017eimu offline, aby jej bylo mo\u017en\u00e9 pou\u017e\u00edvat i v citliv\u00fdch oblastech.<\/span>\r\n\r\n<span style=\"font-weight: 400\">V\u00fdrobn\u00ed syst\u00e9my mus\u00ed b\u00fdt udr\u017eov\u00e1ny a opravov\u00e1ny v souladu s vysok\u00fdmi standardy kvality. Po\u017eadavky na dokumentaci a spr\u00e1vn\u00e9 proveden\u00ed prac\u00ed v souladu s definovan\u00fdmi specifikacemi jsou vy\u0161\u0161\u00ed t\u00e9m\u011b\u0159 v ka\u017ed\u00e9m jin\u00e9m odv\u011btv\u00ed. <\/span>[\/vc_column_text]<div class=\"axi_image \"><figure class=\"global-shadow\"><img loading=\"lazy\" decoding=\"async\" width=\"1200\" height=\"675\" src=\"https:\/\/www.neo-suite.de\/wp\/wp-content\/uploads\/2023\/07\/shutterstock_1924512428.jpg\" class=\"attachment-axi-lg size-axi-lg\" alt=\"Labor\" srcset=\"https:\/\/www.neo-suite.de\/wp\/wp-content\/uploads\/2023\/07\/shutterstock_1924512428.jpg 1200w, https:\/\/www.neo-suite.de\/wp\/wp-content\/uploads\/2023\/07\/shutterstock_1924512428-300x169.jpg 300w, https:\/\/www.neo-suite.de\/wp\/wp-content\/uploads\/2023\/07\/shutterstock_1924512428-1024x576.jpg 1024w, https:\/\/www.neo-suite.de\/wp\/wp-content\/uploads\/2023\/07\/shutterstock_1924512428-768x432.jpg 768w, https:\/\/www.neo-suite.de\/wp\/wp-content\/uploads\/2023\/07\/shutterstock_1924512428-992x558.jpg 992w, https:\/\/www.neo-suite.de\/wp\/wp-content\/uploads\/2023\/07\/shutterstock_1924512428-480x270.jpg 480w\" sizes=\"auto, (max-width: 1200px) 100vw, 1200px\" \/><\/figure><\/div>[\/vc_column][\/vc_row][vc_row ppi_row_padding=&#8221;ppi_remove_padding_top&#8221; full_width=&#8221;narrow_row&#8221;][vc_column]<div class=\"ppi_headlines\"><h2 class=\"h2 text-center\">Digit\u00e1ln\u00ed software pro spr\u00e1vu a \u00fadr\u017ebu v oblasti zdravotnictv\u00ed a p\u00e9\u010de o zdrav\u00ed<\/h2><\/div>[vc_column_text]<span style=\"font-weight: 400\">Sada NEO Suite zahrnuje rozs\u00e1hl\u00fd bal\u00edk \u0159e\u0161en\u00ed, kter\u00fd je vhodn\u00fd zejm\u00e9na pro pl\u00e1nov\u00e1n\u00ed, prov\u00e1d\u011bn\u00ed a vyhodnocov\u00e1n\u00ed v\u0161ech servisn\u00edch a \u00fadr\u017eb\u00e1\u0159sk\u00fdch prac\u00ed v l\u00e9ka\u0159sk\u00e9m a zdravotnick\u00e9m sektoru. <\/span>[\/vc_column_text][\/vc_column][\/vc_row][vc_row ppi_row_type=&#8221;gradient_zodiac&#8221; full_width=&#8221;stretch_narrow_row&#8221;][vc_column width=&#8221;1\/2&#8243;][vc_column_text]<span style=\"font-weight: 400\">S <\/span><a href=\"https:\/\/www.neo-suite.de\/cs\/reseni\/neo-suite\/operativni-planovani\/\"><b>Pl\u00e1n NEO<\/b><\/a><span style=\"font-weight: 400\"> dispe\u010de\u0159i rozvrhuj\u00ed techniky podle kvalifikace po\u017eadovan\u00e9 pro p\u0159\u00edslu\u0161n\u00e9 zak\u00e1zky a zdravotnick\u00e9 prost\u0159edky. Po\u017eadovan\u00e9 certifikace a doba jejich platnosti jsou ulo\u017eeny v person\u00e1ln\u00edm syst\u00e9mu. Pl\u00e1nov\u00e1n\u00ed m\u016f\u017ee prov\u00e1d\u011bt dispe\u010der ru\u010dn\u011b, ale m\u016f\u017ee b\u00fdt tak\u00e9 \u010d\u00e1ste\u010dn\u011b nebo pln\u011b automatizovan\u00e9 a podporovan\u00e9 um\u011blou inteligenc\u00ed. Zohled\u0148uj\u00ed se po\u017eadavky, jako jsou doby a trasy cest, dostupnost zdroj\u016f a n\u00e1hradn\u00edch d\u00edl\u016f nebo kvalifikace. Koncepce roz\u0161\u00ed\u0159en\u00ed \u0159e\u0161en\u00ed umo\u017e\u0148uje p\u0159izp\u016fsobit proces pl\u00e1nov\u00e1n\u00ed individu\u00e1ln\u00edm pot\u0159eb\u00e1m spole\u010dnost\u00ed v l\u00e9ka\u0159sk\u00e9m a zdravotnick\u00e9m sektoru. <\/span>[\/vc_column_text][\/vc_column][vc_column width=&#8221;1\/2&#8243;][vc_column_text]<span style=\"font-weight: 400\">S <\/span><a href=\"https:\/\/www.neo-suite.de\/cs\/mobilni-reseni\/\"><b>NEO Mobile<\/b><\/a><span style=\"font-weight: 400\"> zam\u011bstnanci ter\u00e9nn\u00edch slu\u017eeb a \u00fadr\u017eby dost\u00e1vaj\u00ed p\u0159id\u011blen\u00e9 \u00fakoly na sv\u00e9 mobiln\u00ed za\u0159\u00edzen\u00ed. Tam mohou kontrolovat \u010dinnost, zaznamen\u00e1vat pracovn\u00ed hodiny a pau\u0161\u00e1ly, dokumentovat spot\u0159ebu materi\u00e1lu a dokladovat proveden\u00ed pr\u00e1ce na z\u00e1klad\u011b kontroln\u00edch seznam\u016f. Mo\u017enosti asistence zjednodu\u0161uj\u00ed pr\u00e1ci s aplikac\u00ed, tak\u017ee se zam\u011bstnanec m\u016f\u017ee pln\u011b soust\u0159edit na prov\u00e1d\u011bn\u00ed pr\u00e1ce. D\u00edky mo\u017enosti pou\u017eit\u00ed offline lze \u0159e\u0161en\u00ed pou\u017e\u00edvat i v citliv\u00fdch oblastech v nemocnic\u00edch, ordinac\u00edch l\u00e9ka\u0159\u016f a v pe\u010dovatelsk\u00e9m sektoru. <\/span>[\/vc_column_text][\/vc_column][\/vc_row][vc_row full_width=&#8221;narrow_row&#8221;][vc_column][vc_column_text]<span style=\"font-weight: 400\">Dal\u0161\u00ed \u0159e\u0161en\u00ed sady NEO Suite, jako je <a href=\"https:\/\/www.neo-suite.de\/cs\/reseni\/neo-suite\/portal-sluzeb\/\">NEO Service Portal <\/a>nebo <a href=\"https:\/\/www.neo-suite.de\/cs\/reseni\/neo-suite\/klicova-cisla-a-prehledy\/\">NEO Insight<\/a>, podporuj\u00ed procesy optimalizovanou komunikac\u00ed se z\u00e1kazn\u00edky a hodnot\u00edc\u00edmi panely.<\/span>[\/vc_column_text][\/vc_column][\/vc_row][vc_row full_width=&#8221;narrow_row&#8221;][vc_column]<div class=\"ppi_headlines\"><h2 class=\"h2 text-center\">Na\u0161e zku\u0161enosti v oboru l\u00e9ka\u0159stv\u00ed a zdravotnictv\u00ed<\/h2><\/div>[vc_column_text]<span style=\"font-weight: 400\">Sadu NEO Suite pou\u017e\u00edv\u00e1 \u0159ada st\u0159edn\u00edch a velk\u00fdch spole\u010dnost\u00ed v oblasti zdravotnictv\u00ed a l\u00e9ka\u0159stv\u00ed pro \u00fadr\u017ebu vlastn\u00edch syst\u00e9m\u016f a stroj\u016f i pro z\u00e1kaznick\u00fd servis. V\u00fdb\u011br na\u0161ich referenc\u00ed naleznete zde: <\/span>[\/vc_column_text][\/vc_column][\/vc_row][vc_row ppi_row_padding=&#8221;ppi_remove_padding_top&#8221; products=&#8221;%5B%7B%22image%22%3A%22375%22%2C%22title%22%3A%22Sekundenschnelle%20Daten%C3%BCbertragung%3A%20Mobile%20Wartung%20f%C3%BCr%20Netzbetreiber%22%2C%22content%22%3A%22Zur%20Mitarbeiterdisposition%20suchte%20die%20FairNetz%20GmbH%20eine%20Workforcemanagement-L%C3%B6sung.%20NEO%20Mobile%20bietet%20einfache%20Handhabung%20und%20schnelle%20Synchronisation.%22%2C%22link%22%3A%22url%3A%2523%7Ctitle%3AMehr%2520erfahren%22%7D%2C%7B%22image%22%3A%22373%22%2C%22title%22%3A%22NEO%20Mobile%20sorgt%20f%C3%BCr%20effiziente%20Abl%C3%A4ufe%22%2C%22content%22%3A%22Bei%20L%C3%96WEN%20Entertainment%20stand%20die%20Einf%C3%BChrung%20eines%20Mobile%20Workforce%20Managements%20an.%20Das%20Unternehmen%20suchte%20nach%20einer%20L%C3%B6sung%20ohne%20Systembr%C3%BCche.%22%2C%22link%22%3A%22url%3A%2523%7Ctitle%3AMehr%2520erfahren%22%7D%2C%7B%22image%22%3A%22371%22%2C%22title%22%3A%22Viessmann%20beschleunigt%20weltweit%20seinen%20technischen%20Kundendienst.%22%2C%22content%22%3A%22Gefordert%20war%20ein%20durchg%C3%A4ngiger%20Workflow%20in%20der%20Auftragsbearbeitung.%20Um%20das%20zu%20erreichen%2C%20hat%20Viessmann%20begonnen%2C%20alle%20Prozesse%20mit%20NEO%20Mobile%20einheitlich%20abzubilden.%22%2C%22link%22%3A%22url%3A%2523%7Ctitle%3AMehr%2520erfahren%22%7D%5D&#8221;][vc_column]<div class=\"axi_reference_slider js-reference_slider\"><div class=\"ppi_row\"><div class=\"ppi_col-xs-12 ppi_col-lg-10 ppi_col-lg-offset-1\"><div class=\"swiper swiper-container\" data-id=\"69f27eb37ff90\"><div class=\"swiper-wrapper\"><div class=\"swiper-slide\">\n    <div class=\"axi_reference_slider__item\">\n        <div class=\"ppi_row ppi_row-flex flex-align-stretch\">\n            <div class=\"ppi_col-xs-12 ppi_col-lg-4 border-right\">\n                <img loading=\"lazy\" decoding=\"async\" width=\"140\" height=\"90\" src=\"https:\/\/www.neo-suite.de\/wp\/wp-content\/uploads\/2023\/07\/Belimed.png\" class=\"axi_reference_slider__item__image attachment-axi-md\" alt=\"Logo spole\u010dnosti Belimed\" title=\"Belimed\" \/>            <\/div>\n            <div class=\"ppi_col-xs-12 ppi_col-lg-6 ppi_col-lg-offset-1\">\n                <div class=\"axi_reference_slider__item__content\">\n                <p class=\"axi_reference_slider__item__text\">Procesy z\u00e1kaznick\u00e9ho servisu byly d\u0159\u00edve mapov\u00e1ny pro ka\u017edou zemi zvl\u00e1\u0161\u0165. N\u011bmeck\u00e1 pobo\u010dka pracuje s Microsoft Dynamics CRM, zat\u00edmco \u0161v\u00fdcarsk\u00e1 pobo\u010dka pl\u00e1nuje objedn\u00e1vky pomoc\u00ed Excelu. V d\u016fsledku toho mohl proces a\u017e po fakturaci trvat t\u00fddny.  <\/p>                                    <a href=\"https:\/\/www.neo-suite.de\/cs\/odkazy\/plne-integrovany-mobilni-zakaznicky-servis-spolecnosti-belimed-ag\/\"\n                       class=\"button axi_reference_slider__item__button\"  title=\"Pro informaci\">Pro informaci<\/a>\n                            <\/div>\n            <\/div>\n        <\/div>\n    <\/div>\n<\/div>\n<\/div><\/div><div class=\"swiper-pagination axi_reference_slider-pagination axi_reference_slider-pagination-69f27eb37ff90\"><\/div><\/div><\/div><\/div>[\/vc_column][\/vc_row][vc_row ppi_row_type=&#8221;ppi_background-image&#8221; full_width=&#8221;stretch_narrow_row&#8221; ppi_row_bg_image=&#8221;886&#8243;][vc_column]<div class=\"axi_textbanner\">\n    <div\n        class=\"axi_textbanner__background bg-endeavour\"><\/div>\n    <div class=\"axi_textbanner__content\">\n        <h2 class=\"axi_textbanner__content__title\">Vyzkou\u0161ejte si NEO Mobile nyn\u00ed zdarma!<\/h2>                            <ul class=\"axi_textbanner__content__list\">\n                                    <li>Digit\u00e1ln\u00ed asistent pro va\u0161e techniky<\/li>\n                                    <li>Jednoduch\u00e9 ovl\u00e1d\u00e1n\u00ed pomoc\u00ed SAP Fiori<\/li>\n                                    <li>Rychlej\u0161\u00ed a efektivn\u011bj\u0161\u00ed procesy z\u00e1kaznick\u00e9ho servisu a \u00fadr\u017eby<\/li>\n                            <\/ul>\n                            <a href=\"https:\/\/www.neo-suite.de\/cs\/mobilni-reseni\/mobilni-ukazkova-aplikace-neo\/\"\n               class=\"' . SLUG . '_textbanner__content__button button button--primary\"  title=\"Test zdarma\">Test zdarma<\/a>\n            <\/div>\n<\/div>\n[\/vc_column][\/vc_row]<\/div>","protected":false},"excerpt":{"rendered":"[vc_row ppi_row_padding=\"ppi_remove_padding_bottom\" full_width=\"stretch_row_content_no_spaces\"][vc_column]L\u00e9ka\u0159sk\u00fd a zdravotnick\u00fd pr\u016fmyslSoftware pro spr\u00e1vu a \u00fadr\u017ebu v ter\u00e9nu pro zdravotnick\u00fd pr\u016fmysl a zdravotnictv\u00ed[\/vc_column][\/vc_row][vc_row ppi_row_padding=\"ppi_remove_padding_bottom\" full_width=\"stretch_narrow_row\"][vc_column][vc_column_text]L\u00e9ka\u0159sk\u00fd a zdravotnick\u00fd pr\u016fmysl podl\u00e9h\u00e1 cel\u00e9 \u0159ad\u011b pravidel a p\u0159edpis\u016f, kter\u00e9 se mohou v jednotliv\u00fdch zem\u00edch a regionech li\u0161it. P\u0159i pou\u017e\u00edv\u00e1n\u00ed softwaru pro spr\u00e1vu a \u00fadr\u017ebu ter\u00e9nn\u00edch slu\u017eeb ve zdravotnictv\u00ed je v\u017edy t\u0159eba br\u00e1t v \u00favahu po\u017eadavky [...]","protected":false},"author":9,"featured_media":6455,"parent":6475,"menu_order":0,"comment_status":"closed","ping_status":"closed","template":"","meta":{"_acf_changed":false,"inline_featured_image":false,"footnotes":""},"class_list":["post-6454","page","type-page","status-publish","has-post-thumbnail","hentry"],"acf":[],"yoast_head":"<!-- This site is optimized with the Yoast SEO Premium plugin v27.2 (Yoast SEO v27.2) - https:\/\/yoast.com\/product\/yoast-seo-premium-wordpress\/ -->\n<title>\u0158\u00edzen\u00ed slu\u017eeb v ter\u00e9nu pro l\u00e9ka\u0159sk\u00fd a zdravotnick\u00fd sektor<\/title>\n<meta name=\"description\" content=\"Optimalizujte \u0159\u00edzen\u00ed servisu v ter\u00e9nu a pr\u016fmyslov\u00e9 \u00fadr\u017eby pomoc\u00ed na\u0161eho softwaru pro zdravotnictv\u00ed a l\u00e9ka\u0159skou p\u00e9\u010di.\" \/>\n<meta name=\"robots\" content=\"index, follow, max-snippet:-1, max-image-preview:large, max-video-preview:-1\" \/>\n<link rel=\"canonical\" href=\"https:\/\/www.neo-suite.de\/cs\/odvetvi\/lekarstvi-a-zdravi\/\" \/>\n<meta property=\"og:locale\" content=\"cs_CZ\" \/>\n<meta property=\"og:type\" content=\"article\" \/>\n<meta property=\"og:title\" content=\"L\u00e9ka\u0159stv\u00ed a zdrav\u00ed\" \/>\n<meta property=\"og:description\" content=\"Optimalizujte \u0159\u00edzen\u00ed servisu v ter\u00e9nu a pr\u016fmyslov\u00e9 \u00fadr\u017eby pomoc\u00ed na\u0161eho softwaru pro zdravotnictv\u00ed a l\u00e9ka\u0159skou p\u00e9\u010di.\" \/>\n<meta property=\"og:url\" content=\"https:\/\/www.neo-suite.de\/cs\/odvetvi\/lekarstvi-a-zdravi\/\" \/>\n<meta property=\"og:site_name\" content=\"Axians | NEO\" \/>\n<meta property=\"article:modified_time\" content=\"2025-10-10T14:12:27+00:00\" \/>\n<meta property=\"og:image\" content=\"https:\/\/www.neo-suite.de\/wp\/wp-content\/uploads\/2023\/07\/shutterstock_524351890.jpg\" \/>\n\t<meta property=\"og:image:width\" content=\"1200\" \/>\n\t<meta property=\"og:image:height\" content=\"720\" \/>\n\t<meta property=\"og:image:type\" content=\"image\/jpeg\" \/>\n<meta name=\"twitter:card\" content=\"summary_large_image\" \/>\n<meta name=\"twitter:label1\" content=\"Est. reading time\" \/>\n\t<meta name=\"twitter:data1\" content=\"3 minutes\" \/>\n<script type=\"application\/ld+json\" class=\"yoast-schema-graph\">{\"@context\":\"https:\/\/schema.org\",\"@graph\":[{\"@type\":\"WebPage\",\"@id\":\"https:\/\/www.neo-suite.de\/cs\/odvetvi\/lekarstvi-a-zdravi\/\",\"url\":\"https:\/\/www.neo-suite.de\/cs\/odvetvi\/lekarstvi-a-zdravi\/\",\"name\":\"\u0158\u00edzen\u00ed slu\u017eeb v ter\u00e9nu pro l\u00e9ka\u0159sk\u00fd a zdravotnick\u00fd sektor\",\"isPartOf\":{\"@id\":\"https:\/\/www.neo-suite.de\/cs\/#website\"},\"primaryImageOfPage\":{\"@id\":\"https:\/\/www.neo-suite.de\/cs\/odvetvi\/lekarstvi-a-zdravi\/#primaryimage\"},\"image\":{\"@id\":\"https:\/\/www.neo-suite.de\/cs\/odvetvi\/lekarstvi-a-zdravi\/#primaryimage\"},\"thumbnailUrl\":\"https:\/\/www.neo-suite.de\/wp\/wp-content\/uploads\/2023\/07\/shutterstock_524351890.jpg\",\"datePublished\":\"2023-07-14T12:06:40+00:00\",\"dateModified\":\"2025-10-10T14:12:27+00:00\",\"description\":\"Optimalizujte \u0159\u00edzen\u00ed servisu v ter\u00e9nu a pr\u016fmyslov\u00e9 \u00fadr\u017eby pomoc\u00ed na\u0161eho softwaru pro zdravotnictv\u00ed a l\u00e9ka\u0159skou p\u00e9\u010di.\",\"breadcrumb\":{\"@id\":\"https:\/\/www.neo-suite.de\/cs\/odvetvi\/lekarstvi-a-zdravi\/#breadcrumb\"},\"inLanguage\":\"cs-CZ\",\"potentialAction\":[{\"@type\":\"ReadAction\",\"target\":[\"https:\/\/www.neo-suite.de\/cs\/odvetvi\/lekarstvi-a-zdravi\/\"]}]},{\"@type\":\"ImageObject\",\"inLanguage\":\"cs-CZ\",\"@id\":\"https:\/\/www.neo-suite.de\/cs\/odvetvi\/lekarstvi-a-zdravi\/#primaryimage\",\"url\":\"https:\/\/www.neo-suite.de\/wp\/wp-content\/uploads\/2023\/07\/shutterstock_524351890.jpg\",\"contentUrl\":\"https:\/\/www.neo-suite.de\/wp\/wp-content\/uploads\/2023\/07\/shutterstock_524351890.jpg\",\"width\":1200,\"height\":720,\"caption\":\"Laborato\u0159 s mikroskopem\"},{\"@type\":\"BreadcrumbList\",\"@id\":\"https:\/\/www.neo-suite.de\/cs\/odvetvi\/lekarstvi-a-zdravi\/#breadcrumb\",\"itemListElement\":[{\"@type\":\"ListItem\",\"position\":1,\"name\":\"Home\",\"item\":\"https:\/\/www.neo-suite.de\/cs\/\"},{\"@type\":\"ListItem\",\"position\":2,\"name\":\"Odv\u011btv\u00ed\",\"item\":\"https:\/\/www.neo-suite.de\/cs\/odvetvi\/\"},{\"@type\":\"ListItem\",\"position\":3,\"name\":\"L\u00e9ka\u0159stv\u00ed a zdrav\u00ed\"}]},{\"@type\":\"WebSite\",\"@id\":\"https:\/\/www.neo-suite.de\/cs\/#website\",\"url\":\"https:\/\/www.neo-suite.de\/cs\/\",\"name\":\"Axians | NEO\",\"description\":\"\",\"potentialAction\":[{\"@type\":\"SearchAction\",\"target\":{\"@type\":\"EntryPoint\",\"urlTemplate\":\"https:\/\/www.neo-suite.de\/cs\/?s={search_term_string}\"},\"query-input\":{\"@type\":\"PropertyValueSpecification\",\"valueRequired\":true,\"valueName\":\"search_term_string\"}}],\"inLanguage\":\"cs-CZ\"}]}<\/script>\n<!-- \/ Yoast SEO Premium plugin. -->","yoast_head_json":{"title":"\u0158\u00edzen\u00ed slu\u017eeb v ter\u00e9nu pro l\u00e9ka\u0159sk\u00fd a zdravotnick\u00fd sektor","description":"Optimalizujte \u0159\u00edzen\u00ed servisu v ter\u00e9nu a pr\u016fmyslov\u00e9 \u00fadr\u017eby pomoc\u00ed na\u0161eho softwaru pro zdravotnictv\u00ed a l\u00e9ka\u0159skou p\u00e9\u010di.","robots":{"index":"index","follow":"follow","max-snippet":"max-snippet:-1","max-image-preview":"max-image-preview:large","max-video-preview":"max-video-preview:-1"},"canonical":"https:\/\/www.neo-suite.de\/cs\/odvetvi\/lekarstvi-a-zdravi\/","og_locale":"cs_CZ","og_type":"article","og_title":"L\u00e9ka\u0159stv\u00ed a zdrav\u00ed","og_description":"Optimalizujte \u0159\u00edzen\u00ed servisu v ter\u00e9nu a pr\u016fmyslov\u00e9 \u00fadr\u017eby pomoc\u00ed na\u0161eho softwaru pro zdravotnictv\u00ed a l\u00e9ka\u0159skou p\u00e9\u010di.","og_url":"https:\/\/www.neo-suite.de\/cs\/odvetvi\/lekarstvi-a-zdravi\/","og_site_name":"Axians | NEO","article_modified_time":"2025-10-10T14:12:27+00:00","og_image":[{"width":1200,"height":720,"url":"https:\/\/www.neo-suite.de\/wp\/wp-content\/uploads\/2023\/07\/shutterstock_524351890.jpg","type":"image\/jpeg"}],"twitter_card":"summary_large_image","twitter_misc":{"Est. reading time":"3 minutes"},"schema":{"@context":"https:\/\/schema.org","@graph":[{"@type":"WebPage","@id":"https:\/\/www.neo-suite.de\/cs\/odvetvi\/lekarstvi-a-zdravi\/","url":"https:\/\/www.neo-suite.de\/cs\/odvetvi\/lekarstvi-a-zdravi\/","name":"\u0158\u00edzen\u00ed slu\u017eeb v ter\u00e9nu pro l\u00e9ka\u0159sk\u00fd a zdravotnick\u00fd sektor","isPartOf":{"@id":"https:\/\/www.neo-suite.de\/cs\/#website"},"primaryImageOfPage":{"@id":"https:\/\/www.neo-suite.de\/cs\/odvetvi\/lekarstvi-a-zdravi\/#primaryimage"},"image":{"@id":"https:\/\/www.neo-suite.de\/cs\/odvetvi\/lekarstvi-a-zdravi\/#primaryimage"},"thumbnailUrl":"https:\/\/www.neo-suite.de\/wp\/wp-content\/uploads\/2023\/07\/shutterstock_524351890.jpg","datePublished":"2023-07-14T12:06:40+00:00","dateModified":"2025-10-10T14:12:27+00:00","description":"Optimalizujte \u0159\u00edzen\u00ed servisu v ter\u00e9nu a pr\u016fmyslov\u00e9 \u00fadr\u017eby pomoc\u00ed na\u0161eho softwaru pro zdravotnictv\u00ed a l\u00e9ka\u0159skou p\u00e9\u010di.","breadcrumb":{"@id":"https:\/\/www.neo-suite.de\/cs\/odvetvi\/lekarstvi-a-zdravi\/#breadcrumb"},"inLanguage":"cs-CZ","potentialAction":[{"@type":"ReadAction","target":["https:\/\/www.neo-suite.de\/cs\/odvetvi\/lekarstvi-a-zdravi\/"]}]},{"@type":"ImageObject","inLanguage":"cs-CZ","@id":"https:\/\/www.neo-suite.de\/cs\/odvetvi\/lekarstvi-a-zdravi\/#primaryimage","url":"https:\/\/www.neo-suite.de\/wp\/wp-content\/uploads\/2023\/07\/shutterstock_524351890.jpg","contentUrl":"https:\/\/www.neo-suite.de\/wp\/wp-content\/uploads\/2023\/07\/shutterstock_524351890.jpg","width":1200,"height":720,"caption":"Laborato\u0159 s mikroskopem"},{"@type":"BreadcrumbList","@id":"https:\/\/www.neo-suite.de\/cs\/odvetvi\/lekarstvi-a-zdravi\/#breadcrumb","itemListElement":[{"@type":"ListItem","position":1,"name":"Home","item":"https:\/\/www.neo-suite.de\/cs\/"},{"@type":"ListItem","position":2,"name":"Odv\u011btv\u00ed","item":"https:\/\/www.neo-suite.de\/cs\/odvetvi\/"},{"@type":"ListItem","position":3,"name":"L\u00e9ka\u0159stv\u00ed a zdrav\u00ed"}]},{"@type":"WebSite","@id":"https:\/\/www.neo-suite.de\/cs\/#website","url":"https:\/\/www.neo-suite.de\/cs\/","name":"Axians | NEO","description":"","potentialAction":[{"@type":"SearchAction","target":{"@type":"EntryPoint","urlTemplate":"https:\/\/www.neo-suite.de\/cs\/?s={search_term_string}"},"query-input":{"@type":"PropertyValueSpecification","valueRequired":true,"valueName":"search_term_string"}}],"inLanguage":"cs-CZ"}]}},"_links":{"self":[{"href":"https:\/\/www.neo-suite.de\/cs\/wp-json\/wp\/v2\/pages\/6454","targetHints":{"allow":["GET"]}}],"collection":[{"href":"https:\/\/www.neo-suite.de\/cs\/wp-json\/wp\/v2\/pages"}],"about":[{"href":"https:\/\/www.neo-suite.de\/cs\/wp-json\/wp\/v2\/types\/page"}],"author":[{"embeddable":true,"href":"https:\/\/www.neo-suite.de\/cs\/wp-json\/wp\/v2\/users\/9"}],"replies":[{"embeddable":true,"href":"https:\/\/www.neo-suite.de\/cs\/wp-json\/wp\/v2\/comments?post=6454"}],"version-history":[{"count":8,"href":"https:\/\/www.neo-suite.de\/cs\/wp-json\/wp\/v2\/pages\/6454\/revisions"}],"predecessor-version":[{"id":11000,"href":"https:\/\/www.neo-suite.de\/cs\/wp-json\/wp\/v2\/pages\/6454\/revisions\/11000"}],"up":[{"embeddable":true,"href":"https:\/\/www.neo-suite.de\/cs\/wp-json\/wp\/v2\/pages\/6475"}],"wp:featuredmedia":[{"embeddable":true,"href":"https:\/\/www.neo-suite.de\/cs\/wp-json\/wp\/v2\/media\/6455"}],"wp:attachment":[{"href":"https:\/\/www.neo-suite.de\/cs\/wp-json\/wp\/v2\/media?parent=6454"}],"curies":[{"name":"wp","href":"https:\/\/api.w.org\/{rel}","templated":true}]}}