{"id":6441,"date":"2023-07-14T12:20:48","date_gmt":"2023-07-14T10:20:48","guid":{"rendered":"https:\/\/www.neo-suite.de\/sprava-zarizeni\/"},"modified":"2025-10-10T16:16:15","modified_gmt":"2025-10-10T14:16:15","slug":"sprava-zarizeni","status":"publish","type":"page","link":"https:\/\/www.neo-suite.de\/cs\/odvetvi\/sprava-zarizeni\/","title":{"rendered":"Spr\u00e1va za\u0159\u00edzen\u00ed"},"content":{"rendered":"<div class=\"wpb-content-wrapper\">[vc_row ppi_row_padding=&#8221;ppi_remove_padding_top,ppi_remove_padding_bottom&#8221; full_width=&#8221;stretch_row_content_no_spaces&#8221;][vc_column]<div class=\"axi_keyvisual-slider js-keyvisual-slider\"><div class=\"swiper swiper-container\"><div class=\"swiper-wrapper\"><div class=\"axi_keyvisual-slider__item swiper-slide bg-gradient-zodiac\"><img loading=\"lazy\" decoding=\"async\" width=\"1200\" height=\"800\" src=\"https:\/\/www.neo-suite.de\/wp\/wp-content\/uploads\/2023\/07\/shutterstock_1995229919.jpg\" class=\"axi_keyvisual-slider__item__image\" alt=\"Baustelle\" srcset=\"https:\/\/www.neo-suite.de\/wp\/wp-content\/uploads\/2023\/07\/shutterstock_1995229919.jpg 1200w, https:\/\/www.neo-suite.de\/wp\/wp-content\/uploads\/2023\/07\/shutterstock_1995229919-300x200.jpg 300w, https:\/\/www.neo-suite.de\/wp\/wp-content\/uploads\/2023\/07\/shutterstock_1995229919-1024x683.jpg 1024w, https:\/\/www.neo-suite.de\/wp\/wp-content\/uploads\/2023\/07\/shutterstock_1995229919-768x512.jpg 768w, https:\/\/www.neo-suite.de\/wp\/wp-content\/uploads\/2023\/07\/shutterstock_1995229919-992x661.jpg 992w, https:\/\/www.neo-suite.de\/wp\/wp-content\/uploads\/2023\/07\/shutterstock_1995229919-480x320.jpg 480w\" sizes=\"auto, (max-width: 1200px) 100vw, 1200px\" \/><div class=\"axi_keyvisual-slider__item__content\"><div class=\"ppi_row ppi_row-flex flex-align-center\"><div class=\"ppi_col-xs-12 ppi_col-lg-5 ppi_col-lg-push-1\"><div class=\"axi_keyvisual-slider__item__content__inner\"><div class=\"axi_keyvisual-slider__item__content__headlines\"><h1 class=\"axi_keyvisual-slider__item__content__headline h1\">Software pro spr\u00e1vu slu\u017eeb v ter\u00e9nu a \u00fadr\u017ebu pro odv\u011btv\u00ed spr\u00e1vy budov<\/h1><\/div><\/div><\/div><\/div><\/div><div class=\"axi_keyvisual-slider__item__overlay\"><\/div><\/div><\/div><\/div><\/div>[\/vc_column][\/vc_row][vc_row ppi_row_type=&#8221;gradient_flirt&#8221; full_width=&#8221;stretch_narrow_row&#8221;][vc_column][vc_column_text]<span style=\"font-weight: 400\">Efektivn\u00ed spr\u00e1va, pl\u00e1nov\u00e1n\u00ed a zpracov\u00e1n\u00ed slu\u017eeb v oblasti spr\u00e1vy budov a pr\u016fmyslov\u00fdch slu\u017eeb p\u0159edstavuje \u0159adu v\u00fdzev. P\u0159ij\u00edm\u00e1n\u00ed dotaz\u016f od n\u00e1jemc\u016f zat\u011b\u017euje vlastn\u00ed zdroje nebo zp\u016fsobuje n\u00e1klady na extern\u00ed call centrum. Zpracov\u00e1n\u00ed objedn\u00e1vek tak\u00e9 \u010dasto <\/span><b>subdodavatel\u00e9<\/b><span style=\"font-weight: 400\"> a je t\u0159eba je odpov\u00eddaj\u00edc\u00edm zp\u016fsobem koordinovat.<\/span>[\/vc_column_text][\/vc_column][\/vc_row][vc_row full_width=&#8221;narrow_row&#8221;][vc_column][vc_column_text]<span style=\"font-weight: 400\">Pl\u00e1nov\u00e1n\u00ed nejr\u016fzn\u011bj\u0161\u00edch prac\u00ed, od \u00fadr\u017eby zelen\u011b p\u0159es zaji\u0161t\u011bn\u00ed slu\u017eeb men\u0161\u00edch \u0159emesln\u00edk\u016f a\u017e po rozs\u00e1hl\u00e9 moderniza\u010dn\u00ed pr\u00e1ce a koordinaci extern\u00edch zdroj\u016f, jako\u017e i domlouv\u00e1n\u00ed sch\u016fzek s n\u00e1jemn\u00edky, p\u0159edstavuje pro pl\u00e1nova\u010de ur\u010dit\u00e9 v\u00fdzvy. A <\/span><b>Vysok\u00e9 n\u00e1klady a konkuren\u010dn\u00ed tlak<\/b><span style=\"font-weight: 400\"> vy\u017eaduj\u00ed, aby spole\u010dnosti byly p\u0159i pl\u00e1nov\u00e1n\u00ed a zpracov\u00e1n\u00ed vysoce efektivn\u00ed. <\/span><b>Dokumenta\u010dn\u00ed povinnosti<\/b><span style=\"font-weight: 400\"> p\u0159i nasazen\u00ed na m\u00edst\u011b a spolehliv\u00e9 zaznamen\u00e1v\u00e1n\u00ed a potvrzov\u00e1n\u00ed fakturovateln\u00fdch slu\u017eeb \u010dasto v\u00e1\u017eou cenn\u00e9 kapacity a v p\u0159\u00edpad\u011b nedostate\u010dn\u00e9 evidence vedou ke ztr\u00e1t\u011b p\u0159\u00edjm\u016f.<\/span> S na\u0161\u00edm \u0159e\u0161en\u00edm NEO Suite pro spr\u00e1vu slu\u017eeb v ter\u00e9nu m\u016f\u017eete digitalizovat a optimalizovat procesy spr\u00e1vy za\u0159\u00edzen\u00ed, od zad\u00e1v\u00e1n\u00ed zak\u00e1zek, pl\u00e1nov\u00e1n\u00ed, mobiln\u00edho zpracov\u00e1n\u00ed a dokumentace a\u017e po vyhodnocov\u00e1n\u00ed prost\u0159ednictv\u00edm \u0159\u00eddic\u00edch panel\u016f.[\/vc_column_text][\/vc_column][\/vc_row][vc_row ppi_row_padding=&#8221;ppi_remove_padding_top&#8221; full_width=&#8221;narrow_row&#8221;][vc_column]<div class=\"ppi_headlines\"><h2 class=\"h2 text-center\">Digit\u00e1ln\u00ed \u0159\u00edzen\u00ed slu\u017eeb v ter\u00e9nu v odv\u011btv\u00ed spr\u00e1vy budov<\/h2><\/div>[vc_column_text]<span style=\"font-weight: 400\">S <\/span><b>NEO Suite<\/b><span style=\"font-weight: 400\"> m\u016f\u017eete v\u0161em, kte\u0159\u00ed se pod\u00edlej\u00ed na spr\u00e1v\u011b budov, nab\u00eddnout jedine\u010dn\u00fd u\u017eivatelsk\u00fd z\u00e1\u017eitek:<\/span>[\/vc_column_text][\/vc_column][\/vc_row][vc_row ppi_row_padding=&#8221;ppi_remove_padding_top&#8221;][vc_column]<div class=\"axi_services cards\"><div\n    class=\"axi_services__item cards__item global-shadow bg-gradient-flirt text-white\">\n    <div class=\"cards__item__inner\">\n        <img loading=\"lazy\" decoding=\"async\" width=\"210\" height=\"210\" src=\"https:\/\/www.neo-suite.de\/wp\/wp-content\/uploads\/2023\/06\/Axians_Icon_-Anwenderakzeptanz-300x300_white.png\" class=\"cards__item__image attachment-axi-md\" alt=\"\" title=\"Axians_Icon_-Anwenderakzeptanz-300x300_white\" srcset=\"https:\/\/www.neo-suite.de\/wp\/wp-content\/uploads\/2023\/06\/Axians_Icon_-Anwenderakzeptanz-300x300_white.png 210w, https:\/\/www.neo-suite.de\/wp\/wp-content\/uploads\/2023\/06\/Axians_Icon_-Anwenderakzeptanz-300x300_white-150x150.png 150w\" sizes=\"auto, (max-width: 210px) 100vw, 210px\" \/>        <div class=\"cards__item__title\">\n            Port\u00e1l slu\u017eeb NEO        <\/div>\n        <div class=\"cards__item__content\">\n            Servisn\u00ed port\u00e1l NEO sdru\u017euje dotazy z\u00e1kazn\u00edk\u016f, kontroluje nadbyte\u010dn\u00e9 zpr\u00e1vy, je pro va\u0161e z\u00e1kazn\u00edky k dispozici nep\u0159etr\u017eit\u011b, zaji\u0161\u0165uje vysokou kvalitu servisn\u00edch po\u017eadavk\u016f a pom\u00e1h\u00e1 z\u00e1kazn\u00edk\u016fm, aby si sami pomohli pomoc\u00ed integrovan\u00e9 datab\u00e1ze \u0159e\u0161en\u00ed.        <\/div>\n                    <a href=\"https:\/\/www.neo-suite.de\/cs\/reseni\/neo-suite\/portal-sluzeb\/\"\n               class=\"button button--secondary axi_services__item__button\"  title=\"Servisn\u00ed port\u00e1l NEO\">Servisn\u00ed port\u00e1l NEO<\/a>\n            <\/div>\n<\/div>\n<div\n    class=\"axi_services__item cards__item global-shadow bg-gradient-endeavour text-white\">\n    <div class=\"cards__item__inner\">\n        <img loading=\"lazy\" decoding=\"async\" width=\"210\" height=\"210\" src=\"https:\/\/www.neo-suite.de\/wp\/wp-content\/uploads\/2023\/06\/Axians_Icon_INVESTITIONSSICHERHEIT-300x300_white-1.png\" class=\"cards__item__image attachment-axi-md\" alt=\"\" title=\"Axians_Icon_INVESTITIONSSICHERHEIT-300x300_white 1\" srcset=\"https:\/\/www.neo-suite.de\/wp\/wp-content\/uploads\/2023\/06\/Axians_Icon_INVESTITIONSSICHERHEIT-300x300_white-1.png 210w, https:\/\/www.neo-suite.de\/wp\/wp-content\/uploads\/2023\/06\/Axians_Icon_INVESTITIONSSICHERHEIT-300x300_white-1-150x150.png 150w\" sizes=\"auto, (max-width: 210px) 100vw, 210px\" \/>        <div class=\"cards__item__title\">\n            Pl\u00e1n NEO        <\/div>\n        <div class=\"cards__item__content\">\n            Pomoc\u00ed NEO Schedule mohou pl\u00e1nova\u010di \u00fadr\u017eby nebo dispe\u010de\u0159i napl\u00e1novat techniky nebo pracovn\u00edky \u00fadr\u017eby podle po\u017eadovan\u00e9 kvalifikace a dostupnosti. Do procesu pl\u00e1nov\u00e1n\u00ed lze tak\u00e9 snadno za\u010dlenit subdodavatele.         <\/div>\n                    <a href=\"https:\/\/www.neo-suite.de\/cs\/reseni\/neo-suite\/operativni-planovani\/\"\n               class=\"button button--secondary axi_services__item__button\"  title=\"Pl\u00e1n NEO\">Pl\u00e1n NEO<\/a>\n            <\/div>\n<\/div>\n<div\n    class=\"axi_services__item cards__item global-shadow bg-gradient-zodiac text-white\">\n    <div class=\"cards__item__inner\">\n        <img loading=\"lazy\" decoding=\"async\" width=\"210\" height=\"210\" src=\"https:\/\/www.neo-suite.de\/wp\/wp-content\/uploads\/2023\/06\/Axians_Icon_-Betriebskosten-300x300_white.png\" class=\"cards__item__image attachment-axi-md\" alt=\"\" title=\"Axians_Icon_-Betriebskosten-300x300_white\" srcset=\"https:\/\/www.neo-suite.de\/wp\/wp-content\/uploads\/2023\/06\/Axians_Icon_-Betriebskosten-300x300_white.png 210w, https:\/\/www.neo-suite.de\/wp\/wp-content\/uploads\/2023\/06\/Axians_Icon_-Betriebskosten-300x300_white-150x150.png 150w\" sizes=\"auto, (max-width: 210px) 100vw, 210px\" \/>        <div class=\"cards__item__title\">\n            NEO Mobile        <\/div>\n        <div class=\"cards__item__content\">\n            NEO Mobile poskytuje technik\u016fm \u00fadr\u017eby nebo servisu p\u0159edem ov\u011b\u0159en\u00e1 data a umo\u017e\u0148uje jim pou\u017e\u00edvat mobiln\u00ed aplikaci k pod\u00e1v\u00e1n\u00ed zpr\u00e1v o jejich \u010dinnosti v souladu se zaveden\u00fdmi valida\u010dn\u00edmi procesy. Pomoc\u00ed mobiln\u00edho \u0159e\u0161en\u00ed a p\u0159\u00edstupu k dat\u016fm v re\u00e1ln\u00e9m \u010dase o pl\u00e1nech provozu a \u00fadr\u017eby, z\u00e1sob\u00e1ch n\u00e1hradn\u00edch d\u00edl\u016f a dal\u0161\u00edch kritick\u00fdch \u00fadaj\u00edch o provozu a \u00fadr\u017eb\u011b mohou technici \u00fadr\u017eby a \u00fadr\u017eb\u00e1\u0159i na m\u00edst\u011b rychleji rozhodovat, aby mohli proaktivn\u011b nebo reaktivn\u011b reagovat na specifick\u00e9 podm\u00ednky v provozu.         <\/div>\n                    <a href=\"https:\/\/www.neo-suite.de\/cs\/mobilni-reseni\/\"\n               class=\"button button--secondary axi_services__item__button\"  title=\"NEO Mobile\">NEO Mobile<\/a>\n            <\/div>\n<\/div>\n<\/div>[\/vc_column][\/vc_row][vc_row ppi_row_padding=&#8221;ppi_remove_padding_top&#8221; full_width=&#8221;narrow_row&#8221;][vc_column][vc_column_text]<span style=\"font-weight: 400\">Tak\u00e9 <\/span><b>subdodavatel\u00e9<\/b><span style=\"font-weight: 400\"> mohou b\u00fdt tak\u00e9 zapojeni do procesu pl\u00e1nov\u00e1n\u00ed prost\u0159ednictv\u00edm servisn\u00edho port\u00e1lu a NEO Schedule, tak\u017ee maj\u00ed v\u017edy p\u0159ehled i o slo\u017eit\u00fdch opat\u0159en\u00edch a mohou rychle reagovat na nep\u0159edv\u00eddan\u00e9 ud\u00e1losti.<\/span>\r\n\r\n<b>Se sadou NEO Suite v oblasti facility managementu ulev\u00edte sv\u00fdm zam\u011bstnanc\u016fm, u\u0161et\u0159\u00edte pracovn\u00ed \u010das i extern\u00ed n\u00e1klady a posunete z\u00e1kaznickou zku\u0161enost na zcela novou \u00farove\u0148!<\/b>[\/vc_column_text][\/vc_column][\/vc_row][vc_row ppi_row_padding=&#8221;ppi_remove_padding_top&#8221; full_width=&#8221;narrow_row&#8221;][vc_column]<div class=\"ppi_headlines\"><h2 class=\"h2 text-center\">Na\u0161e zku\u0161enosti v oboru spr\u00e1vy budov<\/h2><\/div>[vc_column_text]<span style=\"font-weight: 400\">Sadu NEO Suite pou\u017e\u00edv\u00e1 \u0159ada st\u0159edn\u011b velk\u00fdch a velk\u00fdch spole\u010dnost\u00ed zab\u00fdvaj\u00edc\u00edch se spr\u00e1vou budov. V\u00fdb\u011br na\u0161ich referenc\u00ed naleznete zde: <\/span>[\/vc_column_text][\/vc_column][\/vc_row][vc_row ppi_row_padding=&#8221;ppi_remove_padding_top&#8221;][vc_column]<div class=\"axi_reference_slider js-reference_slider\"><div class=\"ppi_row\"><div class=\"ppi_col-xs-12 ppi_col-lg-10 ppi_col-lg-offset-1\"><div class=\"swiper swiper-container\" data-id=\"69f27e59c4e81\"><div class=\"swiper-wrapper\"><div class=\"swiper-slide\">\n    <div class=\"axi_reference_slider__item\">\n        <div class=\"ppi_row ppi_row-flex flex-align-stretch\">\n            <div class=\"ppi_col-xs-12 ppi_col-lg-4 border-right\">\n                <img loading=\"lazy\" decoding=\"async\" width=\"140\" height=\"90\" src=\"https:\/\/www.neo-suite.de\/wp\/wp-content\/uploads\/2023\/07\/Hoermann.png\" class=\"axi_reference_slider__item__image attachment-axi-md\" alt=\"Logo Hoermann\" title=\"Hoermann\" \/>            <\/div>\n            <div class=\"ppi_col-xs-12 ppi_col-lg-6 ppi_col-lg-offset-1\">\n                <div class=\"axi_reference_slider__item__content\">\n                <p class=\"axi_reference_slider__item__text\">100 prodejn\u00edch m\u00edst po cel\u00e9m sv\u011bt\u011b, v\u00edce ne\u017e 800 servisn\u00edch technik\u016f rozm\u00edst\u011bn\u00fdch po cel\u00e9m sv\u011bt\u011b a mnohokr\u00e1t prodan\u00e9 produkty. To vede ke slo\u017eit\u00e9 servisn\u00ed struktu\u0159e. S pomoc\u00ed komplexn\u00edho z\u00e1kaznick\u00e9ho servisu v\u0161ak spole\u010dnost H\u00f6rmann dok\u00e1\u017ee bez probl\u00e9m\u016f vyhov\u011bt po\u017eadavk\u016fm.  <\/p>                                    <a href=\"https:\/\/www.neo-suite.de\/cs\/odkazy\/planovani-techniku-komplexniho-zakaznickeho-servisu-ve-spolecnosti-hoermann\/\"\n                       class=\"button axi_reference_slider__item__button\"  title=\"Pro informaci\">Pro informaci<\/a>\n                            <\/div>\n            <\/div>\n        <\/div>\n    <\/div>\n<\/div>\n<div class=\"swiper-slide\">\n    <div class=\"axi_reference_slider__item\">\n        <div class=\"ppi_row ppi_row-flex flex-align-stretch\">\n            <div class=\"ppi_col-xs-12 ppi_col-lg-4 border-right\">\n                <img loading=\"lazy\" decoding=\"async\" width=\"140\" height=\"90\" src=\"https:\/\/www.neo-suite.de\/wp\/wp-content\/uploads\/2023\/07\/db.jpeg\" class=\"axi_reference_slider__item__image attachment-axi-md\" alt=\"DB\" title=\"db\" \/>            <\/div>\n            <div class=\"ppi_col-xs-12 ppi_col-lg-6 ppi_col-lg-offset-1\">\n                <div class=\"axi_reference_slider__item__content\">\n                <p class=\"axi_reference_slider__item__text\">M\u00edsto Excelu nyn\u00ed mana\u017ee\u0159i oblast\u00ed ve spole\u010dnosti DB Station&amp;Service AG pou\u017e\u00edvaj\u00ed inteligentn\u00ed n\u00e1stroj pro pl\u00e1nov\u00e1n\u00ed cykl\u016f (ZPT) zalo\u017een\u00fd na syst\u00e9mu SAP Fiori, kter\u00fd je p\u0159izp\u016fsoben jejich po\u017eadavk\u016fm na ro\u010dn\u00ed pl\u00e1nov\u00e1n\u00ed \u00fadr\u017eby a \u0159\u00edzen\u00ed metra.<\/p>                                    <a href=\"https:\/\/www.neo-suite.de\/cs\/odkazy\/harmonizovane-planovani-udrzby-nastroj-pro-planovani-cyklu-sap-fiori\/\"\n                       class=\"button axi_reference_slider__item__button\"  title=\"Pro informaci\">Pro informaci<\/a>\n                            <\/div>\n            <\/div>\n        <\/div>\n    <\/div>\n<\/div>\n<\/div><\/div><div class=\"swiper-pagination axi_reference_slider-pagination axi_reference_slider-pagination-69f27e59c4e81\"><\/div><\/div><\/div><\/div>[\/vc_column][\/vc_row][vc_row ppi_row_type=&#8221;ppi_background-image&#8221; full_width=&#8221;stretch_narrow_row&#8221; ppi_row_bg_image=&#8221;886&#8243;][vc_column]<div class=\"axi_textbanner\">\n    <div\n        class=\"axi_textbanner__background bg-endeavour\"><\/div>\n    <div class=\"axi_textbanner__content\">\n        <h2 class=\"axi_textbanner__content__title\">Vyzkou\u0161ejte si NEO Mobile nyn\u00ed zdarma!<\/h2>                            <ul class=\"axi_textbanner__content__list\">\n                                    <li>Digit\u00e1ln\u00ed asistent pro va\u0161e techniky<\/li>\n                                    <li>Jednoduch\u00e9 ovl\u00e1d\u00e1n\u00ed pomoc\u00ed SAP Fiori<\/li>\n                                    <li>Rychlej\u0161\u00ed a efektivn\u011bj\u0161\u00ed procesy z\u00e1kaznick\u00e9ho servisu a \u00fadr\u017eby<\/li>\n                            <\/ul>\n                            <a href=\"https:\/\/www.neo-suite.de\/cs\/mobilni-reseni\/mobilni-ukazkova-aplikace-neo\/\"\n               class=\"' . SLUG . '_textbanner__content__button button button--primary\"  title=\"Test zdarma\">Test zdarma<\/a>\n            <\/div>\n<\/div>\n[\/vc_column][\/vc_row]<\/div>","protected":false},"excerpt":{"rendered":"[vc_row ppi_row_padding=\"ppi_remove_padding_top,ppi_remove_padding_bottom\" full_width=\"stretch_row_content_no_spaces\"][vc_column]Software pro spr\u00e1vu slu\u017eeb v ter\u00e9nu a \u00fadr\u017ebu pro odv\u011btv\u00ed spr\u00e1vy budov[\/vc_column][\/vc_row][vc_row ppi_row_type=\"gradient_flirt\" full_width=\"stretch_narrow_row\"][vc_column][vc_column_text]Efektivn\u00ed spr\u00e1va, pl\u00e1nov\u00e1n\u00ed a zpracov\u00e1n\u00ed slu\u017eeb v oblasti spr\u00e1vy budov a pr\u016fmyslov\u00fdch slu\u017eeb p\u0159edstavuje \u0159adu v\u00fdzev. P\u0159ij\u00edm\u00e1n\u00ed dotaz\u016f od n\u00e1jemc\u016f zat\u011b\u017euje vlastn\u00ed zdroje nebo zp\u016fsobuje n\u00e1klady na extern\u00ed call centrum. Zpracov\u00e1n\u00ed objedn\u00e1vek tak\u00e9 \u010dasto subdodavatel\u00e9 a je t\u0159eba je odpov\u00eddaj\u00edc\u00edm [...]","protected":false},"author":2,"featured_media":6442,"parent":6475,"menu_order":0,"comment_status":"closed","ping_status":"closed","template":"","meta":{"_acf_changed":false,"inline_featured_image":false,"footnotes":""},"class_list":["post-6441","page","type-page","status-publish","has-post-thumbnail","hentry"],"acf":[],"yoast_head":"<!-- This site is optimized with the Yoast SEO Premium plugin v27.2 (Yoast SEO v27.2) - https:\/\/yoast.com\/product\/yoast-seo-premium-wordpress\/ -->\n<title>Efektivn\u00ed spr\u00e1va za\u0159\u00edzen\u00ed se spr\u00e1vou slu\u017eeb v ter\u00e9nu<\/title>\n<meta name=\"description\" content=\"Optimalizujte spr\u00e1vu za\u0159\u00edzen\u00ed pomoc\u00ed na\u0161eho softwaru pro spr\u00e1vu a \u00fadr\u017ebu v ter\u00e9nu. Zjist\u011bte v\u00edce.\" \/>\n<meta name=\"robots\" content=\"index, follow, max-snippet:-1, max-image-preview:large, max-video-preview:-1\" \/>\n<link rel=\"canonical\" href=\"https:\/\/www.neo-suite.de\/cs\/odvetvi\/sprava-zarizeni\/\" \/>\n<meta property=\"og:locale\" content=\"cs_CZ\" \/>\n<meta property=\"og:type\" content=\"article\" \/>\n<meta property=\"og:title\" content=\"Spr\u00e1va za\u0159\u00edzen\u00ed\" \/>\n<meta property=\"og:description\" content=\"Optimalizujte spr\u00e1vu za\u0159\u00edzen\u00ed pomoc\u00ed na\u0161eho softwaru pro spr\u00e1vu a \u00fadr\u017ebu v ter\u00e9nu. Zjist\u011bte v\u00edce.\" \/>\n<meta property=\"og:url\" content=\"https:\/\/www.neo-suite.de\/cs\/odvetvi\/sprava-zarizeni\/\" \/>\n<meta property=\"og:site_name\" content=\"Axians | NEO\" \/>\n<meta property=\"article:modified_time\" content=\"2025-10-10T14:16:15+00:00\" \/>\n<meta property=\"og:image\" content=\"https:\/\/www.neo-suite.de\/wp\/wp-content\/uploads\/2023\/07\/shutterstock_1995229919.jpg\" \/>\n\t<meta property=\"og:image:width\" content=\"1200\" \/>\n\t<meta property=\"og:image:height\" content=\"800\" \/>\n\t<meta property=\"og:image:type\" content=\"image\/jpeg\" \/>\n<meta name=\"twitter:card\" content=\"summary_large_image\" \/>\n<meta name=\"twitter:label1\" content=\"Est. reading time\" \/>\n\t<meta name=\"twitter:data1\" content=\"2 minutes\" \/>\n<script type=\"application\/ld+json\" class=\"yoast-schema-graph\">{\"@context\":\"https:\/\/schema.org\",\"@graph\":[{\"@type\":\"WebPage\",\"@id\":\"https:\/\/www.neo-suite.de\/cs\/odvetvi\/sprava-zarizeni\/\",\"url\":\"https:\/\/www.neo-suite.de\/cs\/odvetvi\/sprava-zarizeni\/\",\"name\":\"Efektivn\u00ed spr\u00e1va za\u0159\u00edzen\u00ed se spr\u00e1vou slu\u017eeb v ter\u00e9nu\",\"isPartOf\":{\"@id\":\"https:\/\/www.neo-suite.de\/cs\/#website\"},\"primaryImageOfPage\":{\"@id\":\"https:\/\/www.neo-suite.de\/cs\/odvetvi\/sprava-zarizeni\/#primaryimage\"},\"image\":{\"@id\":\"https:\/\/www.neo-suite.de\/cs\/odvetvi\/sprava-zarizeni\/#primaryimage\"},\"thumbnailUrl\":\"https:\/\/www.neo-suite.de\/wp\/wp-content\/uploads\/2023\/07\/shutterstock_1995229919.jpg\",\"datePublished\":\"2023-07-14T10:20:48+00:00\",\"dateModified\":\"2025-10-10T14:16:15+00:00\",\"description\":\"Optimalizujte spr\u00e1vu za\u0159\u00edzen\u00ed pomoc\u00ed na\u0161eho softwaru pro spr\u00e1vu a \u00fadr\u017ebu v ter\u00e9nu. Zjist\u011bte v\u00edce.\",\"breadcrumb\":{\"@id\":\"https:\/\/www.neo-suite.de\/cs\/odvetvi\/sprava-zarizeni\/#breadcrumb\"},\"inLanguage\":\"cs-CZ\",\"potentialAction\":[{\"@type\":\"ReadAction\",\"target\":[\"https:\/\/www.neo-suite.de\/cs\/odvetvi\/sprava-zarizeni\/\"]}]},{\"@type\":\"ImageObject\",\"inLanguage\":\"cs-CZ\",\"@id\":\"https:\/\/www.neo-suite.de\/cs\/odvetvi\/sprava-zarizeni\/#primaryimage\",\"url\":\"https:\/\/www.neo-suite.de\/wp\/wp-content\/uploads\/2023\/07\/shutterstock_1995229919.jpg\",\"contentUrl\":\"https:\/\/www.neo-suite.de\/wp\/wp-content\/uploads\/2023\/07\/shutterstock_1995229919.jpg\",\"width\":1200,\"height\":800,\"caption\":\"Staveni\u0161t\u011b\"},{\"@type\":\"BreadcrumbList\",\"@id\":\"https:\/\/www.neo-suite.de\/cs\/odvetvi\/sprava-zarizeni\/#breadcrumb\",\"itemListElement\":[{\"@type\":\"ListItem\",\"position\":1,\"name\":\"Home\",\"item\":\"https:\/\/www.neo-suite.de\/cs\/\"},{\"@type\":\"ListItem\",\"position\":2,\"name\":\"Odv\u011btv\u00ed\",\"item\":\"https:\/\/www.neo-suite.de\/cs\/odvetvi\/\"},{\"@type\":\"ListItem\",\"position\":3,\"name\":\"Spr\u00e1va za\u0159\u00edzen\u00ed\"}]},{\"@type\":\"WebSite\",\"@id\":\"https:\/\/www.neo-suite.de\/cs\/#website\",\"url\":\"https:\/\/www.neo-suite.de\/cs\/\",\"name\":\"Axians | NEO\",\"description\":\"\",\"potentialAction\":[{\"@type\":\"SearchAction\",\"target\":{\"@type\":\"EntryPoint\",\"urlTemplate\":\"https:\/\/www.neo-suite.de\/cs\/?s={search_term_string}\"},\"query-input\":{\"@type\":\"PropertyValueSpecification\",\"valueRequired\":true,\"valueName\":\"search_term_string\"}}],\"inLanguage\":\"cs-CZ\"}]}<\/script>\n<!-- \/ Yoast SEO Premium plugin. -->","yoast_head_json":{"title":"Efektivn\u00ed spr\u00e1va za\u0159\u00edzen\u00ed se spr\u00e1vou slu\u017eeb v ter\u00e9nu","description":"Optimalizujte spr\u00e1vu za\u0159\u00edzen\u00ed pomoc\u00ed na\u0161eho softwaru pro spr\u00e1vu a \u00fadr\u017ebu v ter\u00e9nu. Zjist\u011bte v\u00edce.","robots":{"index":"index","follow":"follow","max-snippet":"max-snippet:-1","max-image-preview":"max-image-preview:large","max-video-preview":"max-video-preview:-1"},"canonical":"https:\/\/www.neo-suite.de\/cs\/odvetvi\/sprava-zarizeni\/","og_locale":"cs_CZ","og_type":"article","og_title":"Spr\u00e1va za\u0159\u00edzen\u00ed","og_description":"Optimalizujte spr\u00e1vu za\u0159\u00edzen\u00ed pomoc\u00ed na\u0161eho softwaru pro spr\u00e1vu a \u00fadr\u017ebu v ter\u00e9nu. Zjist\u011bte v\u00edce.","og_url":"https:\/\/www.neo-suite.de\/cs\/odvetvi\/sprava-zarizeni\/","og_site_name":"Axians | NEO","article_modified_time":"2025-10-10T14:16:15+00:00","og_image":[{"width":1200,"height":800,"url":"https:\/\/www.neo-suite.de\/wp\/wp-content\/uploads\/2023\/07\/shutterstock_1995229919.jpg","type":"image\/jpeg"}],"twitter_card":"summary_large_image","twitter_misc":{"Est. reading time":"2 minutes"},"schema":{"@context":"https:\/\/schema.org","@graph":[{"@type":"WebPage","@id":"https:\/\/www.neo-suite.de\/cs\/odvetvi\/sprava-zarizeni\/","url":"https:\/\/www.neo-suite.de\/cs\/odvetvi\/sprava-zarizeni\/","name":"Efektivn\u00ed spr\u00e1va za\u0159\u00edzen\u00ed se spr\u00e1vou slu\u017eeb v ter\u00e9nu","isPartOf":{"@id":"https:\/\/www.neo-suite.de\/cs\/#website"},"primaryImageOfPage":{"@id":"https:\/\/www.neo-suite.de\/cs\/odvetvi\/sprava-zarizeni\/#primaryimage"},"image":{"@id":"https:\/\/www.neo-suite.de\/cs\/odvetvi\/sprava-zarizeni\/#primaryimage"},"thumbnailUrl":"https:\/\/www.neo-suite.de\/wp\/wp-content\/uploads\/2023\/07\/shutterstock_1995229919.jpg","datePublished":"2023-07-14T10:20:48+00:00","dateModified":"2025-10-10T14:16:15+00:00","description":"Optimalizujte spr\u00e1vu za\u0159\u00edzen\u00ed pomoc\u00ed na\u0161eho softwaru pro spr\u00e1vu a \u00fadr\u017ebu v ter\u00e9nu. Zjist\u011bte v\u00edce.","breadcrumb":{"@id":"https:\/\/www.neo-suite.de\/cs\/odvetvi\/sprava-zarizeni\/#breadcrumb"},"inLanguage":"cs-CZ","potentialAction":[{"@type":"ReadAction","target":["https:\/\/www.neo-suite.de\/cs\/odvetvi\/sprava-zarizeni\/"]}]},{"@type":"ImageObject","inLanguage":"cs-CZ","@id":"https:\/\/www.neo-suite.de\/cs\/odvetvi\/sprava-zarizeni\/#primaryimage","url":"https:\/\/www.neo-suite.de\/wp\/wp-content\/uploads\/2023\/07\/shutterstock_1995229919.jpg","contentUrl":"https:\/\/www.neo-suite.de\/wp\/wp-content\/uploads\/2023\/07\/shutterstock_1995229919.jpg","width":1200,"height":800,"caption":"Staveni\u0161t\u011b"},{"@type":"BreadcrumbList","@id":"https:\/\/www.neo-suite.de\/cs\/odvetvi\/sprava-zarizeni\/#breadcrumb","itemListElement":[{"@type":"ListItem","position":1,"name":"Home","item":"https:\/\/www.neo-suite.de\/cs\/"},{"@type":"ListItem","position":2,"name":"Odv\u011btv\u00ed","item":"https:\/\/www.neo-suite.de\/cs\/odvetvi\/"},{"@type":"ListItem","position":3,"name":"Spr\u00e1va za\u0159\u00edzen\u00ed"}]},{"@type":"WebSite","@id":"https:\/\/www.neo-suite.de\/cs\/#website","url":"https:\/\/www.neo-suite.de\/cs\/","name":"Axians | NEO","description":"","potentialAction":[{"@type":"SearchAction","target":{"@type":"EntryPoint","urlTemplate":"https:\/\/www.neo-suite.de\/cs\/?s={search_term_string}"},"query-input":{"@type":"PropertyValueSpecification","valueRequired":true,"valueName":"search_term_string"}}],"inLanguage":"cs-CZ"}]}},"_links":{"self":[{"href":"https:\/\/www.neo-suite.de\/cs\/wp-json\/wp\/v2\/pages\/6441","targetHints":{"allow":["GET"]}}],"collection":[{"href":"https:\/\/www.neo-suite.de\/cs\/wp-json\/wp\/v2\/pages"}],"about":[{"href":"https:\/\/www.neo-suite.de\/cs\/wp-json\/wp\/v2\/types\/page"}],"author":[{"embeddable":true,"href":"https:\/\/www.neo-suite.de\/cs\/wp-json\/wp\/v2\/users\/2"}],"replies":[{"embeddable":true,"href":"https:\/\/www.neo-suite.de\/cs\/wp-json\/wp\/v2\/comments?post=6441"}],"version-history":[{"count":11,"href":"https:\/\/www.neo-suite.de\/cs\/wp-json\/wp\/v2\/pages\/6441\/revisions"}],"predecessor-version":[{"id":11005,"href":"https:\/\/www.neo-suite.de\/cs\/wp-json\/wp\/v2\/pages\/6441\/revisions\/11005"}],"up":[{"embeddable":true,"href":"https:\/\/www.neo-suite.de\/cs\/wp-json\/wp\/v2\/pages\/6475"}],"wp:featuredmedia":[{"embeddable":true,"href":"https:\/\/www.neo-suite.de\/cs\/wp-json\/wp\/v2\/media\/6442"}],"wp:attachment":[{"href":"https:\/\/www.neo-suite.de\/cs\/wp-json\/wp\/v2\/media?parent=6441"}],"curies":[{"name":"wp","href":"https:\/\/api.w.org\/{rel}","templated":true}]}}